{"id":1467,"date":"2021-09-30T11:03:59","date_gmt":"2021-09-30T15:03:59","guid":{"rendered":"http:\/\/youngcaregiversconnect.ca\/?page_id=1467"},"modified":"2023-12-20T13:58:52","modified_gmt":"2023-12-20T18:58:52","slug":"ressources-sur-la-sante-mentale-et-le-bien-etre","status":"publish","type":"page","link":"https:\/\/youngcaregiversconnect.ca\/fr\/ressources-sur-la-sante-mentale-et-le-bien-etre\/","title":{"rendered":"Ressources sur la sant\u00e9 mentale et le bien-\u00eatre"},"content":{"rendered":"\n<h1 class=\"wp-block-heading\">Ressoures sur la sant\u00e9 mentale et le bien-\u00eatre<\/h1>\n\n\n\n<p><a href=\"http:\/\/youngcaregiversconnect.ca\/fr\/rejoignez-notre-groupe-de-soutien-par-les-pairs\/\" target=\"_blank\" rel=\"noreferrer noopener\">Jeunes aidants naturels branch\u00e9s<\/a> s&#8217;adresse aux jeunes \u00e2g\u00e9s de 15 \u00e0 25&nbsp;ans. Il s&#8217;agit d&#8217;un endroit s\u00e9curitaire o\u00f9 tu peux partager vos sentiments et entendre les histoires d&#8217;autres personnes qui vivent des exp\u00e9riences similaires \u00e0 la tienne. Des discussions en ligne ont lieu chaque mercredi \u00e0 19&nbsp;h&nbsp;30. <a href=\"https:\/\/www.eventbrite.ca\/e\/young-caregivers-online-support-group-tickets-101926424680\" target=\"_blank\" rel=\"noreferrer noopener\">Inscris-toi d\u00e8s aujourd&#8217;hui.<\/a> <em>(Ces groupes sont disponibles en anglais seulement)<\/em><\/p>\n\n\n\n<p>Le <a href=\"https:\/\/ontariocaregiver.ca\/peersupport\/fr\/\" target=\"_blank\" rel=\"noreferrer noopener\">Programme de soutien par les pairs<\/a> est offert par l&#8217;Organisme de soutien aux aidants naturels de l&#8217;Ontario aux personnes \u00e2g\u00e9es de 18&nbsp;ans et plus. <a href=\"https:\/\/ontariocaregiver.ca\/peersupport\/fr\/inscrivez-vous\/\" target=\"_blank\" rel=\"noreferrer noopener\">Inscris-toi d\u00e8s aujourd&#8217;hui<\/a> pour \u00eatre jumel\u00e9 \u00e0 un pair mentor form\u00e9 qui communiquera avec toi par t\u00e9l\u00e9phone pour t&#8217;\u00e9couter et t&#8217;apporter son soutien.<\/p>\n\n\n\n<p>La ligne t\u00e9l\u00e9phonique <a href=\"https:\/\/jeunessejecoute.ca\/?_ga=2.61440108.1745414034.1632841497-1109850860.1632841497\" target=\"_blank\" rel=\"noreferrer noopener\">Jeunesse, J\u2019\u00e9coute!<\/a> est un service de soutien national disponible 24\u00a0heures sur 24, 7\u00a0jours sur 7, qui offre aux jeunes des conseils professionnels, de l&#8217;information et des services d&#8217;orientation, ainsi qu&#8217;un soutien par messagerie texte en anglais et en fran\u00e7ais dirig\u00e9 par des b\u00e9n\u00e9voles. T\u00e9l.\u00a0: 1-800-668-6868\/Messagerie texte\u00a0: 686868\/<a href=\"https:\/\/jeunessejecoute.ca\/service-dintervention-clavardage-en-direct\/?_ga=2.61440108.1745414034.1632841497-1109850860.1632841497\" target=\"_blank\" rel=\"noreferrer noopener\">Clavardage en direct<\/a><\/p>\n\n\n\n<p><a href=\"https:\/\/onestoptalk.ca\/fr\/\" target=\"_blank\" rel=\"noreferrer noopener\">Parlons maintenant<\/a> Entrez en contact sur-le-champ avec une ou un th\u00e9rapeute et \u00e9laborez ensemble un plan qui vous permettra de surmonter vos difficult\u00e9s et d\u2019aller mieux.<\/p>\n\n\n\n<p><a href=\"https:\/\/can01.safelinks.protection.outlook.com\/?url=https%3A%2F%2Ftelaideoutaouais.ca%2F&amp;data=04%7C01%7CSarahC%40ontariocaregiver.ca%7C2fbe156da6454a589db308d9e7458e1c%7C3969d36c1e934f69b34c089819ae5e00%7C0%7C0%7C637795108197508833%7CUnknown%7CTWFpbGZsb3d8eyJWIjoiMC4wLjAwMDAiLCJQIjoiV2luMzIiLCJBTiI6Ik1haWwiLCJXVCI6Mn0%3D%7C3000&amp;sdata=eCDDtYnA58gKYVElunKPXWYyFBTpwhZLMSAJho1tn70%3D&amp;reserved=0\">TAO Tel-Aide<\/a>&nbsp;est un service d\u2019\u00e9coute confidentiel 24\/7 ouvert aux francophones \u00e0 travers le Canada. En composant le&nbsp;<strong>1-800-567-9699<\/strong>&nbsp;on peut joindre une personne b\u00e9n\u00e9vole form\u00e9e pour fournir de l\u2019\u00e9coute active et du soutien, peu importe le sujet de l\u2019appel.<\/p>\n\n\n\n<p><a href=\"http:\/\/www.connexontario.ca\/fr-ca\/\" target=\"_blank\" rel=\"noreferrer noopener\">ConnexOntario<\/a> est un service d&#8217;information et d&#8217;orientation ax\u00e9 sur les services de sant\u00e9 mentale, de toxicomanie et de probl\u00e8mes de jeu dans la province. Ils soutiennent les Ontariens par t\u00e9l\u00e9phone (1-866-531-2600), <a href=\"https:\/\/www.connexontario.ca\/Chat\" target=\"_blank\" rel=\"noreferrer noopener\">clavardage en ligne<\/a> et <a href=\"https:\/\/www.connexontario.ca\/en-ca\/send-email\" target=\"_blank\" rel=\"noreferrer noopener\">courriel<\/a> 24&nbsp;h sur 24, 7&nbsp;jours sur 7.<\/p>\n\n\n\n<p><a href=\"https:\/\/bouncebackontario.ca\/fr\/\" target=\"_blank\" rel=\"noreferrer noopener\">Retrouver son entrain<\/a> est un programme gratuit d&#8217;acquisition de comp\u00e9tences con\u00e7u pour aider les adultes et les jeunes de 15&nbsp;ans et plus \u00e0 g\u00e9rer les sympt\u00f4mes de d\u00e9pression et d&#8217;anxi\u00e9t\u00e9.<\/p>\n\n\n\n<p><a href=\"https:\/\/serviceslaboussole.ca\/\" target=\"_blank\" rel=\"noreferrer noopener\">La Boussole<\/a> offre des services de soutien psychologique \u00e0 l\u2019ensemble de la population \u00e9tudiante du Coll\u00e8ge La Cit\u00e9 et des services de qualit\u00e9 en mati\u00e8re d\u2019\u00e9valuation et de recommandation des mesures d\u2019accommodement aupr\u00e8s des \u00e9tudiantes ou \u00e9tudiants en situation de handicap.<\/p>\n\n\n\n<p><a href=\"https:\/\/rogerneilsonhouse.ca\/fr\/\" target=\"_blank\" rel=\"noreferrer noopener\">La maison Roger Neilson<\/a> est un \u00e9tablissement de soins palliatifs p\u00e9diatriques \u00e9tabli sur le campus du Centre hospitalier pour enfants de l&#8217;est de l&#8217;Ontario. Le programme Spectacular Incredible Braving Siblings (SIBS) (Fr\u00e8res et s\u0153urs incroyablement courageux) soutient les fr\u00e8res et les s\u0153urs d&#8217;enfants atteints de maladies limitant l&#8217;esp\u00e9rance de vie. Les jeunes aidants naturels se renseignent sur les strat\u00e9gies d&#8217;autogestion de la sant\u00e9 et d&#8217;adaptation \u00e0 leurs \u00e9motions, en plus d&#8217;obtenir de l&#8217;information pertinente \u00e0 la maladie de leurs fr\u00e8res et s\u0153urs.<\/p>\n\n\n\n<p><a href=\"http:\/\/www.emilyshouse.ca\/\" target=\"_blank\" rel=\"noreferrer noopener\">Emily\u2019s House<\/a> au&nbsp;<a href=\"http:\/\/www.philipazizcentre.ca\/\" target=\"_blank\" rel=\"noreferrer noopener\">Centre Philippe Aziz<\/a> est une r\u00e9sidence de soins palliatifs pour enfants qui \u00e9tend ses services de soutien aux jeunes aidants naturels qui sont fr\u00e8res et s\u0153urs d&#8217;un enfant ou d&#8217;un jeune atteint d&#8217;une maladie limitant l&#8217;esp\u00e9rance de vie ou en phase terminale et aux enfants en bonne sant\u00e9 dont un parent ou un tuteur vit avec une maladie limitant l&#8217;esp\u00e9rance de vie ou en phase terminale.  <em>(Ces ressources sont disponibles en anglais seulement)<\/em><\/p>\n\n\n\n<p><a href=\"http:\/\/www.famekids.ca\/\" target=\"_blank\" rel=\"noreferrer noopener\">Family Association for Mental Health Everywhere (FAME)<\/a> est un organisme de bienfaisance enregistr\u00e9 mis sur pied par des familles dont la mission consiste \u00e0 faciliter le d\u00e9veloppement de la r\u00e9silience chez les familles vivant avec une maladie mentale. L&#8217;organisme de bienfaisance offre un soutien, une \u00e9ducation, des comp\u00e9tences d&#8217;adaptation et des strat\u00e9gies d&#8217;autogestion de la sant\u00e9 aux familles et aux aidants naturels.  <em>(Cette ressource est disponible en anglais seulement)<\/em>    <\/p>\n\n\n\n<p><a href=\"https:\/\/gildasclubtoronto.org\/\" target=\"_blank\" rel=\"noreferrer noopener\">Gilda&#8217;s Club Grand Toronto (GCGT)<\/a> est un organisme de bienfaisance enregistr\u00e9 qui offre un soutien, une \u00e9ducation et une interaction sociale aux patients atteints de cancer et \u00e0 leurs familles. Le programme inclusif adopte une approche ax\u00e9e sur la \u00ab&nbsp;famille enti\u00e8re&nbsp;\u00bb afin que les amis et la famille de tous \u00e2ges puissent recevoir gratuitement le soutien dont ils ont besoin.  <em>(Cette ressource est disponible en anglais seulement)<\/em>   <\/p>\n\n\n\n<p><a href=\"https:\/\/hearthousehospice.com\/\" target=\"_blank\" rel=\"noreferrer noopener\">Heart House Hospice<\/a> offre un soutien en cas de deuil aux patients mourants et \u00e0 leurs familles, y compris aux aidants naturels et aux enfants, afin que les gens puissent recevoir des soins de fin de vie \u00e0 domicile. Leurs&nbsp;programmes <a href=\"https:\/\/www.childrenandyouthgriefnetwork.com\/\" target=\"_blank\" rel=\"noreferrer noopener\">Children and Youth Grief Network<\/a> (R\u00e9seau de deuil pour les enfants et les jeunes) et&nbsp;<a href=\"https:\/\/hearthousehospice.com\/huug\/\" target=\"_blank\" rel=\"noreferrer noopener\">Helping Us Understand Grief<\/a> (Nous aider \u00e0 comprendre le deuil) aident les jeunes aidants naturels \u00e0 comprendre leur r\u00f4le et \u00e0 apprendre \u00e0 g\u00e9rer les \u00e9motions li\u00e9es \u00e0 l&#8217;aidance naturelle.  <em>(Cette ressource est disponible en anglais seulement)<\/em>  <\/p>\n\n\n\n<p>L&#8217;<a href=\"http:\/\/alz.to\/\" target=\"_blank\" rel=\"noreferrer noopener\">Alzheimer Society of Toronto<\/a> a cr\u00e9\u00e9 le&nbsp;programme <a href=\"https:\/\/alz.to\/event\/young-carers-support-group\/\" target=\"_blank\" rel=\"noreferrer noopener\">Young Carers Meetup<\/a> (Rencontre des jeunes aidants), une s\u00e9rie de r\u00e9unions en personne et en ligne pour les jeunes aidants naturels afin de discuter de l&#8217;autogestion de la sant\u00e9, des r\u00e9ponses aux situations difficiles et du maintien des relations avec les autres membres de la famille et les amis.  <em>(Ces rencontres sont disponibles en anglais seulement)<\/em> <\/p>\n\n\n\n<p>La <a href=\"https:\/\/www.huntingtonsociety.ca\/language\/fr\/\" target=\"_blank\" rel=\"noreferrer noopener\">Soci\u00e9t\u00e9 Huntington du Canada<\/a> est un organisme sans but lucratif qui soutient les personnes et les familles vivant avec la maladie de Huntington par le biais de services de consultation et de recherches m\u00e9dicales. Le&nbsp;<a href=\"https:\/\/www.huntingtonsociety.ca\/learn-about-hd\/youth\/youth-mentorship-program\/\" target=\"_blank\" rel=\"noreferrer noopener\">Youth Mentorship Program<\/a> (Programme de mentorat pour les jeunes) permet aux jeunes aidants naturels qui s&#8217;occupent d&#8217;une personne atteinte de la maladie de Huntington de rencontrer un mentor ayant v\u00e9cu une exp\u00e9rience similaire.  <em>(Ce programme est disponible en anglais seulement)<\/em> <\/p>\n\n\n\n<p><a href=\"https:\/\/teresagroup.ca\/\" target=\"_blank\" rel=\"noreferrer noopener\">The Teresa Group<\/a> est un organisme caritatif communautaire qui offre un soutien aux enfants et aux familles touch\u00e9s par le VIH et le sida.&nbsp;<a href=\"https:\/\/teresagroup.ca\/index.php\/what-we-do\/groups-for-parents-and-children\/\" target=\"_blank\" rel=\"noreferrer noopener\">Divers groupes de soutien<\/a> et un<a href=\"https:\/\/teresagroup.ca\/index.php\/what-we-do\/summer-camp-and-activities\/\" target=\"_blank\" rel=\"noreferrer noopener\"> programme de camp d&#8217;\u00e9t\u00e9<\/a> offrent aux jeunes aidants naturels une occasion d&#8217;apprendre \u00e0 composer avec la stigmatisation du VIH et du sida, ainsi qu&#8217;avec le stress de leur exp\u00e9rience d&#8217;aidance naturelle.  <em>(Cette ressource est disponible en anglais seulement)<\/em> <\/p>\n\n\n\n<p>Le&nbsp;<a href=\"https:\/\/www.ycptoronto.com\/\" target=\"_blank\" rel=\"noreferrer noopener\">Young Carers Program<\/a> (Programme des jeunes aidants naturels) a \u00e9t\u00e9 d\u00e9velopp\u00e9 par Hospice Toronto pour r\u00e9pondre aux besoins des jeunes aidants naturels et de leurs familles en mettant sur pied des programmes de soutien, en mettant l&#8217;accent sur les activit\u00e9s r\u00e9cr\u00e9atives, sociales, \u00e9ducatives et d&#8217;acquisition de comp\u00e9tences.  <em>(Ce programme est disponible en anglais seulement)<\/em> <\/p>\n","protected":false},"excerpt":{"rendered":"<p>Ressoures sur la sant\u00e9 mentale et le bien-\u00eatre Jeunes aidants naturels branch\u00e9s s&#8217;adresse aux jeunes \u00e2g\u00e9s de 15 \u00e0 25&nbsp;ans. Il s&#8217;agit d&#8217;un endroit s\u00e9curitaire o\u00f9 tu peux partager vos sentiments et entendre les histoires d&#8217;autres personnes qui vivent des exp\u00e9riences similaires \u00e0 la tienne. Des discussions en ligne ont lieu chaque mercredi \u00e0 19&nbsp;h&nbsp;30. [&hellip;]<\/p>\n","protected":false},"author":28,"featured_media":1463,"parent":0,"menu_order":0,"comment_status":"closed","ping_status":"closed","template":"","meta":{"_acf_changed":false,"_bbp_topic_count":0,"_bbp_reply_count":0,"_bbp_total_topic_count":0,"_bbp_total_reply_count":0,"_bbp_voice_count":0,"_bbp_anonymous_reply_count":0,"_bbp_topic_count_hidden":0,"_bbp_reply_count_hidden":0,"_bbp_forum_subforum_count":0,"inline_featured_image":false,"footnotes":""},"class_list":["post-1467","page","type-page","status-publish","has-post-thumbnail","hentry"],"acf":[],"yoast_head":"<!-- This site is optimized with the Yoast SEO plugin v27.4 - https:\/\/yoast.com\/product\/yoast-seo-wordpress\/ -->\n<title>Ressources sur la sant\u00e9 mentale et le bien-\u00eatre - Young Caregivers Connect<\/title>\n<meta name=\"robots\" content=\"index, follow, max-snippet:-1, max-image-preview:large, max-video-preview:-1\" \/>\n<link rel=\"canonical\" href=\"https:\/\/youngcaregiversconnect.ca\/fr\/ressources-sur-la-sante-mentale-et-le-bien-etre\/\" \/>\n<meta property=\"og:locale\" content=\"fr_FR\" \/>\n<meta property=\"og:type\" content=\"article\" \/>\n<meta property=\"og:title\" content=\"Ressources sur la sant\u00e9 mentale et le bien-\u00eatre - Young Caregivers Connect\" \/>\n<meta property=\"og:description\" content=\"Ressoures sur la sant\u00e9 mentale et le bien-\u00eatre Jeunes aidants naturels branch\u00e9s s&#8217;adresse aux jeunes \u00e2g\u00e9s de 15 \u00e0 25&nbsp;ans. Il s&#8217;agit d&#8217;un endroit s\u00e9curitaire o\u00f9 tu peux partager vos sentiments et entendre les histoires d&#8217;autres personnes qui vivent des exp\u00e9riences similaires \u00e0 la tienne. Des discussions en ligne ont lieu chaque mercredi \u00e0 19&nbsp;h&nbsp;30. [&hellip;]\" \/>\n<meta property=\"og:url\" content=\"https:\/\/youngcaregiversconnect.ca\/fr\/ressources-sur-la-sante-mentale-et-le-bien-etre\/\" \/>\n<meta property=\"og:site_name\" content=\"Young Caregivers Connect\" \/>\n<meta property=\"article:modified_time\" content=\"2023-12-20T18:58:52+00:00\" \/>\n<meta property=\"og:image\" content=\"https:\/\/youngcaregiversconnect.ca\/wp-content\/uploads\/2021\/09\/iStock-1233171314.jpg\" \/>\n\t<meta property=\"og:image:width\" content=\"2121\" \/>\n\t<meta property=\"og:image:height\" content=\"1414\" \/>\n\t<meta property=\"og:image:type\" content=\"image\/jpeg\" \/>\n<meta name=\"twitter:card\" content=\"summary_large_image\" \/>\n<meta name=\"twitter:label1\" content=\"Est. reading time\" \/>\n\t<meta name=\"twitter:data1\" content=\"5 minutes\" \/>\n<script type=\"application\/ld+json\" class=\"yoast-schema-graph\">{\"@context\":\"https:\\\/\\\/schema.org\",\"@graph\":[{\"@type\":\"WebPage\",\"@id\":\"https:\\\/\\\/youngcaregiversconnect.ca\\\/fr\\\/ressources-sur-la-sante-mentale-et-le-bien-etre\\\/\",\"url\":\"https:\\\/\\\/youngcaregiversconnect.ca\\\/fr\\\/ressources-sur-la-sante-mentale-et-le-bien-etre\\\/\",\"name\":\"Ressources sur la sant\u00e9 mentale et le bien-\u00eatre - Young Caregivers Connect\",\"isPartOf\":{\"@id\":\"http:\\\/\\\/youngcaregiversconnect.ca\\\/fr\\\/#website\"},\"primaryImageOfPage\":{\"@id\":\"https:\\\/\\\/youngcaregiversconnect.ca\\\/fr\\\/ressources-sur-la-sante-mentale-et-le-bien-etre\\\/#primaryimage\"},\"image\":{\"@id\":\"https:\\\/\\\/youngcaregiversconnect.ca\\\/fr\\\/ressources-sur-la-sante-mentale-et-le-bien-etre\\\/#primaryimage\"},\"thumbnailUrl\":\"https:\\\/\\\/youngcaregiversconnect.ca\\\/wp-content\\\/uploads\\\/2021\\\/09\\\/iStock-1233171314.jpg\",\"datePublished\":\"2021-09-30T15:03:59+00:00\",\"dateModified\":\"2023-12-20T18:58:52+00:00\",\"breadcrumb\":{\"@id\":\"https:\\\/\\\/youngcaregiversconnect.ca\\\/fr\\\/ressources-sur-la-sante-mentale-et-le-bien-etre\\\/#breadcrumb\"},\"inLanguage\":\"fr-FR\",\"potentialAction\":[{\"@type\":\"ReadAction\",\"target\":[\"https:\\\/\\\/youngcaregiversconnect.ca\\\/fr\\\/ressources-sur-la-sante-mentale-et-le-bien-etre\\\/\"]}]},{\"@type\":\"ImageObject\",\"inLanguage\":\"fr-FR\",\"@id\":\"https:\\\/\\\/youngcaregiversconnect.ca\\\/fr\\\/ressources-sur-la-sante-mentale-et-le-bien-etre\\\/#primaryimage\",\"url\":\"https:\\\/\\\/youngcaregiversconnect.ca\\\/wp-content\\\/uploads\\\/2021\\\/09\\\/iStock-1233171314.jpg\",\"contentUrl\":\"https:\\\/\\\/youngcaregiversconnect.ca\\\/wp-content\\\/uploads\\\/2021\\\/09\\\/iStock-1233171314.jpg\",\"width\":2121,\"height\":1414,\"caption\":\"Deux jeunes filles sont assises dans une chambre et une r\u00e9conforte l'autre\"},{\"@type\":\"BreadcrumbList\",\"@id\":\"https:\\\/\\\/youngcaregiversconnect.ca\\\/fr\\\/ressources-sur-la-sante-mentale-et-le-bien-etre\\\/#breadcrumb\",\"itemListElement\":[{\"@type\":\"ListItem\",\"position\":1,\"name\":\"Accueil\",\"item\":\"https:\\\/\\\/youngcaregiversconnect.ca\\\/fr\\\/\"},{\"@type\":\"ListItem\",\"position\":2,\"name\":\"Ressources sur la sant\u00e9 mentale et le bien-\u00eatre\"}]},{\"@type\":\"WebSite\",\"@id\":\"http:\\\/\\\/youngcaregiversconnect.ca\\\/fr\\\/#website\",\"url\":\"http:\\\/\\\/youngcaregiversconnect.ca\\\/fr\\\/\",\"name\":\"Young Caregivers Connect\",\"description\":\"Just another WordPress site\",\"potentialAction\":[{\"@type\":\"SearchAction\",\"target\":{\"@type\":\"EntryPoint\",\"urlTemplate\":\"http:\\\/\\\/youngcaregiversconnect.ca\\\/fr\\\/?s={search_term_string}\"},\"query-input\":{\"@type\":\"PropertyValueSpecification\",\"valueRequired\":true,\"valueName\":\"search_term_string\"}}],\"inLanguage\":\"fr-FR\"}]}<\/script>\n<!-- \/ Yoast SEO plugin. -->","yoast_head_json":{"title":"Ressources sur la sant\u00e9 mentale et le bien-\u00eatre - Young Caregivers Connect","robots":{"index":"index","follow":"follow","max-snippet":"max-snippet:-1","max-image-preview":"max-image-preview:large","max-video-preview":"max-video-preview:-1"},"canonical":"https:\/\/youngcaregiversconnect.ca\/fr\/ressources-sur-la-sante-mentale-et-le-bien-etre\/","og_locale":"fr_FR","og_type":"article","og_title":"Ressources sur la sant\u00e9 mentale et le bien-\u00eatre - Young Caregivers Connect","og_description":"Ressoures sur la sant\u00e9 mentale et le bien-\u00eatre Jeunes aidants naturels branch\u00e9s s&#8217;adresse aux jeunes \u00e2g\u00e9s de 15 \u00e0 25&nbsp;ans. Il s&#8217;agit d&#8217;un endroit s\u00e9curitaire o\u00f9 tu peux partager vos sentiments et entendre les histoires d&#8217;autres personnes qui vivent des exp\u00e9riences similaires \u00e0 la tienne. Des discussions en ligne ont lieu chaque mercredi \u00e0 19&nbsp;h&nbsp;30. [&hellip;]","og_url":"https:\/\/youngcaregiversconnect.ca\/fr\/ressources-sur-la-sante-mentale-et-le-bien-etre\/","og_site_name":"Young Caregivers Connect","article_modified_time":"2023-12-20T18:58:52+00:00","og_image":[{"width":2121,"height":1414,"url":"https:\/\/youngcaregiversconnect.ca\/wp-content\/uploads\/2021\/09\/iStock-1233171314.jpg","type":"image\/jpeg"}],"twitter_card":"summary_large_image","twitter_misc":{"Est. reading time":"5 minutes"},"schema":{"@context":"https:\/\/schema.org","@graph":[{"@type":"WebPage","@id":"https:\/\/youngcaregiversconnect.ca\/fr\/ressources-sur-la-sante-mentale-et-le-bien-etre\/","url":"https:\/\/youngcaregiversconnect.ca\/fr\/ressources-sur-la-sante-mentale-et-le-bien-etre\/","name":"Ressources sur la sant\u00e9 mentale et le bien-\u00eatre - Young Caregivers Connect","isPartOf":{"@id":"http:\/\/youngcaregiversconnect.ca\/fr\/#website"},"primaryImageOfPage":{"@id":"https:\/\/youngcaregiversconnect.ca\/fr\/ressources-sur-la-sante-mentale-et-le-bien-etre\/#primaryimage"},"image":{"@id":"https:\/\/youngcaregiversconnect.ca\/fr\/ressources-sur-la-sante-mentale-et-le-bien-etre\/#primaryimage"},"thumbnailUrl":"https:\/\/youngcaregiversconnect.ca\/wp-content\/uploads\/2021\/09\/iStock-1233171314.jpg","datePublished":"2021-09-30T15:03:59+00:00","dateModified":"2023-12-20T18:58:52+00:00","breadcrumb":{"@id":"https:\/\/youngcaregiversconnect.ca\/fr\/ressources-sur-la-sante-mentale-et-le-bien-etre\/#breadcrumb"},"inLanguage":"fr-FR","potentialAction":[{"@type":"ReadAction","target":["https:\/\/youngcaregiversconnect.ca\/fr\/ressources-sur-la-sante-mentale-et-le-bien-etre\/"]}]},{"@type":"ImageObject","inLanguage":"fr-FR","@id":"https:\/\/youngcaregiversconnect.ca\/fr\/ressources-sur-la-sante-mentale-et-le-bien-etre\/#primaryimage","url":"https:\/\/youngcaregiversconnect.ca\/wp-content\/uploads\/2021\/09\/iStock-1233171314.jpg","contentUrl":"https:\/\/youngcaregiversconnect.ca\/wp-content\/uploads\/2021\/09\/iStock-1233171314.jpg","width":2121,"height":1414,"caption":"Deux jeunes filles sont assises dans une chambre et une r\u00e9conforte l'autre"},{"@type":"BreadcrumbList","@id":"https:\/\/youngcaregiversconnect.ca\/fr\/ressources-sur-la-sante-mentale-et-le-bien-etre\/#breadcrumb","itemListElement":[{"@type":"ListItem","position":1,"name":"Accueil","item":"https:\/\/youngcaregiversconnect.ca\/fr\/"},{"@type":"ListItem","position":2,"name":"Ressources sur la sant\u00e9 mentale et le bien-\u00eatre"}]},{"@type":"WebSite","@id":"http:\/\/youngcaregiversconnect.ca\/fr\/#website","url":"http:\/\/youngcaregiversconnect.ca\/fr\/","name":"Young Caregivers Connect","description":"Just another WordPress site","potentialAction":[{"@type":"SearchAction","target":{"@type":"EntryPoint","urlTemplate":"http:\/\/youngcaregiversconnect.ca\/fr\/?s={search_term_string}"},"query-input":{"@type":"PropertyValueSpecification","valueRequired":true,"valueName":"search_term_string"}}],"inLanguage":"fr-FR"}]}},"_links":{"self":[{"href":"https:\/\/youngcaregiversconnect.ca\/fr\/wp-json\/wp\/v2\/pages\/1467","targetHints":{"allow":["GET"]}}],"collection":[{"href":"https:\/\/youngcaregiversconnect.ca\/fr\/wp-json\/wp\/v2\/pages"}],"about":[{"href":"https:\/\/youngcaregiversconnect.ca\/fr\/wp-json\/wp\/v2\/types\/page"}],"author":[{"embeddable":true,"href":"https:\/\/youngcaregiversconnect.ca\/fr\/wp-json\/wp\/v2\/users\/28"}],"replies":[{"embeddable":true,"href":"https:\/\/youngcaregiversconnect.ca\/fr\/wp-json\/wp\/v2\/comments?post=1467"}],"version-history":[{"count":7,"href":"https:\/\/youngcaregiversconnect.ca\/fr\/wp-json\/wp\/v2\/pages\/1467\/revisions"}],"predecessor-version":[{"id":183183,"href":"https:\/\/youngcaregiversconnect.ca\/fr\/wp-json\/wp\/v2\/pages\/1467\/revisions\/183183"}],"wp:featuredmedia":[{"embeddable":true,"href":"https:\/\/youngcaregiversconnect.ca\/fr\/wp-json\/wp\/v2\/media\/1463"}],"wp:attachment":[{"href":"https:\/\/youngcaregiversconnect.ca\/fr\/wp-json\/wp\/v2\/media?parent=1467"}],"curies":[{"name":"wp","href":"https:\/\/api.w.org\/{rel}","templated":true}]}}