{"id":1662,"date":"2021-12-10T17:13:26","date_gmt":"2021-12-10T22:13:26","guid":{"rendered":"http:\/\/youngcaregiversconnect.ca\/?page_id=1662"},"modified":"2023-09-13T15:30:28","modified_gmt":"2023-09-13T19:30:28","slug":"lesionscerebrales","status":"publish","type":"page","link":"https:\/\/youngcaregiversconnect.ca\/fr\/lesionscerebrales\/","title":{"rendered":"L\u00e9sions c\u00e9r\u00e9brales"},"content":{"rendered":"\n<h1 class=\"wp-block-heading\"><strong>Je m\u2019occupe d\u2019une personne qui a subi une l\u00e9sion c\u00e9r\u00e9brale<\/strong><strong><\/strong><\/h1>\n\n\n\n<p>Les l\u00e9sions c\u00e9r\u00e9brales peuvent survenir de diff\u00e9rentes fa\u00e7ons, notamment en raison d\u2019un accident vasculaire c\u00e9r\u00e9bral, d\u2019un an\u00e9vrisme, d\u2019un manque d\u2019oxyg\u00e8ne au cerveau, d\u2019une maladie infectieuse et d\u2019un traumatisme cr\u00e2nien. Les causes des traumatismes cr\u00e2niens peuvent inclure les chutes, les accidents d\u2019automobile, les blessures sportives, les blessures subies au combat et les actes de violence.<\/p>\n\n\n\n<p>Les exp\u00e9riences de chaque personne en mati\u00e8re de l\u00e9sions c\u00e9r\u00e9brales sont uniques. Cependant, elles comptent beaucoup d\u2019\u00e9motions et de sympt\u00f4mes communs, dont&nbsp;:<\/p>\n\n\n\n<ul class=\"wp-block-list\">\n<li>les troubles de m\u00e9moire, d\u2019apprentissage, de raisonnement, de jugement et de concentration;<\/li>\n\n\n\n<li>l\u2019incapacit\u00e9 de r\u00e9soudre des probl\u00e8mes, de planifier, d\u2019effectuer simultan\u00e9ment de multiples t\u00e2ches ou de prendre des d\u00e9cisions;<\/li>\n\n\n\n<li>l\u2019incapacit\u00e9 d\u2019organiser ses pens\u00e9es et ses id\u00e9es;<\/li>\n\n\n\n<li>la difficult\u00e9 \u00e0 parler et \u00e0 participer aux conversations;<\/li>\n\n\n\n<li>la difficult\u00e9 \u00e0 ma\u00eetriser ses \u00e9motions;<\/li>\n\n\n\n<li>la difficult\u00e9 \u00e0 faire face aux situations sociales;<\/li>\n\n\n\n<li>les emportements verbaux ou physiques;<\/li>\n\n\n\n<li>les sentiments de col\u00e8re, d\u2019irritabilit\u00e9 et de tristesse;<\/li>\n\n\n\n<li>les probl\u00e8mes de sommeil, les maux de t\u00eate, les \u00e9tourdissements et les troubles visuels.<\/li>\n<\/ul>\n\n\n\n<p>R\u00e9cup\u00e9rer d\u2019une l\u00e9sion c\u00e9r\u00e9brale peut prendre des mois, voire des ann\u00e9es, et certaines personnes \u00e9prouveront des probl\u00e8mes pour le reste de leur vie.<\/p>\n\n\n<div id=\"accordion-content-block_079d3f6e57cc44145c94a750c437b3e4\" class=\"accordion-wrapper \">\n    <div class=\"row column\">\n        <ul class=\"accordion\" data-accordion data-multi-expand=\"true\"  data-allow-all-closed=\"true\">\n\t\t                    <li class=\"accordion-item\" data-accordion-item>\n                    <a href=\"#\" class=\"accordion-title\">Types de soutien que tu pourrais avoir \u00e0 fournir<\/a>\n                    <div class=\"accordion-content\" data-tab-content id=\"\">\n\t\t\t\t\t    <p><!-- wp:paragraph --><\/p>\n<p>Prendre soin d\u2019une personne qui a subi une l\u00e9sion c\u00e9r\u00e9brale peut \u00eatre tr\u00e8s difficile. Plus tu obtiens de renseignements sur les l\u00e9sions c\u00e9r\u00e9brales, plus tu seras en mesure d\u2019aider la personne dont tu t\u2019occupes \u00e0 prendre des d\u00e9cisions \u00e9clair\u00e9es au sujet des traitements et du r\u00e9tablissement. Lorsque c\u2019est possible, accompagne ton proche \u00e0 ses rendez-vous m\u00e9dicaux et pr\u00e9pare une liste de questions \u00e0 l\u2019intention de l\u2019\u00e9quipe soignante.<\/p>\n<p><!-- \/wp:paragraph --><\/p>\n                    <\/div>\n                <\/li>\n\t\t                    <li class=\"accordion-item\" data-accordion-item>\n                    <a href=\"#\" class=\"accordion-title\">Conseils \u00e0 l\u2019intention des personnes aidantes naturelles en mati\u00e8re de soins personnels et de soutien physique et m\u00e9dical:<\/a>\n                    <div class=\"accordion-content\" data-tab-content id=\"\">\n\t\t\t\t\t    <ul>\n<li>D\u00e9termine ce que tu peux faire et ce qui te met mal \u00e0 l\u2019aise. Sois honn\u00eate avec toi-m\u00eame et la personne dont tu t\u2019occupes \u00a0au sujet de ce qui est r\u00e9aliste pour toi<\/li>\n<li>Parle de ta situation\u00a0\u2013il est important que toutes les personnes concern\u00e9es, dont la personne aidante naturelle, la personne aid\u00e9e et l\u2019\u00e9quipe soignante, sachent ce que tu peux faire ou ne pas faire en mati\u00e8re d\u2019aidance naturelle.<\/li>\n<li>Jette un coup d\u2019\u0153il aux services de soins \u00e0 domicile qui sont offerts dans ta r\u00e9gion. Le personnel de soins \u00e0 domicile peut se charger d\u2019administrer des m\u00e9dicaments et de donner le bain en plus de t\u2019enseigner des t\u00e2ches, comme la fa\u00e7on de d\u00e9placer une personne alit\u00e9e.<\/li>\n<li>Pose des questions sur l\u2019obtention d\u2019appareils fonctionnels, comme un d\u00e9ambulateur, un l\u00e8ve-personne, un fauteuil roulant, une chaise de douche, une barre d\u2019appui ou un si\u00e8ge de commodit\u00e9 portatif, le cas \u00e9ch\u00e9ant.<\/li>\n<\/ul>\n<p><!-- \/wp:list --><\/p>\n                    <\/div>\n                <\/li>\n\t\t                    <li class=\"accordion-item\" data-accordion-item>\n                    <a href=\"#\" class=\"accordion-title\">Conseils \u00e0 l\u2019intention des personnes aidantes naturelles en mati\u00e8re de communication et de soutien affectif:<\/a>\n                    <div class=\"accordion-content\" data-tab-content id=\"\">\n\t\t\t\t\t    <ul>\n<li>Aide la personne \u00e0 vivre le plus normalement possible. Encourage-la \u00e0 poursuivre ses activit\u00e9s quotidiennes autant qu\u2019elle peut.<\/li>\n<li>Essaie de ne pas assumer enti\u00e8rement une t\u00e2che. Tente plut\u00f4t d\u2019accompagner la personne aid\u00e9e, de faire des suggestions ou de lui demander comment tu peux l\u2019aider.<\/li>\n<li>Pratiques la patience et essaie de ne pas interrompre la personne. Permets-lui de trouver les mots \u00e0 son rythme.<\/li>\n<li>Admets que les acc\u00e8s de col\u00e8re peuvent indiquer que la personne est frustr\u00e9e ou fatigu\u00e9e\u00a0\u2014 essaie d\u2019en d\u00e9terminer la cause et \u00e9vite les \u00e9l\u00e9ments d\u00e9clencheurs lorsque possible.<\/li>\n<li>Limite la sur-stimulation, comme les foules et les bruits prononc\u00e9s.<\/li>\n<li>Songe \u00e0 obtenir des dispositifs de communication qui pourraient aider la personne dont tu t\u2019occupes.<\/li>\n<li>Encourage ton proche \u00e0 te parler de ses sentiments.\u00a0Fais-lui savoir que c\u2019est tout \u00e0 fait normal d\u2019exprimer des peurs et des pr\u00e9occupations.<\/li>\n<\/ul>\n<p><!-- \/wp:list --><\/p>\n                    <\/div>\n                <\/li>\n\t\t                    <li class=\"accordion-item\" data-accordion-item>\n                    <a href=\"#\" class=\"accordion-title\">Obtenir de l\u2019aide:<\/a>\n                    <div class=\"accordion-content\" data-tab-content id=\"\">\n\t\t\t\t\t    <ul>\n<li>Communique avec la <a href=\"https:\/\/obia.ca\/\">Ontario Brain Injury Association<\/a> pour obtenir de l\u2019aide ou compose le 1\u00a0800\u00a0263-5404.<\/li>\n<li>Jette aussi un coup d\u2019\u0153il \u00e0 <a href=\"http:\/\/youngcaregiversconnect.ca\/fr\/maladies-cardiaques-et-avc\/%20\">Je m\u2019occupe d\u2019une personne atteinte d\u2019une maladie cardiaque ou d\u2019un AVC<\/a>.<\/li>\n<li>Jette aussi un coup d\u2019\u0153il \u00e0 <a href=\"http:\/\/youngcaregiversconnect.ca\/fr\/problemes-de-mobilite\/%20\">Je m\u2019occupe d\u2019une personne \u00e0 mobilit\u00e9 r\u00e9duite<\/a>.<u><\/u><\/li>\n<li>Consulte \u00e9galement la rubrique <a href=\"https:\/\/youngcaregiversconnect.ca\/fr\/ressources-sur-la-sante-mentale-et-le-bien-etre\/\">Ressources sur la sant\u00e9 mentale et le bien-\u00eatre<\/a>.<\/li>\n<li>Communique avec d\u2019autres jeunes personnes aidantes naturelles de notre <a href=\"https:\/\/youngcaregiversconnect.ca\/fr\/rejoignez-notre-groupe-de-soutien-par-les-pairs\/\">groupe de soutien par les pairs en ligne<\/a> <em>(en anglais seulement) <\/em>ou prends part aux conversations sur notre forum en ligne.<\/li>\n<\/ul>\n<p><!-- \/wp:list --><\/p>\n                    <\/div>\n                <\/li>\n\t\t            <\/ul>\n    <\/div>\n<\/div>\n\n\n\n<p>Tu ne sais pas par o\u00f9 commencer? Appelle notre <a href=\"https:\/\/ontariocaregiver.ca\/fr\/trouverdusoutien\/ligne-dassistance\/\">ligne d\u2019assistance disponible 24&nbsp;heures sur 24 et 7&nbsp;jours sur 7<\/a> ou \u00e9cris-nous via notre service de clavardage en direct pour trouver des ressources dans ta collectivit\u00e9.<\/p>\n\n\n\n<p>Sources:<\/p>\n\n\n\n<p><a href=\"https:\/\/www.brainline.org\/caregivers\">https:\/\/www.brainline.org\/caregivers<\/a><\/p>\n\n\n\n<p><a href=\"https:\/\/www.brainline.org\/article\/lost-found-what-brain-injury-survivors-want-you-know\" target=\"_blank\" rel=\"noreferrer noopener\">https:\/\/www.brainline.org\/article\/lost-found-what-brain-injury-survivors-want-you-know<\/a><\/p>\n\n\n\n<p><a href=\"https:\/\/www.caregiver.org\/traumatic-brain-injury\" target=\"_blank\" rel=\"noreferrer noopener\">https:\/\/www.caregiver.org\/traumatic-brain-injury<\/a><\/p>\n\n\n\n<p><a href=\"https:\/\/schurigcenter.org\/wp-content\/uploads\/2017\/09\/Schurig-Center-BINBA-Brain-Injury-Handbook.pdf\" target=\"_blank\" rel=\"noreferrer noopener\">https:\/\/schurigcenter.org\/wp-content\/uploads\/2017\/09\/Schurig-Center-BINBA-Brain-Injury-Handbook.pdf<\/a><\/p>\n\n\n\n<p><a href=\"https:\/\/www.brainline.org\/article\/five-ways-talk-children-about-brain-injury\" target=\"_blank\" rel=\"noreferrer noopener\">https:\/\/www.brainline.org\/article\/five-ways-talk-children-about-brain-injury<\/a><\/p>\n","protected":false},"excerpt":{"rendered":"<p>Je m\u2019occupe d\u2019une personne qui a subi une l\u00e9sion c\u00e9r\u00e9brale Les l\u00e9sions c\u00e9r\u00e9brales peuvent survenir de diff\u00e9rentes fa\u00e7ons, notamment en raison d\u2019un accident vasculaire c\u00e9r\u00e9bral, d\u2019un an\u00e9vrisme, d\u2019un manque d\u2019oxyg\u00e8ne au cerveau, d\u2019une maladie infectieuse et d\u2019un traumatisme cr\u00e2nien. Les causes des traumatismes cr\u00e2niens peuvent inclure les chutes, les accidents d\u2019automobile, les blessures sportives, les [&hellip;]<\/p>\n","protected":false},"author":28,"featured_media":1643,"parent":0,"menu_order":0,"comment_status":"closed","ping_status":"closed","template":"","meta":{"_acf_changed":false,"_bbp_topic_count":0,"_bbp_reply_count":0,"_bbp_total_topic_count":0,"_bbp_total_reply_count":0,"_bbp_voice_count":0,"_bbp_anonymous_reply_count":0,"_bbp_topic_count_hidden":0,"_bbp_reply_count_hidden":0,"_bbp_forum_subforum_count":0,"inline_featured_image":false,"footnotes":""},"class_list":["post-1662","page","type-page","status-publish","has-post-thumbnail","hentry"],"acf":[],"yoast_head":"<!-- This site is optimized with the Yoast SEO plugin v27.4 - https:\/\/yoast.com\/product\/yoast-seo-wordpress\/ -->\n<title>L\u00e9sions c\u00e9r\u00e9brales - Young Caregivers Connect<\/title>\n<meta name=\"robots\" content=\"index, follow, max-snippet:-1, max-image-preview:large, max-video-preview:-1\" \/>\n<link rel=\"canonical\" href=\"https:\/\/youngcaregiversconnect.ca\/fr\/lesionscerebrales\/\" \/>\n<meta property=\"og:locale\" content=\"fr_FR\" \/>\n<meta property=\"og:type\" content=\"article\" \/>\n<meta property=\"og:title\" content=\"L\u00e9sions c\u00e9r\u00e9brales - Young Caregivers Connect\" \/>\n<meta property=\"og:description\" content=\"Je m\u2019occupe d\u2019une personne qui a subi une l\u00e9sion c\u00e9r\u00e9brale Les l\u00e9sions c\u00e9r\u00e9brales peuvent survenir de diff\u00e9rentes fa\u00e7ons, notamment en raison d\u2019un accident vasculaire c\u00e9r\u00e9bral, d\u2019un an\u00e9vrisme, d\u2019un manque d\u2019oxyg\u00e8ne au cerveau, d\u2019une maladie infectieuse et d\u2019un traumatisme cr\u00e2nien. Les causes des traumatismes cr\u00e2niens peuvent inclure les chutes, les accidents d\u2019automobile, les blessures sportives, les [&hellip;]\" \/>\n<meta property=\"og:url\" content=\"https:\/\/youngcaregiversconnect.ca\/fr\/lesionscerebrales\/\" \/>\n<meta property=\"og:site_name\" content=\"Young Caregivers Connect\" \/>\n<meta property=\"article:modified_time\" content=\"2023-09-13T19:30:28+00:00\" \/>\n<meta property=\"og:image\" content=\"https:\/\/youngcaregiversconnect.ca\/wp-content\/uploads\/2021\/12\/iStock-137312874-scaled.jpg\" \/>\n\t<meta property=\"og:image:width\" content=\"2560\" \/>\n\t<meta property=\"og:image:height\" content=\"1707\" \/>\n\t<meta property=\"og:image:type\" content=\"image\/jpeg\" \/>\n<meta name=\"twitter:card\" content=\"summary_large_image\" \/>\n<meta name=\"twitter:label1\" content=\"Est. reading time\" \/>\n\t<meta name=\"twitter:data1\" content=\"2 minutes\" \/>\n<script type=\"application\/ld+json\" class=\"yoast-schema-graph\">{\"@context\":\"https:\\\/\\\/schema.org\",\"@graph\":[{\"@type\":\"WebPage\",\"@id\":\"https:\\\/\\\/youngcaregiversconnect.ca\\\/fr\\\/lesionscerebrales\\\/\",\"url\":\"https:\\\/\\\/youngcaregiversconnect.ca\\\/fr\\\/lesionscerebrales\\\/\",\"name\":\"L\u00e9sions c\u00e9r\u00e9brales - Young Caregivers Connect\",\"isPartOf\":{\"@id\":\"http:\\\/\\\/youngcaregiversconnect.ca\\\/fr\\\/#website\"},\"primaryImageOfPage\":{\"@id\":\"https:\\\/\\\/youngcaregiversconnect.ca\\\/fr\\\/lesionscerebrales\\\/#primaryimage\"},\"image\":{\"@id\":\"https:\\\/\\\/youngcaregiversconnect.ca\\\/fr\\\/lesionscerebrales\\\/#primaryimage\"},\"thumbnailUrl\":\"https:\\\/\\\/youngcaregiversconnect.ca\\\/wp-content\\\/uploads\\\/2021\\\/12\\\/iStock-137312874-scaled.jpg\",\"datePublished\":\"2021-12-10T22:13:26+00:00\",\"dateModified\":\"2023-09-13T19:30:28+00:00\",\"breadcrumb\":{\"@id\":\"https:\\\/\\\/youngcaregiversconnect.ca\\\/fr\\\/lesionscerebrales\\\/#breadcrumb\"},\"inLanguage\":\"fr-FR\",\"potentialAction\":[{\"@type\":\"ReadAction\",\"target\":[\"https:\\\/\\\/youngcaregiversconnect.ca\\\/fr\\\/lesionscerebrales\\\/\"]}]},{\"@type\":\"ImageObject\",\"inLanguage\":\"fr-FR\",\"@id\":\"https:\\\/\\\/youngcaregiversconnect.ca\\\/fr\\\/lesionscerebrales\\\/#primaryimage\",\"url\":\"https:\\\/\\\/youngcaregiversconnect.ca\\\/wp-content\\\/uploads\\\/2021\\\/12\\\/iStock-137312874-scaled.jpg\",\"contentUrl\":\"https:\\\/\\\/youngcaregiversconnect.ca\\\/wp-content\\\/uploads\\\/2021\\\/12\\\/iStock-137312874-scaled.jpg\",\"width\":2560,\"height\":1707,\"caption\":\"Young Woman on CAT Scan Table\"},{\"@type\":\"BreadcrumbList\",\"@id\":\"https:\\\/\\\/youngcaregiversconnect.ca\\\/fr\\\/lesionscerebrales\\\/#breadcrumb\",\"itemListElement\":[{\"@type\":\"ListItem\",\"position\":1,\"name\":\"Accueil\",\"item\":\"https:\\\/\\\/youngcaregiversconnect.ca\\\/fr\\\/\"},{\"@type\":\"ListItem\",\"position\":2,\"name\":\"L\u00e9sions c\u00e9r\u00e9brales\"}]},{\"@type\":\"WebSite\",\"@id\":\"http:\\\/\\\/youngcaregiversconnect.ca\\\/fr\\\/#website\",\"url\":\"http:\\\/\\\/youngcaregiversconnect.ca\\\/fr\\\/\",\"name\":\"Young Caregivers Connect\",\"description\":\"Just another WordPress site\",\"potentialAction\":[{\"@type\":\"SearchAction\",\"target\":{\"@type\":\"EntryPoint\",\"urlTemplate\":\"http:\\\/\\\/youngcaregiversconnect.ca\\\/fr\\\/?s={search_term_string}\"},\"query-input\":{\"@type\":\"PropertyValueSpecification\",\"valueRequired\":true,\"valueName\":\"search_term_string\"}}],\"inLanguage\":\"fr-FR\"}]}<\/script>\n<!-- \/ Yoast SEO plugin. -->","yoast_head_json":{"title":"L\u00e9sions c\u00e9r\u00e9brales - Young Caregivers Connect","robots":{"index":"index","follow":"follow","max-snippet":"max-snippet:-1","max-image-preview":"max-image-preview:large","max-video-preview":"max-video-preview:-1"},"canonical":"https:\/\/youngcaregiversconnect.ca\/fr\/lesionscerebrales\/","og_locale":"fr_FR","og_type":"article","og_title":"L\u00e9sions c\u00e9r\u00e9brales - Young Caregivers Connect","og_description":"Je m\u2019occupe d\u2019une personne qui a subi une l\u00e9sion c\u00e9r\u00e9brale Les l\u00e9sions c\u00e9r\u00e9brales peuvent survenir de diff\u00e9rentes fa\u00e7ons, notamment en raison d\u2019un accident vasculaire c\u00e9r\u00e9bral, d\u2019un an\u00e9vrisme, d\u2019un manque d\u2019oxyg\u00e8ne au cerveau, d\u2019une maladie infectieuse et d\u2019un traumatisme cr\u00e2nien. Les causes des traumatismes cr\u00e2niens peuvent inclure les chutes, les accidents d\u2019automobile, les blessures sportives, les [&hellip;]","og_url":"https:\/\/youngcaregiversconnect.ca\/fr\/lesionscerebrales\/","og_site_name":"Young Caregivers Connect","article_modified_time":"2023-09-13T19:30:28+00:00","og_image":[{"width":2560,"height":1707,"url":"https:\/\/youngcaregiversconnect.ca\/wp-content\/uploads\/2021\/12\/iStock-137312874-scaled.jpg","type":"image\/jpeg"}],"twitter_card":"summary_large_image","twitter_misc":{"Est. reading time":"2 minutes"},"schema":{"@context":"https:\/\/schema.org","@graph":[{"@type":"WebPage","@id":"https:\/\/youngcaregiversconnect.ca\/fr\/lesionscerebrales\/","url":"https:\/\/youngcaregiversconnect.ca\/fr\/lesionscerebrales\/","name":"L\u00e9sions c\u00e9r\u00e9brales - Young Caregivers Connect","isPartOf":{"@id":"http:\/\/youngcaregiversconnect.ca\/fr\/#website"},"primaryImageOfPage":{"@id":"https:\/\/youngcaregiversconnect.ca\/fr\/lesionscerebrales\/#primaryimage"},"image":{"@id":"https:\/\/youngcaregiversconnect.ca\/fr\/lesionscerebrales\/#primaryimage"},"thumbnailUrl":"https:\/\/youngcaregiversconnect.ca\/wp-content\/uploads\/2021\/12\/iStock-137312874-scaled.jpg","datePublished":"2021-12-10T22:13:26+00:00","dateModified":"2023-09-13T19:30:28+00:00","breadcrumb":{"@id":"https:\/\/youngcaregiversconnect.ca\/fr\/lesionscerebrales\/#breadcrumb"},"inLanguage":"fr-FR","potentialAction":[{"@type":"ReadAction","target":["https:\/\/youngcaregiversconnect.ca\/fr\/lesionscerebrales\/"]}]},{"@type":"ImageObject","inLanguage":"fr-FR","@id":"https:\/\/youngcaregiversconnect.ca\/fr\/lesionscerebrales\/#primaryimage","url":"https:\/\/youngcaregiversconnect.ca\/wp-content\/uploads\/2021\/12\/iStock-137312874-scaled.jpg","contentUrl":"https:\/\/youngcaregiversconnect.ca\/wp-content\/uploads\/2021\/12\/iStock-137312874-scaled.jpg","width":2560,"height":1707,"caption":"Young Woman on CAT Scan Table"},{"@type":"BreadcrumbList","@id":"https:\/\/youngcaregiversconnect.ca\/fr\/lesionscerebrales\/#breadcrumb","itemListElement":[{"@type":"ListItem","position":1,"name":"Accueil","item":"https:\/\/youngcaregiversconnect.ca\/fr\/"},{"@type":"ListItem","position":2,"name":"L\u00e9sions c\u00e9r\u00e9brales"}]},{"@type":"WebSite","@id":"http:\/\/youngcaregiversconnect.ca\/fr\/#website","url":"http:\/\/youngcaregiversconnect.ca\/fr\/","name":"Young Caregivers Connect","description":"Just another WordPress site","potentialAction":[{"@type":"SearchAction","target":{"@type":"EntryPoint","urlTemplate":"http:\/\/youngcaregiversconnect.ca\/fr\/?s={search_term_string}"},"query-input":{"@type":"PropertyValueSpecification","valueRequired":true,"valueName":"search_term_string"}}],"inLanguage":"fr-FR"}]}},"_links":{"self":[{"href":"https:\/\/youngcaregiversconnect.ca\/fr\/wp-json\/wp\/v2\/pages\/1662","targetHints":{"allow":["GET"]}}],"collection":[{"href":"https:\/\/youngcaregiversconnect.ca\/fr\/wp-json\/wp\/v2\/pages"}],"about":[{"href":"https:\/\/youngcaregiversconnect.ca\/fr\/wp-json\/wp\/v2\/types\/page"}],"author":[{"embeddable":true,"href":"https:\/\/youngcaregiversconnect.ca\/fr\/wp-json\/wp\/v2\/users\/28"}],"replies":[{"embeddable":true,"href":"https:\/\/youngcaregiversconnect.ca\/fr\/wp-json\/wp\/v2\/comments?post=1662"}],"version-history":[{"count":4,"href":"https:\/\/youngcaregiversconnect.ca\/fr\/wp-json\/wp\/v2\/pages\/1662\/revisions"}],"predecessor-version":[{"id":183108,"href":"https:\/\/youngcaregiversconnect.ca\/fr\/wp-json\/wp\/v2\/pages\/1662\/revisions\/183108"}],"wp:featuredmedia":[{"embeddable":true,"href":"https:\/\/youngcaregiversconnect.ca\/fr\/wp-json\/wp\/v2\/media\/1643"}],"wp:attachment":[{"href":"https:\/\/youngcaregiversconnect.ca\/fr\/wp-json\/wp\/v2\/media?parent=1662"}],"curies":[{"name":"wp","href":"https:\/\/api.w.org\/{rel}","templated":true}]}}