{"id":1677,"date":"2021-12-10T17:20:59","date_gmt":"2021-12-10T22:20:59","guid":{"rendered":"http:\/\/youngcaregiversconnect.ca\/?page_id=1677"},"modified":"2021-12-10T17:20:59","modified_gmt":"2021-12-10T22:20:59","slug":"maladies-coexistantes","status":"publish","type":"page","link":"https:\/\/youngcaregiversconnect.ca\/fr\/maladies-coexistantes\/","title":{"rendered":"Maladies coexistantes"},"content":{"rendered":"\n<h1 class=\"wp-block-heading\"><strong>Je m\u2019occupe d\u2019une personne qui souffre de maladies coexistantes<\/strong><strong><\/strong><\/h1>\n\n\n\n<p>Beaucoup des personnes qui vivent avec une maladie physique ou mentale peuvent souffrir de multiples probl\u00e8mes de sant\u00e9 en m\u00eame temps. C\u2019est ce qu\u2019on appelle les maladies coexistantes ou concomitantes.<\/p>\n\n\n\n<p>Il pourrait s\u2019agir de probl\u00e8mes de sant\u00e9 physique, comme le diab\u00e8te et la maladie cardiaque, ou de multiples probl\u00e8mes de sant\u00e9 mentale, comme la d\u00e9pression et le trouble li\u00e9 \u00e0 la consommation d\u2019une substance, ou encore d\u2019une combinaison de ces deux probl\u00e8mes, comme la d\u00e9pression et le cancer. La d\u00e9pression et l\u2019anxi\u00e9t\u00e9 sont des probl\u00e8mes de sant\u00e9 relativement courants qu\u2019\u00e9prouvent les personnes chez qui l\u2019on a diagnostiqu\u00e9 une maladie limitant leur esp\u00e9rance de vie ou mettant leur vie en danger, comme le cancer, la maladie cardiaque, l\u2019accident vasculaire c\u00e9r\u00e9bral ou la SLA.<\/p>\n\n\n\n<h2 class=\"wp-block-heading\"><strong>Consulte l\u2019\u00e9quipe soignante de le personne dont tu t\u2019occupes<\/strong><strong><\/strong><\/h2>\n\n\n\n<p>Si la personne dont tu t\u2019occupes a des sympt\u00f4mes reli\u00e9s \u00e0 plus d\u2019un trouble mental ou physique, il est important que tu consultes son \u00e9quipe de soins afin de pr\u00e9ciser les meilleures options de traitement. L\u2019ensemble unique de sympt\u00f4mes d\u00e9terminera la meilleure combinaison de m\u00e9dicaments et\/ou de th\u00e9rapies.<\/p>\n\n\n\n<p>Il est aussi important que tous les membres de l\u2019\u00e9quipe soignante soient conscients de tous les m\u00e9dicaments sur ordonnance et m\u00e9dicament en vente libre que prend ton proche pour minimiser les risques d\u2019interactions entre les m\u00e9dicaments.<\/p>\n\n\n\n<h2 class=\"wp-block-heading\"><strong>Renseigne-toi autant que possible<\/strong><\/h2>\n\n\n\n<p>Apprendre \u00e0 conna\u00eetre les diff\u00e9rents probl\u00e8mes qui peuvent affecter ton proche pourrait t\u2019aider et aider la personne dont tu t\u2019occupes \u00e0 prendre des d\u00e9cisions \u00e9clair\u00e9es. Consulte nos conseils pour <a href=\"http:\/\/youngcaregiversconnect.ca\/fr\/information-credible\/\" target=\"_blank\" rel=\"noreferrer noopener\">trouver des informations cr\u00e9dibles.<\/a><\/p>\n\n\n\n<p><strong>Obtenir de l\u2019aide&nbsp;: <\/strong><strong><\/strong><\/p>\n\n\n\n<ul class=\"wp-block-list\"><li>Jette aussi un coup d\u2019\u0153il \u00e0 <a href=\"http:\/\/youngcaregiversconnect.ca\/fr\/maladie-affection-chronique\/%20\" target=\"_blank\" rel=\"noreferrer noopener\">Je m\u2019occupe d\u2019une personne atteinte d\u2019une maladie chronique<\/a><\/li><li>Jette \u00e9galement un coup d\u2019\u0153il \u00e0 <a href=\"http:\/\/youngcaregiversconnect.ca\/fr\/troubles-psychologiques\/\" target=\"_blank\" rel=\"noreferrer noopener\">Je m\u2019occupe d\u2019une personne qui souffre de troubles psychologiques<\/a><\/li><li>Jette aussi un coup d\u2019\u0153il \u00e0 <a href=\"http:\/\/youngcaregiversconnect.ca\/fr\/la-depression\/\" target=\"_blank\" rel=\"noreferrer noopener\">Je m\u2019occupe d\u2019une personne souffrant de d\u00e9pression<\/a><\/li><li>Communique avec d\u2019autres jeunes aidantes naturelles et aidants naturels de notre <a href=\"http:\/\/youngcaregiversconnect.ca\/fr\/rejoignez-notre-groupe-de-soutien-par-les-pairs\/\" target=\"_blank\" rel=\"noreferrer noopener\">groupe de soutien par les pairs en ligne<\/a> <em>(en anglais seulement) <\/em>ou prends part aux conversations sur notre <a href=\"http:\/\/youngcaregiversconnect.ca\/fr\/forums\/\" target=\"_blank\" rel=\"noreferrer noopener\">forum en ligne<\/a>.<\/li><\/ul>\n\n\n\n<p>Tu ne sais pas par o\u00f9 commencer? Appelle notre <a href=\"https:\/\/ontariocaregiver.ca\/fr\/trouverdusoutien\/ligne-dassistance\/\" target=\"_blank\" rel=\"noreferrer noopener\">ligne d\u2019assistance disponible 24\u00a0heures sur 24 et 7\u00a0jours sur 7<\/a> ou \u00e9cris-nous via notre service de clavardage en direct pour trouver des ressources dans ta collectivit\u00e9.<\/p>\n\n\n\n<p>Sources&nbsp;:<\/p>\n\n\n\n<p><a href=\"https:\/\/www.verywellmind.com\/what-is-comorbidity-3024480\" target=\"_blank\" rel=\"noreferrer noopener\">https:\/\/www.verywellmind.com\/what-is-comorbidity-3024480<\/a><\/p>\n\n\n\n<p><a href=\"https:\/\/www.nationalelfservice.net\/other-health-conditions\/comorbidity\/\" target=\"_blank\" rel=\"noreferrer noopener\">https:\/\/www.nationalelfservice.net\/other-health-conditions\/comorbidity\/<\/a><\/p>\n\n\n\n<p><a href=\"https:\/\/www.ncbi.nlm.nih.gov\/pmc\/articles\/PMC4406996\/\">https:\/\/www.ncbi.nlm.nih.gov\/pmc\/arti<\/a><a href=\"https:\/\/www.ncbi.nlm.nih.gov\/pmc\/articles\/PMC4406996\/\" target=\"_blank\" rel=\"noreferrer noopener\">c<\/a><a href=\"https:\/\/www.ncbi.nlm.nih.gov\/pmc\/articles\/PMC4406996\/\">les\/PMC4406996\/<\/a><\/p>\n","protected":false},"excerpt":{"rendered":"<p>Je m\u2019occupe d\u2019une personne qui souffre de maladies coexistantes Beaucoup des personnes qui vivent avec une maladie physique ou mentale peuvent souffrir de multiples probl\u00e8mes de sant\u00e9 en m\u00eame temps. C\u2019est ce qu\u2019on appelle les maladies coexistantes ou concomitantes. Il pourrait s\u2019agir de probl\u00e8mes de sant\u00e9 physique, comme le diab\u00e8te et la maladie cardiaque, ou [&hellip;]<\/p>\n","protected":false},"author":28,"featured_media":1640,"parent":0,"menu_order":0,"comment_status":"closed","ping_status":"closed","template":"page-intro.php","meta":{"_acf_changed":false,"_bbp_topic_count":0,"_bbp_reply_count":0,"_bbp_total_topic_count":0,"_bbp_total_reply_count":0,"_bbp_voice_count":0,"_bbp_anonymous_reply_count":0,"_bbp_topic_count_hidden":0,"_bbp_reply_count_hidden":0,"_bbp_forum_subforum_count":0,"inline_featured_image":false,"footnotes":""},"class_list":["post-1677","page","type-page","status-publish","has-post-thumbnail","hentry"],"acf":[],"yoast_head":"<!-- This site is optimized with the Yoast SEO plugin v27.4 - https:\/\/yoast.com\/product\/yoast-seo-wordpress\/ -->\n<title>Maladies coexistantes - Young Caregivers Connect<\/title>\n<meta name=\"robots\" content=\"index, follow, max-snippet:-1, max-image-preview:large, max-video-preview:-1\" \/>\n<link rel=\"canonical\" href=\"https:\/\/youngcaregiversconnect.ca\/fr\/maladies-coexistantes\/\" \/>\n<meta property=\"og:locale\" content=\"fr_FR\" \/>\n<meta property=\"og:type\" content=\"article\" \/>\n<meta property=\"og:title\" content=\"Maladies coexistantes - Young Caregivers Connect\" \/>\n<meta property=\"og:description\" content=\"Je m\u2019occupe d\u2019une personne qui souffre de maladies coexistantes Beaucoup des personnes qui vivent avec une maladie physique ou mentale peuvent souffrir de multiples probl\u00e8mes de sant\u00e9 en m\u00eame temps. C\u2019est ce qu\u2019on appelle les maladies coexistantes ou concomitantes. Il pourrait s\u2019agir de probl\u00e8mes de sant\u00e9 physique, comme le diab\u00e8te et la maladie cardiaque, ou [&hellip;]\" \/>\n<meta property=\"og:url\" content=\"https:\/\/youngcaregiversconnect.ca\/fr\/maladies-coexistantes\/\" \/>\n<meta property=\"og:site_name\" content=\"Young Caregivers Connect\" \/>\n<meta property=\"og:image\" content=\"http:\/\/youngcaregiversconnect.ca\/wp-content\/uploads\/2021\/12\/iStock-1162624132.jpg\" \/>\n\t<meta property=\"og:image:width\" content=\"2121\" \/>\n\t<meta property=\"og:image:height\" content=\"1414\" \/>\n\t<meta property=\"og:image:type\" content=\"image\/jpeg\" \/>\n<meta name=\"twitter:card\" content=\"summary_large_image\" \/>\n<meta name=\"twitter:label1\" content=\"Est. reading time\" \/>\n\t<meta name=\"twitter:data1\" content=\"2 minutes\" \/>\n<script type=\"application\/ld+json\" class=\"yoast-schema-graph\">{\"@context\":\"https:\\\/\\\/schema.org\",\"@graph\":[{\"@type\":\"WebPage\",\"@id\":\"https:\\\/\\\/youngcaregiversconnect.ca\\\/fr\\\/maladies-coexistantes\\\/\",\"url\":\"https:\\\/\\\/youngcaregiversconnect.ca\\\/fr\\\/maladies-coexistantes\\\/\",\"name\":\"Maladies coexistantes - Young Caregivers Connect\",\"isPartOf\":{\"@id\":\"http:\\\/\\\/youngcaregiversconnect.ca\\\/fr\\\/#website\"},\"primaryImageOfPage\":{\"@id\":\"https:\\\/\\\/youngcaregiversconnect.ca\\\/fr\\\/maladies-coexistantes\\\/#primaryimage\"},\"image\":{\"@id\":\"https:\\\/\\\/youngcaregiversconnect.ca\\\/fr\\\/maladies-coexistantes\\\/#primaryimage\"},\"thumbnailUrl\":\"https:\\\/\\\/youngcaregiversconnect.ca\\\/wp-content\\\/uploads\\\/2021\\\/12\\\/iStock-1162624132.jpg\",\"datePublished\":\"2021-12-10T22:20:59+00:00\",\"breadcrumb\":{\"@id\":\"https:\\\/\\\/youngcaregiversconnect.ca\\\/fr\\\/maladies-coexistantes\\\/#breadcrumb\"},\"inLanguage\":\"fr-FR\",\"potentialAction\":[{\"@type\":\"ReadAction\",\"target\":[\"https:\\\/\\\/youngcaregiversconnect.ca\\\/fr\\\/maladies-coexistantes\\\/\"]}]},{\"@type\":\"ImageObject\",\"inLanguage\":\"fr-FR\",\"@id\":\"https:\\\/\\\/youngcaregiversconnect.ca\\\/fr\\\/maladies-coexistantes\\\/#primaryimage\",\"url\":\"https:\\\/\\\/youngcaregiversconnect.ca\\\/wp-content\\\/uploads\\\/2021\\\/12\\\/iStock-1162624132.jpg\",\"contentUrl\":\"https:\\\/\\\/youngcaregiversconnect.ca\\\/wp-content\\\/uploads\\\/2021\\\/12\\\/iStock-1162624132.jpg\",\"width\":2121,\"height\":1414,\"caption\":\"Sick young african woman feeling cold covered with blanket sit on sofa, ill black girl shivering freezing warming at home wrapped with plaid, no central heating problem, fever temperature flu concept\"},{\"@type\":\"BreadcrumbList\",\"@id\":\"https:\\\/\\\/youngcaregiversconnect.ca\\\/fr\\\/maladies-coexistantes\\\/#breadcrumb\",\"itemListElement\":[{\"@type\":\"ListItem\",\"position\":1,\"name\":\"Accueil\",\"item\":\"https:\\\/\\\/youngcaregiversconnect.ca\\\/fr\\\/\"},{\"@type\":\"ListItem\",\"position\":2,\"name\":\"Maladies coexistantes\"}]},{\"@type\":\"WebSite\",\"@id\":\"http:\\\/\\\/youngcaregiversconnect.ca\\\/fr\\\/#website\",\"url\":\"http:\\\/\\\/youngcaregiversconnect.ca\\\/fr\\\/\",\"name\":\"Young Caregivers Connect\",\"description\":\"Just another WordPress site\",\"potentialAction\":[{\"@type\":\"SearchAction\",\"target\":{\"@type\":\"EntryPoint\",\"urlTemplate\":\"http:\\\/\\\/youngcaregiversconnect.ca\\\/fr\\\/?s={search_term_string}\"},\"query-input\":{\"@type\":\"PropertyValueSpecification\",\"valueRequired\":true,\"valueName\":\"search_term_string\"}}],\"inLanguage\":\"fr-FR\"}]}<\/script>\n<!-- \/ Yoast SEO plugin. -->","yoast_head_json":{"title":"Maladies coexistantes - Young Caregivers Connect","robots":{"index":"index","follow":"follow","max-snippet":"max-snippet:-1","max-image-preview":"max-image-preview:large","max-video-preview":"max-video-preview:-1"},"canonical":"https:\/\/youngcaregiversconnect.ca\/fr\/maladies-coexistantes\/","og_locale":"fr_FR","og_type":"article","og_title":"Maladies coexistantes - Young Caregivers Connect","og_description":"Je m\u2019occupe d\u2019une personne qui souffre de maladies coexistantes Beaucoup des personnes qui vivent avec une maladie physique ou mentale peuvent souffrir de multiples probl\u00e8mes de sant\u00e9 en m\u00eame temps. C\u2019est ce qu\u2019on appelle les maladies coexistantes ou concomitantes. Il pourrait s\u2019agir de probl\u00e8mes de sant\u00e9 physique, comme le diab\u00e8te et la maladie cardiaque, ou [&hellip;]","og_url":"https:\/\/youngcaregiversconnect.ca\/fr\/maladies-coexistantes\/","og_site_name":"Young Caregivers Connect","og_image":[{"width":2121,"height":1414,"url":"http:\/\/youngcaregiversconnect.ca\/wp-content\/uploads\/2021\/12\/iStock-1162624132.jpg","type":"image\/jpeg"}],"twitter_card":"summary_large_image","twitter_misc":{"Est. reading time":"2 minutes"},"schema":{"@context":"https:\/\/schema.org","@graph":[{"@type":"WebPage","@id":"https:\/\/youngcaregiversconnect.ca\/fr\/maladies-coexistantes\/","url":"https:\/\/youngcaregiversconnect.ca\/fr\/maladies-coexistantes\/","name":"Maladies coexistantes - Young Caregivers Connect","isPartOf":{"@id":"http:\/\/youngcaregiversconnect.ca\/fr\/#website"},"primaryImageOfPage":{"@id":"https:\/\/youngcaregiversconnect.ca\/fr\/maladies-coexistantes\/#primaryimage"},"image":{"@id":"https:\/\/youngcaregiversconnect.ca\/fr\/maladies-coexistantes\/#primaryimage"},"thumbnailUrl":"https:\/\/youngcaregiversconnect.ca\/wp-content\/uploads\/2021\/12\/iStock-1162624132.jpg","datePublished":"2021-12-10T22:20:59+00:00","breadcrumb":{"@id":"https:\/\/youngcaregiversconnect.ca\/fr\/maladies-coexistantes\/#breadcrumb"},"inLanguage":"fr-FR","potentialAction":[{"@type":"ReadAction","target":["https:\/\/youngcaregiversconnect.ca\/fr\/maladies-coexistantes\/"]}]},{"@type":"ImageObject","inLanguage":"fr-FR","@id":"https:\/\/youngcaregiversconnect.ca\/fr\/maladies-coexistantes\/#primaryimage","url":"https:\/\/youngcaregiversconnect.ca\/wp-content\/uploads\/2021\/12\/iStock-1162624132.jpg","contentUrl":"https:\/\/youngcaregiversconnect.ca\/wp-content\/uploads\/2021\/12\/iStock-1162624132.jpg","width":2121,"height":1414,"caption":"Sick young african woman feeling cold covered with blanket sit on sofa, ill black girl shivering freezing warming at home wrapped with plaid, no central heating problem, fever temperature flu concept"},{"@type":"BreadcrumbList","@id":"https:\/\/youngcaregiversconnect.ca\/fr\/maladies-coexistantes\/#breadcrumb","itemListElement":[{"@type":"ListItem","position":1,"name":"Accueil","item":"https:\/\/youngcaregiversconnect.ca\/fr\/"},{"@type":"ListItem","position":2,"name":"Maladies coexistantes"}]},{"@type":"WebSite","@id":"http:\/\/youngcaregiversconnect.ca\/fr\/#website","url":"http:\/\/youngcaregiversconnect.ca\/fr\/","name":"Young Caregivers Connect","description":"Just another WordPress site","potentialAction":[{"@type":"SearchAction","target":{"@type":"EntryPoint","urlTemplate":"http:\/\/youngcaregiversconnect.ca\/fr\/?s={search_term_string}"},"query-input":{"@type":"PropertyValueSpecification","valueRequired":true,"valueName":"search_term_string"}}],"inLanguage":"fr-FR"}]}},"_links":{"self":[{"href":"https:\/\/youngcaregiversconnect.ca\/fr\/wp-json\/wp\/v2\/pages\/1677","targetHints":{"allow":["GET"]}}],"collection":[{"href":"https:\/\/youngcaregiversconnect.ca\/fr\/wp-json\/wp\/v2\/pages"}],"about":[{"href":"https:\/\/youngcaregiversconnect.ca\/fr\/wp-json\/wp\/v2\/types\/page"}],"author":[{"embeddable":true,"href":"https:\/\/youngcaregiversconnect.ca\/fr\/wp-json\/wp\/v2\/users\/28"}],"replies":[{"embeddable":true,"href":"https:\/\/youngcaregiversconnect.ca\/fr\/wp-json\/wp\/v2\/comments?post=1677"}],"version-history":[{"count":2,"href":"https:\/\/youngcaregiversconnect.ca\/fr\/wp-json\/wp\/v2\/pages\/1677\/revisions"}],"predecessor-version":[{"id":1684,"href":"https:\/\/youngcaregiversconnect.ca\/fr\/wp-json\/wp\/v2\/pages\/1677\/revisions\/1684"}],"wp:featuredmedia":[{"embeddable":true,"href":"https:\/\/youngcaregiversconnect.ca\/fr\/wp-json\/wp\/v2\/media\/1640"}],"wp:attachment":[{"href":"https:\/\/youngcaregiversconnect.ca\/fr\/wp-json\/wp\/v2\/media?parent=1677"}],"curies":[{"name":"wp","href":"https:\/\/api.w.org\/{rel}","templated":true}]}}