{"id":183047,"date":"2023-07-21T11:49:27","date_gmt":"2023-07-21T15:49:27","guid":{"rendered":"https:\/\/youngcaregiversconnect.ca\/join-the-11-peer-support-program\/"},"modified":"2023-07-28T09:51:19","modified_gmt":"2023-07-28T13:51:19","slug":"join-the-11-peer-support-program","status":"publish","type":"page","link":"https:\/\/youngcaregiversconnect.ca\/fr\/join-the-11-peer-support-program\/","title":{"rendered":"\u00c0 propos du soutien par les pairs"},"content":{"rendered":"\n<h1 class=\"wp-block-heading\">Parfois, on a juste besoin d\u2019entendre une voix aimable.<\/h1>\n\n\n\n<p>En tant qu\u2019aidants naturels, nous comprenons que ce parcours est rempli de hauts et de bas. Nous comprenons que ce parcours est \u00e0 la fois gratifiant et \u00e9prouvant. Il est souvent difficile de trouver l\u2019\u00e9quilibre et le soutien n\u00e9cessaire pour \u00eatre aidant naturel et avoir le temps pour tous les rendez-vous m\u00e9dicaux, le travail et les engagements familiaux. C\u2019est pr\u00e9cis\u00e9ment pour cette raison que l\u2019Organisme de soutien aux aidants naturels de l\u2019Ontario a cr\u00e9\u00e9 le Programme individuel de soutien par les pairs.<\/p>\n\n\n\n<p>Pour plus de d\u00e9tails sur le fonctionnement du programme, veuillez consulter notre\u00a0<a href=\"https:\/\/ontariocaregiver.ca\/peersupport\/fr\/faq\/\" target=\"_blank\" rel=\"noreferrer noopener\">Foire aux questions<\/a>.<\/p>\n\n\n<p><a class=\"pile-btn\" href=\"https:\/\/ontariocaregiver.ca\/peersupport\/fr\/inscrivez-vous\/\" target=\"_blank\" rel=\"noopener noreferrer\">Inscrivez-vous aujourd&#8217;hui<\/a><\/p>\n\n\n<p><\/p>\n\n\n\n<p><\/p>\n","protected":false},"excerpt":{"rendered":"<p>Parfois, on a juste besoin d\u2019entendre une voix aimable. En tant qu\u2019aidants naturels, nous comprenons que ce parcours est rempli de hauts et de bas. Nous comprenons que ce parcours est \u00e0 la fois gratifiant et \u00e9prouvant. Il est souvent difficile de trouver l\u2019\u00e9quilibre et le soutien n\u00e9cessaire pour \u00eatre aidant naturel et avoir le [&hellip;]<\/p>\n","protected":false},"author":16774,"featured_media":578,"parent":0,"menu_order":0,"comment_status":"closed","ping_status":"closed","template":"page-intro.php","meta":{"_acf_changed":false,"_bbp_topic_count":0,"_bbp_reply_count":0,"_bbp_total_topic_count":0,"_bbp_total_reply_count":0,"_bbp_voice_count":0,"_bbp_anonymous_reply_count":0,"_bbp_topic_count_hidden":0,"_bbp_reply_count_hidden":0,"_bbp_forum_subforum_count":0,"inline_featured_image":false,"footnotes":""},"class_list":["post-183047","page","type-page","status-publish","has-post-thumbnail","hentry"],"acf":[],"yoast_head":"<!-- This site is optimized with the Yoast SEO plugin v27.4 - https:\/\/yoast.com\/product\/yoast-seo-wordpress\/ -->\n<title>\u00c0 propos du soutien par les pairs - Young Caregivers Connect<\/title>\n<meta name=\"robots\" content=\"index, follow, max-snippet:-1, max-image-preview:large, max-video-preview:-1\" \/>\n<link rel=\"canonical\" href=\"https:\/\/youngcaregiversconnect.ca\/fr\/join-the-11-peer-support-program\/\" \/>\n<meta property=\"og:locale\" content=\"fr_FR\" \/>\n<meta property=\"og:type\" content=\"article\" \/>\n<meta property=\"og:title\" content=\"\u00c0 propos du soutien par les pairs - Young Caregivers Connect\" \/>\n<meta property=\"og:description\" content=\"Parfois, on a juste besoin d\u2019entendre une voix aimable. En tant qu\u2019aidants naturels, nous comprenons que ce parcours est rempli de hauts et de bas. Nous comprenons que ce parcours est \u00e0 la fois gratifiant et \u00e9prouvant. Il est souvent difficile de trouver l\u2019\u00e9quilibre et le soutien n\u00e9cessaire pour \u00eatre aidant naturel et avoir le [&hellip;]\" \/>\n<meta property=\"og:url\" content=\"https:\/\/youngcaregiversconnect.ca\/fr\/join-the-11-peer-support-program\/\" \/>\n<meta property=\"og:site_name\" content=\"Young Caregivers Connect\" \/>\n<meta property=\"article:modified_time\" content=\"2023-07-28T13:51:19+00:00\" \/>\n<meta property=\"og:image\" content=\"https:\/\/youngcaregiversconnect.ca\/wp-content\/uploads\/2021\/01\/Live-Chat.jpg\" \/>\n\t<meta property=\"og:image:width\" content=\"1600\" \/>\n\t<meta property=\"og:image:height\" content=\"1067\" \/>\n\t<meta property=\"og:image:type\" content=\"image\/jpeg\" \/>\n<meta name=\"twitter:card\" content=\"summary_large_image\" \/>\n<meta name=\"twitter:label1\" content=\"Est. reading time\" \/>\n\t<meta name=\"twitter:data1\" content=\"1 minute\" \/>\n<script type=\"application\/ld+json\" class=\"yoast-schema-graph\">{\"@context\":\"https:\\\/\\\/schema.org\",\"@graph\":[{\"@type\":\"WebPage\",\"@id\":\"https:\\\/\\\/youngcaregiversconnect.ca\\\/fr\\\/join-the-11-peer-support-program\\\/\",\"url\":\"https:\\\/\\\/youngcaregiversconnect.ca\\\/fr\\\/join-the-11-peer-support-program\\\/\",\"name\":\"\u00c0 propos du soutien par les pairs - Young Caregivers Connect\",\"isPartOf\":{\"@id\":\"http:\\\/\\\/youngcaregiversconnect.ca\\\/fr\\\/#website\"},\"primaryImageOfPage\":{\"@id\":\"https:\\\/\\\/youngcaregiversconnect.ca\\\/fr\\\/join-the-11-peer-support-program\\\/#primaryimage\"},\"image\":{\"@id\":\"https:\\\/\\\/youngcaregiversconnect.ca\\\/fr\\\/join-the-11-peer-support-program\\\/#primaryimage\"},\"thumbnailUrl\":\"https:\\\/\\\/youngcaregiversconnect.ca\\\/wp-content\\\/uploads\\\/2021\\\/01\\\/Live-Chat.jpg\",\"datePublished\":\"2023-07-21T15:49:27+00:00\",\"dateModified\":\"2023-07-28T13:51:19+00:00\",\"breadcrumb\":{\"@id\":\"https:\\\/\\\/youngcaregiversconnect.ca\\\/fr\\\/join-the-11-peer-support-program\\\/#breadcrumb\"},\"inLanguage\":\"fr-FR\",\"potentialAction\":[{\"@type\":\"ReadAction\",\"target\":[\"https:\\\/\\\/youngcaregiversconnect.ca\\\/fr\\\/join-the-11-peer-support-program\\\/\"]}]},{\"@type\":\"ImageObject\",\"inLanguage\":\"fr-FR\",\"@id\":\"https:\\\/\\\/youngcaregiversconnect.ca\\\/fr\\\/join-the-11-peer-support-program\\\/#primaryimage\",\"url\":\"https:\\\/\\\/youngcaregiversconnect.ca\\\/wp-content\\\/uploads\\\/2021\\\/01\\\/Live-Chat.jpg\",\"contentUrl\":\"https:\\\/\\\/youngcaregiversconnect.ca\\\/wp-content\\\/uploads\\\/2021\\\/01\\\/Live-Chat.jpg\",\"width\":1600,\"height\":1067,\"caption\":\"Close-up of an unrecognizable woman using smart phone\"},{\"@type\":\"BreadcrumbList\",\"@id\":\"https:\\\/\\\/youngcaregiversconnect.ca\\\/fr\\\/join-the-11-peer-support-program\\\/#breadcrumb\",\"itemListElement\":[{\"@type\":\"ListItem\",\"position\":1,\"name\":\"Accueil\",\"item\":\"https:\\\/\\\/youngcaregiversconnect.ca\\\/fr\\\/\"},{\"@type\":\"ListItem\",\"position\":2,\"name\":\"\u00c0 propos du soutien par les pairs\"}]},{\"@type\":\"WebSite\",\"@id\":\"http:\\\/\\\/youngcaregiversconnect.ca\\\/fr\\\/#website\",\"url\":\"http:\\\/\\\/youngcaregiversconnect.ca\\\/fr\\\/\",\"name\":\"Young Caregivers Connect\",\"description\":\"Just another WordPress site\",\"potentialAction\":[{\"@type\":\"SearchAction\",\"target\":{\"@type\":\"EntryPoint\",\"urlTemplate\":\"http:\\\/\\\/youngcaregiversconnect.ca\\\/fr\\\/?s={search_term_string}\"},\"query-input\":{\"@type\":\"PropertyValueSpecification\",\"valueRequired\":true,\"valueName\":\"search_term_string\"}}],\"inLanguage\":\"fr-FR\"}]}<\/script>\n<!-- \/ Yoast SEO plugin. -->","yoast_head_json":{"title":"\u00c0 propos du soutien par les pairs - Young Caregivers Connect","robots":{"index":"index","follow":"follow","max-snippet":"max-snippet:-1","max-image-preview":"max-image-preview:large","max-video-preview":"max-video-preview:-1"},"canonical":"https:\/\/youngcaregiversconnect.ca\/fr\/join-the-11-peer-support-program\/","og_locale":"fr_FR","og_type":"article","og_title":"\u00c0 propos du soutien par les pairs - Young Caregivers Connect","og_description":"Parfois, on a juste besoin d\u2019entendre une voix aimable. En tant qu\u2019aidants naturels, nous comprenons que ce parcours est rempli de hauts et de bas. Nous comprenons que ce parcours est \u00e0 la fois gratifiant et \u00e9prouvant. Il est souvent difficile de trouver l\u2019\u00e9quilibre et le soutien n\u00e9cessaire pour \u00eatre aidant naturel et avoir le [&hellip;]","og_url":"https:\/\/youngcaregiversconnect.ca\/fr\/join-the-11-peer-support-program\/","og_site_name":"Young Caregivers Connect","article_modified_time":"2023-07-28T13:51:19+00:00","og_image":[{"width":1600,"height":1067,"url":"https:\/\/youngcaregiversconnect.ca\/wp-content\/uploads\/2021\/01\/Live-Chat.jpg","type":"image\/jpeg"}],"twitter_card":"summary_large_image","twitter_misc":{"Est. reading time":"1 minute"},"schema":{"@context":"https:\/\/schema.org","@graph":[{"@type":"WebPage","@id":"https:\/\/youngcaregiversconnect.ca\/fr\/join-the-11-peer-support-program\/","url":"https:\/\/youngcaregiversconnect.ca\/fr\/join-the-11-peer-support-program\/","name":"\u00c0 propos du soutien par les pairs - Young Caregivers Connect","isPartOf":{"@id":"http:\/\/youngcaregiversconnect.ca\/fr\/#website"},"primaryImageOfPage":{"@id":"https:\/\/youngcaregiversconnect.ca\/fr\/join-the-11-peer-support-program\/#primaryimage"},"image":{"@id":"https:\/\/youngcaregiversconnect.ca\/fr\/join-the-11-peer-support-program\/#primaryimage"},"thumbnailUrl":"https:\/\/youngcaregiversconnect.ca\/wp-content\/uploads\/2021\/01\/Live-Chat.jpg","datePublished":"2023-07-21T15:49:27+00:00","dateModified":"2023-07-28T13:51:19+00:00","breadcrumb":{"@id":"https:\/\/youngcaregiversconnect.ca\/fr\/join-the-11-peer-support-program\/#breadcrumb"},"inLanguage":"fr-FR","potentialAction":[{"@type":"ReadAction","target":["https:\/\/youngcaregiversconnect.ca\/fr\/join-the-11-peer-support-program\/"]}]},{"@type":"ImageObject","inLanguage":"fr-FR","@id":"https:\/\/youngcaregiversconnect.ca\/fr\/join-the-11-peer-support-program\/#primaryimage","url":"https:\/\/youngcaregiversconnect.ca\/wp-content\/uploads\/2021\/01\/Live-Chat.jpg","contentUrl":"https:\/\/youngcaregiversconnect.ca\/wp-content\/uploads\/2021\/01\/Live-Chat.jpg","width":1600,"height":1067,"caption":"Close-up of an unrecognizable woman using smart phone"},{"@type":"BreadcrumbList","@id":"https:\/\/youngcaregiversconnect.ca\/fr\/join-the-11-peer-support-program\/#breadcrumb","itemListElement":[{"@type":"ListItem","position":1,"name":"Accueil","item":"https:\/\/youngcaregiversconnect.ca\/fr\/"},{"@type":"ListItem","position":2,"name":"\u00c0 propos du soutien par les pairs"}]},{"@type":"WebSite","@id":"http:\/\/youngcaregiversconnect.ca\/fr\/#website","url":"http:\/\/youngcaregiversconnect.ca\/fr\/","name":"Young Caregivers Connect","description":"Just another WordPress site","potentialAction":[{"@type":"SearchAction","target":{"@type":"EntryPoint","urlTemplate":"http:\/\/youngcaregiversconnect.ca\/fr\/?s={search_term_string}"},"query-input":{"@type":"PropertyValueSpecification","valueRequired":true,"valueName":"search_term_string"}}],"inLanguage":"fr-FR"}]}},"_links":{"self":[{"href":"https:\/\/youngcaregiversconnect.ca\/fr\/wp-json\/wp\/v2\/pages\/183047","targetHints":{"allow":["GET"]}}],"collection":[{"href":"https:\/\/youngcaregiversconnect.ca\/fr\/wp-json\/wp\/v2\/pages"}],"about":[{"href":"https:\/\/youngcaregiversconnect.ca\/fr\/wp-json\/wp\/v2\/types\/page"}],"author":[{"embeddable":true,"href":"https:\/\/youngcaregiversconnect.ca\/fr\/wp-json\/wp\/v2\/users\/16774"}],"replies":[{"embeddable":true,"href":"https:\/\/youngcaregiversconnect.ca\/fr\/wp-json\/wp\/v2\/comments?post=183047"}],"version-history":[{"count":3,"href":"https:\/\/youngcaregiversconnect.ca\/fr\/wp-json\/wp\/v2\/pages\/183047\/revisions"}],"predecessor-version":[{"id":183051,"href":"https:\/\/youngcaregiversconnect.ca\/fr\/wp-json\/wp\/v2\/pages\/183047\/revisions\/183051"}],"wp:featuredmedia":[{"embeddable":true,"href":"https:\/\/youngcaregiversconnect.ca\/fr\/wp-json\/wp\/v2\/media\/578"}],"wp:attachment":[{"href":"https:\/\/youngcaregiversconnect.ca\/fr\/wp-json\/wp\/v2\/media?parent=183047"}],"curies":[{"name":"wp","href":"https:\/\/api.w.org\/{rel}","templated":true}]}}