{"id":184725,"date":"2024-09-24T14:26:14","date_gmt":"2024-09-24T18:26:14","guid":{"rendered":"https:\/\/youngcaregiversconnect.ca\/?page_id=184725"},"modified":"2024-09-24T14:26:15","modified_gmt":"2024-09-24T18:26:15","slug":"programme-de-coaching-en-aidance-naturelle","status":"publish","type":"page","link":"https:\/\/youngcaregiversconnect.ca\/fr\/programme-de-coaching-en-aidance-naturelle\/","title":{"rendered":"Programme de coaching en aidance naturelle"},"content":{"rendered":"\n<p>Tout le monde peut avoir besoin de soutien suppl\u00e9mentaire de temps en temps.&nbsp;<\/p>\n\n\n\n<h4 class=\"wp-block-heading\"><strong>Le coaching t&#8217;offre un soutien personnalis\u00e9 adapt\u00e9 \u00e0 tes besoins.<\/strong>\u00a0<\/h4>\n\n\n\n<p>Le Programme de coaching en aidance naturelle \u00e9tablit une relation professionnelle et personnalis\u00e9e entre un coach et une personne aidante naturelle.\u00a0Nos coachs ont une exp\u00e9rience professionnelle dans le domaine de la sant\u00e9 ou des services sociaux, ainsi qu\u2019une exp\u00e9rience personnelle en tant que personne aidante.\u00a0<\/p>\n\n\n\n<p>Un coach en aidance naturelle peut t&#8217;aider \u00e0 relever divers d\u00e9fis, notamment:\u00a0<\/p>\n\n\n\n<ul class=\"wp-block-list\">\n<li>L\u2019\u00e9puisement\u00a0<\/li>\n\n\n\n<li>La conciliation entre votre r\u00f4le de personne aidante et vos autres responsabilit\u00e9s\u00a0<\/li>\n\n\n\n<li>Trouver du temps pour prendre soin de vous-m\u00eames\u00a0<\/li>\n\n\n\n<li>\u00c9tablir des limites\u00a0<\/li>\n\n\n\n<li>D\u00e9velopper des fa\u00e7ons de communiquer avec les prestataires de soins de sant\u00e9 et la famille\u00a0<\/li>\n\n\n\n<li>Faire face au deuil et \u00e0 la perte associ\u00e9s soit aux changements dans la vie ou en aidance naturelle, ou en fin de vie.\u00a0<\/li>\n\n\n\n<li>Pr\u00e9occupations financi\u00e8res\u00a0<\/li>\n\n\n\n<li>Planification des soins futurs<\/li>\n<\/ul>\n\n\n\n<h4 class=\"wp-block-heading\"><strong>D\u00e9terminez si tu es admissible<\/strong>\u00a0<\/h4>\n\n\n\n<p>Pour acc\u00e9der au Programme de coaching en tant que personne aidante, tu dois:\u00a0<\/p>\n\n\n\n<ul class=\"wp-block-list\">\n<li>Disposer d\u2019un acc\u00e8s t\u00e9l\u00e9phonique ou Internet\u00a0<\/li>\n\n\n\n<li>Rencontrer des difficult\u00e9s ou le sentiment d\u2019\u00eatre limit\u00e9 dans ton r\u00f4le de personne aidante, avoir du mal \u00e0 g\u00e9rer le stress ou le sentiment d\u2019\u00e9puisement\u00a0<\/li>\n\n\n\n<li>Faire preuve d\u2019une volont\u00e9 de participer au programme\u00a0<\/li>\n\n\n\n<li>Reconna\u00eetre que le programme ne remplace pas les services de counseling ou de psychoth\u00e9rapie.<\/li>\n<\/ul>\n\n\n\n<h4 class=\"wp-block-heading\"><strong>Comment participer<\/strong>&nbsp;<\/h4>\n\n\n\n<p>Jusqu\u2019\u00e0 six s\u00e9ances de coaching sont offertes par t\u00e9l\u00e9phone ou sur Zoom. Pour savoir si tu es admissible ou pour t&#8217;inscrire,\u00a0<a href=\"https:\/\/www.surveymonkey.com\/r\/https:\/\/www.surveymonkey.com\/r\/Programmedecoachingenaidancenaturelle\" target=\"_blank\" rel=\"noreferrer noopener\">veuillez remplir notre formulaire d\u2019autor\u00e9f\u00e9rence d\u00e8s maintenant<\/a>.<\/p>\n\n\n\n<p>Veuillez noter :&nbsp;<strong>Le Programme de coaching en aidance naturelle est un service limit\u00e9 bas\u00e9 sur l\u2019\u00e9ligibilit\u00e9.<\/strong>&nbsp;<\/p>\n\n\n\n<p><strong>Le coaching en aidance naturelle n\u2019est pas une th\u00e9rapie, un counseling ou un soutien entre les pairs.<\/strong>&nbsp;&nbsp;<\/p>\n\n\n\n<p><em>Les coachs utilisent leur exp\u00e9rience v\u00e9cue pour valider et t&#8217;aider \u00e0 surmonter tes d\u00e9fis actuels.<\/em>\u00a0<\/p>\n","protected":false},"excerpt":{"rendered":"<p>Tout le monde peut avoir besoin de soutien suppl\u00e9mentaire de temps en temps.&nbsp; Le coaching t&#8217;offre un soutien personnalis\u00e9 adapt\u00e9 \u00e0 tes besoins.\u00a0 Le Programme de coaching en aidance naturelle \u00e9tablit une relation professionnelle et personnalis\u00e9e entre un coach et une personne aidante naturelle.\u00a0Nos coachs ont une exp\u00e9rience professionnelle dans le domaine de la sant\u00e9 [&hellip;]<\/p>\n","protected":false},"author":28,"featured_media":184720,"parent":0,"menu_order":0,"comment_status":"closed","ping_status":"closed","template":"page-intro.php","meta":{"_acf_changed":false,"_bbp_topic_count":0,"_bbp_reply_count":0,"_bbp_total_topic_count":0,"_bbp_total_reply_count":0,"_bbp_voice_count":0,"_bbp_anonymous_reply_count":0,"_bbp_topic_count_hidden":0,"_bbp_reply_count_hidden":0,"_bbp_forum_subforum_count":0,"inline_featured_image":false,"footnotes":""},"class_list":["post-184725","page","type-page","status-publish","has-post-thumbnail","hentry"],"acf":[],"yoast_head":"<!-- This site is optimized with the Yoast SEO plugin v27.4 - https:\/\/yoast.com\/product\/yoast-seo-wordpress\/ -->\n<title>Programme de coaching en aidance naturelle - Young Caregivers Connect<\/title>\n<meta name=\"robots\" content=\"index, follow, max-snippet:-1, max-image-preview:large, max-video-preview:-1\" \/>\n<link rel=\"canonical\" href=\"https:\/\/youngcaregiversconnect.ca\/fr\/programme-de-coaching-en-aidance-naturelle\/\" \/>\n<meta property=\"og:locale\" content=\"fr_FR\" \/>\n<meta property=\"og:type\" content=\"article\" \/>\n<meta property=\"og:title\" content=\"Programme de coaching en aidance naturelle - Young Caregivers Connect\" \/>\n<meta property=\"og:description\" content=\"Tout le monde peut avoir besoin de soutien suppl\u00e9mentaire de temps en temps.&nbsp; Le coaching t&#8217;offre un soutien personnalis\u00e9 adapt\u00e9 \u00e0 tes besoins.\u00a0 Le Programme de coaching en aidance naturelle \u00e9tablit une relation professionnelle et personnalis\u00e9e entre un coach et une personne aidante naturelle.\u00a0Nos coachs ont une exp\u00e9rience professionnelle dans le domaine de la sant\u00e9 [&hellip;]\" \/>\n<meta property=\"og:url\" content=\"https:\/\/youngcaregiversconnect.ca\/fr\/programme-de-coaching-en-aidance-naturelle\/\" \/>\n<meta property=\"og:site_name\" content=\"Young Caregivers Connect\" \/>\n<meta property=\"article:modified_time\" content=\"2024-09-24T18:26:15+00:00\" \/>\n<meta property=\"og:image\" content=\"https:\/\/youngcaregiversconnect.ca\/wp-content\/uploads\/2024\/09\/iStock-1289202102.jpg\" \/>\n\t<meta property=\"og:image:width\" content=\"2063\" \/>\n\t<meta property=\"og:image:height\" content=\"1453\" \/>\n\t<meta property=\"og:image:type\" content=\"image\/jpeg\" \/>\n<meta name=\"twitter:card\" content=\"summary_large_image\" \/>\n<meta name=\"twitter:label1\" content=\"Est. reading time\" \/>\n\t<meta name=\"twitter:data1\" content=\"2 minutes\" \/>\n<script type=\"application\/ld+json\" class=\"yoast-schema-graph\">{\"@context\":\"https:\\\/\\\/schema.org\",\"@graph\":[{\"@type\":\"WebPage\",\"@id\":\"https:\\\/\\\/youngcaregiversconnect.ca\\\/fr\\\/programme-de-coaching-en-aidance-naturelle\\\/\",\"url\":\"https:\\\/\\\/youngcaregiversconnect.ca\\\/fr\\\/programme-de-coaching-en-aidance-naturelle\\\/\",\"name\":\"Programme de coaching en aidance naturelle - Young Caregivers Connect\",\"isPartOf\":{\"@id\":\"http:\\\/\\\/youngcaregiversconnect.ca\\\/fr\\\/#website\"},\"primaryImageOfPage\":{\"@id\":\"https:\\\/\\\/youngcaregiversconnect.ca\\\/fr\\\/programme-de-coaching-en-aidance-naturelle\\\/#primaryimage\"},\"image\":{\"@id\":\"https:\\\/\\\/youngcaregiversconnect.ca\\\/fr\\\/programme-de-coaching-en-aidance-naturelle\\\/#primaryimage\"},\"thumbnailUrl\":\"https:\\\/\\\/youngcaregiversconnect.ca\\\/wp-content\\\/uploads\\\/2024\\\/09\\\/iStock-1289202102.jpg\",\"datePublished\":\"2024-09-24T18:26:14+00:00\",\"dateModified\":\"2024-09-24T18:26:15+00:00\",\"breadcrumb\":{\"@id\":\"https:\\\/\\\/youngcaregiversconnect.ca\\\/fr\\\/programme-de-coaching-en-aidance-naturelle\\\/#breadcrumb\"},\"inLanguage\":\"fr-FR\",\"potentialAction\":[{\"@type\":\"ReadAction\",\"target\":[\"https:\\\/\\\/youngcaregiversconnect.ca\\\/fr\\\/programme-de-coaching-en-aidance-naturelle\\\/\"]}]},{\"@type\":\"ImageObject\",\"inLanguage\":\"fr-FR\",\"@id\":\"https:\\\/\\\/youngcaregiversconnect.ca\\\/fr\\\/programme-de-coaching-en-aidance-naturelle\\\/#primaryimage\",\"url\":\"https:\\\/\\\/youngcaregiversconnect.ca\\\/wp-content\\\/uploads\\\/2024\\\/09\\\/iStock-1289202102.jpg\",\"contentUrl\":\"https:\\\/\\\/youngcaregiversconnect.ca\\\/wp-content\\\/uploads\\\/2024\\\/09\\\/iStock-1289202102.jpg\",\"width\":2063,\"height\":1453,\"caption\":\"Mixed race teen school girl distant school or college student virtual remote e learning using mobile phone app and laptop in bedroom. Distance education classes, studying online at home concept.\"},{\"@type\":\"BreadcrumbList\",\"@id\":\"https:\\\/\\\/youngcaregiversconnect.ca\\\/fr\\\/programme-de-coaching-en-aidance-naturelle\\\/#breadcrumb\",\"itemListElement\":[{\"@type\":\"ListItem\",\"position\":1,\"name\":\"Accueil\",\"item\":\"https:\\\/\\\/youngcaregiversconnect.ca\\\/fr\\\/\"},{\"@type\":\"ListItem\",\"position\":2,\"name\":\"Programme de coaching en aidance naturelle\"}]},{\"@type\":\"WebSite\",\"@id\":\"http:\\\/\\\/youngcaregiversconnect.ca\\\/fr\\\/#website\",\"url\":\"http:\\\/\\\/youngcaregiversconnect.ca\\\/fr\\\/\",\"name\":\"Young Caregivers Connect\",\"description\":\"Just another WordPress site\",\"potentialAction\":[{\"@type\":\"SearchAction\",\"target\":{\"@type\":\"EntryPoint\",\"urlTemplate\":\"http:\\\/\\\/youngcaregiversconnect.ca\\\/fr\\\/?s={search_term_string}\"},\"query-input\":{\"@type\":\"PropertyValueSpecification\",\"valueRequired\":true,\"valueName\":\"search_term_string\"}}],\"inLanguage\":\"fr-FR\"}]}<\/script>\n<!-- \/ Yoast SEO plugin. -->","yoast_head_json":{"title":"Programme de coaching en aidance naturelle - Young Caregivers Connect","robots":{"index":"index","follow":"follow","max-snippet":"max-snippet:-1","max-image-preview":"max-image-preview:large","max-video-preview":"max-video-preview:-1"},"canonical":"https:\/\/youngcaregiversconnect.ca\/fr\/programme-de-coaching-en-aidance-naturelle\/","og_locale":"fr_FR","og_type":"article","og_title":"Programme de coaching en aidance naturelle - Young Caregivers Connect","og_description":"Tout le monde peut avoir besoin de soutien suppl\u00e9mentaire de temps en temps.&nbsp; Le coaching t&#8217;offre un soutien personnalis\u00e9 adapt\u00e9 \u00e0 tes besoins.\u00a0 Le Programme de coaching en aidance naturelle \u00e9tablit une relation professionnelle et personnalis\u00e9e entre un coach et une personne aidante naturelle.\u00a0Nos coachs ont une exp\u00e9rience professionnelle dans le domaine de la sant\u00e9 [&hellip;]","og_url":"https:\/\/youngcaregiversconnect.ca\/fr\/programme-de-coaching-en-aidance-naturelle\/","og_site_name":"Young Caregivers Connect","article_modified_time":"2024-09-24T18:26:15+00:00","og_image":[{"width":2063,"height":1453,"url":"https:\/\/youngcaregiversconnect.ca\/wp-content\/uploads\/2024\/09\/iStock-1289202102.jpg","type":"image\/jpeg"}],"twitter_card":"summary_large_image","twitter_misc":{"Est. reading time":"2 minutes"},"schema":{"@context":"https:\/\/schema.org","@graph":[{"@type":"WebPage","@id":"https:\/\/youngcaregiversconnect.ca\/fr\/programme-de-coaching-en-aidance-naturelle\/","url":"https:\/\/youngcaregiversconnect.ca\/fr\/programme-de-coaching-en-aidance-naturelle\/","name":"Programme de coaching en aidance naturelle - Young Caregivers Connect","isPartOf":{"@id":"http:\/\/youngcaregiversconnect.ca\/fr\/#website"},"primaryImageOfPage":{"@id":"https:\/\/youngcaregiversconnect.ca\/fr\/programme-de-coaching-en-aidance-naturelle\/#primaryimage"},"image":{"@id":"https:\/\/youngcaregiversconnect.ca\/fr\/programme-de-coaching-en-aidance-naturelle\/#primaryimage"},"thumbnailUrl":"https:\/\/youngcaregiversconnect.ca\/wp-content\/uploads\/2024\/09\/iStock-1289202102.jpg","datePublished":"2024-09-24T18:26:14+00:00","dateModified":"2024-09-24T18:26:15+00:00","breadcrumb":{"@id":"https:\/\/youngcaregiversconnect.ca\/fr\/programme-de-coaching-en-aidance-naturelle\/#breadcrumb"},"inLanguage":"fr-FR","potentialAction":[{"@type":"ReadAction","target":["https:\/\/youngcaregiversconnect.ca\/fr\/programme-de-coaching-en-aidance-naturelle\/"]}]},{"@type":"ImageObject","inLanguage":"fr-FR","@id":"https:\/\/youngcaregiversconnect.ca\/fr\/programme-de-coaching-en-aidance-naturelle\/#primaryimage","url":"https:\/\/youngcaregiversconnect.ca\/wp-content\/uploads\/2024\/09\/iStock-1289202102.jpg","contentUrl":"https:\/\/youngcaregiversconnect.ca\/wp-content\/uploads\/2024\/09\/iStock-1289202102.jpg","width":2063,"height":1453,"caption":"Mixed race teen school girl distant school or college student virtual remote e learning using mobile phone app and laptop in bedroom. Distance education classes, studying online at home concept."},{"@type":"BreadcrumbList","@id":"https:\/\/youngcaregiversconnect.ca\/fr\/programme-de-coaching-en-aidance-naturelle\/#breadcrumb","itemListElement":[{"@type":"ListItem","position":1,"name":"Accueil","item":"https:\/\/youngcaregiversconnect.ca\/fr\/"},{"@type":"ListItem","position":2,"name":"Programme de coaching en aidance naturelle"}]},{"@type":"WebSite","@id":"http:\/\/youngcaregiversconnect.ca\/fr\/#website","url":"http:\/\/youngcaregiversconnect.ca\/fr\/","name":"Young Caregivers Connect","description":"Just another WordPress site","potentialAction":[{"@type":"SearchAction","target":{"@type":"EntryPoint","urlTemplate":"http:\/\/youngcaregiversconnect.ca\/fr\/?s={search_term_string}"},"query-input":{"@type":"PropertyValueSpecification","valueRequired":true,"valueName":"search_term_string"}}],"inLanguage":"fr-FR"}]}},"_links":{"self":[{"href":"https:\/\/youngcaregiversconnect.ca\/fr\/wp-json\/wp\/v2\/pages\/184725","targetHints":{"allow":["GET"]}}],"collection":[{"href":"https:\/\/youngcaregiversconnect.ca\/fr\/wp-json\/wp\/v2\/pages"}],"about":[{"href":"https:\/\/youngcaregiversconnect.ca\/fr\/wp-json\/wp\/v2\/types\/page"}],"author":[{"embeddable":true,"href":"https:\/\/youngcaregiversconnect.ca\/fr\/wp-json\/wp\/v2\/users\/28"}],"replies":[{"embeddable":true,"href":"https:\/\/youngcaregiversconnect.ca\/fr\/wp-json\/wp\/v2\/comments?post=184725"}],"version-history":[{"count":1,"href":"https:\/\/youngcaregiversconnect.ca\/fr\/wp-json\/wp\/v2\/pages\/184725\/revisions"}],"predecessor-version":[{"id":184726,"href":"https:\/\/youngcaregiversconnect.ca\/fr\/wp-json\/wp\/v2\/pages\/184725\/revisions\/184726"}],"wp:featuredmedia":[{"embeddable":true,"href":"https:\/\/youngcaregiversconnect.ca\/fr\/wp-json\/wp\/v2\/media\/184720"}],"wp:attachment":[{"href":"https:\/\/youngcaregiversconnect.ca\/fr\/wp-json\/wp\/v2\/media?parent=184725"}],"curies":[{"name":"wp","href":"https:\/\/api.w.org\/{rel}","templated":true}]}}