{"id":318,"date":"2020-12-14T09:40:41","date_gmt":"2020-12-14T14:40:41","guid":{"rendered":"http:\/\/youngcaregiversconnect.ca\/24-7-support\/"},"modified":"2022-01-18T16:59:06","modified_gmt":"2022-01-18T21:59:06","slug":"assistance-24-h-24-7-j-7","status":"publish","type":"page","link":"https:\/\/youngcaregiversconnect.ca\/fr\/assistance-24-h-24-7-j-7\/","title":{"rendered":"Assistance 24 h\/24, 7 j\/7"},"content":{"rendered":"\n<h1 class=\"wp-block-heading\"><strong>Appelle notre ligne d\u2019assistance pour les personnes aidantes naturelles\u00a0: 1-833-416-2273 (CARE)<\/strong><\/h1>\n\n\n\n<p>Que tu sois un nouvel aidant naturel qui ne sait pas ce que l\u2019on attend de toi, ou que tu t\u2019occupes d\u2019un proche depuis un certain temps et que tu cherches des informations ou un soutien sp\u00e9cifiques, nous sommes l\u00e0 pour t\u2019aider.<\/p>\n\n\n\n<p>Des sp\u00e9cialistes des ressources communautaires form\u00e9s par des personnes aidantes naturelles r\u00e9pondent aux appels adress\u00e9s \u00e0 notre ligne d\u2019assistance. Ce service, qui offre une assistance 24&nbsp;h\/24, 7&nbsp;j\/7, est ton guichet unique pour obtenir de l\u2019information, des \u00e9valuations, du soutien et des renvois vers des services de rel\u00e8ve, de soutien financier aux aidants naturels ou autres.<\/p>\n\n\n\n<p><strong>Si tu souffres de stress, d\u2019anxi\u00e9t\u00e9, d\u2019\u00e9puisement ou de d\u00e9pression, ces ressources suppl\u00e9mentaires peuvent t\u2019\u00eatre utiles. Si tu es en situation de crise et que tu as besoin d\u2019une aide imm\u00e9diate, appelle le 911.&nbsp;<\/strong><\/p>\n\n\n<p><strong>Jeunesse, J\u2019\u00e9coute<\/strong><\/p>\n<p>Services de counseling, d\u2019informations et de r\u00e9f\u00e9rence gratuits, priv\u00e9s et confidentiels. Peu importe de quoi tu veux parler, ils sont l\u00e0 pour t\u2019\u00e9couter. <br><a href=\"http:\/\/jeunessejecoute.ca\" target=\"_blank\" rel=\"noopener noreferrer\">jeunessejecoute.ca<\/a><br><a href=\"tel:1-800-668-6868\" target=\"_blank\" rel=\"noopener noreferrer\">1-800-668-6868<\/a><br>Texto 686868<\/p>\n<p><strong>Allo J&#8217;\u00e8coute<br><\/strong>Counseling et soutien gratuits et confidentiels aux \u00e9tudiants de niveau postsecondaire en Ontario. <br><a href=\"http:\/\/allojecoute.ca\" target=\"_blank\" rel=\"noopener noreferrer\">allojecoute.ca<\/a><br><a href=\"tel:1-866-925-5454\" target=\"_blank\" rel=\"noopener noreferrer\">1-866-925-5454<\/a><br>Texto ALLOJECOUTEON au 686868<\/p>\n<p><strong>Connex Ontario <br><\/strong>Services d\u2019information gratuits et confidentiels sur la sant\u00e9 pour les gens qui \u00e9prouvent des troubles psychologiques ou des difficult\u00e9s avec l\u2019alcool et les drogues. <strong><br><\/strong><a href=\"http:\/\/connexontario.ca\/fr-ca\" target=\"_blank\" rel=\"noopener noreferrer\">connexontario.ca\/fr-ca<\/a><strong><br><\/strong><a href=\"tel:1-866-531-2600\" target=\"_blank\" rel=\"noopener noreferrer\">1-866-531-2600<\/a><\/p>","protected":false},"excerpt":{"rendered":"<p>Appelle notre ligne d\u2019assistance pour les personnes aidantes naturelles\u00a0: 1-833-416-2273 (CARE) Que tu sois un nouvel aidant naturel qui ne sait pas ce que l\u2019on attend de toi, ou que tu t\u2019occupes d\u2019un proche depuis un certain temps et que tu cherches des informations ou un soutien sp\u00e9cifiques, nous sommes l\u00e0 pour t\u2019aider. Des sp\u00e9cialistes [&hellip;]<\/p>\n","protected":false},"author":1,"featured_media":552,"parent":0,"menu_order":0,"comment_status":"closed","ping_status":"closed","template":"page-intro.php","meta":{"_acf_changed":false,"_bbp_topic_count":0,"_bbp_reply_count":0,"_bbp_total_topic_count":0,"_bbp_total_reply_count":0,"_bbp_voice_count":0,"_bbp_anonymous_reply_count":0,"_bbp_topic_count_hidden":0,"_bbp_reply_count_hidden":0,"_bbp_forum_subforum_count":0,"inline_featured_image":false,"footnotes":""},"class_list":["post-318","page","type-page","status-publish","has-post-thumbnail","hentry"],"acf":[],"yoast_head":"<!-- This site is optimized with the Yoast SEO plugin v27.4 - https:\/\/yoast.com\/product\/yoast-seo-wordpress\/ -->\n<title>Assistance 24 h\/24, 7 j\/7 - Young Caregivers Connect<\/title>\n<meta name=\"robots\" content=\"index, follow, max-snippet:-1, max-image-preview:large, max-video-preview:-1\" \/>\n<link rel=\"canonical\" href=\"https:\/\/youngcaregiversconnect.ca\/fr\/assistance-24-h-24-7-j-7\/\" \/>\n<meta property=\"og:locale\" content=\"fr_FR\" \/>\n<meta property=\"og:type\" content=\"article\" \/>\n<meta property=\"og:title\" content=\"Assistance 24 h\/24, 7 j\/7 - Young Caregivers Connect\" \/>\n<meta property=\"og:description\" content=\"Appelle notre ligne d\u2019assistance pour les personnes aidantes naturelles\u00a0: 1-833-416-2273 (CARE) Que tu sois un nouvel aidant naturel qui ne sait pas ce que l\u2019on attend de toi, ou que tu t\u2019occupes d\u2019un proche depuis un certain temps et que tu cherches des informations ou un soutien sp\u00e9cifiques, nous sommes l\u00e0 pour t\u2019aider. Des sp\u00e9cialistes [&hellip;]\" \/>\n<meta property=\"og:url\" content=\"https:\/\/youngcaregiversconnect.ca\/fr\/assistance-24-h-24-7-j-7\/\" \/>\n<meta property=\"og:site_name\" content=\"Young Caregivers Connect\" \/>\n<meta property=\"article:modified_time\" content=\"2022-01-18T21:59:06+00:00\" \/>\n<meta property=\"og:image\" content=\"https:\/\/youngcaregiversconnect.ca\/wp-content\/uploads\/2021\/01\/Helpline-scaled.jpg\" \/>\n\t<meta property=\"og:image:width\" content=\"2560\" \/>\n\t<meta property=\"og:image:height\" content=\"1707\" \/>\n\t<meta property=\"og:image:type\" content=\"image\/jpeg\" \/>\n<meta name=\"twitter:card\" content=\"summary_large_image\" \/>\n<meta name=\"twitter:label1\" content=\"Est. reading time\" \/>\n\t<meta name=\"twitter:data1\" content=\"1 minute\" \/>\n<script type=\"application\/ld+json\" class=\"yoast-schema-graph\">{\"@context\":\"https:\\\/\\\/schema.org\",\"@graph\":[{\"@type\":\"WebPage\",\"@id\":\"https:\\\/\\\/youngcaregiversconnect.ca\\\/fr\\\/assistance-24-h-24-7-j-7\\\/\",\"url\":\"https:\\\/\\\/youngcaregiversconnect.ca\\\/fr\\\/assistance-24-h-24-7-j-7\\\/\",\"name\":\"Assistance 24 h\\\/24, 7 j\\\/7 - Young Caregivers Connect\",\"isPartOf\":{\"@id\":\"http:\\\/\\\/youngcaregiversconnect.ca\\\/fr\\\/#website\"},\"primaryImageOfPage\":{\"@id\":\"https:\\\/\\\/youngcaregiversconnect.ca\\\/fr\\\/assistance-24-h-24-7-j-7\\\/#primaryimage\"},\"image\":{\"@id\":\"https:\\\/\\\/youngcaregiversconnect.ca\\\/fr\\\/assistance-24-h-24-7-j-7\\\/#primaryimage\"},\"thumbnailUrl\":\"https:\\\/\\\/youngcaregiversconnect.ca\\\/wp-content\\\/uploads\\\/2021\\\/01\\\/Helpline-scaled.jpg\",\"datePublished\":\"2020-12-14T14:40:41+00:00\",\"dateModified\":\"2022-01-18T21:59:06+00:00\",\"breadcrumb\":{\"@id\":\"https:\\\/\\\/youngcaregiversconnect.ca\\\/fr\\\/assistance-24-h-24-7-j-7\\\/#breadcrumb\"},\"inLanguage\":\"fr-FR\",\"potentialAction\":[{\"@type\":\"ReadAction\",\"target\":[\"https:\\\/\\\/youngcaregiversconnect.ca\\\/fr\\\/assistance-24-h-24-7-j-7\\\/\"]}]},{\"@type\":\"ImageObject\",\"inLanguage\":\"fr-FR\",\"@id\":\"https:\\\/\\\/youngcaregiversconnect.ca\\\/fr\\\/assistance-24-h-24-7-j-7\\\/#primaryimage\",\"url\":\"https:\\\/\\\/youngcaregiversconnect.ca\\\/wp-content\\\/uploads\\\/2021\\\/01\\\/Helpline-scaled.jpg\",\"contentUrl\":\"https:\\\/\\\/youngcaregiversconnect.ca\\\/wp-content\\\/uploads\\\/2021\\\/01\\\/Helpline-scaled.jpg\",\"width\":2560,\"height\":1707,\"caption\":\"Teenage Boy Relaxing in his Bedroom\"},{\"@type\":\"BreadcrumbList\",\"@id\":\"https:\\\/\\\/youngcaregiversconnect.ca\\\/fr\\\/assistance-24-h-24-7-j-7\\\/#breadcrumb\",\"itemListElement\":[{\"@type\":\"ListItem\",\"position\":1,\"name\":\"Accueil\",\"item\":\"https:\\\/\\\/youngcaregiversconnect.ca\\\/fr\\\/\"},{\"@type\":\"ListItem\",\"position\":2,\"name\":\"Assistance 24 h\\\/24, 7 j\\\/7\"}]},{\"@type\":\"WebSite\",\"@id\":\"http:\\\/\\\/youngcaregiversconnect.ca\\\/fr\\\/#website\",\"url\":\"http:\\\/\\\/youngcaregiversconnect.ca\\\/fr\\\/\",\"name\":\"Young Caregivers Connect\",\"description\":\"Just another WordPress site\",\"potentialAction\":[{\"@type\":\"SearchAction\",\"target\":{\"@type\":\"EntryPoint\",\"urlTemplate\":\"http:\\\/\\\/youngcaregiversconnect.ca\\\/fr\\\/?s={search_term_string}\"},\"query-input\":{\"@type\":\"PropertyValueSpecification\",\"valueRequired\":true,\"valueName\":\"search_term_string\"}}],\"inLanguage\":\"fr-FR\"}]}<\/script>\n<!-- \/ Yoast SEO plugin. -->","yoast_head_json":{"title":"Assistance 24 h\/24, 7 j\/7 - Young Caregivers Connect","robots":{"index":"index","follow":"follow","max-snippet":"max-snippet:-1","max-image-preview":"max-image-preview:large","max-video-preview":"max-video-preview:-1"},"canonical":"https:\/\/youngcaregiversconnect.ca\/fr\/assistance-24-h-24-7-j-7\/","og_locale":"fr_FR","og_type":"article","og_title":"Assistance 24 h\/24, 7 j\/7 - Young Caregivers Connect","og_description":"Appelle notre ligne d\u2019assistance pour les personnes aidantes naturelles\u00a0: 1-833-416-2273 (CARE) Que tu sois un nouvel aidant naturel qui ne sait pas ce que l\u2019on attend de toi, ou que tu t\u2019occupes d\u2019un proche depuis un certain temps et que tu cherches des informations ou un soutien sp\u00e9cifiques, nous sommes l\u00e0 pour t\u2019aider. Des sp\u00e9cialistes [&hellip;]","og_url":"https:\/\/youngcaregiversconnect.ca\/fr\/assistance-24-h-24-7-j-7\/","og_site_name":"Young Caregivers Connect","article_modified_time":"2022-01-18T21:59:06+00:00","og_image":[{"width":2560,"height":1707,"url":"https:\/\/youngcaregiversconnect.ca\/wp-content\/uploads\/2021\/01\/Helpline-scaled.jpg","type":"image\/jpeg"}],"twitter_card":"summary_large_image","twitter_misc":{"Est. reading time":"1 minute"},"schema":{"@context":"https:\/\/schema.org","@graph":[{"@type":"WebPage","@id":"https:\/\/youngcaregiversconnect.ca\/fr\/assistance-24-h-24-7-j-7\/","url":"https:\/\/youngcaregiversconnect.ca\/fr\/assistance-24-h-24-7-j-7\/","name":"Assistance 24 h\/24, 7 j\/7 - Young Caregivers Connect","isPartOf":{"@id":"http:\/\/youngcaregiversconnect.ca\/fr\/#website"},"primaryImageOfPage":{"@id":"https:\/\/youngcaregiversconnect.ca\/fr\/assistance-24-h-24-7-j-7\/#primaryimage"},"image":{"@id":"https:\/\/youngcaregiversconnect.ca\/fr\/assistance-24-h-24-7-j-7\/#primaryimage"},"thumbnailUrl":"https:\/\/youngcaregiversconnect.ca\/wp-content\/uploads\/2021\/01\/Helpline-scaled.jpg","datePublished":"2020-12-14T14:40:41+00:00","dateModified":"2022-01-18T21:59:06+00:00","breadcrumb":{"@id":"https:\/\/youngcaregiversconnect.ca\/fr\/assistance-24-h-24-7-j-7\/#breadcrumb"},"inLanguage":"fr-FR","potentialAction":[{"@type":"ReadAction","target":["https:\/\/youngcaregiversconnect.ca\/fr\/assistance-24-h-24-7-j-7\/"]}]},{"@type":"ImageObject","inLanguage":"fr-FR","@id":"https:\/\/youngcaregiversconnect.ca\/fr\/assistance-24-h-24-7-j-7\/#primaryimage","url":"https:\/\/youngcaregiversconnect.ca\/wp-content\/uploads\/2021\/01\/Helpline-scaled.jpg","contentUrl":"https:\/\/youngcaregiversconnect.ca\/wp-content\/uploads\/2021\/01\/Helpline-scaled.jpg","width":2560,"height":1707,"caption":"Teenage Boy Relaxing in his Bedroom"},{"@type":"BreadcrumbList","@id":"https:\/\/youngcaregiversconnect.ca\/fr\/assistance-24-h-24-7-j-7\/#breadcrumb","itemListElement":[{"@type":"ListItem","position":1,"name":"Accueil","item":"https:\/\/youngcaregiversconnect.ca\/fr\/"},{"@type":"ListItem","position":2,"name":"Assistance 24 h\/24, 7 j\/7"}]},{"@type":"WebSite","@id":"http:\/\/youngcaregiversconnect.ca\/fr\/#website","url":"http:\/\/youngcaregiversconnect.ca\/fr\/","name":"Young Caregivers Connect","description":"Just another WordPress site","potentialAction":[{"@type":"SearchAction","target":{"@type":"EntryPoint","urlTemplate":"http:\/\/youngcaregiversconnect.ca\/fr\/?s={search_term_string}"},"query-input":{"@type":"PropertyValueSpecification","valueRequired":true,"valueName":"search_term_string"}}],"inLanguage":"fr-FR"}]}},"_links":{"self":[{"href":"https:\/\/youngcaregiversconnect.ca\/fr\/wp-json\/wp\/v2\/pages\/318","targetHints":{"allow":["GET"]}}],"collection":[{"href":"https:\/\/youngcaregiversconnect.ca\/fr\/wp-json\/wp\/v2\/pages"}],"about":[{"href":"https:\/\/youngcaregiversconnect.ca\/fr\/wp-json\/wp\/v2\/types\/page"}],"author":[{"embeddable":true,"href":"https:\/\/youngcaregiversconnect.ca\/fr\/wp-json\/wp\/v2\/users\/1"}],"replies":[{"embeddable":true,"href":"https:\/\/youngcaregiversconnect.ca\/fr\/wp-json\/wp\/v2\/comments?post=318"}],"version-history":[{"count":12,"href":"https:\/\/youngcaregiversconnect.ca\/fr\/wp-json\/wp\/v2\/pages\/318\/revisions"}],"predecessor-version":[{"id":1738,"href":"https:\/\/youngcaregiversconnect.ca\/fr\/wp-json\/wp\/v2\/pages\/318\/revisions\/1738"}],"wp:featuredmedia":[{"embeddable":true,"href":"https:\/\/youngcaregiversconnect.ca\/fr\/wp-json\/wp\/v2\/media\/552"}],"wp:attachment":[{"href":"https:\/\/youngcaregiversconnect.ca\/fr\/wp-json\/wp\/v2\/media?parent=318"}],"curies":[{"name":"wp","href":"https:\/\/api.w.org\/{rel}","templated":true}]}}