{"id":384,"date":"2020-12-14T09:49:55","date_gmt":"2020-12-14T14:49:55","guid":{"rendered":"http:\/\/youngcaregiversconnect.ca\/am-i-a-caregiver\/"},"modified":"2021-04-05T15:12:17","modified_gmt":"2021-04-05T19:12:17","slug":"suis-je-un-aidant-naturel","status":"publish","type":"page","link":"https:\/\/youngcaregiversconnect.ca\/fr\/suis-je-un-aidant-naturel\/","title":{"rendered":"Suis-je un aidant naturel?"},"content":{"rendered":"\n<h1 class=\"wp-block-heading\"><strong>Tu n\u2019es pas seul. Il y a plus de 500&nbsp;000 jeunes aidants naturels en Ontario.<\/strong><\/h1>\n\n\n\n<p>Si tu passes une partie ou la totalit\u00e9 de ta journ\u00e9e \u00e0 prendre soin d\u2019une personne souffrant d\u2019une maladie chronique ou mortelle, d\u2019un handicap, d\u2019une d\u00e9pendance, de troubles psychologiques ou \u00e9prouvant une barri\u00e8re linguistique, tu es un aidant naturel.<\/p>\n\n\n\n<p>Que tu apportes un soutien \u00e9motionnel, des soins personnels, un soutien m\u00e9dical de base ou des soins pratiques tels que la cuisine, la garde d\u2019enfants ou la traduction, tu joues un r\u00f4le important dans la vie des personnes dont tu t\u2019occupes.<\/p>\n\n\n\n<p><strong>Tu es l\u00e0 pour eux. Nous sommes l\u00e0 pour toi.<\/strong><\/p>\n\n\n\n<p>Parfois, les responsabilit\u00e9s suppl\u00e9mentaires li\u00e9es \u00e0 la prestation de soins peuvent te faire sentir diff\u00e9rent ou isol\u00e9. Mais tu n\u2019es pas seul. Il y a plus de 500&nbsp;000 jeunes aidants naturels en Ontario et tu peux entrer en contact avec beaucoup d\u2019entre eux gr\u00e2ce \u00e0 ce site Web. Tu peux te joindre \u00e0 un <a href=\"http:\/\/youngcaregiversconnect.ca\/fr\/rejoignez-notre-groupe-de-soutien-par-les-pairs\/\"><strong>groupe de soutien par les pairs en ligne<\/strong><\/a> ou participer aux discussions dans le <a href=\"http:\/\/youngcaregiversconnect.ca\/fr\/forums\/http:\/\/youngcaregiversconnect.ca\/fr\/forums\/\"><strong>forum en ligne<\/strong><\/a>.<\/p>\n\n\n\n<p>Tu ne sais pas par o\u00f9 commencer? Appelle notre <a href=\"http:\/\/youngcaregiversconnect.ca\/fr\/24-7-support\/\"><strong>ligne d\u2019assistance 24&nbsp;h\/24, 7&nbsp;j\/7<\/strong><\/a> ou joins-toi \u00e0 notre <strong><a href=\"http:\/\/youngcaregiversconnect.ca\/fr\/live-chat\/\">clavardage en direct<\/a><\/strong> pour trouver des ressources dans ta communaut\u00e9.<\/p>\n","protected":false},"excerpt":{"rendered":"<p>Tu n\u2019es pas seul. Il y a plus de 500&nbsp;000 jeunes aidants naturels en Ontario. Si tu passes une partie ou la totalit\u00e9 de ta journ\u00e9e \u00e0 prendre soin d\u2019une personne souffrant d\u2019une maladie chronique ou mortelle, d\u2019un handicap, d\u2019une d\u00e9pendance, de troubles psychologiques ou \u00e9prouvant une barri\u00e8re linguistique, tu es un aidant naturel. Que [&hellip;]<\/p>\n","protected":false},"author":1,"featured_media":559,"parent":0,"menu_order":0,"comment_status":"closed","ping_status":"closed","template":"page-intro.php","meta":{"_acf_changed":false,"_bbp_topic_count":0,"_bbp_reply_count":0,"_bbp_total_topic_count":0,"_bbp_total_reply_count":0,"_bbp_voice_count":0,"_bbp_anonymous_reply_count":0,"_bbp_topic_count_hidden":0,"_bbp_reply_count_hidden":0,"_bbp_forum_subforum_count":0,"inline_featured_image":false,"footnotes":""},"class_list":["post-384","page","type-page","status-publish","has-post-thumbnail","hentry"],"acf":[],"yoast_head":"<!-- This site is optimized with the Yoast SEO plugin v27.4 - https:\/\/yoast.com\/product\/yoast-seo-wordpress\/ -->\n<title>Suis-je un aidant naturel? - Young Caregivers Connect<\/title>\n<meta name=\"robots\" content=\"index, follow, max-snippet:-1, max-image-preview:large, max-video-preview:-1\" \/>\n<link rel=\"canonical\" href=\"https:\/\/youngcaregiversconnect.ca\/fr\/suis-je-un-aidant-naturel\/\" \/>\n<meta property=\"og:locale\" content=\"fr_FR\" \/>\n<meta property=\"og:type\" content=\"article\" \/>\n<meta property=\"og:title\" content=\"Suis-je un aidant naturel? - Young Caregivers Connect\" \/>\n<meta property=\"og:description\" content=\"Tu n\u2019es pas seul. Il y a plus de 500&nbsp;000 jeunes aidants naturels en Ontario. Si tu passes une partie ou la totalit\u00e9 de ta journ\u00e9e \u00e0 prendre soin d\u2019une personne souffrant d\u2019une maladie chronique ou mortelle, d\u2019un handicap, d\u2019une d\u00e9pendance, de troubles psychologiques ou \u00e9prouvant une barri\u00e8re linguistique, tu es un aidant naturel. Que [&hellip;]\" \/>\n<meta property=\"og:url\" content=\"https:\/\/youngcaregiversconnect.ca\/fr\/suis-je-un-aidant-naturel\/\" \/>\n<meta property=\"og:site_name\" content=\"Young Caregivers Connect\" \/>\n<meta property=\"article:modified_time\" content=\"2021-04-05T19:12:17+00:00\" \/>\n<meta property=\"og:image\" content=\"https:\/\/youngcaregiversconnect.ca\/wp-content\/uploads\/2021\/01\/Am-I-a-Caregiver-scaled.jpg\" \/>\n\t<meta property=\"og:image:width\" content=\"2560\" \/>\n\t<meta property=\"og:image:height\" content=\"1708\" \/>\n\t<meta property=\"og:image:type\" content=\"image\/jpeg\" \/>\n<meta name=\"twitter:card\" content=\"summary_large_image\" \/>\n<meta name=\"twitter:label1\" content=\"Est. reading time\" \/>\n\t<meta name=\"twitter:data1\" content=\"1 minute\" \/>\n<script type=\"application\/ld+json\" class=\"yoast-schema-graph\">{\"@context\":\"https:\\\/\\\/schema.org\",\"@graph\":[{\"@type\":\"WebPage\",\"@id\":\"https:\\\/\\\/youngcaregiversconnect.ca\\\/fr\\\/suis-je-un-aidant-naturel\\\/\",\"url\":\"https:\\\/\\\/youngcaregiversconnect.ca\\\/fr\\\/suis-je-un-aidant-naturel\\\/\",\"name\":\"Suis-je un aidant naturel? - Young Caregivers Connect\",\"isPartOf\":{\"@id\":\"http:\\\/\\\/youngcaregiversconnect.ca\\\/fr\\\/#website\"},\"primaryImageOfPage\":{\"@id\":\"https:\\\/\\\/youngcaregiversconnect.ca\\\/fr\\\/suis-je-un-aidant-naturel\\\/#primaryimage\"},\"image\":{\"@id\":\"https:\\\/\\\/youngcaregiversconnect.ca\\\/fr\\\/suis-je-un-aidant-naturel\\\/#primaryimage\"},\"thumbnailUrl\":\"https:\\\/\\\/youngcaregiversconnect.ca\\\/wp-content\\\/uploads\\\/2021\\\/01\\\/Am-I-a-Caregiver-scaled.jpg\",\"datePublished\":\"2020-12-14T14:49:55+00:00\",\"dateModified\":\"2021-04-05T19:12:17+00:00\",\"breadcrumb\":{\"@id\":\"https:\\\/\\\/youngcaregiversconnect.ca\\\/fr\\\/suis-je-un-aidant-naturel\\\/#breadcrumb\"},\"inLanguage\":\"fr-FR\",\"potentialAction\":[{\"@type\":\"ReadAction\",\"target\":[\"https:\\\/\\\/youngcaregiversconnect.ca\\\/fr\\\/suis-je-un-aidant-naturel\\\/\"]}]},{\"@type\":\"ImageObject\",\"inLanguage\":\"fr-FR\",\"@id\":\"https:\\\/\\\/youngcaregiversconnect.ca\\\/fr\\\/suis-je-un-aidant-naturel\\\/#primaryimage\",\"url\":\"https:\\\/\\\/youngcaregiversconnect.ca\\\/wp-content\\\/uploads\\\/2021\\\/01\\\/Am-I-a-Caregiver-scaled.jpg\",\"contentUrl\":\"https:\\\/\\\/youngcaregiversconnect.ca\\\/wp-content\\\/uploads\\\/2021\\\/01\\\/Am-I-a-Caregiver-scaled.jpg\",\"width\":2560,\"height\":1708,\"caption\":\"Smiling Indian young woman taking selfie with her little daughter\"},{\"@type\":\"BreadcrumbList\",\"@id\":\"https:\\\/\\\/youngcaregiversconnect.ca\\\/fr\\\/suis-je-un-aidant-naturel\\\/#breadcrumb\",\"itemListElement\":[{\"@type\":\"ListItem\",\"position\":1,\"name\":\"Accueil\",\"item\":\"https:\\\/\\\/youngcaregiversconnect.ca\\\/fr\\\/\"},{\"@type\":\"ListItem\",\"position\":2,\"name\":\"Suis-je un aidant naturel?\"}]},{\"@type\":\"WebSite\",\"@id\":\"http:\\\/\\\/youngcaregiversconnect.ca\\\/fr\\\/#website\",\"url\":\"http:\\\/\\\/youngcaregiversconnect.ca\\\/fr\\\/\",\"name\":\"Young Caregivers Connect\",\"description\":\"Just another WordPress site\",\"potentialAction\":[{\"@type\":\"SearchAction\",\"target\":{\"@type\":\"EntryPoint\",\"urlTemplate\":\"http:\\\/\\\/youngcaregiversconnect.ca\\\/fr\\\/?s={search_term_string}\"},\"query-input\":{\"@type\":\"PropertyValueSpecification\",\"valueRequired\":true,\"valueName\":\"search_term_string\"}}],\"inLanguage\":\"fr-FR\"}]}<\/script>\n<!-- \/ Yoast SEO plugin. -->","yoast_head_json":{"title":"Suis-je un aidant naturel? - Young Caregivers Connect","robots":{"index":"index","follow":"follow","max-snippet":"max-snippet:-1","max-image-preview":"max-image-preview:large","max-video-preview":"max-video-preview:-1"},"canonical":"https:\/\/youngcaregiversconnect.ca\/fr\/suis-je-un-aidant-naturel\/","og_locale":"fr_FR","og_type":"article","og_title":"Suis-je un aidant naturel? - Young Caregivers Connect","og_description":"Tu n\u2019es pas seul. Il y a plus de 500&nbsp;000 jeunes aidants naturels en Ontario. Si tu passes une partie ou la totalit\u00e9 de ta journ\u00e9e \u00e0 prendre soin d\u2019une personne souffrant d\u2019une maladie chronique ou mortelle, d\u2019un handicap, d\u2019une d\u00e9pendance, de troubles psychologiques ou \u00e9prouvant une barri\u00e8re linguistique, tu es un aidant naturel. Que [&hellip;]","og_url":"https:\/\/youngcaregiversconnect.ca\/fr\/suis-je-un-aidant-naturel\/","og_site_name":"Young Caregivers Connect","article_modified_time":"2021-04-05T19:12:17+00:00","og_image":[{"width":2560,"height":1708,"url":"https:\/\/youngcaregiversconnect.ca\/wp-content\/uploads\/2021\/01\/Am-I-a-Caregiver-scaled.jpg","type":"image\/jpeg"}],"twitter_card":"summary_large_image","twitter_misc":{"Est. reading time":"1 minute"},"schema":{"@context":"https:\/\/schema.org","@graph":[{"@type":"WebPage","@id":"https:\/\/youngcaregiversconnect.ca\/fr\/suis-je-un-aidant-naturel\/","url":"https:\/\/youngcaregiversconnect.ca\/fr\/suis-je-un-aidant-naturel\/","name":"Suis-je un aidant naturel? - Young Caregivers Connect","isPartOf":{"@id":"http:\/\/youngcaregiversconnect.ca\/fr\/#website"},"primaryImageOfPage":{"@id":"https:\/\/youngcaregiversconnect.ca\/fr\/suis-je-un-aidant-naturel\/#primaryimage"},"image":{"@id":"https:\/\/youngcaregiversconnect.ca\/fr\/suis-je-un-aidant-naturel\/#primaryimage"},"thumbnailUrl":"https:\/\/youngcaregiversconnect.ca\/wp-content\/uploads\/2021\/01\/Am-I-a-Caregiver-scaled.jpg","datePublished":"2020-12-14T14:49:55+00:00","dateModified":"2021-04-05T19:12:17+00:00","breadcrumb":{"@id":"https:\/\/youngcaregiversconnect.ca\/fr\/suis-je-un-aidant-naturel\/#breadcrumb"},"inLanguage":"fr-FR","potentialAction":[{"@type":"ReadAction","target":["https:\/\/youngcaregiversconnect.ca\/fr\/suis-je-un-aidant-naturel\/"]}]},{"@type":"ImageObject","inLanguage":"fr-FR","@id":"https:\/\/youngcaregiversconnect.ca\/fr\/suis-je-un-aidant-naturel\/#primaryimage","url":"https:\/\/youngcaregiversconnect.ca\/wp-content\/uploads\/2021\/01\/Am-I-a-Caregiver-scaled.jpg","contentUrl":"https:\/\/youngcaregiversconnect.ca\/wp-content\/uploads\/2021\/01\/Am-I-a-Caregiver-scaled.jpg","width":2560,"height":1708,"caption":"Smiling Indian young woman taking selfie with her little daughter"},{"@type":"BreadcrumbList","@id":"https:\/\/youngcaregiversconnect.ca\/fr\/suis-je-un-aidant-naturel\/#breadcrumb","itemListElement":[{"@type":"ListItem","position":1,"name":"Accueil","item":"https:\/\/youngcaregiversconnect.ca\/fr\/"},{"@type":"ListItem","position":2,"name":"Suis-je un aidant naturel?"}]},{"@type":"WebSite","@id":"http:\/\/youngcaregiversconnect.ca\/fr\/#website","url":"http:\/\/youngcaregiversconnect.ca\/fr\/","name":"Young Caregivers Connect","description":"Just another WordPress site","potentialAction":[{"@type":"SearchAction","target":{"@type":"EntryPoint","urlTemplate":"http:\/\/youngcaregiversconnect.ca\/fr\/?s={search_term_string}"},"query-input":{"@type":"PropertyValueSpecification","valueRequired":true,"valueName":"search_term_string"}}],"inLanguage":"fr-FR"}]}},"_links":{"self":[{"href":"https:\/\/youngcaregiversconnect.ca\/fr\/wp-json\/wp\/v2\/pages\/384","targetHints":{"allow":["GET"]}}],"collection":[{"href":"https:\/\/youngcaregiversconnect.ca\/fr\/wp-json\/wp\/v2\/pages"}],"about":[{"href":"https:\/\/youngcaregiversconnect.ca\/fr\/wp-json\/wp\/v2\/types\/page"}],"author":[{"embeddable":true,"href":"https:\/\/youngcaregiversconnect.ca\/fr\/wp-json\/wp\/v2\/users\/1"}],"replies":[{"embeddable":true,"href":"https:\/\/youngcaregiversconnect.ca\/fr\/wp-json\/wp\/v2\/comments?post=384"}],"version-history":[{"count":10,"href":"https:\/\/youngcaregiversconnect.ca\/fr\/wp-json\/wp\/v2\/pages\/384\/revisions"}],"predecessor-version":[{"id":1213,"href":"https:\/\/youngcaregiversconnect.ca\/fr\/wp-json\/wp\/v2\/pages\/384\/revisions\/1213"}],"wp:featuredmedia":[{"embeddable":true,"href":"https:\/\/youngcaregiversconnect.ca\/fr\/wp-json\/wp\/v2\/media\/559"}],"wp:attachment":[{"href":"https:\/\/youngcaregiversconnect.ca\/fr\/wp-json\/wp\/v2\/media?parent=384"}],"curies":[{"name":"wp","href":"https:\/\/api.w.org\/{rel}","templated":true}]}}