{"id":387,"date":"2020-12-14T21:48:43","date_gmt":"2020-12-15T02:48:43","guid":{"rendered":"http:\/\/youngcaregiversconnect.ca\/autism\/"},"modified":"2023-09-14T09:20:16","modified_gmt":"2023-09-14T13:20:16","slug":"autisme","status":"publish","type":"page","link":"https:\/\/youngcaregiversconnect.ca\/fr\/autisme\/","title":{"rendered":"Autisme"},"content":{"rendered":"\n<h1 class=\"wp-block-heading\"><strong>Je m\u2019occupe d\u2019une personne autiste<\/strong><\/h1>\n\n\n\n<p>L\u2019autisme est un trouble du d\u00e9veloppement qui dure toute la vie et qui affecte la fa\u00e7on dont les personnes communiquent et interagissent avec le monde. L\u2019autisme se situe sur un spectre, ce qui signifie que le type et la gravit\u00e9 des sympt\u00f4mes varient consid\u00e9rablement d\u2019une personne \u00e0 l\u2019autre. L\u2019aidance naturelle ou le soutien aux personnes autistes est souvent un engagement \u00e0 vie et le soutien que vous apportez peut varier consid\u00e9rablement en fonction des besoins de la personne aid\u00e9e.<\/p>\n\n\n\n<p><a href=\"https:\/\/www.autismontario.com\/media\/1604\" target=\"_blank\" rel=\"noreferrer noopener\">10 faits au sujet de l&#8217;autisme<\/a> (Autisme Ontario)<\/p>\n\n\n<div id=\"accordion-content-block_48eaf37cfcb3df029fcf526e2567b721\" class=\"accordion-wrapper \">\n    <div class=\"row column\">\n        <ul class=\"accordion\" data-accordion data-multi-expand=\"true\"  data-allow-all-closed=\"true\">\n\t\t                    <li class=\"accordion-item\" data-accordion-item>\n                    <a href=\"#\" class=\"accordion-title\">D\u00e9fi \u2013 communication et interaction sociale :<\/a>\n                    <div class=\"accordion-content\" data-tab-content id=\"\">\n\t\t\t\t\t    <p>Les personnes atteintes d\u2019autisme peuvent avoir des difficult\u00e9s \u00e0 reconna\u00eetre ou \u00e0 comprendre les sentiments et les intentions des autres. Elles peuvent avoir des difficult\u00e9s \u00e0 exprimer leurs propres \u00e9motions, ce qui les emp\u00eache de se retrouver dans le monde social.<\/p>\n<p><strong>Conseils pour les personnes aidantes naturelles\u00a0<\/strong>:<\/p>\n<ul>\n<li>Utilisez toujours leur nom au d\u00e9but pour qu\u2019elles sachent que vous vous adressez \u00e0<\/li>\n<li><strong>Assurez-vous qu\u2019elles sont attentives <\/strong>avant de leur poser une question ou de leur donner une<\/li>\n<li>Parlez moins et parlez lentement; faites des pauses entre les mots et les phrases pour leur donner le temps d\u2019assimiler ce que vous avez<\/li>\n<li>Posez des questions courtes et pr\u00e9cises.<\/li>\n<li>Soyez attentif \u00e0 l\u2019environnement \u2013 un environnement bruyant et\/ou congestionn\u00e9 peut affecter leurs capacit\u00e9s de traiter l\u2019information.<\/li>\n<li>\u00c9vitez d\u2019utiliser l\u2019ironie, le sarcasme ou l\u2019exag\u00e9ration, car les personnes autistes ont des difficult\u00e9s \u00e0<\/li>\n<li>Utilisez des supports visuels, tels que des photographies, des affiches, des dessins au trait et des<\/li>\n<li>\u00c9crivez des informations pour qu\u2019elles les voient en r\u00e9pondant aux questions : o\u00f9, quand, qui, quoi, comment et pourquoi.<\/li>\n<\/ul>\n                    <\/div>\n                <\/li>\n\t\t                    <li class=\"accordion-item\" data-accordion-item>\n                    <a href=\"#\" class=\"accordion-title\">D\u00e9fi \u2013 d\u00e9tresse et repli sur soi :<\/a>\n                    <div class=\"accordion-content\" data-tab-content id=\"\">\n\t\t\t\t\t    <p>Lorsqu\u2019une personne autiste se sent d\u00e9pass\u00e9e par les \u00e9v\u00e9nements, elle peut se retrouver en situation de d\u00e9tresse et se replier sur elle-m\u00eame. Cette perte de contr\u00f4le peut \u00eatre verbale (cris, hurlements et pleurs) ou physique (coups de pied, coups de poing et morsures).<\/p>\n<p><strong>Conseils pour les personnes aidantes naturelles\u00a0<\/strong>:<\/p>\n<ul>\n<li>Donnez-leur un peu de temps\u00a0: il faut parfois un certain temps pour se remettre d\u2019une surcharge d\u2019informations ou d\u2019une surcharge sensorielle.<\/li>\n<li>Arr\u00eatez la musique forte et \u00e9teignez les lumi\u00e8res vives\u00a0: faites ce que vous pouvez pour r\u00e9duire la surcharge d\u2019informations.<\/li>\n<li>Laissez-leur de l\u2019espace &#8211; essayez de cr\u00e9er un espace calme et s\u00fbr. Si vous \u00eates en public, demandez aux gens de se d\u00e9placer et de ne pas vous<\/li>\n<li>Utilisez des \u00e9chelles de stress pour transformer les \u00e9motions en concepts plus concrets. Vous pouvez utiliser des chiffres, par exemple 1 = calme et 5 = stress\u00e9\/e ou en col\u00e8re. Vous pouvez \u00e9galement utiliser des couleurs, par exemple vert = calme et rouge = stress\u00e9\/e ou en col\u00e8re.<\/li>\n<li>Donnez-lui la possibilit\u00e9 d\u2019exprimer sa frustration de mani\u00e8re appropri\u00e9e, par exemple en frappant un oreiller, en d\u00e9chirant du papier ou en pressant une balle<\/li>\n<li>Minimisez les d\u00e9clencheurs, tels que les changements de routine.<\/li>\n<\/ul>\n                    <\/div>\n                <\/li>\n\t\t                    <li class=\"accordion-item\" data-accordion-item>\n                    <a href=\"#\" class=\"accordion-title\">D\u00e9fi \u2013 comportement r\u00e9p\u00e9titif :<\/a>\n                    <div class=\"accordion-content\" data-tab-content id=\"\">\n\t\t\t\t\t    <p>Les comportements r\u00e9p\u00e9titifs peuvent inclure des battements de bras ou de mains, des balancements et des coups de t\u00eate. C\u2019est peut-\u00eatre un moyen de g\u00e9rer l\u2019anxi\u00e9t\u00e9, de bloquer l\u2019incertitude ou d\u2019obtenir un apport sensoriel.<\/p>\n<p><strong>Conseils pour les personnes aidantes naturelles\u00a0<\/strong>:<\/p>\n<ul>\n<li>R\u00e9fl\u00e9chissez \u00e0 la fonction du comportement r\u00e9p\u00e9titif ou de l\u2019obsession. Qu\u2019est-ce que la personne obtient? Cela r\u00e9duit-il l\u2019anxi\u00e9t\u00e9?<\/li>\n<li>Si le comportement est une r\u00e9action \u00e0 des stimuli sensoriels, il se peut que la modification de l\u2019environnement (par exemple, diminuer l\u2019\u00e9clairage) contribue \u00e0 r\u00e9duire l\u2019anxi\u00e9t\u00e9 et donc le<\/li>\n<li>Faites en sorte que le monde soit plus structur\u00e9 et plus pr\u00e9visible. Pr\u00e9parez une s\u00e9rie d\u2019activit\u00e9s apaisantes pour r\u00e9orienter la<\/li>\n<li>Fixez des limites claires et expliquez pourquoi et o\u00f9 il est acceptable ou non de se comporter de telle ou telle mani\u00e8re.<\/li>\n<li>Si quelqu\u2019un a un comportement inappropri\u00e9, essayez de ne pas crier ou de ne pas accorder trop d\u2019attention au comportement. Une r\u00e9action calme peut aider \u00e0 diminuer ce comportement au fil du temps.<\/li>\n<\/ul>\n                    <\/div>\n                <\/li>\n\t\t                    <li class=\"accordion-item\" data-accordion-item>\n                    <a href=\"#\" class=\"accordion-title\"> D\u00e9fi \u2013 relations familiales et inqui\u00e9tudes quant \u00e0 l\u2019avenir :<\/a>\n                    <div class=\"accordion-content\" data-tab-content id=\"\">\n\t\t\t\t\t    <p>Avoir un fr\u00e8re ou une s\u0153ur autiste peut parfois \u00eatre stressant. Vous pouvez avoir l\u2019impression que votre fr\u00e8re ou votre s\u0153ur re\u00e7oit plus d\u2019attention ou n\u2019est pas r\u00e9primand\u00e9 aussi souvent que vous. Vous pouvez \u00e9galement vous inqui\u00e9ter des besoins futurs de votre fr\u00e8re ou s\u0153ur autiste en mati\u00e8re de soins, en particulier lorsque vos parents ne seront plus en mesure d\u2019\u00eatre les personnes aidantes naturelles principales.<\/p>\n<p><strong>Conseils pour les fr\u00e8res et s\u0153urs\u00a0<\/strong>:<\/p>\n<ul>\n<li>Il est important de se rappeler que nos parents ne nous aiment pas moins que les autres.<\/li>\n<li>Parlez \u00e0 vos parents et dites-leur ce que vous ressentez.<\/li>\n<li>Si vous ne pouvez pas parler \u00e0 vos parents, essayez de parler \u00e0 un autre membre de la famille, \u00e0 un ami de la famille, \u00e0 un enseignant ou \u00e0 un autre adulte, ou appelez un service d\u2019assistance t\u00e9l\u00e9phonique.<\/li>\n<li>Il peut \u00eatre utile de se r\u00e9unir en famille pour discuter des options de soins id\u00e9ales pour votre fr\u00e8re ou votre s\u0153ur autiste \u00e0 l\u2019avenir.<\/li>\n<li><strong>Entrez en contact avec vos pairs. <\/strong>\n<ul>\n<li><a href=\"https:\/\/www.autismontario.com\/fr\/evenements?custom_325=All&amp;custom_326=All&amp;custom_356=All&amp;event_type_id=20\" target=\"_blank\" rel=\"noopener\">Groupes de soutien<\/a> pour les familles et les personnes aidantes naturelles de personnes autistes<\/li>\n<li>En savoir plus sur les <a href=\"https:\/\/ontariocaregiver.ca\/fr\/pour-aidants-naturels\/soutien-par-les-pairs-en-aidance-naturelle\/soutenir-les-aidants-naturels-pendant-covid-19\/\" target=\"_blank\" rel=\"noopener\">programmes de soutien par les pairs en aidance naturelle<\/a> l\u2019OSANO.<\/li>\n<\/ul>\n<\/li>\n<li><strong>Explorez les options de soutien \u00e0 <\/strong><strong>domicile<\/strong>\n<ul>\n<li>Renseignez-vous sur les <a href=\"https:\/\/www.respiteservices.com\/\" target=\"_blank\" rel=\"noopener\">services de r\u00e9pit<\/a> dans votre communaut\u00e9<\/li>\n<\/ul>\n<\/li>\n<li><strong>Trouvez le soutien dont vous avez besoin en vous connectant aux ressources appropri\u00e9es <\/strong>\n<ul>\n<li>Appelez la <a href=\"https:\/\/ontariocaregiver.ca\/fr\/ligne-dassistance\/\" target=\"_blank\" rel=\"noopener\">Ligne d\u2019assistance de l\u2019OSANO<\/a> au 1-833-416-2273 pour obtenir des renseignements vous permettant d\u2019obtenir le soutien n\u00e9cessaire, que ce soit pour vous m\u00eame ou pour la personne dont vous vous occupez dans votre communaut\u00e9.<\/li>\n<li><a href=\"https:\/\/ontariocaregiver.ca\/fr\/pour-aidants-naturels\/\" target=\"_blank\" rel=\"noopener\">Joignez-vous \u00e0 l\u2019un des programmes de l\u2019OSANO<\/a><\/li>\n<\/ul>\n<\/li>\n<li>Soyez attentif aux signes de stress chez les personnes aidantes naturelles, tels que les troubles du sommeil, les maux de t\u00eate, l\u2019irritabilit\u00e9 et le repli sur soi. Un sommeil ad\u00e9quat, faire de l\u2019exercice et une alimentation \u00e9quilibr\u00e9e peuvent contribuer \u00e0 r\u00e9duire votre stress<strong>. <\/strong>Apprenez-en davantage sur <a href=\"https:\/\/ontariocaregiver.ca\/fr\/pour-aidants-naturels\/le-bien-etre-et-la-sante-mentale-des-personnes-aidantes-naturelles\/\" target=\"_blank\" rel=\"noopener\">le bien-\u00eatre et la sant\u00e9 mentale des personnes aidantes naturelles<\/a>.<\/li>\n<li><strong>Explorer les ressources disponibles pour vous aider dans votre parcours d\u2019aidance naturelle <\/strong>\n<ul>\n<li>La trousse de d\u00e9marrage\u2009<a href=\"https:\/\/ontariocaregiver.ca\/fr\/pour-aidants-naturels\/le-bien-etre-et-la-sante-mentale-des-personnes-aidantes-naturelles\/\" target=\"_blank\" rel=\"noopener\">Je suis une personne aidante naturelle<\/a> contient des informations importantes pour les personnes aidantes naturelles, qu\u2019elles soient nouvelles ou exp\u00e9riment\u00e9es. Ces informations ont \u00e9t\u00e9 cr\u00e9\u00e9es par et pour des personnes aidantes naturelle. Elles peuvent \u00eatre utiles pour vous ou un membre de votre famille<\/li>\n<li><a href=\"https:\/\/learning.ontariocaregiver.ca\/\" target=\"_blank\" rel=\"noopener\">Apprentissage en ligne &#8211; Aidants naturels 101<\/a> (45 +min.) Apprenez-en davantage sur le r\u00f4le des personnes aidantes naturelles, les d\u00e9fis auxquels elles font face, la question de l\u2019\u00e9puisement ainsi que les attentes qui les concernent. Cette formation peut \u00eatre utile pour expliquer les d\u00e9fis \u00e9motionnels de l\u2019aidance naturelle.<\/li>\n<\/ul>\n<\/li>\n<li>Demandez de l\u2019aide\u00a0:\n<ul>\n<li>Consultez <a href=\"https:\/\/www.autismontario.com\/\">Autisme Ontario<\/a>\u00a0ou composez le 1-800-472-7789.<\/li>\n<li>Partagez vos exp\u00e9riences et vos pr\u00e9occupations avec d\u2019autres personnes aidantes naturelles dans notre <a href=\"https:\/\/youngcaregiversconnect.ca\/fr\/rejoignez-notre-groupe-de-soutien-par-les-pairs\/\" target=\"_blank\" rel=\"noopener\">groupe de soutien par les pairs<\/a> ou participez \u00e0 la conversation dans notre <a href=\"https:\/\/youngcaregiversconnect.ca\/forums\/\">forum en ligne. <\/a><\/li>\n<li>Appelez le service Jeunesse J\u2019\u00e9coute au 1-800-668-6868 ou envoyez un SMS \u00e0 686868.<\/li>\n<\/ul>\n<\/li>\n<\/ul>\n<p>&nbsp;<\/p>\n<p>Vous ne savez pas par o\u00f9 commencer ? Appelez notre <a href=\"https:\/\/ontariocaregiver.ca\/fr\/pour-aidants-naturels\/le-bien-etre-et-la-sante-mentale-des-personnes-aidantes-naturelles\/\" target=\"_blank\" rel=\"noopener\">ligne d&#8217;assistance<\/a> disponible\u00a024\u00a0heures sur 24 et 7\u00a0jours sur 7, ou discutez avec nous par <a href=\"https:\/\/youngcaregiversconnect.ca\/fr\/clavardage-en-direct\/\" target=\"_blank\" rel=\"noopener\">clavardage en direct<\/a> pour trouver des ressources dans votre communaut\u00e9.<\/p>\n                    <\/div>\n                <\/li>\n\t\t            <\/ul>\n    <\/div>\n<\/div>\n\n\n\n<p><strong>*Sources:<\/strong><\/p>\n\n\n\n<p>National Autistic Society &#8211; <a href=\"https:\/\/autism.org.uk\/\" target=\"_blank\" rel=\"noreferrer noopener\">https:\/\/autism.org.uk<\/a><\/p>\n\n\n\n<p><a href=\"https:\/\/www.autism.org.uk\/advice-and-guidance\/topics\/sensory-differences\/sensory-differences\/all-audiences\" target=\"_blank\" rel=\"noreferrer noopener\">https:\/\/www.autism.org.uk\/advice-and-guidance\/topics\/sensory-differences\/sensory-differences\/all-audiences<\/a><\/p>\n\n\n\n<p><a href=\"https:\/\/www.autism.org.uk\/advice-and-guidance\/topics\/behaviour\/meltdowns\" target=\"_blank\" rel=\"noreferrer noopener\">https:\/\/www.autism.org.uk\/advice-and-guidance\/topics\/behaviour\/meltdowns<\/a><\/p>\n\n\n\n<p><a href=\"https:\/\/www.autism.org.uk\/advice-and-guidance\/topics\/behaviour\/meltdowns\/all-audiences\" target=\"_blank\" rel=\"noreferrer noopener\">https:\/\/www.autism.org.uk\/advice-and-guidance\/topics\/behaviour\/meltdowns\/all-audiences<\/a><\/p>\n","protected":false},"excerpt":{"rendered":"<p>Je m\u2019occupe d\u2019une personne autiste L\u2019autisme est un trouble du d\u00e9veloppement qui dure toute la vie et qui affecte la fa\u00e7on dont les personnes communiquent et interagissent avec le monde. L\u2019autisme se situe sur un spectre, ce qui signifie que le type et la gravit\u00e9 des sympt\u00f4mes varient consid\u00e9rablement d\u2019une personne \u00e0 l\u2019autre. L\u2019aidance naturelle [&hellip;]<\/p>\n","protected":false},"author":1,"featured_media":563,"parent":0,"menu_order":0,"comment_status":"closed","ping_status":"closed","template":"page-intro.php","meta":{"_acf_changed":false,"_bbp_topic_count":0,"_bbp_reply_count":0,"_bbp_total_topic_count":0,"_bbp_total_reply_count":0,"_bbp_voice_count":0,"_bbp_anonymous_reply_count":0,"_bbp_topic_count_hidden":0,"_bbp_reply_count_hidden":0,"_bbp_forum_subforum_count":0,"inline_featured_image":false,"footnotes":""},"class_list":["post-387","page","type-page","status-publish","has-post-thumbnail","hentry"],"acf":[],"yoast_head":"<!-- This site is optimized with the Yoast SEO plugin v27.4 - https:\/\/yoast.com\/product\/yoast-seo-wordpress\/ -->\n<title>Autisme - Young Caregivers Connect<\/title>\n<meta name=\"robots\" content=\"index, follow, max-snippet:-1, max-image-preview:large, max-video-preview:-1\" \/>\n<link rel=\"canonical\" href=\"https:\/\/youngcaregiversconnect.ca\/fr\/autisme\/\" \/>\n<meta property=\"og:locale\" content=\"fr_FR\" \/>\n<meta property=\"og:type\" content=\"article\" \/>\n<meta property=\"og:title\" content=\"Autisme - Young Caregivers Connect\" \/>\n<meta property=\"og:description\" content=\"Je m\u2019occupe d\u2019une personne autiste L\u2019autisme est un trouble du d\u00e9veloppement qui dure toute la vie et qui affecte la fa\u00e7on dont les personnes communiquent et interagissent avec le monde. L\u2019autisme se situe sur un spectre, ce qui signifie que le type et la gravit\u00e9 des sympt\u00f4mes varient consid\u00e9rablement d\u2019une personne \u00e0 l\u2019autre. L\u2019aidance naturelle [&hellip;]\" \/>\n<meta property=\"og:url\" content=\"https:\/\/youngcaregiversconnect.ca\/fr\/autisme\/\" \/>\n<meta property=\"og:site_name\" content=\"Young Caregivers Connect\" \/>\n<meta property=\"article:modified_time\" content=\"2023-09-14T13:20:16+00:00\" \/>\n<meta property=\"og:image\" content=\"https:\/\/youngcaregiversconnect.ca\/wp-content\/uploads\/2021\/01\/Autism-1.jpg\" \/>\n\t<meta property=\"og:image:width\" content=\"1600\" \/>\n\t<meta property=\"og:image:height\" content=\"1067\" \/>\n\t<meta property=\"og:image:type\" content=\"image\/jpeg\" \/>\n<meta name=\"twitter:card\" content=\"summary_large_image\" \/>\n<meta name=\"twitter:label1\" content=\"Est. reading time\" \/>\n\t<meta name=\"twitter:data1\" content=\"1 minute\" \/>\n<script type=\"application\/ld+json\" class=\"yoast-schema-graph\">{\"@context\":\"https:\\\/\\\/schema.org\",\"@graph\":[{\"@type\":\"WebPage\",\"@id\":\"https:\\\/\\\/youngcaregiversconnect.ca\\\/fr\\\/autisme\\\/\",\"url\":\"https:\\\/\\\/youngcaregiversconnect.ca\\\/fr\\\/autisme\\\/\",\"name\":\"Autisme - Young Caregivers Connect\",\"isPartOf\":{\"@id\":\"http:\\\/\\\/youngcaregiversconnect.ca\\\/fr\\\/#website\"},\"primaryImageOfPage\":{\"@id\":\"https:\\\/\\\/youngcaregiversconnect.ca\\\/fr\\\/autisme\\\/#primaryimage\"},\"image\":{\"@id\":\"https:\\\/\\\/youngcaregiversconnect.ca\\\/fr\\\/autisme\\\/#primaryimage\"},\"thumbnailUrl\":\"https:\\\/\\\/youngcaregiversconnect.ca\\\/wp-content\\\/uploads\\\/2021\\\/01\\\/Autism-1.jpg\",\"datePublished\":\"2020-12-15T02:48:43+00:00\",\"dateModified\":\"2023-09-14T13:20:16+00:00\",\"breadcrumb\":{\"@id\":\"https:\\\/\\\/youngcaregiversconnect.ca\\\/fr\\\/autisme\\\/#breadcrumb\"},\"inLanguage\":\"fr-FR\",\"potentialAction\":[{\"@type\":\"ReadAction\",\"target\":[\"https:\\\/\\\/youngcaregiversconnect.ca\\\/fr\\\/autisme\\\/\"]}]},{\"@type\":\"ImageObject\",\"inLanguage\":\"fr-FR\",\"@id\":\"https:\\\/\\\/youngcaregiversconnect.ca\\\/fr\\\/autisme\\\/#primaryimage\",\"url\":\"https:\\\/\\\/youngcaregiversconnect.ca\\\/wp-content\\\/uploads\\\/2021\\\/01\\\/Autism-1.jpg\",\"contentUrl\":\"https:\\\/\\\/youngcaregiversconnect.ca\\\/wp-content\\\/uploads\\\/2021\\\/01\\\/Autism-1.jpg\",\"width\":1600,\"height\":1067,\"caption\":\"Three years old boy playing on the busy board at his psychotherapy session.\"},{\"@type\":\"BreadcrumbList\",\"@id\":\"https:\\\/\\\/youngcaregiversconnect.ca\\\/fr\\\/autisme\\\/#breadcrumb\",\"itemListElement\":[{\"@type\":\"ListItem\",\"position\":1,\"name\":\"Accueil\",\"item\":\"https:\\\/\\\/youngcaregiversconnect.ca\\\/fr\\\/\"},{\"@type\":\"ListItem\",\"position\":2,\"name\":\"Autisme\"}]},{\"@type\":\"WebSite\",\"@id\":\"http:\\\/\\\/youngcaregiversconnect.ca\\\/fr\\\/#website\",\"url\":\"http:\\\/\\\/youngcaregiversconnect.ca\\\/fr\\\/\",\"name\":\"Young Caregivers Connect\",\"description\":\"Just another WordPress site\",\"potentialAction\":[{\"@type\":\"SearchAction\",\"target\":{\"@type\":\"EntryPoint\",\"urlTemplate\":\"http:\\\/\\\/youngcaregiversconnect.ca\\\/fr\\\/?s={search_term_string}\"},\"query-input\":{\"@type\":\"PropertyValueSpecification\",\"valueRequired\":true,\"valueName\":\"search_term_string\"}}],\"inLanguage\":\"fr-FR\"}]}<\/script>\n<!-- \/ Yoast SEO plugin. -->","yoast_head_json":{"title":"Autisme - Young Caregivers Connect","robots":{"index":"index","follow":"follow","max-snippet":"max-snippet:-1","max-image-preview":"max-image-preview:large","max-video-preview":"max-video-preview:-1"},"canonical":"https:\/\/youngcaregiversconnect.ca\/fr\/autisme\/","og_locale":"fr_FR","og_type":"article","og_title":"Autisme - Young Caregivers Connect","og_description":"Je m\u2019occupe d\u2019une personne autiste L\u2019autisme est un trouble du d\u00e9veloppement qui dure toute la vie et qui affecte la fa\u00e7on dont les personnes communiquent et interagissent avec le monde. L\u2019autisme se situe sur un spectre, ce qui signifie que le type et la gravit\u00e9 des sympt\u00f4mes varient consid\u00e9rablement d\u2019une personne \u00e0 l\u2019autre. L\u2019aidance naturelle [&hellip;]","og_url":"https:\/\/youngcaregiversconnect.ca\/fr\/autisme\/","og_site_name":"Young Caregivers Connect","article_modified_time":"2023-09-14T13:20:16+00:00","og_image":[{"width":1600,"height":1067,"url":"https:\/\/youngcaregiversconnect.ca\/wp-content\/uploads\/2021\/01\/Autism-1.jpg","type":"image\/jpeg"}],"twitter_card":"summary_large_image","twitter_misc":{"Est. reading time":"1 minute"},"schema":{"@context":"https:\/\/schema.org","@graph":[{"@type":"WebPage","@id":"https:\/\/youngcaregiversconnect.ca\/fr\/autisme\/","url":"https:\/\/youngcaregiversconnect.ca\/fr\/autisme\/","name":"Autisme - Young Caregivers Connect","isPartOf":{"@id":"http:\/\/youngcaregiversconnect.ca\/fr\/#website"},"primaryImageOfPage":{"@id":"https:\/\/youngcaregiversconnect.ca\/fr\/autisme\/#primaryimage"},"image":{"@id":"https:\/\/youngcaregiversconnect.ca\/fr\/autisme\/#primaryimage"},"thumbnailUrl":"https:\/\/youngcaregiversconnect.ca\/wp-content\/uploads\/2021\/01\/Autism-1.jpg","datePublished":"2020-12-15T02:48:43+00:00","dateModified":"2023-09-14T13:20:16+00:00","breadcrumb":{"@id":"https:\/\/youngcaregiversconnect.ca\/fr\/autisme\/#breadcrumb"},"inLanguage":"fr-FR","potentialAction":[{"@type":"ReadAction","target":["https:\/\/youngcaregiversconnect.ca\/fr\/autisme\/"]}]},{"@type":"ImageObject","inLanguage":"fr-FR","@id":"https:\/\/youngcaregiversconnect.ca\/fr\/autisme\/#primaryimage","url":"https:\/\/youngcaregiversconnect.ca\/wp-content\/uploads\/2021\/01\/Autism-1.jpg","contentUrl":"https:\/\/youngcaregiversconnect.ca\/wp-content\/uploads\/2021\/01\/Autism-1.jpg","width":1600,"height":1067,"caption":"Three years old boy playing on the busy board at his psychotherapy session."},{"@type":"BreadcrumbList","@id":"https:\/\/youngcaregiversconnect.ca\/fr\/autisme\/#breadcrumb","itemListElement":[{"@type":"ListItem","position":1,"name":"Accueil","item":"https:\/\/youngcaregiversconnect.ca\/fr\/"},{"@type":"ListItem","position":2,"name":"Autisme"}]},{"@type":"WebSite","@id":"http:\/\/youngcaregiversconnect.ca\/fr\/#website","url":"http:\/\/youngcaregiversconnect.ca\/fr\/","name":"Young Caregivers Connect","description":"Just another WordPress site","potentialAction":[{"@type":"SearchAction","target":{"@type":"EntryPoint","urlTemplate":"http:\/\/youngcaregiversconnect.ca\/fr\/?s={search_term_string}"},"query-input":{"@type":"PropertyValueSpecification","valueRequired":true,"valueName":"search_term_string"}}],"inLanguage":"fr-FR"}]}},"_links":{"self":[{"href":"https:\/\/youngcaregiversconnect.ca\/fr\/wp-json\/wp\/v2\/pages\/387","targetHints":{"allow":["GET"]}}],"collection":[{"href":"https:\/\/youngcaregiversconnect.ca\/fr\/wp-json\/wp\/v2\/pages"}],"about":[{"href":"https:\/\/youngcaregiversconnect.ca\/fr\/wp-json\/wp\/v2\/types\/page"}],"author":[{"embeddable":true,"href":"https:\/\/youngcaregiversconnect.ca\/fr\/wp-json\/wp\/v2\/users\/1"}],"replies":[{"embeddable":true,"href":"https:\/\/youngcaregiversconnect.ca\/fr\/wp-json\/wp\/v2\/comments?post=387"}],"version-history":[{"count":19,"href":"https:\/\/youngcaregiversconnect.ca\/fr\/wp-json\/wp\/v2\/pages\/387\/revisions"}],"predecessor-version":[{"id":183129,"href":"https:\/\/youngcaregiversconnect.ca\/fr\/wp-json\/wp\/v2\/pages\/387\/revisions\/183129"}],"wp:featuredmedia":[{"embeddable":true,"href":"https:\/\/youngcaregiversconnect.ca\/fr\/wp-json\/wp\/v2\/media\/563"}],"wp:attachment":[{"href":"https:\/\/youngcaregiversconnect.ca\/fr\/wp-json\/wp\/v2\/media?parent=387"}],"curies":[{"name":"wp","href":"https:\/\/api.w.org\/{rel}","templated":true}]}}