{"id":397,"date":"2020-12-14T21:43:13","date_gmt":"2020-12-15T02:43:13","guid":{"rendered":"http:\/\/youngcaregiversconnect.ca\/cancer\/"},"modified":"2022-01-18T17:09:49","modified_gmt":"2022-01-18T22:09:49","slug":"cancer","status":"publish","type":"page","link":"https:\/\/youngcaregiversconnect.ca\/fr\/cancer\/","title":{"rendered":"Cancer"},"content":{"rendered":"\n<h1 class=\"wp-block-heading\"><strong><strong>Je m\u2019occupe d\u2019une personne atteinte de cancer<\/strong><\/strong><\/h1>\n\n\n\n<p>Il existe de nombreux types de cancer et diff\u00e9rents stades de la maladie, qui affecteront les gens diff\u00e9remment et auront \u00e9galement un impact sur le niveau et le type de soins dont ils auront besoin. Tes responsabilit\u00e9s peuvent augmenter au fil du temps si tu t\u2019occupes d\u2019une personne atteinte d\u2019un cancer plus avanc\u00e9. Ou bien, tu peux avoir moins de responsabilit\u00e9s \u00e0 mesure que ton proche se r\u00e9tablit.<\/p>\n\n\n\n<p>Voici quelques fa\u00e7ons d\u2019aider, peu importe le diagnostic, le traitement ou le pronostic de ton proche.&nbsp;<\/p>\n\n\n<div id=\"accordion-content-block_606dfc6910c51\" class=\"accordion-wrapper \">\n    <div class=\"row column\">\n        <ul class=\"accordion\" data-accordion data-multi-expand=\"true\"  data-allow-all-closed=\"true\">\n\t\t                    <li class=\"accordion-item\" data-accordion-item>\n                    <a href=\"#\" class=\"accordion-title\">Soutien pratique<\/a>\n                    <div class=\"accordion-content\" data-tab-content id=\"\">\n\t\t\t\t\t    <p>Tu peux aider ton proche en fixant ses rendez-vous, en l\u2019accompagnant \u00e0 ses rendez-vous, en organisant des visites de soins \u00e0 domicile et en effectuant des t\u00e2ches \u00e0 la maison comme la pr\u00e9paration des repas. Tu peux aussi t\u2019assurer que les papiers importants sont organis\u00e9s et class\u00e9s dans un lieu s\u00fbr. Il peut s\u2019agir de documents d\u2019assurance, de testaments, de directives m\u00e9dicales anticip\u00e9es et d\u2019autres documents juridiques ou financiers.<\/p>\n<p><strong>Conseils aux aidants naturels\u00a0:<\/strong><br \/>\nSi tu es le principal interlocuteur aupr\u00e8s de ta famille ou de tes amis au sujet de l\u2019\u00e9tat de ton proche, tu peux cr\u00e9er un groupe de discussion priv\u00e9 sur un r\u00e9seau social. Tu pourrais aussi cr\u00e9er une liste de diffusion par courriel.<\/p>\n                    <\/div>\n                <\/li>\n\t\t                    <li class=\"accordion-item\" data-accordion-item>\n                    <a href=\"#\" class=\"accordion-title\">Soutien \u00e9motionnel<\/a>\n                    <div class=\"accordion-content\" data-tab-content id=\"\">\n\t\t\t\t\t    <p>Tu pourrais avoir besoin de donner un appui \u00e9motionnel \u00e0 ton proche ou discuter des d\u00e9cisions que tu dois prendre concernant les soins et le traitement.<\/p>\n<p><strong>Conseils aux aidants naturels\u00a0:<\/strong><\/p>\n<ul>\n<li>Aide ton proche \u00e0 vivre le plus normalement possible. Encourage ton proche \u00e0 poursuivre sa vie quotidienne habituelle et \u00e0 vivre le plus normalement possible<\/li>\n<li>Encourage la personne \u00e0 partager ses sentiments avec toi et la rassurer qu\u2019il est normal d\u2019exprimer ses craintes et ses inqui\u00e9tudes \u00e0 propos de ce qui va se passer<\/li>\n<li>Le simple fait d\u2019\u00eatre l\u00e0 peut \u00eatre r\u00e9confortant. Parle \u00e0 ton proche, regarde des films ou \u00e9coute de la musique avec lui pour lui tenir compagnie<\/li>\n<li>Le contact physique peut aider quand tu ne trouves pas les mots. Une pression de la main ou un doux c\u00e2lin peut en dire long<\/li>\n<li>Respecte le besoin d\u2019intimit\u00e9 et de solitude de ton proche. Le cancer peut amener un besoin de prendre du temps pour r\u00e9fl\u00e9chir ou faire une pause<\/li>\n<\/ul>\n                    <\/div>\n                <\/li>\n\t\t                    <li class=\"accordion-item\" data-accordion-item>\n                    <a href=\"#\" class=\"accordion-title\">Soins personnels et soutien physique<\/a>\n                    <div class=\"accordion-content\" data-tab-content id=\"\">\n\t\t\t\t\t    <p>On peut te demander d\u2019aider quelqu\u2019un avec des t\u00e2ches comme\u00a0:<\/p>\n<ul>\n<li>Marcher ou se d\u00e9placer avec un cadre de marche ou sur un fauteuil roulant<\/li>\n<li>Entrer ou sortir de la baignoire ou de la douche, ou encore faire sa toilette \u00e0 l\u2019\u00e9ponge dans son lit<\/li>\n<li>L\u2019aider \u00e0 s\u2019installer ou changer de position dans le lit ou un fauteuil<\/li>\n<li>Aller aux toilettes ou \u00e0 utiliser un bassin de lit ou remplacer ses serviettes d\u2019incontinence<\/li>\n<li>Se brosser les dents, garder ses l\u00e8vres humides ou se rincer la bouche<\/li>\n<li>Laver ses cheveux, hydrater sa peau et couper ses ongles<\/li>\n<\/ul>\n<p>Il est important de d\u00e9terminer ce que tu es \u00e0 l\u2019aise de faire ou non. Sois honn\u00eate avec toi-m\u00eame et avec la personne dont tu t\u2019occupes au sujet de ce que possible pour toi.<\/p>\n<p><strong>Conseils aux aidants naturels\u00a0:<\/strong><\/p>\n<p>Renseigne-toi sur les services de soins \u00e0 domicile qui sont offerts dans ta r\u00e9gion. Le personnel de soins \u00e0 domicile peut t\u2019aider \u00e0 donner un bain et t\u2019apprendre des t\u00e2ches comme positionner quelqu\u2019un confortablement dans son lit.\u00a0Renseigne-toi sur la possibilit\u00e9 d\u2019obtenir des appareils fonctionnels comme un cadre de marche, un appareil de levage, un fauteuil roulant, une chaise de douche, une barre d\u2019appui ou une chaise d\u2019aisance.<\/p>\n                    <\/div>\n                <\/li>\n\t\t                    <li class=\"accordion-item\" data-accordion-item>\n                    <a href=\"#\" class=\"accordion-title\">Aide pour les soins m\u00e9dicaux<\/a>\n                    <div class=\"accordion-content\" data-tab-content id=\"\">\n\t\t\t\t\t    <p>Tu peux \u00eatre responsable de donner et de garder les m\u00e9dicaments. Cela comprend le suisi et l\u2019administration de la bonne dose de m\u00e9dicaments. Si tu n\u2019es pas \u00e0 l\u2019aise de donner des m\u00e9dicaments, renseigne-toi sur les services de soins \u00e0 domicile de ta r\u00e9gion. En tant qu\u2019aidant naturel, tu devras peut-\u00eatre aussi communiquer avec l\u2019\u00e9quipe m\u00e9dicale de ton proche.<\/p>\n<p><strong>Conseils aux aidants naturels\u00a0:<\/strong><\/p>\n<p>Note les questions \u00e0 poser avant les rendez-vous; \u00e9coute et note les informations pendant les rendez-vous. N\u2019oublie pas non plus de demander \u00e0 l\u2019\u00e9quipe m\u00e9dicale comment tu peux aider \u00e0 g\u00e9rer les effets secondaires du traitement du cancer.<\/p>\n                    <\/div>\n                <\/li>\n\t\t                    <li class=\"accordion-item\" data-accordion-item>\n                    <a href=\"#\" class=\"accordion-title\">Tu peux demander de l\u2019aide :<\/a>\n                    <div class=\"accordion-content\" data-tab-content id=\"\">\n\t\t\t\t\t    <ul>\n<li>Communique avec la Soci\u00e9t\u00e9 canadienne du cancer \u00e0\u00a0<strong><u><a href=\"https:\/\/www.cancer.ca\/fr\/\" target=\"_blank\" rel=\"noreferrer noopener\">cancer.ca<\/a><\/u><\/strong>\u00a0ou appelle la ligne d\u2019information sur le cancer au\u00a0<strong><a href=\"tel:1-888-939-3333\" target=\"_blank\" rel=\"noreferrer noopener\">1-888-939-3333<\/a><\/strong><\/li>\n<li>Visite\u00a0<strong><u><a href=\"https:\/\/csl.cancer.ca\/fr\" target=\"_blank\" rel=\"noreferrer noopener\">csl.cancer.ca<\/a><\/u><\/strong>\u00a0pour trouver des services et des programmes communautaires pour les personnes touch\u00e9es par le cancer dans ta r\u00e9gion<\/li>\n<li>Voir aussi\u00a0<strong><u><a href=\"https:\/\/youngcaregiversconnect.ca\/fr\/maladie-affection-chronique\/\">Interventions m\u00e9dicales et soins en fin de vie<\/a><\/u><\/strong><\/li>\n<li>Prends contact avec d\u2019autres jeunes aidants naturels dans notre <strong><u><a href=\"https:\/\/youngcaregiversconnect.ca\/fr\/rejoignez-notre-groupe-de-soutien-par-les-pairs\/\" target=\"_blank\" rel=\"noreferrer noopener\">groupe de soutien par les pairs en ligne<\/a><\/u><\/strong><em>(en anglais seulement) <\/em>ou participe \u00e0 la conversation dans notre\u00a0<strong><u><a href=\"http:\/\/youngcaregiversconnect.ca\/fr\/forums\/\" target=\"_blank\" rel=\"noreferrer noopener\">forum en ligne<\/a><\/u><\/strong>.<\/li>\n<\/ul>\n<p>Tu ne sais pas par o\u00f9 commencer? Appelle notre\u00a0<a href=\"https:\/\/youngcaregiversconnect.ca\/24-7-support\/\" target=\"_blank\" rel=\"noreferrer noopener\"><strong>ligne d\u2019assistance 24 h\/24, 7 j\/7<\/strong><\/a>\u00a0ou joins-toi \u00e0 notre\u00a0<strong><a href=\"https:\/\/youngcaregiversconnect.ca\/fr\/clavardage-en-direct\/\">clavardage en direct<\/a><\/strong>\u00a0pour trouver des ressources dans ta communaut\u00e9.<\/p>\n                    <\/div>\n                <\/li>\n\t\t            <\/ul>\n    <\/div>\n<\/div>\n\n\n\n<p>*Source&nbsp;: Soci\u00e9t\u00e9 canadienne du cancer<\/p>\n\n\n\n<p><a href=\"https:\/\/www.cancer.ca\/fr-ca\/cancer-information\/living-with-cancer\/caregiving\/what-caregivers-do\/\" target=\"_blank\" rel=\"noreferrer noopener\">https:\/\/www.cancer.ca\/fr-ca\/cancer-information\/living-with-cancer\/caregiving\/what-caregivers-do\/?region=on<\/a><\/p>\n","protected":false},"excerpt":{"rendered":"<p>Je m\u2019occupe d\u2019une personne atteinte de cancer Il existe de nombreux types de cancer et diff\u00e9rents stades de la maladie, qui affecteront les gens diff\u00e9remment et auront \u00e9galement un impact sur le niveau et le type de soins dont ils auront besoin. Tes responsabilit\u00e9s peuvent augmenter au fil du temps si tu t\u2019occupes d\u2019une personne [&hellip;]<\/p>\n","protected":false},"author":1,"featured_media":567,"parent":0,"menu_order":0,"comment_status":"closed","ping_status":"closed","template":"page-intro.php","meta":{"_acf_changed":false,"_bbp_topic_count":0,"_bbp_reply_count":0,"_bbp_total_topic_count":0,"_bbp_total_reply_count":0,"_bbp_voice_count":0,"_bbp_anonymous_reply_count":0,"_bbp_topic_count_hidden":0,"_bbp_reply_count_hidden":0,"_bbp_forum_subforum_count":0,"inline_featured_image":false,"footnotes":""},"class_list":["post-397","page","type-page","status-publish","has-post-thumbnail","hentry"],"acf":[],"yoast_head":"<!-- This site is optimized with the Yoast SEO plugin v27.4 - https:\/\/yoast.com\/product\/yoast-seo-wordpress\/ -->\n<title>Cancer - Young Caregivers Connect<\/title>\n<meta name=\"robots\" content=\"index, follow, max-snippet:-1, max-image-preview:large, max-video-preview:-1\" \/>\n<link rel=\"canonical\" href=\"https:\/\/youngcaregiversconnect.ca\/fr\/cancer\/\" \/>\n<meta property=\"og:locale\" content=\"fr_FR\" \/>\n<meta property=\"og:type\" content=\"article\" \/>\n<meta property=\"og:title\" content=\"Cancer - Young Caregivers Connect\" \/>\n<meta property=\"og:description\" content=\"Je m\u2019occupe d\u2019une personne atteinte de cancer Il existe de nombreux types de cancer et diff\u00e9rents stades de la maladie, qui affecteront les gens diff\u00e9remment et auront \u00e9galement un impact sur le niveau et le type de soins dont ils auront besoin. Tes responsabilit\u00e9s peuvent augmenter au fil du temps si tu t\u2019occupes d\u2019une personne [&hellip;]\" \/>\n<meta property=\"og:url\" content=\"https:\/\/youngcaregiversconnect.ca\/fr\/cancer\/\" \/>\n<meta property=\"og:site_name\" content=\"Young Caregivers Connect\" \/>\n<meta property=\"article:modified_time\" content=\"2022-01-18T22:09:49+00:00\" \/>\n<meta property=\"og:image\" content=\"http:\/\/youngcaregiversconnect.ca\/wp-content\/uploads\/2021\/01\/Cancer.jpg\" \/>\n\t<meta property=\"og:image:width\" content=\"1600\" \/>\n\t<meta property=\"og:image:height\" content=\"1067\" \/>\n\t<meta property=\"og:image:type\" content=\"image\/jpeg\" \/>\n<meta name=\"twitter:card\" content=\"summary_large_image\" \/>\n<meta name=\"twitter:label1\" content=\"Est. reading time\" \/>\n\t<meta name=\"twitter:data1\" content=\"1 minute\" \/>\n<script type=\"application\/ld+json\" class=\"yoast-schema-graph\">{\"@context\":\"https:\\\/\\\/schema.org\",\"@graph\":[{\"@type\":\"WebPage\",\"@id\":\"https:\\\/\\\/youngcaregiversconnect.ca\\\/fr\\\/cancer\\\/\",\"url\":\"https:\\\/\\\/youngcaregiversconnect.ca\\\/fr\\\/cancer\\\/\",\"name\":\"Cancer - Young Caregivers Connect\",\"isPartOf\":{\"@id\":\"http:\\\/\\\/youngcaregiversconnect.ca\\\/fr\\\/#website\"},\"primaryImageOfPage\":{\"@id\":\"https:\\\/\\\/youngcaregiversconnect.ca\\\/fr\\\/cancer\\\/#primaryimage\"},\"image\":{\"@id\":\"https:\\\/\\\/youngcaregiversconnect.ca\\\/fr\\\/cancer\\\/#primaryimage\"},\"thumbnailUrl\":\"https:\\\/\\\/youngcaregiversconnect.ca\\\/wp-content\\\/uploads\\\/2021\\\/01\\\/Cancer.jpg\",\"datePublished\":\"2020-12-15T02:43:13+00:00\",\"dateModified\":\"2022-01-18T22:09:49+00:00\",\"breadcrumb\":{\"@id\":\"https:\\\/\\\/youngcaregiversconnect.ca\\\/fr\\\/cancer\\\/#breadcrumb\"},\"inLanguage\":\"fr-FR\",\"potentialAction\":[{\"@type\":\"ReadAction\",\"target\":[\"https:\\\/\\\/youngcaregiversconnect.ca\\\/fr\\\/cancer\\\/\"]}]},{\"@type\":\"ImageObject\",\"inLanguage\":\"fr-FR\",\"@id\":\"https:\\\/\\\/youngcaregiversconnect.ca\\\/fr\\\/cancer\\\/#primaryimage\",\"url\":\"https:\\\/\\\/youngcaregiversconnect.ca\\\/wp-content\\\/uploads\\\/2021\\\/01\\\/Cancer.jpg\",\"contentUrl\":\"https:\\\/\\\/youngcaregiversconnect.ca\\\/wp-content\\\/uploads\\\/2021\\\/01\\\/Cancer.jpg\",\"width\":1600,\"height\":1067,\"caption\":\"An ethnic woman wearing a headscarf and fighting cancer sits on the couch with her mother. She is in the foreground and her mom is behind her, with her arm wrapped around in an embrace, and they're both looking out the window in a quiet moment of contemplation.\"},{\"@type\":\"BreadcrumbList\",\"@id\":\"https:\\\/\\\/youngcaregiversconnect.ca\\\/fr\\\/cancer\\\/#breadcrumb\",\"itemListElement\":[{\"@type\":\"ListItem\",\"position\":1,\"name\":\"Accueil\",\"item\":\"https:\\\/\\\/youngcaregiversconnect.ca\\\/fr\\\/\"},{\"@type\":\"ListItem\",\"position\":2,\"name\":\"Cancer\"}]},{\"@type\":\"WebSite\",\"@id\":\"http:\\\/\\\/youngcaregiversconnect.ca\\\/fr\\\/#website\",\"url\":\"http:\\\/\\\/youngcaregiversconnect.ca\\\/fr\\\/\",\"name\":\"Young Caregivers Connect\",\"description\":\"Just another WordPress site\",\"potentialAction\":[{\"@type\":\"SearchAction\",\"target\":{\"@type\":\"EntryPoint\",\"urlTemplate\":\"http:\\\/\\\/youngcaregiversconnect.ca\\\/fr\\\/?s={search_term_string}\"},\"query-input\":{\"@type\":\"PropertyValueSpecification\",\"valueRequired\":true,\"valueName\":\"search_term_string\"}}],\"inLanguage\":\"fr-FR\"}]}<\/script>\n<!-- \/ Yoast SEO plugin. -->","yoast_head_json":{"title":"Cancer - Young Caregivers Connect","robots":{"index":"index","follow":"follow","max-snippet":"max-snippet:-1","max-image-preview":"max-image-preview:large","max-video-preview":"max-video-preview:-1"},"canonical":"https:\/\/youngcaregiversconnect.ca\/fr\/cancer\/","og_locale":"fr_FR","og_type":"article","og_title":"Cancer - Young Caregivers Connect","og_description":"Je m\u2019occupe d\u2019une personne atteinte de cancer Il existe de nombreux types de cancer et diff\u00e9rents stades de la maladie, qui affecteront les gens diff\u00e9remment et auront \u00e9galement un impact sur le niveau et le type de soins dont ils auront besoin. Tes responsabilit\u00e9s peuvent augmenter au fil du temps si tu t\u2019occupes d\u2019une personne [&hellip;]","og_url":"https:\/\/youngcaregiversconnect.ca\/fr\/cancer\/","og_site_name":"Young Caregivers Connect","article_modified_time":"2022-01-18T22:09:49+00:00","og_image":[{"width":1600,"height":1067,"url":"http:\/\/youngcaregiversconnect.ca\/wp-content\/uploads\/2021\/01\/Cancer.jpg","type":"image\/jpeg"}],"twitter_card":"summary_large_image","twitter_misc":{"Est. reading time":"1 minute"},"schema":{"@context":"https:\/\/schema.org","@graph":[{"@type":"WebPage","@id":"https:\/\/youngcaregiversconnect.ca\/fr\/cancer\/","url":"https:\/\/youngcaregiversconnect.ca\/fr\/cancer\/","name":"Cancer - Young Caregivers Connect","isPartOf":{"@id":"http:\/\/youngcaregiversconnect.ca\/fr\/#website"},"primaryImageOfPage":{"@id":"https:\/\/youngcaregiversconnect.ca\/fr\/cancer\/#primaryimage"},"image":{"@id":"https:\/\/youngcaregiversconnect.ca\/fr\/cancer\/#primaryimage"},"thumbnailUrl":"https:\/\/youngcaregiversconnect.ca\/wp-content\/uploads\/2021\/01\/Cancer.jpg","datePublished":"2020-12-15T02:43:13+00:00","dateModified":"2022-01-18T22:09:49+00:00","breadcrumb":{"@id":"https:\/\/youngcaregiversconnect.ca\/fr\/cancer\/#breadcrumb"},"inLanguage":"fr-FR","potentialAction":[{"@type":"ReadAction","target":["https:\/\/youngcaregiversconnect.ca\/fr\/cancer\/"]}]},{"@type":"ImageObject","inLanguage":"fr-FR","@id":"https:\/\/youngcaregiversconnect.ca\/fr\/cancer\/#primaryimage","url":"https:\/\/youngcaregiversconnect.ca\/wp-content\/uploads\/2021\/01\/Cancer.jpg","contentUrl":"https:\/\/youngcaregiversconnect.ca\/wp-content\/uploads\/2021\/01\/Cancer.jpg","width":1600,"height":1067,"caption":"An ethnic woman wearing a headscarf and fighting cancer sits on the couch with her mother. She is in the foreground and her mom is behind her, with her arm wrapped around in an embrace, and they're both looking out the window in a quiet moment of contemplation."},{"@type":"BreadcrumbList","@id":"https:\/\/youngcaregiversconnect.ca\/fr\/cancer\/#breadcrumb","itemListElement":[{"@type":"ListItem","position":1,"name":"Accueil","item":"https:\/\/youngcaregiversconnect.ca\/fr\/"},{"@type":"ListItem","position":2,"name":"Cancer"}]},{"@type":"WebSite","@id":"http:\/\/youngcaregiversconnect.ca\/fr\/#website","url":"http:\/\/youngcaregiversconnect.ca\/fr\/","name":"Young Caregivers Connect","description":"Just another WordPress site","potentialAction":[{"@type":"SearchAction","target":{"@type":"EntryPoint","urlTemplate":"http:\/\/youngcaregiversconnect.ca\/fr\/?s={search_term_string}"},"query-input":{"@type":"PropertyValueSpecification","valueRequired":true,"valueName":"search_term_string"}}],"inLanguage":"fr-FR"}]}},"_links":{"self":[{"href":"https:\/\/youngcaregiversconnect.ca\/fr\/wp-json\/wp\/v2\/pages\/397","targetHints":{"allow":["GET"]}}],"collection":[{"href":"https:\/\/youngcaregiversconnect.ca\/fr\/wp-json\/wp\/v2\/pages"}],"about":[{"href":"https:\/\/youngcaregiversconnect.ca\/fr\/wp-json\/wp\/v2\/types\/page"}],"author":[{"embeddable":true,"href":"https:\/\/youngcaregiversconnect.ca\/fr\/wp-json\/wp\/v2\/users\/1"}],"replies":[{"embeddable":true,"href":"https:\/\/youngcaregiversconnect.ca\/fr\/wp-json\/wp\/v2\/comments?post=397"}],"version-history":[{"count":13,"href":"https:\/\/youngcaregiversconnect.ca\/fr\/wp-json\/wp\/v2\/pages\/397\/revisions"}],"predecessor-version":[{"id":1746,"href":"https:\/\/youngcaregiversconnect.ca\/fr\/wp-json\/wp\/v2\/pages\/397\/revisions\/1746"}],"wp:featuredmedia":[{"embeddable":true,"href":"https:\/\/youngcaregiversconnect.ca\/fr\/wp-json\/wp\/v2\/media\/567"}],"wp:attachment":[{"href":"https:\/\/youngcaregiversconnect.ca\/fr\/wp-json\/wp\/v2\/media?parent=397"}],"curies":[{"name":"wp","href":"https:\/\/api.w.org\/{rel}","templated":true}]}}