{"id":419,"date":"2020-12-14T22:12:24","date_gmt":"2020-12-15T03:12:24","guid":{"rendered":"http:\/\/youngcaregiversconnect.ca\/how-to-be-taken-seriously\/"},"modified":"2021-03-25T15:53:06","modified_gmt":"2021-03-25T19:53:06","slug":"comment-etre-pris-au-serieux","status":"publish","type":"page","link":"https:\/\/youngcaregiversconnect.ca\/fr\/comment-etre-pris-au-serieux\/","title":{"rendered":"Conseils"},"content":{"rendered":"\n<h1 class=\"wp-block-heading\"><strong>Comment \u00eatre pris au s\u00e9rieux quand on est un jeune aidant naturel.<\/strong><\/h1>\n\n\n\n<p>Il se peut qu\u2019\u00e0 cause de ton \u00e2ge, les gens ne te demandent pas ton avis ou ne prennent pas le temps de te donner des explications. C\u2019est \u00e0 toi de changer cela.<\/p>\n\n\n\n<p><strong>Parle<br><\/strong>Affirme-toi, mais reste professionnel. Pose des questions, affirmes-toi quand tu ne comprends pas ou n\u2019es pas d\u2019accord.<\/p>\n\n\n\n<p><strong>Sois pers\u00e9v\u00e9rant<\/strong><br>N\u2019accepte pas des propos comme \u00ab\u00a0tu n\u2019as pas besoin de savoir \u00e7a\u00a0\u00bbquand tu poses des questions. Continue \u00e0 poser des questions jusqu\u2019\u00e0 ce que tu obtiennes des r\u00e9ponses. Pers\u00e9v\u00e8re m\u00eame si tes pr\u00e9occupations sont ignor\u00e9es.<\/p>\n\n\n\n<p><strong><strong>Fais tes propres recherches<\/strong><br><\/strong>Personne n\u2019aura le temps de t\u2019enseigner tout ce que tu as besoin de savoir, et le savoir est le pouvoir.<\/p>\n\n\n\n<ul class=\"wp-block-list\"><li>Appelle le ligne d\u2019assistance aux aidants naturels 24h\/24 et 7j\/7 au 1-833-416-2273 (CARE) pour parler \u00e0 un sp\u00e9cialiste des ressources communautaires<\/li><li>Utilise notre <strong><u><a href=\"http:\/\/youngcaregiversconnect.ca\/live-chat\/\" target=\"_blank\" rel=\"noreferrer noopener\">clavardage en direct<\/a><\/u><\/strong> pour trouver des ressources dans ta communaut\u00e9 et rejoins la conversation dans notre <strong><u><a href=\"http:\/\/youngcaregiversconnect.ca\/forums\/\" target=\"_blank\" rel=\"noreferrer noopener\">forum en ligne<\/a><\/u><\/strong><\/li><li>Cherche sur ce site Web des informations, des ressources et du soutien<\/li><li>Parles-en \u00e0 ton m\u00e9decin de famille, au m\u00e9decin de ton proche ou \u00e0 un autre prestataire de soins de sant\u00e9. Pr\u00e9pare une liste de tes questions pour les rendez-vous<\/li><li>Compose le 211 ou rends-toi sur <a href=\"http:\/\/www.211.ca\/fr\" target=\"_blank\" rel=\"noreferrer noopener\">www.211.ca<\/a>\u00a0pour obtenir des informations gratuites et confidentielles sur les services de sant\u00e9 et communautaires canadiens offerts dans ta r\u00e9gion<\/li><\/ul>\n","protected":false},"excerpt":{"rendered":"<p>Comment \u00eatre pris au s\u00e9rieux quand on est un jeune aidant naturel. Il se peut qu\u2019\u00e0 cause de ton \u00e2ge, les gens ne te demandent pas ton avis ou ne prennent pas le temps de te donner des explications. C\u2019est \u00e0 toi de changer cela. ParleAffirme-toi, mais reste professionnel. Pose des questions, affirmes-toi quand tu [&hellip;]<\/p>\n","protected":false},"author":1,"featured_media":0,"parent":0,"menu_order":0,"comment_status":"closed","ping_status":"closed","template":"page-intro.php","meta":{"_acf_changed":false,"_bbp_topic_count":0,"_bbp_reply_count":0,"_bbp_total_topic_count":0,"_bbp_total_reply_count":0,"_bbp_voice_count":0,"_bbp_anonymous_reply_count":0,"_bbp_topic_count_hidden":0,"_bbp_reply_count_hidden":0,"_bbp_forum_subforum_count":0,"inline_featured_image":false,"footnotes":""},"class_list":["post-419","page","type-page","status-publish","hentry"],"acf":[],"yoast_head":"<!-- This site is optimized with the Yoast SEO plugin v27.4 - https:\/\/yoast.com\/product\/yoast-seo-wordpress\/ -->\n<title>Conseils - Young Caregivers Connect<\/title>\n<meta name=\"robots\" content=\"index, follow, max-snippet:-1, max-image-preview:large, max-video-preview:-1\" \/>\n<link rel=\"canonical\" href=\"https:\/\/youngcaregiversconnect.ca\/fr\/comment-etre-pris-au-serieux\/\" \/>\n<meta property=\"og:locale\" content=\"fr_FR\" \/>\n<meta property=\"og:type\" content=\"article\" \/>\n<meta property=\"og:title\" content=\"Conseils - Young Caregivers Connect\" \/>\n<meta property=\"og:description\" content=\"Comment \u00eatre pris au s\u00e9rieux quand on est un jeune aidant naturel. Il se peut qu\u2019\u00e0 cause de ton \u00e2ge, les gens ne te demandent pas ton avis ou ne prennent pas le temps de te donner des explications. C\u2019est \u00e0 toi de changer cela. ParleAffirme-toi, mais reste professionnel. Pose des questions, affirmes-toi quand tu [&hellip;]\" \/>\n<meta property=\"og:url\" content=\"https:\/\/youngcaregiversconnect.ca\/fr\/comment-etre-pris-au-serieux\/\" \/>\n<meta property=\"og:site_name\" content=\"Young Caregivers Connect\" \/>\n<meta property=\"article:modified_time\" content=\"2021-03-25T19:53:06+00:00\" \/>\n<meta name=\"twitter:card\" content=\"summary_large_image\" \/>\n<meta name=\"twitter:label1\" content=\"Est. reading time\" \/>\n\t<meta name=\"twitter:data1\" content=\"2 minutes\" \/>\n<script type=\"application\/ld+json\" class=\"yoast-schema-graph\">{\"@context\":\"https:\\\/\\\/schema.org\",\"@graph\":[{\"@type\":\"WebPage\",\"@id\":\"https:\\\/\\\/youngcaregiversconnect.ca\\\/fr\\\/comment-etre-pris-au-serieux\\\/\",\"url\":\"https:\\\/\\\/youngcaregiversconnect.ca\\\/fr\\\/comment-etre-pris-au-serieux\\\/\",\"name\":\"Conseils - Young Caregivers Connect\",\"isPartOf\":{\"@id\":\"http:\\\/\\\/youngcaregiversconnect.ca\\\/fr\\\/#website\"},\"datePublished\":\"2020-12-15T03:12:24+00:00\",\"dateModified\":\"2021-03-25T19:53:06+00:00\",\"breadcrumb\":{\"@id\":\"https:\\\/\\\/youngcaregiversconnect.ca\\\/fr\\\/comment-etre-pris-au-serieux\\\/#breadcrumb\"},\"inLanguage\":\"fr-FR\",\"potentialAction\":[{\"@type\":\"ReadAction\",\"target\":[\"https:\\\/\\\/youngcaregiversconnect.ca\\\/fr\\\/comment-etre-pris-au-serieux\\\/\"]}]},{\"@type\":\"BreadcrumbList\",\"@id\":\"https:\\\/\\\/youngcaregiversconnect.ca\\\/fr\\\/comment-etre-pris-au-serieux\\\/#breadcrumb\",\"itemListElement\":[{\"@type\":\"ListItem\",\"position\":1,\"name\":\"Accueil\",\"item\":\"https:\\\/\\\/youngcaregiversconnect.ca\\\/fr\\\/\"},{\"@type\":\"ListItem\",\"position\":2,\"name\":\"Conseils\"}]},{\"@type\":\"WebSite\",\"@id\":\"http:\\\/\\\/youngcaregiversconnect.ca\\\/fr\\\/#website\",\"url\":\"http:\\\/\\\/youngcaregiversconnect.ca\\\/fr\\\/\",\"name\":\"Young Caregivers Connect\",\"description\":\"Just another WordPress site\",\"potentialAction\":[{\"@type\":\"SearchAction\",\"target\":{\"@type\":\"EntryPoint\",\"urlTemplate\":\"http:\\\/\\\/youngcaregiversconnect.ca\\\/fr\\\/?s={search_term_string}\"},\"query-input\":{\"@type\":\"PropertyValueSpecification\",\"valueRequired\":true,\"valueName\":\"search_term_string\"}}],\"inLanguage\":\"fr-FR\"}]}<\/script>\n<!-- \/ Yoast SEO plugin. -->","yoast_head_json":{"title":"Conseils - Young Caregivers Connect","robots":{"index":"index","follow":"follow","max-snippet":"max-snippet:-1","max-image-preview":"max-image-preview:large","max-video-preview":"max-video-preview:-1"},"canonical":"https:\/\/youngcaregiversconnect.ca\/fr\/comment-etre-pris-au-serieux\/","og_locale":"fr_FR","og_type":"article","og_title":"Conseils - Young Caregivers Connect","og_description":"Comment \u00eatre pris au s\u00e9rieux quand on est un jeune aidant naturel. Il se peut qu\u2019\u00e0 cause de ton \u00e2ge, les gens ne te demandent pas ton avis ou ne prennent pas le temps de te donner des explications. C\u2019est \u00e0 toi de changer cela. ParleAffirme-toi, mais reste professionnel. Pose des questions, affirmes-toi quand tu [&hellip;]","og_url":"https:\/\/youngcaregiversconnect.ca\/fr\/comment-etre-pris-au-serieux\/","og_site_name":"Young Caregivers Connect","article_modified_time":"2021-03-25T19:53:06+00:00","twitter_card":"summary_large_image","twitter_misc":{"Est. reading time":"2 minutes"},"schema":{"@context":"https:\/\/schema.org","@graph":[{"@type":"WebPage","@id":"https:\/\/youngcaregiversconnect.ca\/fr\/comment-etre-pris-au-serieux\/","url":"https:\/\/youngcaregiversconnect.ca\/fr\/comment-etre-pris-au-serieux\/","name":"Conseils - Young Caregivers Connect","isPartOf":{"@id":"http:\/\/youngcaregiversconnect.ca\/fr\/#website"},"datePublished":"2020-12-15T03:12:24+00:00","dateModified":"2021-03-25T19:53:06+00:00","breadcrumb":{"@id":"https:\/\/youngcaregiversconnect.ca\/fr\/comment-etre-pris-au-serieux\/#breadcrumb"},"inLanguage":"fr-FR","potentialAction":[{"@type":"ReadAction","target":["https:\/\/youngcaregiversconnect.ca\/fr\/comment-etre-pris-au-serieux\/"]}]},{"@type":"BreadcrumbList","@id":"https:\/\/youngcaregiversconnect.ca\/fr\/comment-etre-pris-au-serieux\/#breadcrumb","itemListElement":[{"@type":"ListItem","position":1,"name":"Accueil","item":"https:\/\/youngcaregiversconnect.ca\/fr\/"},{"@type":"ListItem","position":2,"name":"Conseils"}]},{"@type":"WebSite","@id":"http:\/\/youngcaregiversconnect.ca\/fr\/#website","url":"http:\/\/youngcaregiversconnect.ca\/fr\/","name":"Young Caregivers Connect","description":"Just another WordPress site","potentialAction":[{"@type":"SearchAction","target":{"@type":"EntryPoint","urlTemplate":"http:\/\/youngcaregiversconnect.ca\/fr\/?s={search_term_string}"},"query-input":{"@type":"PropertyValueSpecification","valueRequired":true,"valueName":"search_term_string"}}],"inLanguage":"fr-FR"}]}},"_links":{"self":[{"href":"https:\/\/youngcaregiversconnect.ca\/fr\/wp-json\/wp\/v2\/pages\/419","targetHints":{"allow":["GET"]}}],"collection":[{"href":"https:\/\/youngcaregiversconnect.ca\/fr\/wp-json\/wp\/v2\/pages"}],"about":[{"href":"https:\/\/youngcaregiversconnect.ca\/fr\/wp-json\/wp\/v2\/types\/page"}],"author":[{"embeddable":true,"href":"https:\/\/youngcaregiversconnect.ca\/fr\/wp-json\/wp\/v2\/users\/1"}],"replies":[{"embeddable":true,"href":"https:\/\/youngcaregiversconnect.ca\/fr\/wp-json\/wp\/v2\/comments?post=419"}],"version-history":[{"count":3,"href":"https:\/\/youngcaregiversconnect.ca\/fr\/wp-json\/wp\/v2\/pages\/419\/revisions"}],"predecessor-version":[{"id":1191,"href":"https:\/\/youngcaregiversconnect.ca\/fr\/wp-json\/wp\/v2\/pages\/419\/revisions\/1191"}],"wp:attachment":[{"href":"https:\/\/youngcaregiversconnect.ca\/fr\/wp-json\/wp\/v2\/media?parent=419"}],"curies":[{"name":"wp","href":"https:\/\/api.w.org\/{rel}","templated":true}]}}