{"id":424,"date":"2020-12-14T09:36:07","date_gmt":"2020-12-14T14:36:07","guid":{"rendered":"http:\/\/youngcaregiversconnect.ca\/join-our-peer-support-group\/"},"modified":"2024-09-18T11:40:08","modified_gmt":"2024-09-18T15:40:08","slug":"rejoignez-notre-groupe-de-soutien-par-les-pairs","status":"publish","type":"page","link":"https:\/\/youngcaregiversconnect.ca\/fr\/rejoignez-notre-groupe-de-soutien-par-les-pairs\/","title":{"rendered":"Rejoins notre groupe de soutien par les pairs"},"content":{"rendered":"\n<h1 class=\"wp-block-heading\"><strong><strong>Un endroit s\u00fbr pour partager<\/strong>.<\/strong><\/h1>\n\n\n\n<p>Ce groupe de soutien par les pairs s\u2019adresse aux jeunes de 15 \u00e0 25 ans qui aident \u00e0 r\u00e9pondre aux besoins physiques, mentaux ou \u00e9motionnels d\u2019un membre de la famille, d\u2019un ami ou d\u2019un voisin. C\u2019est un endroit s\u00fbr pour partager ses sentiments et \u00e9couter d\u2019autres jeunes qui vivent des exp\u00e9riences semblables.<\/p>\n\n\n\n<p>Les discussions en ligne ont lieu les premiers et troisi\u00e8mes mercredis du mois \u00e0 19 h 30 HNE et sont anim\u00e9es par un membre du personnel de l\u2019Organisme de soutien aux aidants naturels de l\u2019Ontario. Toutes les discussions sont totalement confidentielles.<\/p>\n\n\n\n<p>Ce groupe est disponible en anglais seulement.<\/p>\n\n\n<p><a class=\"pile-btn\" href=\"https:\/\/www.surveymonkey.com\/r\/lesgroupesdesoutienvirtuels\" target=\"_blank\" rel=\"noopener noreferrer\">Inscris-toi d\u00e8s aujourd\u2019hui<\/a><\/p>","protected":false},"excerpt":{"rendered":"<p>Un endroit s\u00fbr pour partager. Ce groupe de soutien par les pairs s\u2019adresse aux jeunes de 15 \u00e0 25 ans qui aident \u00e0 r\u00e9pondre aux besoins physiques, mentaux ou \u00e9motionnels d\u2019un membre de la famille, d\u2019un ami ou d\u2019un voisin. C\u2019est un endroit s\u00fbr pour partager ses sentiments et \u00e9couter d\u2019autres jeunes qui vivent des [&hellip;]<\/p>\n","protected":false},"author":1,"featured_media":576,"parent":0,"menu_order":0,"comment_status":"closed","ping_status":"closed","template":"page-intro.php","meta":{"_acf_changed":false,"_bbp_topic_count":0,"_bbp_reply_count":0,"_bbp_total_topic_count":0,"_bbp_total_reply_count":0,"_bbp_voice_count":0,"_bbp_anonymous_reply_count":0,"_bbp_topic_count_hidden":0,"_bbp_reply_count_hidden":0,"_bbp_forum_subforum_count":0,"inline_featured_image":false,"footnotes":""},"class_list":["post-424","page","type-page","status-publish","has-post-thumbnail","hentry"],"acf":[],"yoast_head":"<!-- This site is optimized with the Yoast SEO plugin v27.3 - https:\/\/yoast.com\/product\/yoast-seo-wordpress\/ -->\n<title>Rejoins notre groupe de soutien par les pairs - Young Caregivers Connect<\/title>\n<meta name=\"robots\" content=\"index, follow, max-snippet:-1, max-image-preview:large, max-video-preview:-1\" \/>\n<link rel=\"canonical\" href=\"https:\/\/youngcaregiversconnect.ca\/fr\/rejoignez-notre-groupe-de-soutien-par-les-pairs\/\" \/>\n<meta property=\"og:locale\" content=\"fr_FR\" \/>\n<meta property=\"og:type\" content=\"article\" \/>\n<meta property=\"og:title\" content=\"Rejoins notre groupe de soutien par les pairs - Young Caregivers Connect\" \/>\n<meta property=\"og:description\" content=\"Un endroit s\u00fbr pour partager. Ce groupe de soutien par les pairs s\u2019adresse aux jeunes de 15 \u00e0 25 ans qui aident \u00e0 r\u00e9pondre aux besoins physiques, mentaux ou \u00e9motionnels d\u2019un membre de la famille, d\u2019un ami ou d\u2019un voisin. C\u2019est un endroit s\u00fbr pour partager ses sentiments et \u00e9couter d\u2019autres jeunes qui vivent des [&hellip;]\" \/>\n<meta property=\"og:url\" content=\"https:\/\/youngcaregiversconnect.ca\/fr\/rejoignez-notre-groupe-de-soutien-par-les-pairs\/\" \/>\n<meta property=\"og:site_name\" content=\"Young Caregivers Connect\" \/>\n<meta property=\"article:modified_time\" content=\"2024-09-18T15:40:08+00:00\" \/>\n<meta property=\"og:image\" content=\"https:\/\/youngcaregiversconnect.ca\/wp-content\/uploads\/2021\/01\/Online-support-group.jpg\" \/>\n\t<meta property=\"og:image:width\" content=\"1600\" \/>\n\t<meta property=\"og:image:height\" content=\"1067\" \/>\n\t<meta property=\"og:image:type\" content=\"image\/jpeg\" \/>\n<meta name=\"twitter:card\" content=\"summary_large_image\" \/>\n<meta name=\"twitter:label1\" content=\"Est. reading time\" \/>\n\t<meta name=\"twitter:data1\" content=\"1 minute\" \/>\n<script type=\"application\/ld+json\" class=\"yoast-schema-graph\">{\"@context\":\"https:\\\/\\\/schema.org\",\"@graph\":[{\"@type\":\"WebPage\",\"@id\":\"https:\\\/\\\/youngcaregiversconnect.ca\\\/fr\\\/rejoignez-notre-groupe-de-soutien-par-les-pairs\\\/\",\"url\":\"https:\\\/\\\/youngcaregiversconnect.ca\\\/fr\\\/rejoignez-notre-groupe-de-soutien-par-les-pairs\\\/\",\"name\":\"Rejoins notre groupe de soutien par les pairs - Young Caregivers Connect\",\"isPartOf\":{\"@id\":\"http:\\\/\\\/youngcaregiversconnect.ca\\\/fr\\\/#website\"},\"primaryImageOfPage\":{\"@id\":\"https:\\\/\\\/youngcaregiversconnect.ca\\\/fr\\\/rejoignez-notre-groupe-de-soutien-par-les-pairs\\\/#primaryimage\"},\"image\":{\"@id\":\"https:\\\/\\\/youngcaregiversconnect.ca\\\/fr\\\/rejoignez-notre-groupe-de-soutien-par-les-pairs\\\/#primaryimage\"},\"thumbnailUrl\":\"https:\\\/\\\/youngcaregiversconnect.ca\\\/wp-content\\\/uploads\\\/2021\\\/01\\\/Online-support-group.jpg\",\"datePublished\":\"2020-12-14T14:36:07+00:00\",\"dateModified\":\"2024-09-18T15:40:08+00:00\",\"breadcrumb\":{\"@id\":\"https:\\\/\\\/youngcaregiversconnect.ca\\\/fr\\\/rejoignez-notre-groupe-de-soutien-par-les-pairs\\\/#breadcrumb\"},\"inLanguage\":\"fr-FR\",\"potentialAction\":[{\"@type\":\"ReadAction\",\"target\":[\"https:\\\/\\\/youngcaregiversconnect.ca\\\/fr\\\/rejoignez-notre-groupe-de-soutien-par-les-pairs\\\/\"]}]},{\"@type\":\"ImageObject\",\"inLanguage\":\"fr-FR\",\"@id\":\"https:\\\/\\\/youngcaregiversconnect.ca\\\/fr\\\/rejoignez-notre-groupe-de-soutien-par-les-pairs\\\/#primaryimage\",\"url\":\"https:\\\/\\\/youngcaregiversconnect.ca\\\/wp-content\\\/uploads\\\/2021\\\/01\\\/Online-support-group.jpg\",\"contentUrl\":\"https:\\\/\\\/youngcaregiversconnect.ca\\\/wp-content\\\/uploads\\\/2021\\\/01\\\/Online-support-group.jpg\",\"width\":1600,\"height\":1067,\"caption\":\"Back view of female employee speak talk on video call with diverse multiracial colleagues on online briefing, woman worker have Webcam group conference with coworkers on modern laptop at home\"},{\"@type\":\"BreadcrumbList\",\"@id\":\"https:\\\/\\\/youngcaregiversconnect.ca\\\/fr\\\/rejoignez-notre-groupe-de-soutien-par-les-pairs\\\/#breadcrumb\",\"itemListElement\":[{\"@type\":\"ListItem\",\"position\":1,\"name\":\"Accueil\",\"item\":\"https:\\\/\\\/youngcaregiversconnect.ca\\\/fr\\\/\"},{\"@type\":\"ListItem\",\"position\":2,\"name\":\"Rejoins notre groupe de soutien par les pairs\"}]},{\"@type\":\"WebSite\",\"@id\":\"http:\\\/\\\/youngcaregiversconnect.ca\\\/fr\\\/#website\",\"url\":\"http:\\\/\\\/youngcaregiversconnect.ca\\\/fr\\\/\",\"name\":\"Young Caregivers Connect\",\"description\":\"Just another WordPress site\",\"potentialAction\":[{\"@type\":\"SearchAction\",\"target\":{\"@type\":\"EntryPoint\",\"urlTemplate\":\"http:\\\/\\\/youngcaregiversconnect.ca\\\/fr\\\/?s={search_term_string}\"},\"query-input\":{\"@type\":\"PropertyValueSpecification\",\"valueRequired\":true,\"valueName\":\"search_term_string\"}}],\"inLanguage\":\"fr-FR\"}]}<\/script>\n<!-- \/ Yoast SEO plugin. -->","yoast_head_json":{"title":"Rejoins notre groupe de soutien par les pairs - Young Caregivers Connect","robots":{"index":"index","follow":"follow","max-snippet":"max-snippet:-1","max-image-preview":"max-image-preview:large","max-video-preview":"max-video-preview:-1"},"canonical":"https:\/\/youngcaregiversconnect.ca\/fr\/rejoignez-notre-groupe-de-soutien-par-les-pairs\/","og_locale":"fr_FR","og_type":"article","og_title":"Rejoins notre groupe de soutien par les pairs - Young Caregivers Connect","og_description":"Un endroit s\u00fbr pour partager. Ce groupe de soutien par les pairs s\u2019adresse aux jeunes de 15 \u00e0 25 ans qui aident \u00e0 r\u00e9pondre aux besoins physiques, mentaux ou \u00e9motionnels d\u2019un membre de la famille, d\u2019un ami ou d\u2019un voisin. C\u2019est un endroit s\u00fbr pour partager ses sentiments et \u00e9couter d\u2019autres jeunes qui vivent des [&hellip;]","og_url":"https:\/\/youngcaregiversconnect.ca\/fr\/rejoignez-notre-groupe-de-soutien-par-les-pairs\/","og_site_name":"Young Caregivers Connect","article_modified_time":"2024-09-18T15:40:08+00:00","og_image":[{"width":1600,"height":1067,"url":"https:\/\/youngcaregiversconnect.ca\/wp-content\/uploads\/2021\/01\/Online-support-group.jpg","type":"image\/jpeg"}],"twitter_card":"summary_large_image","twitter_misc":{"Est. reading time":"1 minute"},"schema":{"@context":"https:\/\/schema.org","@graph":[{"@type":"WebPage","@id":"https:\/\/youngcaregiversconnect.ca\/fr\/rejoignez-notre-groupe-de-soutien-par-les-pairs\/","url":"https:\/\/youngcaregiversconnect.ca\/fr\/rejoignez-notre-groupe-de-soutien-par-les-pairs\/","name":"Rejoins notre groupe de soutien par les pairs - Young Caregivers Connect","isPartOf":{"@id":"http:\/\/youngcaregiversconnect.ca\/fr\/#website"},"primaryImageOfPage":{"@id":"https:\/\/youngcaregiversconnect.ca\/fr\/rejoignez-notre-groupe-de-soutien-par-les-pairs\/#primaryimage"},"image":{"@id":"https:\/\/youngcaregiversconnect.ca\/fr\/rejoignez-notre-groupe-de-soutien-par-les-pairs\/#primaryimage"},"thumbnailUrl":"https:\/\/youngcaregiversconnect.ca\/wp-content\/uploads\/2021\/01\/Online-support-group.jpg","datePublished":"2020-12-14T14:36:07+00:00","dateModified":"2024-09-18T15:40:08+00:00","breadcrumb":{"@id":"https:\/\/youngcaregiversconnect.ca\/fr\/rejoignez-notre-groupe-de-soutien-par-les-pairs\/#breadcrumb"},"inLanguage":"fr-FR","potentialAction":[{"@type":"ReadAction","target":["https:\/\/youngcaregiversconnect.ca\/fr\/rejoignez-notre-groupe-de-soutien-par-les-pairs\/"]}]},{"@type":"ImageObject","inLanguage":"fr-FR","@id":"https:\/\/youngcaregiversconnect.ca\/fr\/rejoignez-notre-groupe-de-soutien-par-les-pairs\/#primaryimage","url":"https:\/\/youngcaregiversconnect.ca\/wp-content\/uploads\/2021\/01\/Online-support-group.jpg","contentUrl":"https:\/\/youngcaregiversconnect.ca\/wp-content\/uploads\/2021\/01\/Online-support-group.jpg","width":1600,"height":1067,"caption":"Back view of female employee speak talk on video call with diverse multiracial colleagues on online briefing, woman worker have Webcam group conference with coworkers on modern laptop at home"},{"@type":"BreadcrumbList","@id":"https:\/\/youngcaregiversconnect.ca\/fr\/rejoignez-notre-groupe-de-soutien-par-les-pairs\/#breadcrumb","itemListElement":[{"@type":"ListItem","position":1,"name":"Accueil","item":"https:\/\/youngcaregiversconnect.ca\/fr\/"},{"@type":"ListItem","position":2,"name":"Rejoins notre groupe de soutien par les pairs"}]},{"@type":"WebSite","@id":"http:\/\/youngcaregiversconnect.ca\/fr\/#website","url":"http:\/\/youngcaregiversconnect.ca\/fr\/","name":"Young Caregivers Connect","description":"Just another WordPress site","potentialAction":[{"@type":"SearchAction","target":{"@type":"EntryPoint","urlTemplate":"http:\/\/youngcaregiversconnect.ca\/fr\/?s={search_term_string}"},"query-input":{"@type":"PropertyValueSpecification","valueRequired":true,"valueName":"search_term_string"}}],"inLanguage":"fr-FR"}]}},"_links":{"self":[{"href":"https:\/\/youngcaregiversconnect.ca\/fr\/wp-json\/wp\/v2\/pages\/424","targetHints":{"allow":["GET"]}}],"collection":[{"href":"https:\/\/youngcaregiversconnect.ca\/fr\/wp-json\/wp\/v2\/pages"}],"about":[{"href":"https:\/\/youngcaregiversconnect.ca\/fr\/wp-json\/wp\/v2\/types\/page"}],"author":[{"embeddable":true,"href":"https:\/\/youngcaregiversconnect.ca\/fr\/wp-json\/wp\/v2\/users\/1"}],"replies":[{"embeddable":true,"href":"https:\/\/youngcaregiversconnect.ca\/fr\/wp-json\/wp\/v2\/comments?post=424"}],"version-history":[{"count":11,"href":"https:\/\/youngcaregiversconnect.ca\/fr\/wp-json\/wp\/v2\/pages\/424\/revisions"}],"predecessor-version":[{"id":184712,"href":"https:\/\/youngcaregiversconnect.ca\/fr\/wp-json\/wp\/v2\/pages\/424\/revisions\/184712"}],"wp:featuredmedia":[{"embeddable":true,"href":"https:\/\/youngcaregiversconnect.ca\/fr\/wp-json\/wp\/v2\/media\/576"}],"wp:attachment":[{"href":"https:\/\/youngcaregiversconnect.ca\/fr\/wp-json\/wp\/v2\/media?parent=424"}],"curies":[{"name":"wp","href":"https:\/\/api.w.org\/{rel}","templated":true}]}}