{"id":429,"date":"2020-12-14T22:08:51","date_gmt":"2020-12-15T03:08:51","guid":{"rendered":"http:\/\/youngcaregiversconnect.ca\/managing-emotions\/"},"modified":"2021-02-05T15:42:38","modified_gmt":"2021-02-05T20:42:38","slug":"gerer-les-emotions","status":"publish","type":"page","link":"https:\/\/youngcaregiversconnect.ca\/fr\/gerer-les-emotions\/","title":{"rendered":"G\u00e9rer les \u00e9motions"},"content":{"rendered":"\n<h1 class=\"wp-block-heading\"><strong>Conseils pour g\u00e9rer tes \u00e9motions.<\/strong><\/h1>\n\n\n\n<p>S\u2019occuper d\u2019un proche peut \u00eatre extr\u00eamement gratifiant, mais peut aussi avoir des cons\u00e9quences \u00e9motionnelles. \u00c0 diff\u00e9rents moments, tu peux te sentir frustr\u00e9, accabl\u00e9, anxieux ou \u00e9puis\u00e9. \u00catre un jeune aidant naturel peut \u00e9galement ajouter un stress suppl\u00e9mentaire \u00e0 ce qui est d\u00e9j\u00e0 une p\u00e9riode stressante de la vie.<\/p>\n\n\n\n<p><strong>Parles-en<\/strong><\/p>\n\n\n\n<p>Essaie de te confier \u00e0 un membre de ta famille ou \u00e0 un ami \u00e0 propos de ton \u00e9tat \u00e9motionnel. Par ailleurs, tu trouveras peut-\u00eatre qu\u2019entrer en contact avec d\u2019autres jeunes aidants naturels qui comprennent ta situation peut aider \u00e0 r\u00e9duire le stress et le sentiment d\u2019isolement. Parles-en dans notre <strong><u><a href=\"http:\/\/youngcaregiversconnect.ca\/fr\/forums\/\" target=\"_blank\" rel=\"noreferrer noopener\">forum de discussion<\/a><\/u><\/strong> en ligne.<\/p>\n\n\n\n<p><strong><strong>Accorde-toi une pause<\/strong><\/strong><\/p>\n\n\n\n<p>Prends un peu de temps pour \u00eatre seul. M\u00eame 30 minutes loin des gens et du stress, peuvent t\u2019aider \u00e0 retrouver ton \u00e9quilibre.<\/p>\n\n\n\n<p><strong>Transpire<\/strong><\/p>\n\n\n\n<p>L\u2019exercice sous presque toutes ses formes &#8211; du yoga \u00e0 la course &#8211; peut agir comme un anti-stress. Lorsque tu es physiquement actif, ton corps lib\u00e8re des endorphines qui te font du bien.<\/p>\n\n\n\n<p><strong><strong>Dors<\/strong><\/strong><\/p>\n\n\n\n<p>Le sommeil aide \u00e0 rajeunir ton corps et ton esprit. Parfois, des probl\u00e8mes ou des sentiments qui paraissaient insurmontables la veille peuvent sembler plus faciles \u00e0 g\u00e9rer apr\u00e8s une bonne nuit de sommeil.<\/p>\n\n\n\n<p><strong>Exprime-toi<br><\/strong>Quand tu es stress\u00e9, tu peux parfois sentir beaucoup de pression et avoir des pens\u00e9es n\u00e9gatives. \u00c9crire ce que tu ressens peut t\u2019aider \u00e0 ext\u00e9rioriser ces sentiments. Tu peux aussi trouver utile de t\u2019exprimer par l\u2019art, la danse, le chant ou le th\u00e9\u00e2tre.<\/p>\n\n\n\n<p><\/p>\n","protected":false},"excerpt":{"rendered":"<p>Conseils pour g\u00e9rer tes \u00e9motions. S\u2019occuper d\u2019un proche peut \u00eatre extr\u00eamement gratifiant, mais peut aussi avoir des cons\u00e9quences \u00e9motionnelles. \u00c0 diff\u00e9rents moments, tu peux te sentir frustr\u00e9, accabl\u00e9, anxieux ou \u00e9puis\u00e9. \u00catre un jeune aidant naturel peut \u00e9galement ajouter un stress suppl\u00e9mentaire \u00e0 ce qui est d\u00e9j\u00e0 une p\u00e9riode stressante de la vie. Parles-en Essaie [&hellip;]<\/p>\n","protected":false},"author":1,"featured_media":580,"parent":0,"menu_order":0,"comment_status":"closed","ping_status":"closed","template":"page-intro.php","meta":{"_acf_changed":false,"_bbp_topic_count":0,"_bbp_reply_count":0,"_bbp_total_topic_count":0,"_bbp_total_reply_count":0,"_bbp_voice_count":0,"_bbp_anonymous_reply_count":0,"_bbp_topic_count_hidden":0,"_bbp_reply_count_hidden":0,"_bbp_forum_subforum_count":0,"inline_featured_image":false,"footnotes":""},"class_list":["post-429","page","type-page","status-publish","has-post-thumbnail","hentry"],"acf":[],"yoast_head":"<!-- This site is optimized with the Yoast SEO plugin v27.3 - https:\/\/yoast.com\/product\/yoast-seo-wordpress\/ -->\n<title>G\u00e9rer les \u00e9motions - Young Caregivers Connect<\/title>\n<meta name=\"robots\" content=\"index, follow, max-snippet:-1, max-image-preview:large, max-video-preview:-1\" \/>\n<link rel=\"canonical\" href=\"https:\/\/youngcaregiversconnect.ca\/fr\/gerer-les-emotions\/\" \/>\n<meta property=\"og:locale\" content=\"fr_FR\" \/>\n<meta property=\"og:type\" content=\"article\" \/>\n<meta property=\"og:title\" content=\"G\u00e9rer les \u00e9motions - Young Caregivers Connect\" \/>\n<meta property=\"og:description\" content=\"Conseils pour g\u00e9rer tes \u00e9motions. S\u2019occuper d\u2019un proche peut \u00eatre extr\u00eamement gratifiant, mais peut aussi avoir des cons\u00e9quences \u00e9motionnelles. \u00c0 diff\u00e9rents moments, tu peux te sentir frustr\u00e9, accabl\u00e9, anxieux ou \u00e9puis\u00e9. \u00catre un jeune aidant naturel peut \u00e9galement ajouter un stress suppl\u00e9mentaire \u00e0 ce qui est d\u00e9j\u00e0 une p\u00e9riode stressante de la vie. Parles-en Essaie [&hellip;]\" \/>\n<meta property=\"og:url\" content=\"https:\/\/youngcaregiversconnect.ca\/fr\/gerer-les-emotions\/\" \/>\n<meta property=\"og:site_name\" content=\"Young Caregivers Connect\" \/>\n<meta property=\"article:modified_time\" content=\"2021-02-05T20:42:38+00:00\" \/>\n<meta property=\"og:image\" content=\"http:\/\/youngcaregiversconnect.ca\/wp-content\/uploads\/2021\/01\/Managing-emotions.jpg\" \/>\n\t<meta property=\"og:image:width\" content=\"1600\" \/>\n\t<meta property=\"og:image:height\" content=\"1067\" \/>\n\t<meta property=\"og:image:type\" content=\"image\/jpeg\" \/>\n<meta name=\"twitter:card\" content=\"summary_large_image\" \/>\n<meta name=\"twitter:label1\" content=\"Est. reading time\" \/>\n\t<meta name=\"twitter:data1\" content=\"2 minutes\" \/>\n<script type=\"application\/ld+json\" class=\"yoast-schema-graph\">{\"@context\":\"https:\\\/\\\/schema.org\",\"@graph\":[{\"@type\":\"WebPage\",\"@id\":\"https:\\\/\\\/youngcaregiversconnect.ca\\\/fr\\\/gerer-les-emotions\\\/\",\"url\":\"https:\\\/\\\/youngcaregiversconnect.ca\\\/fr\\\/gerer-les-emotions\\\/\",\"name\":\"G\u00e9rer les \u00e9motions - Young Caregivers Connect\",\"isPartOf\":{\"@id\":\"http:\\\/\\\/youngcaregiversconnect.ca\\\/fr\\\/#website\"},\"primaryImageOfPage\":{\"@id\":\"https:\\\/\\\/youngcaregiversconnect.ca\\\/fr\\\/gerer-les-emotions\\\/#primaryimage\"},\"image\":{\"@id\":\"https:\\\/\\\/youngcaregiversconnect.ca\\\/fr\\\/gerer-les-emotions\\\/#primaryimage\"},\"thumbnailUrl\":\"https:\\\/\\\/youngcaregiversconnect.ca\\\/wp-content\\\/uploads\\\/2021\\\/01\\\/Managing-emotions.jpg\",\"datePublished\":\"2020-12-15T03:08:51+00:00\",\"dateModified\":\"2021-02-05T20:42:38+00:00\",\"breadcrumb\":{\"@id\":\"https:\\\/\\\/youngcaregiversconnect.ca\\\/fr\\\/gerer-les-emotions\\\/#breadcrumb\"},\"inLanguage\":\"fr-FR\",\"potentialAction\":[{\"@type\":\"ReadAction\",\"target\":[\"https:\\\/\\\/youngcaregiversconnect.ca\\\/fr\\\/gerer-les-emotions\\\/\"]}]},{\"@type\":\"ImageObject\",\"inLanguage\":\"fr-FR\",\"@id\":\"https:\\\/\\\/youngcaregiversconnect.ca\\\/fr\\\/gerer-les-emotions\\\/#primaryimage\",\"url\":\"https:\\\/\\\/youngcaregiversconnect.ca\\\/wp-content\\\/uploads\\\/2021\\\/01\\\/Managing-emotions.jpg\",\"contentUrl\":\"https:\\\/\\\/youngcaregiversconnect.ca\\\/wp-content\\\/uploads\\\/2021\\\/01\\\/Managing-emotions.jpg\",\"width\":1600,\"height\":1067,\"caption\":\"Two female young adults sit closely together, with their heads resting against each others, during a group therapy session. One is of African decent and the other is of Indian decent. Bother are dressed casually and are sitting among their multi-ethnic peers with smiles on their faces.\"},{\"@type\":\"BreadcrumbList\",\"@id\":\"https:\\\/\\\/youngcaregiversconnect.ca\\\/fr\\\/gerer-les-emotions\\\/#breadcrumb\",\"itemListElement\":[{\"@type\":\"ListItem\",\"position\":1,\"name\":\"Accueil\",\"item\":\"https:\\\/\\\/youngcaregiversconnect.ca\\\/fr\\\/\"},{\"@type\":\"ListItem\",\"position\":2,\"name\":\"G\u00e9rer les \u00e9motions\"}]},{\"@type\":\"WebSite\",\"@id\":\"http:\\\/\\\/youngcaregiversconnect.ca\\\/fr\\\/#website\",\"url\":\"http:\\\/\\\/youngcaregiversconnect.ca\\\/fr\\\/\",\"name\":\"Young Caregivers Connect\",\"description\":\"Just another WordPress site\",\"potentialAction\":[{\"@type\":\"SearchAction\",\"target\":{\"@type\":\"EntryPoint\",\"urlTemplate\":\"http:\\\/\\\/youngcaregiversconnect.ca\\\/fr\\\/?s={search_term_string}\"},\"query-input\":{\"@type\":\"PropertyValueSpecification\",\"valueRequired\":true,\"valueName\":\"search_term_string\"}}],\"inLanguage\":\"fr-FR\"}]}<\/script>\n<!-- \/ Yoast SEO plugin. -->","yoast_head_json":{"title":"G\u00e9rer les \u00e9motions - Young Caregivers Connect","robots":{"index":"index","follow":"follow","max-snippet":"max-snippet:-1","max-image-preview":"max-image-preview:large","max-video-preview":"max-video-preview:-1"},"canonical":"https:\/\/youngcaregiversconnect.ca\/fr\/gerer-les-emotions\/","og_locale":"fr_FR","og_type":"article","og_title":"G\u00e9rer les \u00e9motions - Young Caregivers Connect","og_description":"Conseils pour g\u00e9rer tes \u00e9motions. S\u2019occuper d\u2019un proche peut \u00eatre extr\u00eamement gratifiant, mais peut aussi avoir des cons\u00e9quences \u00e9motionnelles. \u00c0 diff\u00e9rents moments, tu peux te sentir frustr\u00e9, accabl\u00e9, anxieux ou \u00e9puis\u00e9. \u00catre un jeune aidant naturel peut \u00e9galement ajouter un stress suppl\u00e9mentaire \u00e0 ce qui est d\u00e9j\u00e0 une p\u00e9riode stressante de la vie. Parles-en Essaie [&hellip;]","og_url":"https:\/\/youngcaregiversconnect.ca\/fr\/gerer-les-emotions\/","og_site_name":"Young Caregivers Connect","article_modified_time":"2021-02-05T20:42:38+00:00","og_image":[{"width":1600,"height":1067,"url":"http:\/\/youngcaregiversconnect.ca\/wp-content\/uploads\/2021\/01\/Managing-emotions.jpg","type":"image\/jpeg"}],"twitter_card":"summary_large_image","twitter_misc":{"Est. reading time":"2 minutes"},"schema":{"@context":"https:\/\/schema.org","@graph":[{"@type":"WebPage","@id":"https:\/\/youngcaregiversconnect.ca\/fr\/gerer-les-emotions\/","url":"https:\/\/youngcaregiversconnect.ca\/fr\/gerer-les-emotions\/","name":"G\u00e9rer les \u00e9motions - Young Caregivers Connect","isPartOf":{"@id":"http:\/\/youngcaregiversconnect.ca\/fr\/#website"},"primaryImageOfPage":{"@id":"https:\/\/youngcaregiversconnect.ca\/fr\/gerer-les-emotions\/#primaryimage"},"image":{"@id":"https:\/\/youngcaregiversconnect.ca\/fr\/gerer-les-emotions\/#primaryimage"},"thumbnailUrl":"https:\/\/youngcaregiversconnect.ca\/wp-content\/uploads\/2021\/01\/Managing-emotions.jpg","datePublished":"2020-12-15T03:08:51+00:00","dateModified":"2021-02-05T20:42:38+00:00","breadcrumb":{"@id":"https:\/\/youngcaregiversconnect.ca\/fr\/gerer-les-emotions\/#breadcrumb"},"inLanguage":"fr-FR","potentialAction":[{"@type":"ReadAction","target":["https:\/\/youngcaregiversconnect.ca\/fr\/gerer-les-emotions\/"]}]},{"@type":"ImageObject","inLanguage":"fr-FR","@id":"https:\/\/youngcaregiversconnect.ca\/fr\/gerer-les-emotions\/#primaryimage","url":"https:\/\/youngcaregiversconnect.ca\/wp-content\/uploads\/2021\/01\/Managing-emotions.jpg","contentUrl":"https:\/\/youngcaregiversconnect.ca\/wp-content\/uploads\/2021\/01\/Managing-emotions.jpg","width":1600,"height":1067,"caption":"Two female young adults sit closely together, with their heads resting against each others, during a group therapy session. One is of African decent and the other is of Indian decent. Bother are dressed casually and are sitting among their multi-ethnic peers with smiles on their faces."},{"@type":"BreadcrumbList","@id":"https:\/\/youngcaregiversconnect.ca\/fr\/gerer-les-emotions\/#breadcrumb","itemListElement":[{"@type":"ListItem","position":1,"name":"Accueil","item":"https:\/\/youngcaregiversconnect.ca\/fr\/"},{"@type":"ListItem","position":2,"name":"G\u00e9rer les \u00e9motions"}]},{"@type":"WebSite","@id":"http:\/\/youngcaregiversconnect.ca\/fr\/#website","url":"http:\/\/youngcaregiversconnect.ca\/fr\/","name":"Young Caregivers Connect","description":"Just another WordPress site","potentialAction":[{"@type":"SearchAction","target":{"@type":"EntryPoint","urlTemplate":"http:\/\/youngcaregiversconnect.ca\/fr\/?s={search_term_string}"},"query-input":{"@type":"PropertyValueSpecification","valueRequired":true,"valueName":"search_term_string"}}],"inLanguage":"fr-FR"}]}},"_links":{"self":[{"href":"https:\/\/youngcaregiversconnect.ca\/fr\/wp-json\/wp\/v2\/pages\/429","targetHints":{"allow":["GET"]}}],"collection":[{"href":"https:\/\/youngcaregiversconnect.ca\/fr\/wp-json\/wp\/v2\/pages"}],"about":[{"href":"https:\/\/youngcaregiversconnect.ca\/fr\/wp-json\/wp\/v2\/types\/page"}],"author":[{"embeddable":true,"href":"https:\/\/youngcaregiversconnect.ca\/fr\/wp-json\/wp\/v2\/users\/1"}],"replies":[{"embeddable":true,"href":"https:\/\/youngcaregiversconnect.ca\/fr\/wp-json\/wp\/v2\/comments?post=429"}],"version-history":[{"count":5,"href":"https:\/\/youngcaregiversconnect.ca\/fr\/wp-json\/wp\/v2\/pages\/429\/revisions"}],"predecessor-version":[{"id":1103,"href":"https:\/\/youngcaregiversconnect.ca\/fr\/wp-json\/wp\/v2\/pages\/429\/revisions\/1103"}],"wp:featuredmedia":[{"embeddable":true,"href":"https:\/\/youngcaregiversconnect.ca\/fr\/wp-json\/wp\/v2\/media\/580"}],"wp:attachment":[{"href":"https:\/\/youngcaregiversconnect.ca\/fr\/wp-json\/wp\/v2\/media?parent=429"}],"curies":[{"name":"wp","href":"https:\/\/api.w.org\/{rel}","templated":true}]}}