{"id":439,"date":"2020-12-14T22:06:28","date_gmt":"2020-12-15T03:06:28","guid":{"rendered":"http:\/\/youngcaregiversconnect.ca\/ways-to-cope\/"},"modified":"2021-02-04T14:53:20","modified_gmt":"2021-02-04T19:53:20","slug":"facons-de-faire-face","status":"publish","type":"page","link":"https:\/\/youngcaregiversconnect.ca\/fr\/facons-de-faire-face\/","title":{"rendered":"Fa\u00e7ons de faire face"},"content":{"rendered":"\n<h1 class=\"wp-block-heading\"><strong>Conseils pour t\u2019aider \u00e0 faire face \u00e0 la situation<\/strong><\/h1>\n\n\n\n<p>En tant qu\u2019aidant naturel, tu joues un r\u00f4le essentiel dans ton foyer, mais g\u00e9rer toutes tes nombreuses responsabilit\u00e9s peut \u00eatre difficile. Voici quelques conseils pour t\u2019aider \u00e0 y faire face..<\/p>\n\n\n\n<p><strong>Parles-en<\/strong><\/p>\n\n\n\n<p>Parler franchement avec la personne dont tu t\u2019occupes peut vous aider tous les deux \u00e0 vous entendre de fa\u00e7on claire sur ton r\u00f4le. Sois honn\u00eate sur le soutien que tu es en mesure de fournir pour aider \u00e0 g\u00e9rer les attentes de ton proche.<\/p>\n\n\n\n<p><strong>Entre en contact avec d\u2019autres jeunes aidants naturels<\/strong><\/p>\n\n\n\n<p>D\u2019autres jeunes aidants naturels qui comprennent les d\u00e9fis auxquels tu es confront\u00e9 peuvent \u00eatre une grande source de conseils, d\u2019astuces et de soutien \u00e9motionnel. Parles-en dans notre <strong><u><a href=\"http:\/\/youngcaregiversconnect.ca\/fr\/forums\/\" target=\"_blank\" rel=\"noreferrer noopener\">forum de discussion<\/a><\/u><\/strong> en ligne.<\/p>\n\n\n\n<p><strong>Demande de l\u2019aide<\/strong><\/p>\n\n\n\n<p>Tout le monde a besoin d\u2019aide de temps en temps. R\u00e9fl\u00e9chis au type de soutien dont tu as besoin et aux personnes qui pourraient t\u2019aider. Peut-\u00eatre qu\u2019un parent pourrait intervenir pour te relayer pendant quelques heures. Peut-\u00eatre qu\u2019un professeur peut prolonger un d\u00e9lai de devoir ou d\u2019examen. Peut-\u00eatre qu\u2019un ami pourrait faire quelques courses pour toi.<\/p>\n\n\n\n<p><strong>Planifie<br><\/strong>Une longue liste de choses \u00e0 faire peut sembler \u00e9crasante et tu ne sais peut-\u00eatre pas par o\u00f9 commencer. Un bon conseil est de choisir une petite t\u00e2che que tu peux faire rapidement &#8211; cela te fera du bien de cocher quelque chose sur ta liste et t\u2019aidera \u00e0 te concentrer sur le reste. Un autre conseil est de r\u00e9diger ta liste de choses \u00e0 faire au d\u00e9but de chaque journ\u00e9e. Tu n\u2019auras pas ainsi \u00e0 t\u2019en soucier toute la nuit et tu ne perdras pas le sommeil.<\/p>\n\n\n\n<p><strong>Apprends autant que tu peux<\/strong><\/p>\n\n\n\n<ul class=\"wp-block-list\"><li>Appelle la ligne d\u2019assistance aux aidants naturels 24h\/24 et 7j\/7 au 1-833-416-2273 (CARE) pour parler \u00e0 un sp\u00e9cialiste des ressources communautaires<\/li><li>Utilise notre <strong><u><a href=\"http:\/\/youngcaregiversconnect.ca\/fr\/live-chat\/\" target=\"_blank\" rel=\"noreferrer noopener\">clavardage en direct<\/a><\/u><\/strong> pour trouver des ressources dans ta communaut\u00e9 et rejoins la conversation dans notre <strong><u><a href=\"http:\/\/youngcaregiversconnect.ca\/fr\/forums\/\" target=\"_blank\" rel=\"noreferrer noopener\">forum en ligne<\/a><\/u><\/strong><\/li><li>Cherche sur ce site Web des informations, des ressources et du soutien<\/li><li>Parles-en \u00e0 ton m\u00e9decin de famille, au m\u00e9decin de ton proche ou \u00e0 un autre prestataire de soins de sant\u00e9. Pr\u00e9pare une liste de questions pour les rendez-vous<\/li><li>Compose le 211 ou rends-toi sur <a href=\"http:\/\/www.211.ca\/fr\" target=\"_blank\" rel=\"noreferrer noopener\">www.211.ca<\/a>\u00a0pour obtenir des informations gratuites et confidentielles sur les services de sant\u00e9 et communautaires canadiens offerts dans ta r\u00e9gion<\/li><\/ul>\n","protected":false},"excerpt":{"rendered":"<p>Conseils pour t\u2019aider \u00e0 faire face \u00e0 la situation En tant qu\u2019aidant naturel, tu joues un r\u00f4le essentiel dans ton foyer, mais g\u00e9rer toutes tes nombreuses responsabilit\u00e9s peut \u00eatre difficile. Voici quelques conseils pour t\u2019aider \u00e0 y faire face.. Parles-en Parler franchement avec la personne dont tu t\u2019occupes peut vous aider tous les deux \u00e0 [&hellip;]<\/p>\n","protected":false},"author":1,"featured_media":549,"parent":0,"menu_order":0,"comment_status":"closed","ping_status":"closed","template":"page-intro.php","meta":{"_acf_changed":false,"_bbp_topic_count":0,"_bbp_reply_count":0,"_bbp_total_topic_count":0,"_bbp_total_reply_count":0,"_bbp_voice_count":0,"_bbp_anonymous_reply_count":0,"_bbp_topic_count_hidden":0,"_bbp_reply_count_hidden":0,"_bbp_forum_subforum_count":0,"inline_featured_image":false,"footnotes":""},"class_list":["post-439","page","type-page","status-publish","has-post-thumbnail","hentry"],"acf":[],"yoast_head":"<!-- This site is optimized with the Yoast SEO plugin v27.3 - https:\/\/yoast.com\/product\/yoast-seo-wordpress\/ -->\n<title>Fa\u00e7ons de faire face - Young Caregivers Connect<\/title>\n<meta name=\"robots\" content=\"index, follow, max-snippet:-1, max-image-preview:large, max-video-preview:-1\" \/>\n<link rel=\"canonical\" href=\"https:\/\/youngcaregiversconnect.ca\/fr\/facons-de-faire-face\/\" \/>\n<meta property=\"og:locale\" content=\"fr_FR\" \/>\n<meta property=\"og:type\" content=\"article\" \/>\n<meta property=\"og:title\" content=\"Fa\u00e7ons de faire face - Young Caregivers Connect\" \/>\n<meta property=\"og:description\" content=\"Conseils pour t\u2019aider \u00e0 faire face \u00e0 la situation En tant qu\u2019aidant naturel, tu joues un r\u00f4le essentiel dans ton foyer, mais g\u00e9rer toutes tes nombreuses responsabilit\u00e9s peut \u00eatre difficile. Voici quelques conseils pour t\u2019aider \u00e0 y faire face.. Parles-en Parler franchement avec la personne dont tu t\u2019occupes peut vous aider tous les deux \u00e0 [&hellip;]\" \/>\n<meta property=\"og:url\" content=\"https:\/\/youngcaregiversconnect.ca\/fr\/facons-de-faire-face\/\" \/>\n<meta property=\"og:site_name\" content=\"Young Caregivers Connect\" \/>\n<meta property=\"article:modified_time\" content=\"2021-02-04T19:53:20+00:00\" \/>\n<meta property=\"og:image\" content=\"http:\/\/youngcaregiversconnect.ca\/wp-content\/uploads\/2021\/01\/Ways-to-cope-scaled.jpg\" \/>\n\t<meta property=\"og:image:width\" content=\"2560\" \/>\n\t<meta property=\"og:image:height\" content=\"1231\" \/>\n\t<meta property=\"og:image:type\" content=\"image\/jpeg\" \/>\n<meta name=\"twitter:card\" content=\"summary_large_image\" \/>\n<meta name=\"twitter:label1\" content=\"Est. reading time\" \/>\n\t<meta name=\"twitter:data1\" content=\"2 minutes\" \/>\n<script type=\"application\/ld+json\" class=\"yoast-schema-graph\">{\"@context\":\"https:\\\/\\\/schema.org\",\"@graph\":[{\"@type\":\"WebPage\",\"@id\":\"https:\\\/\\\/youngcaregiversconnect.ca\\\/fr\\\/facons-de-faire-face\\\/\",\"url\":\"https:\\\/\\\/youngcaregiversconnect.ca\\\/fr\\\/facons-de-faire-face\\\/\",\"name\":\"Fa\u00e7ons de faire face - Young Caregivers Connect\",\"isPartOf\":{\"@id\":\"http:\\\/\\\/youngcaregiversconnect.ca\\\/fr\\\/#website\"},\"primaryImageOfPage\":{\"@id\":\"https:\\\/\\\/youngcaregiversconnect.ca\\\/fr\\\/facons-de-faire-face\\\/#primaryimage\"},\"image\":{\"@id\":\"https:\\\/\\\/youngcaregiversconnect.ca\\\/fr\\\/facons-de-faire-face\\\/#primaryimage\"},\"thumbnailUrl\":\"https:\\\/\\\/youngcaregiversconnect.ca\\\/wp-content\\\/uploads\\\/2021\\\/01\\\/Ways-to-cope-scaled.jpg\",\"datePublished\":\"2020-12-15T03:06:28+00:00\",\"dateModified\":\"2021-02-04T19:53:20+00:00\",\"breadcrumb\":{\"@id\":\"https:\\\/\\\/youngcaregiversconnect.ca\\\/fr\\\/facons-de-faire-face\\\/#breadcrumb\"},\"inLanguage\":\"fr-FR\",\"potentialAction\":[{\"@type\":\"ReadAction\",\"target\":[\"https:\\\/\\\/youngcaregiversconnect.ca\\\/fr\\\/facons-de-faire-face\\\/\"]}]},{\"@type\":\"ImageObject\",\"inLanguage\":\"fr-FR\",\"@id\":\"https:\\\/\\\/youngcaregiversconnect.ca\\\/fr\\\/facons-de-faire-face\\\/#primaryimage\",\"url\":\"https:\\\/\\\/youngcaregiversconnect.ca\\\/wp-content\\\/uploads\\\/2021\\\/01\\\/Ways-to-cope-scaled.jpg\",\"contentUrl\":\"https:\\\/\\\/youngcaregiversconnect.ca\\\/wp-content\\\/uploads\\\/2021\\\/01\\\/Ways-to-cope-scaled.jpg\",\"width\":2560,\"height\":1231,\"caption\":\"Beautiful young african american woman over isolated background smiling with hands on chest with closed eyes and grateful gesture on face. Health concept.\"},{\"@type\":\"BreadcrumbList\",\"@id\":\"https:\\\/\\\/youngcaregiversconnect.ca\\\/fr\\\/facons-de-faire-face\\\/#breadcrumb\",\"itemListElement\":[{\"@type\":\"ListItem\",\"position\":1,\"name\":\"Accueil\",\"item\":\"https:\\\/\\\/youngcaregiversconnect.ca\\\/fr\\\/\"},{\"@type\":\"ListItem\",\"position\":2,\"name\":\"Fa\u00e7ons de faire face\"}]},{\"@type\":\"WebSite\",\"@id\":\"http:\\\/\\\/youngcaregiversconnect.ca\\\/fr\\\/#website\",\"url\":\"http:\\\/\\\/youngcaregiversconnect.ca\\\/fr\\\/\",\"name\":\"Young Caregivers Connect\",\"description\":\"Just another WordPress site\",\"potentialAction\":[{\"@type\":\"SearchAction\",\"target\":{\"@type\":\"EntryPoint\",\"urlTemplate\":\"http:\\\/\\\/youngcaregiversconnect.ca\\\/fr\\\/?s={search_term_string}\"},\"query-input\":{\"@type\":\"PropertyValueSpecification\",\"valueRequired\":true,\"valueName\":\"search_term_string\"}}],\"inLanguage\":\"fr-FR\"}]}<\/script>\n<!-- \/ Yoast SEO plugin. -->","yoast_head_json":{"title":"Fa\u00e7ons de faire face - Young Caregivers Connect","robots":{"index":"index","follow":"follow","max-snippet":"max-snippet:-1","max-image-preview":"max-image-preview:large","max-video-preview":"max-video-preview:-1"},"canonical":"https:\/\/youngcaregiversconnect.ca\/fr\/facons-de-faire-face\/","og_locale":"fr_FR","og_type":"article","og_title":"Fa\u00e7ons de faire face - Young Caregivers Connect","og_description":"Conseils pour t\u2019aider \u00e0 faire face \u00e0 la situation En tant qu\u2019aidant naturel, tu joues un r\u00f4le essentiel dans ton foyer, mais g\u00e9rer toutes tes nombreuses responsabilit\u00e9s peut \u00eatre difficile. Voici quelques conseils pour t\u2019aider \u00e0 y faire face.. Parles-en Parler franchement avec la personne dont tu t\u2019occupes peut vous aider tous les deux \u00e0 [&hellip;]","og_url":"https:\/\/youngcaregiversconnect.ca\/fr\/facons-de-faire-face\/","og_site_name":"Young Caregivers Connect","article_modified_time":"2021-02-04T19:53:20+00:00","og_image":[{"width":2560,"height":1231,"url":"http:\/\/youngcaregiversconnect.ca\/wp-content\/uploads\/2021\/01\/Ways-to-cope-scaled.jpg","type":"image\/jpeg"}],"twitter_card":"summary_large_image","twitter_misc":{"Est. reading time":"2 minutes"},"schema":{"@context":"https:\/\/schema.org","@graph":[{"@type":"WebPage","@id":"https:\/\/youngcaregiversconnect.ca\/fr\/facons-de-faire-face\/","url":"https:\/\/youngcaregiversconnect.ca\/fr\/facons-de-faire-face\/","name":"Fa\u00e7ons de faire face - Young Caregivers Connect","isPartOf":{"@id":"http:\/\/youngcaregiversconnect.ca\/fr\/#website"},"primaryImageOfPage":{"@id":"https:\/\/youngcaregiversconnect.ca\/fr\/facons-de-faire-face\/#primaryimage"},"image":{"@id":"https:\/\/youngcaregiversconnect.ca\/fr\/facons-de-faire-face\/#primaryimage"},"thumbnailUrl":"https:\/\/youngcaregiversconnect.ca\/wp-content\/uploads\/2021\/01\/Ways-to-cope-scaled.jpg","datePublished":"2020-12-15T03:06:28+00:00","dateModified":"2021-02-04T19:53:20+00:00","breadcrumb":{"@id":"https:\/\/youngcaregiversconnect.ca\/fr\/facons-de-faire-face\/#breadcrumb"},"inLanguage":"fr-FR","potentialAction":[{"@type":"ReadAction","target":["https:\/\/youngcaregiversconnect.ca\/fr\/facons-de-faire-face\/"]}]},{"@type":"ImageObject","inLanguage":"fr-FR","@id":"https:\/\/youngcaregiversconnect.ca\/fr\/facons-de-faire-face\/#primaryimage","url":"https:\/\/youngcaregiversconnect.ca\/wp-content\/uploads\/2021\/01\/Ways-to-cope-scaled.jpg","contentUrl":"https:\/\/youngcaregiversconnect.ca\/wp-content\/uploads\/2021\/01\/Ways-to-cope-scaled.jpg","width":2560,"height":1231,"caption":"Beautiful young african american woman over isolated background smiling with hands on chest with closed eyes and grateful gesture on face. Health concept."},{"@type":"BreadcrumbList","@id":"https:\/\/youngcaregiversconnect.ca\/fr\/facons-de-faire-face\/#breadcrumb","itemListElement":[{"@type":"ListItem","position":1,"name":"Accueil","item":"https:\/\/youngcaregiversconnect.ca\/fr\/"},{"@type":"ListItem","position":2,"name":"Fa\u00e7ons de faire face"}]},{"@type":"WebSite","@id":"http:\/\/youngcaregiversconnect.ca\/fr\/#website","url":"http:\/\/youngcaregiversconnect.ca\/fr\/","name":"Young Caregivers Connect","description":"Just another WordPress site","potentialAction":[{"@type":"SearchAction","target":{"@type":"EntryPoint","urlTemplate":"http:\/\/youngcaregiversconnect.ca\/fr\/?s={search_term_string}"},"query-input":{"@type":"PropertyValueSpecification","valueRequired":true,"valueName":"search_term_string"}}],"inLanguage":"fr-FR"}]}},"_links":{"self":[{"href":"https:\/\/youngcaregiversconnect.ca\/fr\/wp-json\/wp\/v2\/pages\/439","targetHints":{"allow":["GET"]}}],"collection":[{"href":"https:\/\/youngcaregiversconnect.ca\/fr\/wp-json\/wp\/v2\/pages"}],"about":[{"href":"https:\/\/youngcaregiversconnect.ca\/fr\/wp-json\/wp\/v2\/types\/page"}],"author":[{"embeddable":true,"href":"https:\/\/youngcaregiversconnect.ca\/fr\/wp-json\/wp\/v2\/users\/1"}],"replies":[{"embeddable":true,"href":"https:\/\/youngcaregiversconnect.ca\/fr\/wp-json\/wp\/v2\/comments?post=439"}],"version-history":[{"count":4,"href":"https:\/\/youngcaregiversconnect.ca\/fr\/wp-json\/wp\/v2\/pages\/439\/revisions"}],"predecessor-version":[{"id":1077,"href":"https:\/\/youngcaregiversconnect.ca\/fr\/wp-json\/wp\/v2\/pages\/439\/revisions\/1077"}],"wp:featuredmedia":[{"embeddable":true,"href":"https:\/\/youngcaregiversconnect.ca\/fr\/wp-json\/wp\/v2\/media\/549"}],"wp:attachment":[{"href":"https:\/\/youngcaregiversconnect.ca\/fr\/wp-json\/wp\/v2\/media?parent=439"}],"curies":[{"name":"wp","href":"https:\/\/api.w.org\/{rel}","templated":true}]}}