{"id":607,"date":"2021-01-04T21:18:02","date_gmt":"2021-01-05T02:18:02","guid":{"rendered":"http:\/\/youngcaregiversconnect.ca\/mental-illness\/"},"modified":"2022-03-01T11:39:38","modified_gmt":"2022-03-01T16:39:38","slug":"maladies-mentales","status":"publish","type":"page","link":"https:\/\/youngcaregiversconnect.ca\/fr\/maladies-mentales\/","title":{"rendered":"Maladies mentales"},"content":{"rendered":"\n<h1 class=\"wp-block-heading\"><strong>Je m\u2019occupe d\u2019une personne qui souffre d&#8217;une maladie mentale<\/strong><\/h1>\n\n\n\n<p>Les maladies mentales sont des probl\u00e8mes de sant\u00e9 caus\u00e9s par des changements au niveau de la chimie ou des fonctions du cerveau qui affectent la pens\u00e9e, les sentiments, l\u2019humeur et le comportement d\u2019une personne. Les conditions et la gravit\u00e9 des sympt\u00f4mes comprennent ce qui suit&nbsp;:<\/p>\n\n\n\n<ul class=\"wp-block-list\"><li>Retrait social ou anxi\u00e9t\u00e9 sociale<\/li><li>Anxi\u00e9t\u00e9 et crises d\u2019anxi\u00e9t\u00e9, soit des \u00e9pisodes soudains de peur ou de malaise intense<\/li><li>D\u00e9pression<\/li><li>Troubles alimentaires<\/li><li>Automutilation<\/li><li>Sautes d\u2019humeur extr\u00eames, soit de l\u2019extase \u00e0 la d\u00e9pression, ce qui dans certains cas peut \u00eatre reli\u00e9 \u00e0 un diagnostic d\u2019une maladie bipolaire<\/li><li>Psychoses (d\u00e9lires, parano\u00efa, voix dans la t\u00eate et troubles de la pens\u00e9e et de la parole)<\/li><li>Pens\u00e9es suicidaires &#8211; en cas de situation de crise ou de besoin d\u2019aide imm\u00e9diat, compose le 911&nbsp;<\/li><\/ul>\n\n\n\n<p>Voici quelques moyens de t\u2019aider \u00e0 faire face \u00e0 la situation et de fournir un soutien au membre de ta famille.<\/p>\n\n\n<div id=\"accordion-content-block_606e0706a1326\" class=\"accordion-wrapper \">\n    <div class=\"row column\">\n        <ul class=\"accordion\" data-accordion data-multi-expand=\"true\"  data-allow-all-closed=\"true\">\n\t\t                    <li class=\"accordion-item\" data-accordion-item>\n                    <a href=\"#\" class=\"accordion-title\">G\u00e9rer ses \u00e9motions<\/a>\n                    <div class=\"accordion-content\" data-tab-content id=\"\">\n\t\t\t\t\t    <p>S\u2019occuper d\u2019une personne qui souffre d\u2019un probl\u00e8me de sant\u00e9 mentale peut \u00eatre une v\u00e9ritable montagne russe \u00e9motionnelle. Parfois, tu peux te sentir en col\u00e8re, triste ou d\u00e9pass\u00e9. Si tu es aux prises avec ces \u00e9motions ou d\u2019autres, voici ce que tu peux faire.<\/p>\n<ul>\n<li>Prends une pause \u2013 m\u00eame 30 minutes loin des gens et du stress peuvent t\u2019aider \u00e0 retrouver ton \u00e9quilibre<\/li>\n<li>Sois indulgent envers toi-m\u00eame \u2013 au lieu de penser \u00e0 des choses comme \u00ab\u00a0je devrais en faire plus\u00a0\u00bb, prends le temps de reconna\u00eetre tout ce que tu accomplis. Essaie de penser \u00e0 une ou deux choses que tu as accomplies chaque jour ou qui t\u2019ont donn\u00e9 de la satisfaction<\/li>\n<li>Si la personne s\u2019en prend \u00e0 toi \u2013 souviens-toi que c\u2019est la maladie qui en est la cause<\/li>\n<li>Sois patient \u2013 sache que ses sympt\u00f4mes peuvent varier et que certains jours seront meilleurs que d\u2019autres<\/li>\n<li>Accepte \u2013 tu devras peut-\u00eatre modifier tes attentes envers ton proche<\/li>\n<li>Ce qui arrive n\u2019est pas de ta faute \u2013 personne ne cause des probl\u00e8me de sant\u00e9 mentale chez un autre<\/li>\n<\/ul>\n                    <\/div>\n                <\/li>\n\t\t                    <li class=\"accordion-item\" data-accordion-item>\n                    <a href=\"#\" class=\"accordion-title\">Parles-en<\/a>\n                    <div class=\"accordion-content\" data-tab-content id=\"\">\n\t\t\t\t\t    <ul>\n<li>Confie-toi \u00e0 un ami ou \u00e0 un membre de la famille \u2013 essaie d\u2019\u00eatre aussi franc et sinc\u00e8re que possible. Il n\u2019y a aucune raison d\u2019avoir honte. Parler des probl\u00e8mes de sant\u00e9 mentale aidera \u00e0 briser les stigmates qui y sont attach\u00e9s<\/li>\n<li>Parle \u00e0 un conseiller, \u00e0 un professionnel de la sant\u00e9 mentale ou \u00e0 un conseiller scolaire de ce que tu ressens<\/li>\n<li>Renseigne-toi \u2013 les conseillers en sant\u00e9 mentale peuvent r\u00e9pondre \u00e0 toutes tes questions et peuvent \u00e9galement t\u2019apporter un soutien en cours de route<\/li>\n<\/ul>\n                    <\/div>\n                <\/li>\n\t\t                    <li class=\"accordion-item\" data-accordion-item>\n                    <a href=\"#\" class=\"accordion-title\">Conseils pour faire face \u00e0 des comportements particuliers<\/a>\n                    <div class=\"accordion-content\" data-tab-content id=\"\">\n\t\t\t\t\t    <p>Les sympt\u00f4mes et les comportements varient beaucoup selon la maladie d\u2019une personne. Un conseiller en sant\u00e9 mentale peut te fournir des informations sur la maladie de ton proche selon son diagnostic.<\/p>\n<p>Voici quelques conseils pour faire face aux comportements de ton proche\u00a0:<\/p>\n<ul>\n<li>Aide ton proche \u00e0 distinguer entre la r\u00e9alit\u00e9 et le fantasme \u2013 dis-lui quand tu penses que quelque chose n\u2019est pas r\u00e9el, tout en reconnaissant qu\u2019il peut lui sembler r\u00e9el<\/li>\n<li>Fais-lui savoir que c\u2019est la chimie de son cerveau qui lui fait croire qu\u2019il voit quelque chose<\/li>\n<li>Essaie de le distraire en l\u2019impliquant dans une conversation ou une activit\u00e9<\/li>\n<\/ul>\n<p>Voici quelques conseils pour aider \u00e0 g\u00e9rer les comportements agressifs\u00a0:<\/p>\n<ul>\n<li>Donne des directives fermement, mais calmement, comme \u00ab\u00a0Arr\u00eate s\u2019il-te-pla\u00eet\u00a0\u00bb.<\/li>\n<li>Donne un peu d\u2019espace \u00e0 la personne; si possible, \u00e9loigne-toi de la situation<\/li>\n<li>Discute ouvertement des comportements agressifs ou des menaces avec ta famille et avec un conseiller<\/li>\n<li>Essaie de d\u00e9terminer ce qui d\u00e9clenche certains comportements et r\u00e9actions<\/li>\n<\/ul>\n                    <\/div>\n                <\/li>\n\t\t                    <li class=\"accordion-item\" data-accordion-item>\n                    <a href=\"#\" class=\"accordion-title\">Tu peux demander de l\u2019aide :<\/a>\n                    <div class=\"accordion-content\" data-tab-content id=\"\">\n\t\t\t\t\t    <ul>\n<li>Communique avec\u00a0<strong><u>Connex Ontario<\/u>\u00a0<\/strong>pour obtenir des informations gratuites sur les services de sant\u00e9 pour les personnes qui souffrent de probl\u00e8mes de sant\u00e9 mentale, d\u2019alcoolisme ou de toxicomanie \u00e0 <strong><u><a href=\"http:\/\/connexontario.ca\/fr\" target=\"_blank\" rel=\"noreferrer noopener\">connexontario.ca<\/a><\/u>\u00a0<\/strong>ou compose le 1-866-531-2600. Ceci est disponible 24\/7.<\/li>\n<li>Communique avec Jeunesse, J\u2019\u00e9coute \u2013 visite le site\u00a0<strong><u><a href=\"https:\/\/jeunessejecoute.ca\/\" target=\"_blank\" rel=\"noreferrer noopener\">jeunessejecoute.ca<\/a><\/u><\/strong>, compose le 1-800-668-6868 ou envoie un texto \u00e0 686868<\/li>\n<li>Partage tes exp\u00e9riences et tes pr\u00e9occupations avec d\u2019autres jeunes aidants naturels dans notre\u00a0<strong><a href=\"https:\/\/youngcaregiversconnect.ca\/fr\/rejoignez-notre-groupe-de-soutien-par-les-pairs\/\">groupe de soutien par les pairs en ligne<\/a><\/strong>\u00a0ou participe \u00e0 la conversation dans notre\u00a0<strong><u><a href=\"http:\/\/youngcaregiversconnect.ca\/fr\/forums\/\" target=\"_blank\" rel=\"noreferrer noopener\">forum en ligne<\/a><\/u><\/strong><\/li>\n<li>Voir aussi\u00a0<strong><u><a href=\"https:\/\/youngcaregiversconnect.ca\/addictions-substance-use-disorder\/\" target=\"_blank\" rel=\"noreferrer noopener\">Je m\u2019occupe d\u2019une personne ayant des d\u00e9pendances<\/a><\/u><\/strong><\/li>\n<\/ul>\n<p>Tu ne sais pas par o\u00f9 commencer? Appelle notre\u00a0<strong><u><a href=\"https:\/\/youngcaregiversconnect.ca\/24-7-support\/\" target=\"_blank\" rel=\"noreferrer noopener\">ligne d\u2019assistance 24\u00a0h\/24, 7\u00a0j\/7<\/a><\/u><\/strong>\u00a0ou joins-toi \u00e0 notre\u00a0<strong><u><a href=\"https:\/\/youngcaregiversconnect.ca\/live-chat\/\" target=\"_blank\" rel=\"noreferrer noopener\">clavardage en direct<\/a><\/u><\/strong>\u00a0pour trouver des ressources dans ta communaut\u00e9.<\/p>\n                    <\/div>\n                <\/li>\n\t\t            <\/ul>\n    <\/div>\n<\/div>\n\n\n\n<p><strong>Sources:<\/strong><\/p>\n\n\n\n<p><a href=\"https:\/\/keltymentalhealth.ca\/sites\/default\/files\/documents\/just_ask_for_young_adults_-_web.pdf\" target=\"_blank\" rel=\"noreferrer noopener\">https:\/\/keltymentalhealth.ca\/sites\/default\/files\/documents\/just_ask_for_young_adults_-_web.pdf<\/a><\/p>\n\n\n\n<p><a href=\"https:\/\/www.heretohelp.bc.ca\/\" target=\"_blank\" rel=\"noreferrer noopener\">https:\/\/www.heretohelp.bc.ca\/<\/a><\/p>\n\n\n\n<p><a href=\"https:\/\/bouncebackontario.ca\/what-is-bounceback-youth\/\" target=\"_blank\" rel=\"noopener noreferrer\">https:\/\/bouncebackontario.ca\/what-is-bounceback-youth\/<\/a><\/p>\n\n\n\n<p><a href=\"https:\/\/ontario.cmha.ca\/wp-content\/uploads\/2016\/11\/ASiblingsGuideToPsychosis.pdf\" target=\"_blank\" rel=\"noreferrer noopener\">https:\/\/ontario.cmha.ca\/wp-content\/uploads\/2016\/11\/ASiblingsGuideToPsychosis.pdf<\/a><\/p>\n\n\n\n<p><a href=\"https:\/\/www.rethink.org\/advice-and-information\/carers-hub\/\" target=\"_blank\" rel=\"noreferrer noopener\">https:\/\/www.rethink.org\/advice-and-information\/carers-hub\/<\/a><\/p>\n","protected":false},"excerpt":{"rendered":"<p>Je m\u2019occupe d\u2019une personne qui souffre d&#8217;une maladie mentale Les maladies mentales sont des probl\u00e8mes de sant\u00e9 caus\u00e9s par des changements au niveau de la chimie ou des fonctions du cerveau qui affectent la pens\u00e9e, les sentiments, l\u2019humeur et le comportement d\u2019une personne. Les conditions et la gravit\u00e9 des sympt\u00f4mes comprennent ce qui suit&nbsp;: Retrait [&hellip;]<\/p>\n","protected":false},"author":1,"featured_media":582,"parent":0,"menu_order":0,"comment_status":"closed","ping_status":"closed","template":"page-intro.php","meta":{"_acf_changed":false,"_bbp_topic_count":0,"_bbp_reply_count":0,"_bbp_total_topic_count":0,"_bbp_total_reply_count":0,"_bbp_voice_count":0,"_bbp_anonymous_reply_count":0,"_bbp_topic_count_hidden":0,"_bbp_reply_count_hidden":0,"_bbp_forum_subforum_count":0,"inline_featured_image":false,"footnotes":""},"class_list":["post-607","page","type-page","status-publish","has-post-thumbnail","hentry"],"acf":[],"yoast_head":"<!-- This site is optimized with the Yoast SEO plugin v27.4 - https:\/\/yoast.com\/product\/yoast-seo-wordpress\/ -->\n<title>Maladies mentales - Young Caregivers Connect<\/title>\n<meta name=\"robots\" content=\"index, follow, max-snippet:-1, max-image-preview:large, max-video-preview:-1\" \/>\n<link rel=\"canonical\" href=\"https:\/\/youngcaregiversconnect.ca\/fr\/maladies-mentales\/\" \/>\n<meta property=\"og:locale\" content=\"fr_FR\" \/>\n<meta property=\"og:type\" content=\"article\" \/>\n<meta property=\"og:title\" content=\"Maladies mentales - Young Caregivers Connect\" \/>\n<meta property=\"og:description\" content=\"Je m\u2019occupe d\u2019une personne qui souffre d&#8217;une maladie mentale Les maladies mentales sont des probl\u00e8mes de sant\u00e9 caus\u00e9s par des changements au niveau de la chimie ou des fonctions du cerveau qui affectent la pens\u00e9e, les sentiments, l\u2019humeur et le comportement d\u2019une personne. Les conditions et la gravit\u00e9 des sympt\u00f4mes comprennent ce qui suit&nbsp;: Retrait [&hellip;]\" \/>\n<meta property=\"og:url\" content=\"https:\/\/youngcaregiversconnect.ca\/fr\/maladies-mentales\/\" \/>\n<meta property=\"og:site_name\" content=\"Young Caregivers Connect\" \/>\n<meta property=\"article:modified_time\" content=\"2022-03-01T16:39:38+00:00\" \/>\n<meta property=\"og:image\" content=\"https:\/\/youngcaregiversconnect.ca\/wp-content\/uploads\/2021\/01\/Mental-Illness.jpg\" \/>\n\t<meta property=\"og:image:width\" content=\"1600\" \/>\n\t<meta property=\"og:image:height\" content=\"1067\" \/>\n\t<meta property=\"og:image:type\" content=\"image\/jpeg\" \/>\n<meta name=\"twitter:card\" content=\"summary_large_image\" \/>\n<meta name=\"twitter:label1\" content=\"Est. reading time\" \/>\n\t<meta name=\"twitter:data1\" content=\"1 minute\" \/>\n<script type=\"application\/ld+json\" class=\"yoast-schema-graph\">{\"@context\":\"https:\\\/\\\/schema.org\",\"@graph\":[{\"@type\":\"WebPage\",\"@id\":\"https:\\\/\\\/youngcaregiversconnect.ca\\\/fr\\\/maladies-mentales\\\/\",\"url\":\"https:\\\/\\\/youngcaregiversconnect.ca\\\/fr\\\/maladies-mentales\\\/\",\"name\":\"Maladies mentales - Young Caregivers Connect\",\"isPartOf\":{\"@id\":\"http:\\\/\\\/youngcaregiversconnect.ca\\\/fr\\\/#website\"},\"primaryImageOfPage\":{\"@id\":\"https:\\\/\\\/youngcaregiversconnect.ca\\\/fr\\\/maladies-mentales\\\/#primaryimage\"},\"image\":{\"@id\":\"https:\\\/\\\/youngcaregiversconnect.ca\\\/fr\\\/maladies-mentales\\\/#primaryimage\"},\"thumbnailUrl\":\"https:\\\/\\\/youngcaregiversconnect.ca\\\/wp-content\\\/uploads\\\/2021\\\/01\\\/Mental-Illness.jpg\",\"datePublished\":\"2021-01-05T02:18:02+00:00\",\"dateModified\":\"2022-03-01T16:39:38+00:00\",\"breadcrumb\":{\"@id\":\"https:\\\/\\\/youngcaregiversconnect.ca\\\/fr\\\/maladies-mentales\\\/#breadcrumb\"},\"inLanguage\":\"fr-FR\",\"potentialAction\":[{\"@type\":\"ReadAction\",\"target\":[\"https:\\\/\\\/youngcaregiversconnect.ca\\\/fr\\\/maladies-mentales\\\/\"]}]},{\"@type\":\"ImageObject\",\"inLanguage\":\"fr-FR\",\"@id\":\"https:\\\/\\\/youngcaregiversconnect.ca\\\/fr\\\/maladies-mentales\\\/#primaryimage\",\"url\":\"https:\\\/\\\/youngcaregiversconnect.ca\\\/wp-content\\\/uploads\\\/2021\\\/01\\\/Mental-Illness.jpg\",\"contentUrl\":\"https:\\\/\\\/youngcaregiversconnect.ca\\\/wp-content\\\/uploads\\\/2021\\\/01\\\/Mental-Illness.jpg\",\"width\":1600,\"height\":1067,\"caption\":\"A young woman is sitting alone indoors, looking away from the camera. Her eyes are down and she looks off sadly, sitting in isolation. She is suffering from a mental illness, and is feeling depressed. Here, a friend puts her hand on her shoulder, offering comfort and help.\"},{\"@type\":\"BreadcrumbList\",\"@id\":\"https:\\\/\\\/youngcaregiversconnect.ca\\\/fr\\\/maladies-mentales\\\/#breadcrumb\",\"itemListElement\":[{\"@type\":\"ListItem\",\"position\":1,\"name\":\"Accueil\",\"item\":\"https:\\\/\\\/youngcaregiversconnect.ca\\\/fr\\\/\"},{\"@type\":\"ListItem\",\"position\":2,\"name\":\"Maladies mentales\"}]},{\"@type\":\"WebSite\",\"@id\":\"http:\\\/\\\/youngcaregiversconnect.ca\\\/fr\\\/#website\",\"url\":\"http:\\\/\\\/youngcaregiversconnect.ca\\\/fr\\\/\",\"name\":\"Young Caregivers Connect\",\"description\":\"Just another WordPress site\",\"potentialAction\":[{\"@type\":\"SearchAction\",\"target\":{\"@type\":\"EntryPoint\",\"urlTemplate\":\"http:\\\/\\\/youngcaregiversconnect.ca\\\/fr\\\/?s={search_term_string}\"},\"query-input\":{\"@type\":\"PropertyValueSpecification\",\"valueRequired\":true,\"valueName\":\"search_term_string\"}}],\"inLanguage\":\"fr-FR\"}]}<\/script>\n<!-- \/ Yoast SEO plugin. -->","yoast_head_json":{"title":"Maladies mentales - Young Caregivers Connect","robots":{"index":"index","follow":"follow","max-snippet":"max-snippet:-1","max-image-preview":"max-image-preview:large","max-video-preview":"max-video-preview:-1"},"canonical":"https:\/\/youngcaregiversconnect.ca\/fr\/maladies-mentales\/","og_locale":"fr_FR","og_type":"article","og_title":"Maladies mentales - Young Caregivers Connect","og_description":"Je m\u2019occupe d\u2019une personne qui souffre d&#8217;une maladie mentale Les maladies mentales sont des probl\u00e8mes de sant\u00e9 caus\u00e9s par des changements au niveau de la chimie ou des fonctions du cerveau qui affectent la pens\u00e9e, les sentiments, l\u2019humeur et le comportement d\u2019une personne. Les conditions et la gravit\u00e9 des sympt\u00f4mes comprennent ce qui suit&nbsp;: Retrait [&hellip;]","og_url":"https:\/\/youngcaregiversconnect.ca\/fr\/maladies-mentales\/","og_site_name":"Young Caregivers Connect","article_modified_time":"2022-03-01T16:39:38+00:00","og_image":[{"width":1600,"height":1067,"url":"https:\/\/youngcaregiversconnect.ca\/wp-content\/uploads\/2021\/01\/Mental-Illness.jpg","type":"image\/jpeg"}],"twitter_card":"summary_large_image","twitter_misc":{"Est. reading time":"1 minute"},"schema":{"@context":"https:\/\/schema.org","@graph":[{"@type":"WebPage","@id":"https:\/\/youngcaregiversconnect.ca\/fr\/maladies-mentales\/","url":"https:\/\/youngcaregiversconnect.ca\/fr\/maladies-mentales\/","name":"Maladies mentales - Young Caregivers Connect","isPartOf":{"@id":"http:\/\/youngcaregiversconnect.ca\/fr\/#website"},"primaryImageOfPage":{"@id":"https:\/\/youngcaregiversconnect.ca\/fr\/maladies-mentales\/#primaryimage"},"image":{"@id":"https:\/\/youngcaregiversconnect.ca\/fr\/maladies-mentales\/#primaryimage"},"thumbnailUrl":"https:\/\/youngcaregiversconnect.ca\/wp-content\/uploads\/2021\/01\/Mental-Illness.jpg","datePublished":"2021-01-05T02:18:02+00:00","dateModified":"2022-03-01T16:39:38+00:00","breadcrumb":{"@id":"https:\/\/youngcaregiversconnect.ca\/fr\/maladies-mentales\/#breadcrumb"},"inLanguage":"fr-FR","potentialAction":[{"@type":"ReadAction","target":["https:\/\/youngcaregiversconnect.ca\/fr\/maladies-mentales\/"]}]},{"@type":"ImageObject","inLanguage":"fr-FR","@id":"https:\/\/youngcaregiversconnect.ca\/fr\/maladies-mentales\/#primaryimage","url":"https:\/\/youngcaregiversconnect.ca\/wp-content\/uploads\/2021\/01\/Mental-Illness.jpg","contentUrl":"https:\/\/youngcaregiversconnect.ca\/wp-content\/uploads\/2021\/01\/Mental-Illness.jpg","width":1600,"height":1067,"caption":"A young woman is sitting alone indoors, looking away from the camera. Her eyes are down and she looks off sadly, sitting in isolation. She is suffering from a mental illness, and is feeling depressed. Here, a friend puts her hand on her shoulder, offering comfort and help."},{"@type":"BreadcrumbList","@id":"https:\/\/youngcaregiversconnect.ca\/fr\/maladies-mentales\/#breadcrumb","itemListElement":[{"@type":"ListItem","position":1,"name":"Accueil","item":"https:\/\/youngcaregiversconnect.ca\/fr\/"},{"@type":"ListItem","position":2,"name":"Maladies mentales"}]},{"@type":"WebSite","@id":"http:\/\/youngcaregiversconnect.ca\/fr\/#website","url":"http:\/\/youngcaregiversconnect.ca\/fr\/","name":"Young Caregivers Connect","description":"Just another WordPress site","potentialAction":[{"@type":"SearchAction","target":{"@type":"EntryPoint","urlTemplate":"http:\/\/youngcaregiversconnect.ca\/fr\/?s={search_term_string}"},"query-input":{"@type":"PropertyValueSpecification","valueRequired":true,"valueName":"search_term_string"}}],"inLanguage":"fr-FR"}]}},"_links":{"self":[{"href":"https:\/\/youngcaregiversconnect.ca\/fr\/wp-json\/wp\/v2\/pages\/607","targetHints":{"allow":["GET"]}}],"collection":[{"href":"https:\/\/youngcaregiversconnect.ca\/fr\/wp-json\/wp\/v2\/pages"}],"about":[{"href":"https:\/\/youngcaregiversconnect.ca\/fr\/wp-json\/wp\/v2\/types\/page"}],"author":[{"embeddable":true,"href":"https:\/\/youngcaregiversconnect.ca\/fr\/wp-json\/wp\/v2\/users\/1"}],"replies":[{"embeddable":true,"href":"https:\/\/youngcaregiversconnect.ca\/fr\/wp-json\/wp\/v2\/comments?post=607"}],"version-history":[{"count":16,"href":"https:\/\/youngcaregiversconnect.ca\/fr\/wp-json\/wp\/v2\/pages\/607\/revisions"}],"predecessor-version":[{"id":1854,"href":"https:\/\/youngcaregiversconnect.ca\/fr\/wp-json\/wp\/v2\/pages\/607\/revisions\/1854"}],"wp:featuredmedia":[{"embeddable":true,"href":"https:\/\/youngcaregiversconnect.ca\/fr\/wp-json\/wp\/v2\/media\/582"}],"wp:attachment":[{"href":"https:\/\/youngcaregiversconnect.ca\/fr\/wp-json\/wp\/v2\/media?parent=607"}],"curies":[{"name":"wp","href":"https:\/\/api.w.org\/{rel}","templated":true}]}}