{"id":611,"date":"2021-01-04T21:49:57","date_gmt":"2021-01-05T02:49:57","guid":{"rendered":"http:\/\/youngcaregiversconnect.ca\/addictions-substance-use-disorder\/"},"modified":"2023-09-13T15:23:00","modified_gmt":"2023-09-13T19:23:00","slug":"dependances","status":"publish","type":"page","link":"https:\/\/youngcaregiversconnect.ca\/fr\/dependances\/","title":{"rendered":"D\u00e9pendances\/troubles li\u00e9s \u00e0 la consommation de substances"},"content":{"rendered":"\n<h1 class=\"wp-block-heading\"><strong>Je m\u2019occupe d\u2019une personne qui a un probl\u00e8me de d\u00e9pendance<\/strong><\/h1>\n\n\n\n<p>On parle de d\u00e9pendance lorsque le corps d\u2019une personne s\u2019habitue tellement \u00e0 des substances comme les drogues ou l\u2019alcool qu\u2019il ne peut plus fonctionner sans les consommer. Comme le corps d\u00e9veloppe une tol\u00e9rance au fil du temps, la personne d\u00e9pendante aura besoin de consommer de plus en plus de cette substance pour en ressentir les effets. La personne atteinte peut devenir obs\u00e9d\u00e9e par la consommation jusqu\u2019au point d\u2019abandonner ses responsabilit\u00e9s. Souvent, les troubles li\u00e9s \u00e0 la consommation d\u2019alcool ou de drogues se manifestent en m\u00eame temps que d\u2019autres probl\u00e8mes de sant\u00e9 mentale ou de troubles psychologiques graves.<\/p>\n\n\n\n<p>Lorsqu\u2019un proche consomme des substances de mani\u00e8re nocive ou dangereuse, toute la famille peut se retrouver aux prises avec les impacts de la d\u00e9pendance.<\/p>\n\n\n\n<p><strong>La chose la plus importante que tu dois accepter est que ce n\u2019est pas \u00e0 toi de trouver une solution \u00e0 son probl\u00e8me.<br><br><\/strong>Tu peux essayer d\u2019aider et d\u2019encourager ton proche \u00e0 modifier son comportement, mais tu ne peux pas le faire pour lui. Le changement ne peut se faire que lorsqu\u2019il veut changer, s\u2019estime capable de changer et d\u00e9veloppe un plan de d\u00e9sintoxication.&nbsp;<\/p>\n\n\n<div id=\"accordion-content-block_60df8310a479b1464a4896b0f4c73a25\" class=\"accordion-wrapper \">\n    <div class=\"row column\">\n        <ul class=\"accordion\" data-accordion data-multi-expand=\"true\"  data-allow-all-closed=\"true\">\n\t\t                    <li class=\"accordion-item\" data-accordion-item>\n                    <a href=\"#\" class=\"accordion-title\">Comment tu peux aider :<\/a>\n                    <div class=\"accordion-content\" data-tab-content id=\"\">\n\t\t\t\t\t    <ul>\n<li>Partage tes pr\u00e9occupations avec ton proche. Dis-lui comment sa d\u00e9pendance t\u2019a affect\u00e9. Sois honn\u00eate \u00e0 propos de ce que tu ressens et de ce que tu esp\u00e8res par rapport \u00e0 son r\u00e9tablissement.<\/li>\n<li>Ne bl\u00e2me pas, ne critique pas et n\u2019humilie pas ton proche. Dis-lui simplement comment tu est affect\u00e9 par son probl\u00e8me de d\u00e9pendance.<\/li>\n<li>Adopte une approche collaborative pour r\u00e9soudre les probl\u00e8mes au lieu de les confronter. Dis-lui que tu vas l\u2019appuyer dans son cheminement vers la gu\u00e9rison<\/li>\n<\/ul>\n<ul>\n<li>Encourage ton proche \u00e0 partager ses sentiments et ses r\u00e9flexions sur sa situation<\/li>\n<li>Exprime de l\u2019empathie \u2013 essaie de comprendre et de reconna\u00eetre son point de vue sans t\u2019\u00e9nerver ni le juger<\/li>\n<li>D\u00e9tourne la conversation en parlant des possibilit\u00e9s et des mesures \u00e0 prendre<\/li>\n<li>Encourage-le \u00e0 demander de l\u2019aide (tu pourrais l\u2019aider \u00e0 trouver des ressources de traitement)<\/li>\n<\/ul>\n                    <\/div>\n                <\/li>\n\t\t                    <li class=\"accordion-item\" data-accordion-item>\n                    <a href=\"#\" class=\"accordion-title\">Prends soin de toi<\/a>\n                    <div class=\"accordion-content\" data-tab-content id=\"\">\n\t\t\t\t\t    <p>Pour avoir l\u2019\u00e9nergie d\u2019aider ton proche, tu dois t\u2019occuper de ton propre bien-\u00eatre \u00e9motionnel et physique. Assure-toi que tes propres besoins sont satisfaits\u00a0: dors suffisamment, fais de l\u2019exercice et mange bien.<\/p>\n<p>Il est \u00e9galement important d\u2019obtenir le soutien n\u00e9cessaire pour s\u2019occuper d\u2019un proche qui a un probl\u00e8me de d\u00e9pendance. Il existe des th\u00e9rapeutes sp\u00e9cialis\u00e9s en toxicomanie pour les membres de la famille ainsi que des groupes de soutien sp\u00e9cialis\u00e9s, comme Al-Anon et Nar-Anon.<\/p>\n                    <\/div>\n                <\/li>\n\t\t                    <li class=\"accordion-item\" data-accordion-item>\n                    <a href=\"#\" class=\"accordion-title\">Tu peux demander de l\u2019aide :<\/a>\n                    <div class=\"accordion-content\" data-tab-content id=\"\">\n\t\t\t\t\t    <ul>\n<li>Communique avec un groupe de soutien pour en savoir plus au sujet de la d\u00e9pendance et ses cons\u00e9quences \u00e9motionnelles et psychologiques.\u00a0<strong><u>Al-Anon<\/u><\/strong>\u00a0est un groupe de soutien pour les membres de la famille d\u2019une personne alcoolique.\u00a0<strong><u>Nar-Anon<\/u><\/strong>\u00a0est un groupe de soutien pour les membres de la famille d\u2019une personne toxicomane<\/li>\n<li><a href=\"https:\/\/www.breakingfreeonline.ca\/\"><strong>Breaking Free Online<\/strong><\/a> est un outil de th\u00e9rapie en ligne novateur destin\u00e9 aux aux personnes r\u00e9sidant en Ontario \u00e2g\u00e9es de 16 ans et plus, qui permet d&#8217;acc\u00e9der plus rapidement et plus facilement \u00e0 des services d\u2019aide efficaces concernant la consommation de substances. L&#8217;outil est disponible 24h\/24 et 7j\/7, en anglais et en fran\u00e7ais, ou en composant le 833-325-1338 sans frais pour parler \u00e0 un membre de l&#8217;\u00e9quipe de Breaking Free.<\/li>\n<li>Communique avec\u00a0<strong><u>Connex Ontario<\/u>\u00a0<\/strong>pour obtenir des informations gratuites sur les services de sant\u00e9 pour les personnes qui souffrent d\u2019alcoolisme, de toxicomanie ou de troubles psychologiques \u00e0\u00a0<strong><u><a href=\"http:\/\/connexontario.ca\/fr\" target=\"_blank\" rel=\"noreferrer noopener\">connexontario.ca<\/a><\/u>\u00a0<\/strong>ou compose le 1-866-531-2600<\/li>\n<li>Partage tes exp\u00e9riences et tes pr\u00e9occupations avec d\u2019autres jeunes aidants naturels dans notre\u00a0<strong><a href=\"https:\/\/youngcaregiversconnect.ca\/fr\/rejoignez-notre-groupe-de-soutien-par-les-pairs\/\">groupe de soutien par les pairs en ligne<\/a>\u00a0<\/strong>ou participe \u00e0 la conversation dans notre\u00a0<strong><u><a href=\"http:\/\/youngcaregiversconnect.ca\/fr\/forums\/\" target=\"_blank\" rel=\"noreferrer noopener\">forum en ligne<\/a><\/u><\/strong><\/li>\n<li>Voir aussi\u00a0<strong><u><a href=\"https:\/\/youngcaregiversconnect.ca\/mental-illness\/\" target=\"_blank\" rel=\"noreferrer noopener\">Je m\u2019occupe d\u2019une personne souffrant de troubles psychologiques<\/a><\/u><\/strong><\/li>\n<\/ul>\n<p>Tu ne sais pas par o\u00f9 commencer? Appelle notre\u00a0<strong><a href=\"https:\/\/youngcaregiversconnect.ca\/24-7-support\/\" target=\"_blank\" rel=\"noreferrer noopener\">ligne d\u2019assistance 24\u00a0h\/24, 7\u00a0j\/7<\/a><\/strong>\u00a0ou joins-toi \u00e0 notre\u00a0<strong><a href=\"https:\/\/youngcaregiversconnect.ca\/live-chat\/\" target=\"_blank\" rel=\"noreferrer noopener\">clavardage en direct<\/a><\/strong>\u00a0pour trouver des ressources dans ta communaut\u00e9.<\/p>\n                    <\/div>\n                <\/li>\n\t\t            <\/ul>\n    <\/div>\n<\/div>\n\n\n\n<p><strong>Sources:<\/strong><\/p>\n\n\n\n<p><a href=\"https:\/\/www.heretohelp.bc.ca\/infosheet\/helping-people-who-use-substances-a-health-promotion-perspective\">https:\/\/www.heretohelp.bc.ca\/infosheet\/helping-people-who-use-substances-a-health-promotion-perspective<\/a><\/p>\n\n\n\n<p><a href=\"https:\/\/keltymentalhealth.ca\/sites\/default\/files\/documents\/just_ask_for_young_adults_-_web.pdf\">https:\/\/keltymentalhealth.ca\/sites\/default\/files\/documents\/just_ask_for_young_adults_-_web.pdf<\/a><\/p>\n\n\n\n<p><a href=\"https:\/\/www.verywellmind.com\/how-to-help-addicts-22238\">https:\/\/www.verywellmind.com\/how-to-help-addicts-22238<\/a><\/p>\n","protected":false},"excerpt":{"rendered":"<p>Je m\u2019occupe d\u2019une personne qui a un probl\u00e8me de d\u00e9pendance On parle de d\u00e9pendance lorsque le corps d\u2019une personne s\u2019habitue tellement \u00e0 des substances comme les drogues ou l\u2019alcool qu\u2019il ne peut plus fonctionner sans les consommer. Comme le corps d\u00e9veloppe une tol\u00e9rance au fil du temps, la personne d\u00e9pendante aura besoin de consommer de [&hellip;]<\/p>\n","protected":false},"author":1,"featured_media":555,"parent":0,"menu_order":0,"comment_status":"closed","ping_status":"closed","template":"page-intro.php","meta":{"_acf_changed":false,"_bbp_topic_count":0,"_bbp_reply_count":0,"_bbp_total_topic_count":0,"_bbp_total_reply_count":0,"_bbp_voice_count":0,"_bbp_anonymous_reply_count":0,"_bbp_topic_count_hidden":0,"_bbp_reply_count_hidden":0,"_bbp_forum_subforum_count":0,"inline_featured_image":false,"footnotes":""},"class_list":["post-611","page","type-page","status-publish","has-post-thumbnail","hentry"],"acf":[],"yoast_head":"<!-- This site is optimized with the Yoast SEO plugin v27.4 - https:\/\/yoast.com\/product\/yoast-seo-wordpress\/ -->\n<title>D\u00e9pendances\/troubles li\u00e9s \u00e0 la consommation de substances - Young Caregivers Connect<\/title>\n<meta name=\"robots\" content=\"index, follow, max-snippet:-1, max-image-preview:large, max-video-preview:-1\" \/>\n<link rel=\"canonical\" href=\"https:\/\/youngcaregiversconnect.ca\/fr\/dependances\/\" \/>\n<meta property=\"og:locale\" content=\"fr_FR\" \/>\n<meta property=\"og:type\" content=\"article\" \/>\n<meta property=\"og:title\" content=\"D\u00e9pendances\/troubles li\u00e9s \u00e0 la consommation de substances - Young Caregivers Connect\" \/>\n<meta property=\"og:description\" content=\"Je m\u2019occupe d\u2019une personne qui a un probl\u00e8me de d\u00e9pendance On parle de d\u00e9pendance lorsque le corps d\u2019une personne s\u2019habitue tellement \u00e0 des substances comme les drogues ou l\u2019alcool qu\u2019il ne peut plus fonctionner sans les consommer. Comme le corps d\u00e9veloppe une tol\u00e9rance au fil du temps, la personne d\u00e9pendante aura besoin de consommer de [&hellip;]\" \/>\n<meta property=\"og:url\" content=\"https:\/\/youngcaregiversconnect.ca\/fr\/dependances\/\" \/>\n<meta property=\"og:site_name\" content=\"Young Caregivers Connect\" \/>\n<meta property=\"article:modified_time\" content=\"2023-09-13T19:23:00+00:00\" \/>\n<meta property=\"og:image\" content=\"https:\/\/youngcaregiversconnect.ca\/wp-content\/uploads\/2021\/01\/Substance-Abuse-Disorder-scaled.jpg\" \/>\n\t<meta property=\"og:image:width\" content=\"2560\" \/>\n\t<meta property=\"og:image:height\" content=\"1707\" \/>\n\t<meta property=\"og:image:type\" content=\"image\/jpeg\" \/>\n<meta name=\"twitter:card\" content=\"summary_large_image\" \/>\n<meta name=\"twitter:label1\" content=\"Est. reading time\" \/>\n\t<meta name=\"twitter:data1\" content=\"1 minute\" \/>\n<script type=\"application\/ld+json\" class=\"yoast-schema-graph\">{\"@context\":\"https:\\\/\\\/schema.org\",\"@graph\":[{\"@type\":\"WebPage\",\"@id\":\"https:\\\/\\\/youngcaregiversconnect.ca\\\/fr\\\/dependances\\\/\",\"url\":\"https:\\\/\\\/youngcaregiversconnect.ca\\\/fr\\\/dependances\\\/\",\"name\":\"D\u00e9pendances\\\/troubles li\u00e9s \u00e0 la consommation de substances - Young Caregivers Connect\",\"isPartOf\":{\"@id\":\"http:\\\/\\\/youngcaregiversconnect.ca\\\/fr\\\/#website\"},\"primaryImageOfPage\":{\"@id\":\"https:\\\/\\\/youngcaregiversconnect.ca\\\/fr\\\/dependances\\\/#primaryimage\"},\"image\":{\"@id\":\"https:\\\/\\\/youngcaregiversconnect.ca\\\/fr\\\/dependances\\\/#primaryimage\"},\"thumbnailUrl\":\"https:\\\/\\\/youngcaregiversconnect.ca\\\/wp-content\\\/uploads\\\/2021\\\/01\\\/Substance-Abuse-Disorder-scaled.jpg\",\"datePublished\":\"2021-01-05T02:49:57+00:00\",\"dateModified\":\"2023-09-13T19:23:00+00:00\",\"breadcrumb\":{\"@id\":\"https:\\\/\\\/youngcaregiversconnect.ca\\\/fr\\\/dependances\\\/#breadcrumb\"},\"inLanguage\":\"fr-FR\",\"potentialAction\":[{\"@type\":\"ReadAction\",\"target\":[\"https:\\\/\\\/youngcaregiversconnect.ca\\\/fr\\\/dependances\\\/\"]}]},{\"@type\":\"ImageObject\",\"inLanguage\":\"fr-FR\",\"@id\":\"https:\\\/\\\/youngcaregiversconnect.ca\\\/fr\\\/dependances\\\/#primaryimage\",\"url\":\"https:\\\/\\\/youngcaregiversconnect.ca\\\/wp-content\\\/uploads\\\/2021\\\/01\\\/Substance-Abuse-Disorder-scaled.jpg\",\"contentUrl\":\"https:\\\/\\\/youngcaregiversconnect.ca\\\/wp-content\\\/uploads\\\/2021\\\/01\\\/Substance-Abuse-Disorder-scaled.jpg\",\"width\":2560,\"height\":1707,\"caption\":\"Close up top view unrecognizable multiracial workers strategizing indoors at informal atmosphere, people seated in circle talking share problems tell stories during psychological rehab session concept\"},{\"@type\":\"BreadcrumbList\",\"@id\":\"https:\\\/\\\/youngcaregiversconnect.ca\\\/fr\\\/dependances\\\/#breadcrumb\",\"itemListElement\":[{\"@type\":\"ListItem\",\"position\":1,\"name\":\"Accueil\",\"item\":\"https:\\\/\\\/youngcaregiversconnect.ca\\\/fr\\\/\"},{\"@type\":\"ListItem\",\"position\":2,\"name\":\"D\u00e9pendances\\\/troubles li\u00e9s \u00e0 la consommation de substances\"}]},{\"@type\":\"WebSite\",\"@id\":\"http:\\\/\\\/youngcaregiversconnect.ca\\\/fr\\\/#website\",\"url\":\"http:\\\/\\\/youngcaregiversconnect.ca\\\/fr\\\/\",\"name\":\"Young Caregivers Connect\",\"description\":\"Just another WordPress site\",\"potentialAction\":[{\"@type\":\"SearchAction\",\"target\":{\"@type\":\"EntryPoint\",\"urlTemplate\":\"http:\\\/\\\/youngcaregiversconnect.ca\\\/fr\\\/?s={search_term_string}\"},\"query-input\":{\"@type\":\"PropertyValueSpecification\",\"valueRequired\":true,\"valueName\":\"search_term_string\"}}],\"inLanguage\":\"fr-FR\"}]}<\/script>\n<!-- \/ Yoast SEO plugin. -->","yoast_head_json":{"title":"D\u00e9pendances\/troubles li\u00e9s \u00e0 la consommation de substances - Young Caregivers Connect","robots":{"index":"index","follow":"follow","max-snippet":"max-snippet:-1","max-image-preview":"max-image-preview:large","max-video-preview":"max-video-preview:-1"},"canonical":"https:\/\/youngcaregiversconnect.ca\/fr\/dependances\/","og_locale":"fr_FR","og_type":"article","og_title":"D\u00e9pendances\/troubles li\u00e9s \u00e0 la consommation de substances - Young Caregivers Connect","og_description":"Je m\u2019occupe d\u2019une personne qui a un probl\u00e8me de d\u00e9pendance On parle de d\u00e9pendance lorsque le corps d\u2019une personne s\u2019habitue tellement \u00e0 des substances comme les drogues ou l\u2019alcool qu\u2019il ne peut plus fonctionner sans les consommer. Comme le corps d\u00e9veloppe une tol\u00e9rance au fil du temps, la personne d\u00e9pendante aura besoin de consommer de [&hellip;]","og_url":"https:\/\/youngcaregiversconnect.ca\/fr\/dependances\/","og_site_name":"Young Caregivers Connect","article_modified_time":"2023-09-13T19:23:00+00:00","og_image":[{"width":2560,"height":1707,"url":"https:\/\/youngcaregiversconnect.ca\/wp-content\/uploads\/2021\/01\/Substance-Abuse-Disorder-scaled.jpg","type":"image\/jpeg"}],"twitter_card":"summary_large_image","twitter_misc":{"Est. reading time":"1 minute"},"schema":{"@context":"https:\/\/schema.org","@graph":[{"@type":"WebPage","@id":"https:\/\/youngcaregiversconnect.ca\/fr\/dependances\/","url":"https:\/\/youngcaregiversconnect.ca\/fr\/dependances\/","name":"D\u00e9pendances\/troubles li\u00e9s \u00e0 la consommation de substances - Young Caregivers Connect","isPartOf":{"@id":"http:\/\/youngcaregiversconnect.ca\/fr\/#website"},"primaryImageOfPage":{"@id":"https:\/\/youngcaregiversconnect.ca\/fr\/dependances\/#primaryimage"},"image":{"@id":"https:\/\/youngcaregiversconnect.ca\/fr\/dependances\/#primaryimage"},"thumbnailUrl":"https:\/\/youngcaregiversconnect.ca\/wp-content\/uploads\/2021\/01\/Substance-Abuse-Disorder-scaled.jpg","datePublished":"2021-01-05T02:49:57+00:00","dateModified":"2023-09-13T19:23:00+00:00","breadcrumb":{"@id":"https:\/\/youngcaregiversconnect.ca\/fr\/dependances\/#breadcrumb"},"inLanguage":"fr-FR","potentialAction":[{"@type":"ReadAction","target":["https:\/\/youngcaregiversconnect.ca\/fr\/dependances\/"]}]},{"@type":"ImageObject","inLanguage":"fr-FR","@id":"https:\/\/youngcaregiversconnect.ca\/fr\/dependances\/#primaryimage","url":"https:\/\/youngcaregiversconnect.ca\/wp-content\/uploads\/2021\/01\/Substance-Abuse-Disorder-scaled.jpg","contentUrl":"https:\/\/youngcaregiversconnect.ca\/wp-content\/uploads\/2021\/01\/Substance-Abuse-Disorder-scaled.jpg","width":2560,"height":1707,"caption":"Close up top view unrecognizable multiracial workers strategizing indoors at informal atmosphere, people seated in circle talking share problems tell stories during psychological rehab session concept"},{"@type":"BreadcrumbList","@id":"https:\/\/youngcaregiversconnect.ca\/fr\/dependances\/#breadcrumb","itemListElement":[{"@type":"ListItem","position":1,"name":"Accueil","item":"https:\/\/youngcaregiversconnect.ca\/fr\/"},{"@type":"ListItem","position":2,"name":"D\u00e9pendances\/troubles li\u00e9s \u00e0 la consommation de substances"}]},{"@type":"WebSite","@id":"http:\/\/youngcaregiversconnect.ca\/fr\/#website","url":"http:\/\/youngcaregiversconnect.ca\/fr\/","name":"Young Caregivers Connect","description":"Just another WordPress site","potentialAction":[{"@type":"SearchAction","target":{"@type":"EntryPoint","urlTemplate":"http:\/\/youngcaregiversconnect.ca\/fr\/?s={search_term_string}"},"query-input":{"@type":"PropertyValueSpecification","valueRequired":true,"valueName":"search_term_string"}}],"inLanguage":"fr-FR"}]}},"_links":{"self":[{"href":"https:\/\/youngcaregiversconnect.ca\/fr\/wp-json\/wp\/v2\/pages\/611","targetHints":{"allow":["GET"]}}],"collection":[{"href":"https:\/\/youngcaregiversconnect.ca\/fr\/wp-json\/wp\/v2\/pages"}],"about":[{"href":"https:\/\/youngcaregiversconnect.ca\/fr\/wp-json\/wp\/v2\/types\/page"}],"author":[{"embeddable":true,"href":"https:\/\/youngcaregiversconnect.ca\/fr\/wp-json\/wp\/v2\/users\/1"}],"replies":[{"embeddable":true,"href":"https:\/\/youngcaregiversconnect.ca\/fr\/wp-json\/wp\/v2\/comments?post=611"}],"version-history":[{"count":17,"href":"https:\/\/youngcaregiversconnect.ca\/fr\/wp-json\/wp\/v2\/pages\/611\/revisions"}],"predecessor-version":[{"id":183104,"href":"https:\/\/youngcaregiversconnect.ca\/fr\/wp-json\/wp\/v2\/pages\/611\/revisions\/183104"}],"wp:featuredmedia":[{"embeddable":true,"href":"https:\/\/youngcaregiversconnect.ca\/fr\/wp-json\/wp\/v2\/media\/555"}],"wp:attachment":[{"href":"https:\/\/youngcaregiversconnect.ca\/fr\/wp-json\/wp\/v2\/media?parent=611"}],"curies":[{"name":"wp","href":"https:\/\/api.w.org\/{rel}","templated":true}]}}