{"id":617,"date":"2021-01-04T21:57:53","date_gmt":"2021-01-05T02:57:53","guid":{"rendered":"http:\/\/youngcaregiversconnect.ca\/heart-stroke\/"},"modified":"2023-09-13T15:27:42","modified_gmt":"2023-09-13T19:27:42","slug":"maladiescardiaques","status":"publish","type":"page","link":"https:\/\/youngcaregiversconnect.ca\/fr\/maladiescardiaques\/","title":{"rendered":"Maladies cardiaques et AVC"},"content":{"rendered":"\n<h1 class=\"wp-block-heading\"><strong><strong>Je m\u2019occupe d\u2019une personne atteinte d\u2019une maladie cardiaque ou d\u2019un AVC<\/strong><\/strong><\/h1>\n\n\n\n<p>Les maladies cardiaques d\u00e9signent un groupe de troubles qui affectent la structure et les fonctions du c\u0153ur. Une crise cardiaque survient soudainement lorsqu\u2019une des art\u00e8res menant au c\u0153ur se bloque et coupe la circulation sanguine. L\u2019insuffisance cardiaque se produit plus graduellement lorsque la fonction cardiaque d\u2019une personne s\u2019affaiblit et le c\u0153ur ne peut plus pomper suffisamment de sang vers le corps. Si une personne proche de toi a subi un arr\u00eat cardiaque ou un AVC, il peut avoir besoin de beaucoup de soutien au d\u00e9but, qui peut \u00eatre r\u00e9duit au fur et \u00e0 mesure qu\u2019il se r\u00e9tablit. Si ton proche souffre d\u2019insuffisance cardiaque, le niveau de soins dont il a besoin peut augmenter avec le temps.<\/p>\n\n\n\n<p>Un accident vasculaire c\u00e9r\u00e9bral (AVC) survient lorsque le sang cesse de circuler dans une partie du cerveau, ce qui endommage les cellules c\u00e9r\u00e9brales. Les effets d\u2019un AVC d\u00e9pendent de la partie du cerveau qui a \u00e9t\u00e9 endommag\u00e9e et de l\u2019ampleur des l\u00e9sions caus\u00e9es, ce qui aura \u00e9galement un effet sur le type et le niveau de soutien dont ton proche a besoin.<\/p>\n\n\n<div id=\"accordion-content-block_98c346c5cfe98821a30abfce20190ca5\" class=\"accordion-wrapper \">\n    <div class=\"row column\">\n        <ul class=\"accordion\" data-accordion data-multi-expand=\"true\"  data-allow-all-closed=\"true\">\n\t\t                    <li class=\"accordion-item\" data-accordion-item>\n                    <a href=\"#\" class=\"accordion-title\">Soutien pratique<\/a>\n                    <div class=\"accordion-content\" data-tab-content id=\"\">\n\t\t\t\t\t    <p>Tu devras peut-\u00eatre prendre des rendez-vous chez le m\u00e9decin, le physioth\u00e9rapeute et l\u2019orthophoniste, conduire un membre de ta famille \u00e0 ses rendez-vous, organiser des visites de soins \u00e0 domicile et faire d\u2019autres t\u00e2ches dans la maison, comme la pr\u00e9paration des repas et le nettoyage.<\/p>\n<p><strong>Conseils aux aidants naturels\u00a0:<\/strong><\/p>\n<ul>\n<li>Demande l\u2019aide de ta famille et de tes amis pour des t\u00e2ches comme amener ton proche \u00e0 ses rendez-vous ou pour faire les courses. Souvent, les gens veulent aider, mais ne savent pas comment<\/li>\n<li>Apr\u00e8s une crise cardiaque ou un AVC, il est important que ton proche n\u2019essaies pas d\u2019en faire trop. Aide \u00e0 surveiller ses activit\u00e9s et assure-toi qu\u2019il se repose souvent<\/li>\n<li>Encourage les choix d\u2019un mode de vie sain, y compris une bonne alimentation et de l\u2019exercice. Consulte l\u2019\u00e9quipe m\u00e9dicale de ton proche pour d\u00e9terminer quand celui-ci peut commencer \u00e0 faire de l\u2019exercice et les types d\u2019activit\u00e9s qu\u2019il peut faire<\/li>\n<\/ul>\n                    <\/div>\n                <\/li>\n\t\t                    <li class=\"accordion-item\" data-accordion-item>\n                    <a href=\"#\" class=\"accordion-title\">Soins personnels et soutien physique<\/a>\n                    <div class=\"accordion-content\" data-tab-content id=\"\">\n\t\t\t\t\t    <p>Dans les premiers stades de la convalescence suite \u00e0 un arr\u00eat cardiaque, ou dans les stades plus avanc\u00e9s de l\u2019insuffisance cardiaque, ton proche peut avoir besoin de ton aide pour les soins personnels. Apr\u00e8s un AVC, ton proche peut \u00e9prouver des difficult\u00e9s physiques, en particulier au niveau du bras, de la jambe et du visage d\u2019un c\u00f4t\u00e9 du corps, ce qui n\u00e9cessite des soins et du soutien continus.<\/p>\n<p>Tu devrais alors l\u2019aider\u00a0\u00e0\u00a0:<\/p>\n<ul>\n<li>marcher ou se d\u00e9placer avec un cadre de marche ou sur un fauteuil roulant<\/li>\n<li>entrer dans la baignoire ou la douche ou en sortir, ou faire sa toilette \u00e0 l\u2019\u00e9ponge dans son lit<\/li>\n<li>prendre place dans le lit ou un fauteuil et en sortir, ou l\u2019aider \u00e0 changer de c\u00f4t\u00e9 dans le lit<\/li>\n<li>aller aux toilettes ou \u00e0 utiliser un bassin de lit ou remplacer ses serviettes d\u2019incontinence<\/li>\n<li>se brosser les dents, garder ses l\u00e8vres humides ou se rincer la bouche<\/li>\n<li>laver ses cheveux, hydrater sa peau et couper ses ongles<\/li>\n<\/ul>\n<p><strong>Conseils aux aidants naturels\u00a0:<\/strong><\/p>\n<ul>\n<li>D\u00e9termine ce que tu es \u00e0 l\u2019aise de faire ou non. Demande de l\u2019aide avec les t\u00e2ches qui te rendent mal \u00e0 l\u2019aise<\/li>\n<li>Renseigne-toi sur les services de soins \u00e0 domicile qui sont offerts dans ta r\u00e9gion. Le personnel de soins \u00e0 domicile peut t\u2019aider \u00e0 donner un bain et t\u2019apprendre des t\u00e2ches comme positionner quelqu\u2019un confortablement dans son lit.<\/li>\n<li>Renseigne-toi sur la possibilit\u00e9 d\u2019obtenir des appareils fonctionnels comme un cadre de marche, un appareil de levage, un fauteuil roulant, une chaise de douche, une barre d\u2019appui ou une chaise d\u2019aisance.<\/li>\n<\/ul>\n                    <\/div>\n                <\/li>\n\t\t                    <li class=\"accordion-item\" data-accordion-item>\n                    <a href=\"#\" class=\"accordion-title\">Aide \u00e0 se nourrir<\/a>\n                    <div class=\"accordion-content\" data-tab-content id=\"\">\n\t\t\t\t\t    <p>Si un membre de ta famille a \u00e9t\u00e9 victime d\u2019un AVC, il peut avoir des difficult\u00e9s \u00e0 avaler, ce qui n\u00e9cessitera une alimentation sp\u00e9cialis\u00e9e et \u00e9ventuellement de l\u2019aide pour manger.<\/p>\n<p><strong>Conseils aux aidants naturels\u00a0:<\/strong><\/p>\n<ul>\n<li>Pr\u00e9vois des aliments plus mous ou plus onctueux, comme du gruau, de la compote de pommes et de la pur\u00e9e de pommes de terre. Coupe les aliments en plus petits morceaux et r\u00e9duis-les en pur\u00e9e dans un m\u00e9langeur<\/li>\n<li>Pendant qu\u2019il mange, demande-lui de s\u2019asseoir droit dans son lit ou la chaise<\/li>\n<li>Demande-lui de prendre de petites bouch\u00e9es. Essaie d\u2019utiliser une cuill\u00e8re \u00e0 caf\u00e9 au lieu d\u2019une cuill\u00e8re \u00e0 soupe<\/li>\n<li>Il doit bien m\u00e2cher chaque bouch\u00e9e avant d\u2019avaler<\/li>\n<li>Les petits repas fr\u00e9quents peuvent \u00eatre plus faciles \u00e0 manger et \u00e0 dig\u00e9rer<\/li>\n<li>Consulte un ergoth\u00e9rapeute ou un di\u00e9t\u00e9ticien sur les \u00e9quipements d\u2019assistance, comme la vaisselle avec coussinets antid\u00e9rapants, les ustensiles de coupe con\u00e7us pour l\u2019utilisation \u00e0 une main et les tasses modifi\u00e9es<\/li>\n<\/ul>\n                    <\/div>\n                <\/li>\n\t\t                    <li class=\"accordion-item\" data-accordion-item>\n                    <a href=\"#\" class=\"accordion-title\">Communication<\/a>\n                    <div class=\"accordion-content\" data-tab-content id=\"\">\n\t\t\t\t\t    <p>Un AVC peut entra\u00eener des difficult\u00e9s de communication chez ton proche, ce qu\u2019on appelle l\u2019aphasie. Il est important de savoir qu\u2019une difficult\u00e9 langagi\u00e8re ne signifie pas une difficult\u00e9 cognitive.<\/p>\n<p><strong>Conseils aux aidants naturels\u00a0:<\/strong><\/p>\n<ul>\n<li>Formule tes questions pour qu\u2019on puisse y r\u00e9pondre par un \u00ab\u00a0oui\u00a0\u00bb ou un \u00ab\u00a0non\u00a0\u00bb ou par un hochement de t\u00eate. Limite le nombre de choix \u00e0 deux<\/li>\n<li>Parle d\u2019une voix naturelle. Tes pauses et ton rythme mod\u00e9r\u00e9 de conversation peuvent l\u2019aider \u00e0 te comprendre<\/li>\n<\/ul>\n<ul>\n<li>Une seule personne \u00e0 la fois doit parler<\/li>\n<li>Renseigne-toi aupr\u00e8s de l\u2019orthophoniste sur les appareils de communication am\u00e9lior\u00e9e et alternative (CAA), des plus simples aux plus complexes.<\/li>\n<\/ul>\n                    <\/div>\n                <\/li>\n\t\t                    <li class=\"accordion-item\" data-accordion-item>\n                    <a href=\"#\" class=\"accordion-title\">Aide pour les soins m\u00e9dicaux<\/a>\n                    <div class=\"accordion-content\" data-tab-content id=\"\">\n\t\t\t\t\t    <p>Tu peux \u00eatre responsable de donner et de garder les m\u00e9dicaments. Cela comprend l\u2019administration de la dose correcte de m\u00e9dicaments et le suivi des dates de prise des m\u00e9dicaments. Si tu n\u2019es pas \u00e0 l\u2019aise pour administrer des m\u00e9dicaments, renseigne-toi sur les services de soins \u00e0 domicile offerts dans ta r\u00e9gion ou consulte ton pharmacien local. En tant qu\u2019aidant naturel, tu devras peut-\u00eatre aussi communiquer avec l\u2019\u00e9quipe de soins de la personne dont tu t\u2019occupes.<\/p>\n<p><strong>Conseils aux aidants naturels\u00a0:<\/strong><\/p>\n<ul>\n<li>Note les questions \u00e0 poser avant les rendez-vous; \u00e9coute et note les informations pendant les rendez-vous.<\/li>\n<li>Demande \u00e0 l\u2019\u00e9quipe de soins comment tu peux aider \u00e0 pr\u00e9parer une bonne alimentation nutritive, un programme d\u2019exercice, etc.<\/li>\n<li>Demande des conseils \u00e0 ton pharmacien pour g\u00e9rer l\u2019administration des m\u00e9dicaments en toute s\u00e9curit\u00e9<\/li>\n<\/ul>\n                    <\/div>\n                <\/li>\n\t\t                    <li class=\"accordion-item\" data-accordion-item>\n                    <a href=\"#\" class=\"accordion-title\">Soutien \u00e9motionnel<\/a>\n                    <div class=\"accordion-content\" data-tab-content id=\"\">\n\t\t\t\t\t    <p>Tu pourrais avoir besoin d\u2019aider ton proche \u00e0 g\u00e9rer ses \u00e9motions et \u00e0 parler des d\u00e9cisions difficiles \u00e0 prendre concernant les soins et le traitement.<\/p>\n<p><strong>Conseils aux aidants naturels\u00a0:<\/strong><\/p>\n<ul>\n<li>Encourage-le \u00e0 partager ses sentiments avec toi.\u00a0Dis-lui qu\u2019il est normal d\u2019exprimer ses craintes et ses inqui\u00e9tudes \u00e0 propos de ce qui se passe<\/li>\n<li>Tiens-lui compagnie. Le simple fait d\u2019\u00eatre l\u00e0 peut \u00eatre r\u00e9confortant. Parle, regarde des films ou \u00e9coute de la musique avec lui<\/li>\n<li>Utilise le toucher quand tu ne trouves pas les mots. Une pression de la main ou un doux c\u00e2lin peut en dire long<\/li>\n<\/ul>\n                    <\/div>\n                <\/li>\n\t\t                    <li class=\"accordion-item\" data-accordion-item>\n                    <a href=\"#\" class=\"accordion-title\">Tu peux demander de l\u2019aide :<\/a>\n                    <div class=\"accordion-content\" data-tab-content id=\"\">\n\t\t\t\t\t    <ul>\n<li>Communique avec la Fondation des maladies du c\u0153ur et de l\u2019AVC du Canada \u00e0\u00a0<strong><u><a href=\"https:\/\/www.coeuretavc.ca\/\" target=\"_blank\" rel=\"noreferrer noopener\">https:\/\/www.coeuretavc.ca<\/a><\/u><\/strong>\u00a0ou compose le 1-888-473-4636<\/li>\n<li>Consulte ces ressources suppl\u00e9mentaires sur la\u00a0<a href=\"https:\/\/youngcaregiversconnect.ca\/fr\/problemes-de-mobilite\/\" target=\"_blank\" rel=\"noopener\"><strong><u>prise en charge d\u2019une personne ayant des probl\u00e8mes de mobilit\u00e9<\/u><\/strong><\/a><\/li>\n<li>Voir aussi\u00a0<a href=\"https:\/\/youngcaregiversconnect.ca\/fr\/maladie-affection-chronique\/\" target=\"_blank\" rel=\"noopener\"><strong><u>Je m\u2019occupe d\u2019une personne atteinte d\u2019une maladie chronique<\/u><\/strong><\/a><\/li>\n<li>Voir aussi\u00a0<a href=\"https:\/\/youngcaregiversconnect.ca\/fr\/maladie-affection-chronique\/\" target=\"_blank\" rel=\"noopener\"><strong><u>Interventions m\u00e9dicales et soins en fin de vie<\/u><\/strong><\/a><\/li>\n<li>Prends contact avec d\u2019autres jeunes aidants naturels dans notre\u00a0<strong><u><a href=\"https:\/\/youngcaregiversconnect.ca\/join-our-peer-support-group\/\" target=\"_blank\" rel=\"noreferrer noopener\">groupe de soutien par les pairs en ligne<\/a><\/u><\/strong>\u00a0ou participe \u00e0 la conversation dans notre\u00a0<strong><u><a href=\"http:\/\/youngcaregiversconnect.ca\/fr\/forums\/\" target=\"_blank\" rel=\"noreferrer noopener\">forum en ligne<\/a><\/u><\/strong><\/li>\n<\/ul>\n<p>Tu ne sais pas par o\u00f9 commencer? Appelle notre\u00a0<strong><a href=\"https:\/\/youngcaregiversconnect.ca\/24-7-support\/\" target=\"_blank\" rel=\"noreferrer noopener\">ligne d\u2019assistance 24\u00a0h\/24, 7\u00a0j\/7<\/a><\/strong>\u00a0ou joins-toi \u00e0 notre\u00a0<strong><a href=\"https:\/\/youngcaregiversconnect.ca\/live-chat\/\" target=\"_blank\" rel=\"noreferrer noopener\">clavardage en direct<\/a><\/strong>\u00a0pour trouver des ressources dans ta communaut\u00e9.<\/p>\n                    <\/div>\n                <\/li>\n\t\t            <\/ul>\n    <\/div>\n<\/div>\n\n\n\n<p>*Source&nbsp;: Fondation des maladies du c\u0153ur et de l\u2019AVC du Canada<br><a href=\"https:\/\/www.coeuretavc.ca\/\" target=\"_blank\" rel=\"noreferrer noopener\">https:\/\/www.coeuretavc.ca\/<\/a><\/p>\n","protected":false},"excerpt":{"rendered":"<p>Je m\u2019occupe d\u2019une personne atteinte d\u2019une maladie cardiaque ou d\u2019un AVC Les maladies cardiaques d\u00e9signent un groupe de troubles qui affectent la structure et les fonctions du c\u0153ur. Une crise cardiaque survient soudainement lorsqu\u2019une des art\u00e8res menant au c\u0153ur se bloque et coupe la circulation sanguine. L\u2019insuffisance cardiaque se produit plus graduellement lorsque la fonction [&hellip;]<\/p>\n","protected":false},"author":1,"featured_media":573,"parent":0,"menu_order":0,"comment_status":"closed","ping_status":"closed","template":"page-intro.php","meta":{"_acf_changed":false,"_bbp_topic_count":0,"_bbp_reply_count":0,"_bbp_total_topic_count":0,"_bbp_total_reply_count":0,"_bbp_voice_count":0,"_bbp_anonymous_reply_count":0,"_bbp_topic_count_hidden":0,"_bbp_reply_count_hidden":0,"_bbp_forum_subforum_count":0,"inline_featured_image":false,"footnotes":""},"class_list":["post-617","page","type-page","status-publish","has-post-thumbnail","hentry"],"acf":[],"yoast_head":"<!-- This site is optimized with the Yoast SEO plugin v27.4 - https:\/\/yoast.com\/product\/yoast-seo-wordpress\/ -->\n<title>Maladies cardiaques et AVC - Young Caregivers Connect<\/title>\n<meta name=\"robots\" content=\"index, follow, max-snippet:-1, max-image-preview:large, max-video-preview:-1\" \/>\n<link rel=\"canonical\" href=\"https:\/\/youngcaregiversconnect.ca\/fr\/maladiescardiaques\/\" \/>\n<meta property=\"og:locale\" content=\"fr_FR\" \/>\n<meta property=\"og:type\" content=\"article\" \/>\n<meta property=\"og:title\" content=\"Maladies cardiaques et AVC - Young Caregivers Connect\" \/>\n<meta property=\"og:description\" content=\"Je m\u2019occupe d\u2019une personne atteinte d\u2019une maladie cardiaque ou d\u2019un AVC Les maladies cardiaques d\u00e9signent un groupe de troubles qui affectent la structure et les fonctions du c\u0153ur. Une crise cardiaque survient soudainement lorsqu\u2019une des art\u00e8res menant au c\u0153ur se bloque et coupe la circulation sanguine. L\u2019insuffisance cardiaque se produit plus graduellement lorsque la fonction [&hellip;]\" \/>\n<meta property=\"og:url\" content=\"https:\/\/youngcaregiversconnect.ca\/fr\/maladiescardiaques\/\" \/>\n<meta property=\"og:site_name\" content=\"Young Caregivers Connect\" \/>\n<meta property=\"article:modified_time\" content=\"2023-09-13T19:27:42+00:00\" \/>\n<meta property=\"og:image\" content=\"https:\/\/youngcaregiversconnect.ca\/wp-content\/uploads\/2021\/01\/Heart-and-stroke.jpg\" \/>\n\t<meta property=\"og:image:width\" content=\"1600\" \/>\n\t<meta property=\"og:image:height\" content=\"900\" \/>\n\t<meta property=\"og:image:type\" content=\"image\/jpeg\" \/>\n<meta name=\"twitter:card\" content=\"summary_large_image\" \/>\n<meta name=\"twitter:label1\" content=\"Est. reading time\" \/>\n\t<meta name=\"twitter:data1\" content=\"1 minute\" \/>\n<script type=\"application\/ld+json\" class=\"yoast-schema-graph\">{\"@context\":\"https:\\\/\\\/schema.org\",\"@graph\":[{\"@type\":\"WebPage\",\"@id\":\"https:\\\/\\\/youngcaregiversconnect.ca\\\/fr\\\/maladiescardiaques\\\/\",\"url\":\"https:\\\/\\\/youngcaregiversconnect.ca\\\/fr\\\/maladiescardiaques\\\/\",\"name\":\"Maladies cardiaques et AVC - Young Caregivers Connect\",\"isPartOf\":{\"@id\":\"http:\\\/\\\/youngcaregiversconnect.ca\\\/fr\\\/#website\"},\"primaryImageOfPage\":{\"@id\":\"https:\\\/\\\/youngcaregiversconnect.ca\\\/fr\\\/maladiescardiaques\\\/#primaryimage\"},\"image\":{\"@id\":\"https:\\\/\\\/youngcaregiversconnect.ca\\\/fr\\\/maladiescardiaques\\\/#primaryimage\"},\"thumbnailUrl\":\"https:\\\/\\\/youngcaregiversconnect.ca\\\/wp-content\\\/uploads\\\/2021\\\/01\\\/Heart-and-stroke.jpg\",\"datePublished\":\"2021-01-05T02:57:53+00:00\",\"dateModified\":\"2023-09-13T19:27:42+00:00\",\"breadcrumb\":{\"@id\":\"https:\\\/\\\/youngcaregiversconnect.ca\\\/fr\\\/maladiescardiaques\\\/#breadcrumb\"},\"inLanguage\":\"fr-FR\",\"potentialAction\":[{\"@type\":\"ReadAction\",\"target\":[\"https:\\\/\\\/youngcaregiversconnect.ca\\\/fr\\\/maladiescardiaques\\\/\"]}]},{\"@type\":\"ImageObject\",\"inLanguage\":\"fr-FR\",\"@id\":\"https:\\\/\\\/youngcaregiversconnect.ca\\\/fr\\\/maladiescardiaques\\\/#primaryimage\",\"url\":\"https:\\\/\\\/youngcaregiversconnect.ca\\\/wp-content\\\/uploads\\\/2021\\\/01\\\/Heart-and-stroke.jpg\",\"contentUrl\":\"https:\\\/\\\/youngcaregiversconnect.ca\\\/wp-content\\\/uploads\\\/2021\\\/01\\\/Heart-and-stroke.jpg\",\"width\":1600,\"height\":900,\"caption\":\"In the Hospital Sick Male Patient Sleeps on the Bed. Heart Rate Monitor Equipment is on His Finger.\"},{\"@type\":\"BreadcrumbList\",\"@id\":\"https:\\\/\\\/youngcaregiversconnect.ca\\\/fr\\\/maladiescardiaques\\\/#breadcrumb\",\"itemListElement\":[{\"@type\":\"ListItem\",\"position\":1,\"name\":\"Accueil\",\"item\":\"https:\\\/\\\/youngcaregiversconnect.ca\\\/fr\\\/\"},{\"@type\":\"ListItem\",\"position\":2,\"name\":\"Maladies cardiaques et AVC\"}]},{\"@type\":\"WebSite\",\"@id\":\"http:\\\/\\\/youngcaregiversconnect.ca\\\/fr\\\/#website\",\"url\":\"http:\\\/\\\/youngcaregiversconnect.ca\\\/fr\\\/\",\"name\":\"Young Caregivers Connect\",\"description\":\"Just another WordPress site\",\"potentialAction\":[{\"@type\":\"SearchAction\",\"target\":{\"@type\":\"EntryPoint\",\"urlTemplate\":\"http:\\\/\\\/youngcaregiversconnect.ca\\\/fr\\\/?s={search_term_string}\"},\"query-input\":{\"@type\":\"PropertyValueSpecification\",\"valueRequired\":true,\"valueName\":\"search_term_string\"}}],\"inLanguage\":\"fr-FR\"}]}<\/script>\n<!-- \/ Yoast SEO plugin. -->","yoast_head_json":{"title":"Maladies cardiaques et AVC - Young Caregivers Connect","robots":{"index":"index","follow":"follow","max-snippet":"max-snippet:-1","max-image-preview":"max-image-preview:large","max-video-preview":"max-video-preview:-1"},"canonical":"https:\/\/youngcaregiversconnect.ca\/fr\/maladiescardiaques\/","og_locale":"fr_FR","og_type":"article","og_title":"Maladies cardiaques et AVC - Young Caregivers Connect","og_description":"Je m\u2019occupe d\u2019une personne atteinte d\u2019une maladie cardiaque ou d\u2019un AVC Les maladies cardiaques d\u00e9signent un groupe de troubles qui affectent la structure et les fonctions du c\u0153ur. Une crise cardiaque survient soudainement lorsqu\u2019une des art\u00e8res menant au c\u0153ur se bloque et coupe la circulation sanguine. L\u2019insuffisance cardiaque se produit plus graduellement lorsque la fonction [&hellip;]","og_url":"https:\/\/youngcaregiversconnect.ca\/fr\/maladiescardiaques\/","og_site_name":"Young Caregivers Connect","article_modified_time":"2023-09-13T19:27:42+00:00","og_image":[{"width":1600,"height":900,"url":"https:\/\/youngcaregiversconnect.ca\/wp-content\/uploads\/2021\/01\/Heart-and-stroke.jpg","type":"image\/jpeg"}],"twitter_card":"summary_large_image","twitter_misc":{"Est. reading time":"1 minute"},"schema":{"@context":"https:\/\/schema.org","@graph":[{"@type":"WebPage","@id":"https:\/\/youngcaregiversconnect.ca\/fr\/maladiescardiaques\/","url":"https:\/\/youngcaregiversconnect.ca\/fr\/maladiescardiaques\/","name":"Maladies cardiaques et AVC - Young Caregivers Connect","isPartOf":{"@id":"http:\/\/youngcaregiversconnect.ca\/fr\/#website"},"primaryImageOfPage":{"@id":"https:\/\/youngcaregiversconnect.ca\/fr\/maladiescardiaques\/#primaryimage"},"image":{"@id":"https:\/\/youngcaregiversconnect.ca\/fr\/maladiescardiaques\/#primaryimage"},"thumbnailUrl":"https:\/\/youngcaregiversconnect.ca\/wp-content\/uploads\/2021\/01\/Heart-and-stroke.jpg","datePublished":"2021-01-05T02:57:53+00:00","dateModified":"2023-09-13T19:27:42+00:00","breadcrumb":{"@id":"https:\/\/youngcaregiversconnect.ca\/fr\/maladiescardiaques\/#breadcrumb"},"inLanguage":"fr-FR","potentialAction":[{"@type":"ReadAction","target":["https:\/\/youngcaregiversconnect.ca\/fr\/maladiescardiaques\/"]}]},{"@type":"ImageObject","inLanguage":"fr-FR","@id":"https:\/\/youngcaregiversconnect.ca\/fr\/maladiescardiaques\/#primaryimage","url":"https:\/\/youngcaregiversconnect.ca\/wp-content\/uploads\/2021\/01\/Heart-and-stroke.jpg","contentUrl":"https:\/\/youngcaregiversconnect.ca\/wp-content\/uploads\/2021\/01\/Heart-and-stroke.jpg","width":1600,"height":900,"caption":"In the Hospital Sick Male Patient Sleeps on the Bed. Heart Rate Monitor Equipment is on His Finger."},{"@type":"BreadcrumbList","@id":"https:\/\/youngcaregiversconnect.ca\/fr\/maladiescardiaques\/#breadcrumb","itemListElement":[{"@type":"ListItem","position":1,"name":"Accueil","item":"https:\/\/youngcaregiversconnect.ca\/fr\/"},{"@type":"ListItem","position":2,"name":"Maladies cardiaques et AVC"}]},{"@type":"WebSite","@id":"http:\/\/youngcaregiversconnect.ca\/fr\/#website","url":"http:\/\/youngcaregiversconnect.ca\/fr\/","name":"Young Caregivers Connect","description":"Just another WordPress site","potentialAction":[{"@type":"SearchAction","target":{"@type":"EntryPoint","urlTemplate":"http:\/\/youngcaregiversconnect.ca\/fr\/?s={search_term_string}"},"query-input":{"@type":"PropertyValueSpecification","valueRequired":true,"valueName":"search_term_string"}}],"inLanguage":"fr-FR"}]}},"_links":{"self":[{"href":"https:\/\/youngcaregiversconnect.ca\/fr\/wp-json\/wp\/v2\/pages\/617","targetHints":{"allow":["GET"]}}],"collection":[{"href":"https:\/\/youngcaregiversconnect.ca\/fr\/wp-json\/wp\/v2\/pages"}],"about":[{"href":"https:\/\/youngcaregiversconnect.ca\/fr\/wp-json\/wp\/v2\/types\/page"}],"author":[{"embeddable":true,"href":"https:\/\/youngcaregiversconnect.ca\/fr\/wp-json\/wp\/v2\/users\/1"}],"replies":[{"embeddable":true,"href":"https:\/\/youngcaregiversconnect.ca\/fr\/wp-json\/wp\/v2\/comments?post=617"}],"version-history":[{"count":13,"href":"https:\/\/youngcaregiversconnect.ca\/fr\/wp-json\/wp\/v2\/pages\/617\/revisions"}],"predecessor-version":[{"id":183107,"href":"https:\/\/youngcaregiversconnect.ca\/fr\/wp-json\/wp\/v2\/pages\/617\/revisions\/183107"}],"wp:featuredmedia":[{"embeddable":true,"href":"https:\/\/youngcaregiversconnect.ca\/fr\/wp-json\/wp\/v2\/media\/573"}],"wp:attachment":[{"href":"https:\/\/youngcaregiversconnect.ca\/fr\/wp-json\/wp\/v2\/media?parent=617"}],"curies":[{"name":"wp","href":"https:\/\/api.w.org\/{rel}","templated":true}]}}