{"id":623,"date":"2021-01-04T22:20:16","date_gmt":"2021-01-05T03:20:16","guid":{"rendered":"http:\/\/youngcaregiversconnect.ca\/neurodevelopmental-disabilities\/"},"modified":"2023-09-13T21:25:26","modified_gmt":"2023-09-14T01:25:26","slug":"deficienceintellectuelle","status":"publish","type":"page","link":"https:\/\/youngcaregiversconnect.ca\/fr\/deficienceintellectuelle\/","title":{"rendered":"D\u00e9ficience intellectuelle"},"content":{"rendered":"\n<h1 class=\"wp-block-heading\"><strong>Je m\u2019occupe d\u2019une personne ayant une d\u00e9ficience intellectuelle <\/strong><\/h1>\n\n\n\n<p>Une d\u00e9ficience intellectuelle peut avoir de nombreuses r\u00e9percussions sur la vie d\u2019une personne, affectant ses capacit\u00e9s intellectuelles, ses aptitudes en mati\u00e8re de vie quotidienne, sa communication, son apprentissage et ses aptitudes physiques. L\u2019aidance naturelle ou l\u2019accompagnement aupr\u00e8s d\u2019une personne ayant une d\u00e9ficience intellectuelle dure souvent toute la vie et le parcours d\u2019aidance naturelle varie consid\u00e9rablement en fonction des besoins de la personne aid\u00e9e.<\/p>\n\n\n<div id=\"accordion-content-block_940dbddbc4210b0e8bb6d2a716c2559d\" class=\"accordion-wrapper \">\n    <div class=\"row column\">\n        <ul class=\"accordion\" data-accordion data-multi-expand=\"true\"  data-allow-all-closed=\"true\">\n\t\t                    <li class=\"accordion-item\" data-accordion-item>\n                    <a href=\"#\" class=\"accordion-title\">Soutenir une personne ayant une d\u00e9ficience intellectuelle<\/a>\n                    <div class=\"accordion-content\" data-tab-content id=\"\">\n\t\t\t\t\t    <p>L\u2019exp\u00e9rience des personnes qui apportent leur soutien \u00e0 une personne ayant une d\u00e9ficience intellectuelle peut varier en fonction des forces et des besoins de cette personne. Bien qu\u2019une d\u00e9ficience intellectuelle ait un impact sur la vie quotidienne de la personne concern\u00e9e, il existe des ressources, des outils et des soutiens visant \u00e0 faciliter \u00e0 la fois la vie des personnes aidantes naturelles et celle de la personne aid\u00e9e, leur permettant de vivre une vie pleine et enrichissante. Ces formes d\u2019assistance peuvent jouer un r\u00f4le essentiel en\u00a0:<\/p>\n<ul>\n<li>am\u00e9liorant les comp\u00e9tences en communication et\/ou de d\u00e9fense,<\/li>\n<li>\u00e9tablissant un r\u00e9seau de personnes de confiance soucieuses du bien-\u00eatre de la personne aid\u00e9e,<\/li>\n<li>encourageant l\u2019exploration des int\u00e9r\u00eats et des passions de la personne aid\u00e9e ainsi qu\u2019en<\/li>\n<li>favorisant son autonomie, la promotion d\u2019un mode de vie sain et le renforcement des liens au sein de sa communaut\u00e9.<\/li>\n<\/ul>\n                    <\/div>\n                <\/li>\n\t\t                    <li class=\"accordion-item\" data-accordion-item>\n                    <a href=\"#\" class=\"accordion-title\">Conseils pour les personnes aidantes naturelles<\/a>\n                    <div class=\"accordion-content\" data-tab-content id=\"\">\n\t\t\t\t\t    <p>L\u2019exp\u00e9rience de l\u2019accompagnement d\u2019une personne atteinte d\u2019une d\u00e9ficience intellectuelle peut varier consid\u00e9rablement.<\/p>\n<p>Voici ci-dessous quelques moyens par lesquels les personnes aidantes naturelles peuvent entrer en contact avec leurs pairs et trouver du soutien et acc\u00e9der \u00e0 des ressources pour r\u00e9pondre \u00e0 leurs besoins sp\u00e9cifiques\u00a0:<\/p>\n<ul>\n<li>Explorez <a href=\"https:\/\/learning.siblingscanada.ca\/pages\/home\" target=\"_blank\" rel=\"noopener\">Le carrefour d\u2019apprentissage de Fr\u00e8res et s\u0153urs Canada\u00a0<\/a> (en anglais seulement): une collection de ressources gratuites qui aident les fr\u00e8res et s\u0153urs de personnes vivant avec un handicap<\/li>\n<li><strong>Entrez en contact avec vos pairs<\/strong>\n<ul>\n<li>Renseignez-vous sur le programme <a href=\"https:\/\/ontariocaregiver.ca\/fr\/pour-aidants-naturels\/soutien-par-les-pairs-en-aidance-naturelle\/\" target=\"_blank\" rel=\"noopener\">Soutien par les pairs en aidance naturelle<\/a> de l\u2019OSANO<\/li>\n<\/ul>\n<\/li>\n<li><strong>Explorez les options de soutien \u00e0 <\/strong><strong>domicile <\/strong>\n<ul>\n<li>Renseignez-vous sur les <a href=\"https:\/\/www.respiteservices.com\/\">services de r\u00e9pit<\/a> dans votre communaut\u00e9<\/li>\n<\/ul>\n<\/li>\n<li><strong>Trouvez le soutien dont vous avez besoin en vous connectant aux ressources appropri\u00e9es<\/strong>\n<ul>\n<li>Appelez la <a href=\"https:\/\/ontariocaregiver.ca\/fr\/ligne-dassistance\/\" target=\"_blank\" rel=\"noopener\">Ligne d&#8217;assistance de l&#8217;OSANO<\/a> au 1-833-416-2273 pour obtenir des renseignements vous permettant d\u2019obtenir le soutien n\u00e9cessaire, que ce soit pour vous-m\u00eame ou pour la personne dont vous vous occupez dans votre communaut\u00e9<\/li>\n<li><a href=\"https:\/\/ontariocaregiver.ca\/fr\/pour-aidants-naturels\/\" target=\"_blank\" rel=\"noopener\"><strong>Joignez-vous \u00e0 l\u2019un des programmes de l\u2019OSANO <\/strong><\/a><\/li>\n<\/ul>\n<\/li>\n<li>Soyez attentif aux signes de stress chez les personnes aidantes naturelles, tels que les troubles du sommeil, les maux de t\u00eate, l\u2019irritabilit\u00e9 et l\u2019isolement. Un sommeil ad\u00e9quat, faire de l\u2019exercice et une alimentation \u00e9quilibr\u00e9e peuvent contribuer \u00e0 r\u00e9duire votre stress. Apprenez-en davantage sur <a href=\"https:\/\/ontariocaregiver.ca\/fr\/pour-aidants-naturels\/le-bien-etre-et-la-sante-mentale-des-personnes-aidantes-naturelles\/\" target=\"_blank\" rel=\"noopener\">le bien-\u00eatre et la sant\u00e9 mentale des personnes aidantes naturelles<\/a><\/li>\n<li><strong>Explorer les ressources disponibles pour vous aider dans votre parcours d\u2019aidance naturelle<\/strong>\n<ul>\n<li><a href=\"https:\/\/connectability.ca\/en\/\" target=\"_blank\" rel=\"noopener\">ConnectABILITY<\/a> (en anglais seulement) pour les ressources, les outils, le centre communautaire et les activit\u00e9s<\/li>\n<li>La trousse de d\u00e9marrage <a href=\"https:\/\/ontariocaregiver.ca\/wp-content\/uploads\/2023\/04\/OCO-starter-kit-March-28-2023-Web-FRENCH-NEW_FINAL-es.pdf\" target=\"_blank\" rel=\"noopener\"><em>Je suis une personne aidante naturelle<\/em><\/a> contient des informations importantes pour les personnes aidantes naturelles, qu\u2019elles soient nouvelles ou exp\u00e9riment\u00e9es. Ces informations ont \u00e9t\u00e9 cr\u00e9\u00e9es par et pour des personnes aidantes naturelles<\/li>\n<li><a href=\"https:\/\/learning.ontariocaregiver.ca\/?lang=fr_ca\" target=\"_blank\" rel=\"noopener\">Apprentissage en ligne \u2013 Aidants naturels 101<\/a> (45 +minutes.). Apprenez-en davantage sur le r\u00f4le des personnes aidantes naturelles, les d\u00e9fis auxquels elles font face, la question de l\u2019\u00e9puisement, ainsi que les attentes qui les concernent<\/li>\n<\/ul>\n<\/li>\n<\/ul>\n                    <\/div>\n                <\/li>\n\t\t                    <li class=\"accordion-item\" data-accordion-item>\n                    <a href=\"#\" class=\"accordion-title\">Ressources suppl\u00e9mentaires<\/a>\n                    <div class=\"accordion-content\" data-tab-content id=\"\">\n\t\t\t\t\t    <div class=\"content\">\n<ul>\n<li><a href=\"https:\/\/ontariocaregiver.ca\/fr\/pour-aidants-naturels\/prestations-de-soins\/autisme\/\" target=\"_blank\" rel=\"noopener\">Je m\u2019occupe d\u2019une personne autiste<\/a><\/li>\n<li><a href=\"https:\/\/www.hcarddcovid.com\/info\" target=\"_blank\" rel=\"noopener\">Acc\u00e8s aux soins de sant\u00e9 Recherche et handicap de d\u00e9veloppement<\/a> (en anglais seulement)<\/li>\n<li>Fr\u00e8res et soeurs Canada<\/li>\n<li><a href=\"https:\/\/hollandbloorview.ca\/services\/programs-services\" target=\"_blank\" rel=\"noopener\">Holland Bloorview Kids Rehabilitation Hospital<\/a>\n<ul>\n<li><a href=\"https:\/\/canfasd.ca\/caregivers\/information-for-caregivers\/\" target=\"_blank\" rel=\"noopener\">Le R\u00e9seau de recherche CanFASD<\/a> (en anglais seulement) propose des ressources pour soutenir les personnes aidantes naturelles dans leur r\u00f4le<\/li>\n<li>Composez le 211 ou consultez le <a href=\"https:\/\/211.ca\/fr\/\" target=\"_blank\" rel=\"noopener\">211.ca<\/a> pour obtenir des informations gratuites et confidentielles sur les services de sant\u00e9 et les services communautaires canadiens disponibles dans votre r\u00e9gion.<\/li>\n<\/ul>\n<\/li>\n<\/ul>\n<p>Vous ne savez pas par o\u00f9 commencer ? Appelez notre <a href=\"https:\/\/ontariocaregiver.ca\/fr\/ligne-dassistance\/\" target=\"_blank\" rel=\"noopener\">ligne d\u2019assistance<\/a> disponible 24\u00a0heures sur 24 et 7\u00a0jours sur 7 ou discutez avec nous par <a href=\"https:\/\/ontariocaregiver.ca\/fr\" target=\"_blank\" rel=\"noopener\">clavardage en direct<\/a> pour trouver des ressources dans votre communaut\u00e9.<\/p>\n<\/div>\n                    <\/div>\n                <\/li>\n\t\t            <\/ul>\n    <\/div>\n<\/div>\n\n\n\n<p><strong>Sources:<\/strong><\/p>\n\n\n\n<p><strong>Primary care of adults with intellectual and developmental disabilities<\/strong>. William.F. Sullivan et al. Canadian Family Physician Apr 2018, 64 (4) 254-279;&nbsp;<a href=\"https:\/\/www.cfp.ca\/content\/64\/4\/254\" target=\"_blank\" rel=\"noreferrer noopener\">https:\/\/www.cfp.ca\/content\/64\/4\/254<\/a><\/p>\n\n\n\n<p><a href=\"https:\/\/www.nichd.nih.gov\/health\/topics\/idds\/conditioninfo\" target=\"_blank\" rel=\"noreferrer noopener\">https:\/\/www.nichd.nih.gov\/health\/topics\/idds\/conditioninfo<\/a><\/p>\n\n\n\n<p><a href=\"https:\/\/www.mayinstitute.org\/autism-aba\/developmental-disabilities.html\" target=\"_blank\" rel=\"noreferrer noopener\">https:\/\/www.mayinstitute.org\/autism-aba\/developmental-disabilities.html<\/a><\/p>\n\n\n\n<p><a href=\"https:\/\/braininstitute.ca\/research-data-sharing\/neurodevelopmental-disorders\" target=\"_blank\" rel=\"noreferrer noopener\">https:\/\/braininstitute.ca\/research-data-sharing\/neurodevelopmental-disorders<\/a><\/p>\n\n\n\n<p><a href=\"https:\/\/www.cdc.gov\/ncbddd\/developmentaldisabilities\/facts.html\" target=\"_blank\" rel=\"noreferrer noopener\">https:\/\/www.cdc.gov\/ncbddd\/developmentaldisabilities\/facts.html<\/a><\/p>\n\n\n\n<p><a href=\"https:\/\/www.caregiver.org\/caring-adults-cognitive-and-memory-impairment\" target=\"_blank\" rel=\"noreferrer noopener\">https:\/\/www.caregiver.org\/caring-adults-cognitive-and-memory-impairment<\/a><\/p>\n","protected":false},"excerpt":{"rendered":"<p>Je m\u2019occupe d\u2019une personne ayant une d\u00e9ficience intellectuelle Une d\u00e9ficience intellectuelle peut avoir de nombreuses r\u00e9percussions sur la vie d\u2019une personne, affectant ses capacit\u00e9s intellectuelles, ses aptitudes en mati\u00e8re de vie quotidienne, sa communication, son apprentissage et ses aptitudes physiques. L\u2019aidance naturelle ou l\u2019accompagnement aupr\u00e8s d\u2019une personne ayant une d\u00e9ficience intellectuelle dure souvent toute la [&hellip;]<\/p>\n","protected":false},"author":1,"featured_media":588,"parent":0,"menu_order":0,"comment_status":"closed","ping_status":"closed","template":"page-intro.php","meta":{"_acf_changed":false,"_bbp_topic_count":0,"_bbp_reply_count":0,"_bbp_total_topic_count":0,"_bbp_total_reply_count":0,"_bbp_voice_count":0,"_bbp_anonymous_reply_count":0,"_bbp_topic_count_hidden":0,"_bbp_reply_count_hidden":0,"_bbp_forum_subforum_count":0,"inline_featured_image":false,"footnotes":""},"class_list":["post-623","page","type-page","status-publish","has-post-thumbnail","hentry"],"acf":[],"yoast_head":"<!-- This site is optimized with the Yoast SEO plugin v27.4 - https:\/\/yoast.com\/product\/yoast-seo-wordpress\/ -->\n<title>D\u00e9ficience intellectuelle - Young Caregivers Connect<\/title>\n<meta name=\"robots\" content=\"index, follow, max-snippet:-1, max-image-preview:large, max-video-preview:-1\" \/>\n<link rel=\"canonical\" href=\"https:\/\/youngcaregiversconnect.ca\/fr\/deficienceintellectuelle\/\" \/>\n<meta property=\"og:locale\" content=\"fr_FR\" \/>\n<meta property=\"og:type\" content=\"article\" \/>\n<meta property=\"og:title\" content=\"D\u00e9ficience intellectuelle - Young Caregivers Connect\" \/>\n<meta property=\"og:description\" content=\"Je m\u2019occupe d\u2019une personne ayant une d\u00e9ficience intellectuelle Une d\u00e9ficience intellectuelle peut avoir de nombreuses r\u00e9percussions sur la vie d\u2019une personne, affectant ses capacit\u00e9s intellectuelles, ses aptitudes en mati\u00e8re de vie quotidienne, sa communication, son apprentissage et ses aptitudes physiques. L\u2019aidance naturelle ou l\u2019accompagnement aupr\u00e8s d\u2019une personne ayant une d\u00e9ficience intellectuelle dure souvent toute la [&hellip;]\" \/>\n<meta property=\"og:url\" content=\"https:\/\/youngcaregiversconnect.ca\/fr\/deficienceintellectuelle\/\" \/>\n<meta property=\"og:site_name\" content=\"Young Caregivers Connect\" \/>\n<meta property=\"article:modified_time\" content=\"2023-09-14T01:25:26+00:00\" \/>\n<meta property=\"og:image\" content=\"https:\/\/youngcaregiversconnect.ca\/wp-content\/uploads\/2021\/01\/Neurodevelopmental-disorder.jpg\" \/>\n\t<meta property=\"og:image:width\" content=\"1600\" \/>\n\t<meta property=\"og:image:height\" content=\"1068\" \/>\n\t<meta property=\"og:image:type\" content=\"image\/jpeg\" \/>\n<meta name=\"twitter:card\" content=\"summary_large_image\" \/>\n<meta name=\"twitter:label1\" content=\"Est. reading time\" \/>\n\t<meta name=\"twitter:data1\" content=\"1 minute\" \/>\n<script type=\"application\/ld+json\" class=\"yoast-schema-graph\">{\"@context\":\"https:\\\/\\\/schema.org\",\"@graph\":[{\"@type\":\"WebPage\",\"@id\":\"https:\\\/\\\/youngcaregiversconnect.ca\\\/fr\\\/deficienceintellectuelle\\\/\",\"url\":\"https:\\\/\\\/youngcaregiversconnect.ca\\\/fr\\\/deficienceintellectuelle\\\/\",\"name\":\"D\u00e9ficience intellectuelle - Young Caregivers Connect\",\"isPartOf\":{\"@id\":\"http:\\\/\\\/youngcaregiversconnect.ca\\\/fr\\\/#website\"},\"primaryImageOfPage\":{\"@id\":\"https:\\\/\\\/youngcaregiversconnect.ca\\\/fr\\\/deficienceintellectuelle\\\/#primaryimage\"},\"image\":{\"@id\":\"https:\\\/\\\/youngcaregiversconnect.ca\\\/fr\\\/deficienceintellectuelle\\\/#primaryimage\"},\"thumbnailUrl\":\"https:\\\/\\\/youngcaregiversconnect.ca\\\/wp-content\\\/uploads\\\/2021\\\/01\\\/Neurodevelopmental-disorder.jpg\",\"datePublished\":\"2021-01-05T03:20:16+00:00\",\"dateModified\":\"2023-09-14T01:25:26+00:00\",\"breadcrumb\":{\"@id\":\"https:\\\/\\\/youngcaregiversconnect.ca\\\/fr\\\/deficienceintellectuelle\\\/#breadcrumb\"},\"inLanguage\":\"fr-FR\",\"potentialAction\":[{\"@type\":\"ReadAction\",\"target\":[\"https:\\\/\\\/youngcaregiversconnect.ca\\\/fr\\\/deficienceintellectuelle\\\/\"]}]},{\"@type\":\"ImageObject\",\"inLanguage\":\"fr-FR\",\"@id\":\"https:\\\/\\\/youngcaregiversconnect.ca\\\/fr\\\/deficienceintellectuelle\\\/#primaryimage\",\"url\":\"https:\\\/\\\/youngcaregiversconnect.ca\\\/wp-content\\\/uploads\\\/2021\\\/01\\\/Neurodevelopmental-disorder.jpg\",\"contentUrl\":\"https:\\\/\\\/youngcaregiversconnect.ca\\\/wp-content\\\/uploads\\\/2021\\\/01\\\/Neurodevelopmental-disorder.jpg\",\"width\":1600,\"height\":1068,\"caption\":\"Photo of Mother helping her son with homework in the kitchen at home. Mature brown hair Mother looking after son doing homework on laptop. Beautiful business woman and her cute little son are drawing and smiling while sitting. Mother helping her son to prepare for written assignment.\"},{\"@type\":\"BreadcrumbList\",\"@id\":\"https:\\\/\\\/youngcaregiversconnect.ca\\\/fr\\\/deficienceintellectuelle\\\/#breadcrumb\",\"itemListElement\":[{\"@type\":\"ListItem\",\"position\":1,\"name\":\"Accueil\",\"item\":\"https:\\\/\\\/youngcaregiversconnect.ca\\\/fr\\\/\"},{\"@type\":\"ListItem\",\"position\":2,\"name\":\"D\u00e9ficience intellectuelle\"}]},{\"@type\":\"WebSite\",\"@id\":\"http:\\\/\\\/youngcaregiversconnect.ca\\\/fr\\\/#website\",\"url\":\"http:\\\/\\\/youngcaregiversconnect.ca\\\/fr\\\/\",\"name\":\"Young Caregivers Connect\",\"description\":\"Just another WordPress site\",\"potentialAction\":[{\"@type\":\"SearchAction\",\"target\":{\"@type\":\"EntryPoint\",\"urlTemplate\":\"http:\\\/\\\/youngcaregiversconnect.ca\\\/fr\\\/?s={search_term_string}\"},\"query-input\":{\"@type\":\"PropertyValueSpecification\",\"valueRequired\":true,\"valueName\":\"search_term_string\"}}],\"inLanguage\":\"fr-FR\"}]}<\/script>\n<!-- \/ Yoast SEO plugin. -->","yoast_head_json":{"title":"D\u00e9ficience intellectuelle - Young Caregivers Connect","robots":{"index":"index","follow":"follow","max-snippet":"max-snippet:-1","max-image-preview":"max-image-preview:large","max-video-preview":"max-video-preview:-1"},"canonical":"https:\/\/youngcaregiversconnect.ca\/fr\/deficienceintellectuelle\/","og_locale":"fr_FR","og_type":"article","og_title":"D\u00e9ficience intellectuelle - Young Caregivers Connect","og_description":"Je m\u2019occupe d\u2019une personne ayant une d\u00e9ficience intellectuelle Une d\u00e9ficience intellectuelle peut avoir de nombreuses r\u00e9percussions sur la vie d\u2019une personne, affectant ses capacit\u00e9s intellectuelles, ses aptitudes en mati\u00e8re de vie quotidienne, sa communication, son apprentissage et ses aptitudes physiques. L\u2019aidance naturelle ou l\u2019accompagnement aupr\u00e8s d\u2019une personne ayant une d\u00e9ficience intellectuelle dure souvent toute la [&hellip;]","og_url":"https:\/\/youngcaregiversconnect.ca\/fr\/deficienceintellectuelle\/","og_site_name":"Young Caregivers Connect","article_modified_time":"2023-09-14T01:25:26+00:00","og_image":[{"width":1600,"height":1068,"url":"https:\/\/youngcaregiversconnect.ca\/wp-content\/uploads\/2021\/01\/Neurodevelopmental-disorder.jpg","type":"image\/jpeg"}],"twitter_card":"summary_large_image","twitter_misc":{"Est. reading time":"1 minute"},"schema":{"@context":"https:\/\/schema.org","@graph":[{"@type":"WebPage","@id":"https:\/\/youngcaregiversconnect.ca\/fr\/deficienceintellectuelle\/","url":"https:\/\/youngcaregiversconnect.ca\/fr\/deficienceintellectuelle\/","name":"D\u00e9ficience intellectuelle - Young Caregivers Connect","isPartOf":{"@id":"http:\/\/youngcaregiversconnect.ca\/fr\/#website"},"primaryImageOfPage":{"@id":"https:\/\/youngcaregiversconnect.ca\/fr\/deficienceintellectuelle\/#primaryimage"},"image":{"@id":"https:\/\/youngcaregiversconnect.ca\/fr\/deficienceintellectuelle\/#primaryimage"},"thumbnailUrl":"https:\/\/youngcaregiversconnect.ca\/wp-content\/uploads\/2021\/01\/Neurodevelopmental-disorder.jpg","datePublished":"2021-01-05T03:20:16+00:00","dateModified":"2023-09-14T01:25:26+00:00","breadcrumb":{"@id":"https:\/\/youngcaregiversconnect.ca\/fr\/deficienceintellectuelle\/#breadcrumb"},"inLanguage":"fr-FR","potentialAction":[{"@type":"ReadAction","target":["https:\/\/youngcaregiversconnect.ca\/fr\/deficienceintellectuelle\/"]}]},{"@type":"ImageObject","inLanguage":"fr-FR","@id":"https:\/\/youngcaregiversconnect.ca\/fr\/deficienceintellectuelle\/#primaryimage","url":"https:\/\/youngcaregiversconnect.ca\/wp-content\/uploads\/2021\/01\/Neurodevelopmental-disorder.jpg","contentUrl":"https:\/\/youngcaregiversconnect.ca\/wp-content\/uploads\/2021\/01\/Neurodevelopmental-disorder.jpg","width":1600,"height":1068,"caption":"Photo of Mother helping her son with homework in the kitchen at home. Mature brown hair Mother looking after son doing homework on laptop. Beautiful business woman and her cute little son are drawing and smiling while sitting. Mother helping her son to prepare for written assignment."},{"@type":"BreadcrumbList","@id":"https:\/\/youngcaregiversconnect.ca\/fr\/deficienceintellectuelle\/#breadcrumb","itemListElement":[{"@type":"ListItem","position":1,"name":"Accueil","item":"https:\/\/youngcaregiversconnect.ca\/fr\/"},{"@type":"ListItem","position":2,"name":"D\u00e9ficience intellectuelle"}]},{"@type":"WebSite","@id":"http:\/\/youngcaregiversconnect.ca\/fr\/#website","url":"http:\/\/youngcaregiversconnect.ca\/fr\/","name":"Young Caregivers Connect","description":"Just another WordPress site","potentialAction":[{"@type":"SearchAction","target":{"@type":"EntryPoint","urlTemplate":"http:\/\/youngcaregiversconnect.ca\/fr\/?s={search_term_string}"},"query-input":{"@type":"PropertyValueSpecification","valueRequired":true,"valueName":"search_term_string"}}],"inLanguage":"fr-FR"}]}},"_links":{"self":[{"href":"https:\/\/youngcaregiversconnect.ca\/fr\/wp-json\/wp\/v2\/pages\/623","targetHints":{"allow":["GET"]}}],"collection":[{"href":"https:\/\/youngcaregiversconnect.ca\/fr\/wp-json\/wp\/v2\/pages"}],"about":[{"href":"https:\/\/youngcaregiversconnect.ca\/fr\/wp-json\/wp\/v2\/types\/page"}],"author":[{"embeddable":true,"href":"https:\/\/youngcaregiversconnect.ca\/fr\/wp-json\/wp\/v2\/users\/1"}],"replies":[{"embeddable":true,"href":"https:\/\/youngcaregiversconnect.ca\/fr\/wp-json\/wp\/v2\/comments?post=623"}],"version-history":[{"count":15,"href":"https:\/\/youngcaregiversconnect.ca\/fr\/wp-json\/wp\/v2\/pages\/623\/revisions"}],"predecessor-version":[{"id":183115,"href":"https:\/\/youngcaregiversconnect.ca\/fr\/wp-json\/wp\/v2\/pages\/623\/revisions\/183115"}],"wp:featuredmedia":[{"embeddable":true,"href":"https:\/\/youngcaregiversconnect.ca\/fr\/wp-json\/wp\/v2\/media\/588"}],"wp:attachment":[{"href":"https:\/\/youngcaregiversconnect.ca\/fr\/wp-json\/wp\/v2\/media?parent=623"}],"curies":[{"name":"wp","href":"https:\/\/api.w.org\/{rel}","templated":true}]}}