{"id":627,"date":"2021-01-04T22:00:48","date_gmt":"2021-01-05T03:00:48","guid":{"rendered":"http:\/\/youngcaregiversconnect.ca\/mobility-physical-disability\/"},"modified":"2021-04-07T15:24:06","modified_gmt":"2021-04-07T19:24:06","slug":"problemes-de-mobilite","status":"publish","type":"page","link":"https:\/\/youngcaregiversconnect.ca\/fr\/problemes-de-mobilite\/","title":{"rendered":"Probl\u00e8mes de mobilit\u00e9"},"content":{"rendered":"\n<h1 class=\"wp-block-heading\"><strong><strong>Je m\u2019occupe d\u2019une personne \u00e0 mobilit\u00e9 r\u00e9duite<\/strong><\/strong><\/h1>\n\n\n\n<p>Les probl\u00e8mes de mobilit\u00e9 peuvent \u00eatre caus\u00e9s par un certain nombre de choses, dont un traumatisme comme un accident de voiture ou une chute, un AVC, une maladie d\u00e9g\u00e9n\u00e9rative comme la SLA, ou une autre maladie chronique comme l\u2019arthrite. Prendre soin d\u2019une personne qui a des probl\u00e8mes de mobilit\u00e9, quelle qu\u2019en soit la cause, comporte un ensemble unique de d\u00e9fis.<\/p>\n\n\n\n<p>Tu devrais peut-\u00eatre aider cette personne&nbsp;\u00e0&nbsp;:<\/p>\n\n\n\n<ul class=\"wp-block-list\"><li>entrer dans la baignoire ou la douche ou en sortir, ou faire sa toilette \u00e0 l\u2019\u00e9ponge dans son lit&nbsp;<\/li><li>prendre place dans le lit ou un fauteuil et en sortir, ou l\u2019aider \u00e0 changer de c\u00f4t\u00e9 dans le lit&nbsp;<\/li><li>aller aux toilettes ou \u00e0 utiliser un bassin de lit ou remplacer ses serviettes d\u2019incontinence<\/li><li>se brosser les dents, garder ses l\u00e8vres humides ou se rincer la bouche&nbsp;<\/li><li>laver ses cheveux, hydrater sa peau et couper ses ongles<\/li><\/ul>\n\n\n\n<p>Il est important de d\u00e9terminer ce que tu es \u00e0 l\u2019aise de faire ou non. Sois honn\u00eate avec toi-m\u00eame et avec la personne dont tu t\u2019occupes au sujet de ce que tu peux faire de fa\u00e7on r\u00e9aliste.<\/p>\n\n\n\n<p><strong><strong>Conseils aux aidants naturels&nbsp;:<\/strong><\/strong><\/p>\n\n\n\n<p>Renseigne-toi sur les services de soins \u00e0 domicile qui sont offerts dans ta r\u00e9gion. Le personnel de soins \u00e0 domicile peut t\u2019aider \u00e0 donner un bain et t\u2019apprendre des t\u00e2ches comme positionner quelqu\u2019un confortablement dans son lit.&nbsp;Renseigne-toi sur la possibilit\u00e9 d\u2019obtenir des \u00e9quipements de mobilit\u00e9 comme un cadre de marche, un appareil de levage, un fauteuil roulant, une chaise de douche, une barre d\u2019appui ou une chaise d\u2019aisance.&nbsp;<\/p>\n\n\n<div id=\"accordion-content-block_606e068ff073a\" class=\"accordion-wrapper \">\n    <div class=\"row column\">\n        <ul class=\"accordion\" data-accordion data-multi-expand=\"true\"  data-allow-all-closed=\"true\">\n\t\t                    <li class=\"accordion-item\" data-accordion-item>\n                    <a href=\"#\" class=\"accordion-title\">Conseils pour surmonter les obstacles \u00e0 la mobilit\u00e9 \u00e0 la maison :<\/a>\n                    <div class=\"accordion-content\" data-tab-content id=\"\">\n\t\t\t\t\t    <ul>\n<li>Installe des tapis antid\u00e9rapants dans la salle de bain et la cuisine<\/li>\n<li>Enl\u00e8ve tout objet qui pourrait \u00eatre un risque de tr\u00e9buchement<\/li>\n<li>Veille \u00e0 ce qu\u2019il y ait des rampes ad\u00e9quates dans la baignoire ou la douche et \u00e0 c\u00f4t\u00e9 de la cuvette de toilette<\/li>\n<li>Veille \u00e0 ce que les meubles ne soient pas dispos\u00e9s d\u2019une mani\u00e8re \u00e0 g\u00eaner le d\u00e9placement du cadre de marche ou du fauteuil roulant<\/li>\n<li>Si tu dois l\u2019aider pour monter les escaliers, tiens-toi derri\u00e8re lui. Garde ta main sur ses \u00e9paules ou sur une ceinture pour l\u2019aider \u00e0 garder son \u00e9quilibre<\/li>\n<li>Envisage d\u2019installer un monte-escalier<\/li>\n<\/ul>\n                    <\/div>\n                <\/li>\n\t\t                    <li class=\"accordion-item\" data-accordion-item>\n                    <a href=\"#\" class=\"accordion-title\">Conseils pour d\u00e9placer une personne ayant des limitations physiques :<\/a>\n                    <div class=\"accordion-content\" data-tab-content id=\"\">\n\t\t\t\t\t    <p>Il est important de ne pas s\u2019engager \u00e0 faire plus que ce que tu peux et d\u2019assurer la s\u00e9curit\u00e9 en tout temps. Si tu ne peux pas transf\u00e9rer ou d\u00e9placer une personne sans te blesser, demande de l\u2019aide.<\/p>\n<p>Pour \u00e9viter les blessures\u00a0:<\/p>\n<ul>\n<li>Place toujours tes pieds \u00e0 la largeur des \u00e9paules<\/li>\n<li>Plie les genoux et non pas le dos<\/li>\n<li>Utilise les muscles de ton ventre et de tes jambes pour aider \u00e0 soulever<\/li>\n<li>Essaie de garder tes \u00e9paules et les muscles de ton cou d\u00e9tendus<\/li>\n<li>Essaie d\u2019\u00e9viter de te tordre le corps<\/li>\n<li>Bouge tes pieds avec tout ton corps quand tu tournes ou pivotes, et repositionne-toi pour maintenir ta stabilit\u00e9<\/li>\n<\/ul>\n                    <\/div>\n                <\/li>\n\t\t                    <li class=\"accordion-item\" data-accordion-item>\n                    <a href=\"#\" class=\"accordion-title\">Conseils pour garder sa dignit\u00e9 :<\/a>\n                    <div class=\"accordion-content\" data-tab-content id=\"\">\n\t\t\t\t\t    <ul>\n<li>Pour les personnes qui utilisent une aide \u00e0 la mobilit\u00e9, comme un fauteuil roulant, un cadre de marche ou une canne, ces \u00e9quipements font partie de leur espace personnel. Veille \u00e0 respecter l\u2019espace personnel de l\u2019autre; ne touche pas, ne bouge pas et ne t\u2019appuie pas sur son appareil sans son consentement<\/li>\n<li>Si la personne ne veut pas \u00eatre d\u00e9plac\u00e9e, essaie de repousser la t\u00e2che dans la mesure du possible. Cela donnera \u00e0 l\u2019autre un sentiment d\u2019autonomie.<\/li>\n<li>Avant de d\u00e9placer la personne, dis-lui ce que tu essaies de faire. Par exemple\u00a0: \u00ab\u00a0Je voudrais t\u2019aider \u00e0 t\u2019asseoir maintenant\u00a0\u00bb.<\/li>\n<\/ul>\n                    <\/div>\n                <\/li>\n\t\t                    <li class=\"accordion-item\" data-accordion-item>\n                    <a href=\"#\" class=\"accordion-title\">Des conseils pour l\u2019alimentation :<\/a>\n                    <div class=\"accordion-content\" data-tab-content id=\"\">\n\t\t\t\t\t    <ul>\n<li>Consulte le m\u00e9decin, le di\u00e9t\u00e9ticien, l\u2019ergoth\u00e9rapeute ou l\u2019orthophoniste de ton proche<\/li>\n<\/ul>\n<ul>\n<li>Si le membre de ta famille a du mal \u00e0 avaler, pr\u00e9vois des aliments plus mous ou plus onctueux, comme du gruau, de la compote de pommes et de la pur\u00e9e de pommes de terre. Coupe les aliments en plus petits morceaux et r\u00e9duis-les en pur\u00e9e dans un m\u00e9langeur<\/li>\n<li>Pendant qu\u2019il mange, demande-lui de s\u2019asseoir droit dans son lit ou la chaise<\/li>\n<li>Demande-lui de prendre de petites bouch\u00e9es. Essaie d\u2019utiliser une cuill\u00e8re \u00e0 caf\u00e9 au lieu d\u2019une cuill\u00e8re \u00e0 soupe<\/li>\n<li>Ton proche doit bien m\u00e2cher chaque bouch\u00e9e avant d\u2019avaler<\/li>\n<li>Les petits repas fr\u00e9quents peuvent \u00eatre plus faciles \u00e0 manger et \u00e0 dig\u00e9rer<\/li>\n<li>Envisage l\u2019utilisation d\u2019appareils fonctionnels, comme la vaisselle avec coussinets antid\u00e9rapants, les ustensiles de coupe con\u00e7us pour une utilisation \u00e0 une main et les tasses modifi\u00e9es<\/li>\n<\/ul>\n                    <\/div>\n                <\/li>\n\t\t                    <li class=\"accordion-item\" data-accordion-item>\n                    <a href=\"#\" class=\"accordion-title\">Tu peux demander de l\u2019aide :<\/a>\n                    <div class=\"accordion-content\" data-tab-content id=\"\">\n\t\t\t\t\t    <ul>\n<li>Exprimes tes besoins \u00e0 ta famille et \u00e0 tes amis et n\u2019aie pas peur ou honte de leur demander de l\u2019aide<\/li>\n<li>Consulte ces ressources suppl\u00e9mentaires dans\u00a0<strong><u><a href=\"https:\/\/youngcaregiversconnect.ca\/heart-stroke\/\" target=\"_blank\" rel=\"noreferrer noopener\">Je m\u2019occupe d\u2019une personne atteinte d\u2019une maladie cardiaque ou d\u2019un AVC<\/a><\/u><\/strong><\/li>\n<li>Compose le 211 ou rends-toi sur\u00a0<a href=\"http:\/\/www.211.ca\/fr\" target=\"_blank\" rel=\"noreferrer noopener\"><strong>www.211.ca<\/strong><\/a>\u00a0pour obtenir des informations gratuites et confidentielles sur les services de sant\u00e9 et communautaires canadiens offerts dans ta r\u00e9gion<\/li>\n<li>Prends contact avec d\u2019autres jeunes aidants naturels dans notre\u00a0<strong><a href=\"https:\/\/youngcaregiversconnect.ca\/fr\/rejoignez-notre-groupe-de-soutien-par-les-pairs\/\">groupe de soutien par les pairs en ligne<\/a><\/strong>\u00a0ou participe \u00e0 la conversation dans notre\u00a0<strong><u><a href=\"http:\/\/youngcaregiversconnect.ca\/fr\/forums\/\" target=\"_blank\" rel=\"noreferrer noopener\">forum en ligne<\/a><\/u><\/strong><\/li>\n<\/ul>\n<p>Tu ne sais pas par o\u00f9 commencer? Appelle notre\u00a0<strong><a href=\"https:\/\/youngcaregiversconnect.ca\/24-7-support\/\" target=\"_blank\" rel=\"noreferrer noopener\">ligne d\u2019assistance 24\u00a0h\/24, 7\u00a0j\/7<\/a><\/strong>\u00a0ou joins-toi \u00e0 notre\u00a0<strong><a href=\"https:\/\/youngcaregiversconnect.ca\/live-chat\/\" target=\"_blank\" rel=\"noreferrer noopener\">clavardage en direct<\/a><\/strong>\u00a0pour trouver des ressources dans ta communaut\u00e9.<\/p>\n                    <\/div>\n                <\/li>\n\t\t            <\/ul>\n    <\/div>\n<\/div>\n\n\n\n<p><strong> Sources:<\/strong><\/p>\n\n\n\n<p><a href=\"https:\/\/elizz.com\/caregiver-resources\/caregivers-assisting-a-person-with-mobility-issues\/\">https:\/\/elizz.com\/caregiver-resources\/caregivers-assisting-a-person-with-mobility-issues\/<\/a><\/p>\n\n\n\n<p><a href=\"https:\/\/www.commonwisecare.com\/what-to-do-when-elderly-parent-cant-walk\/\">https:\/\/www.commonwisecare.com\/what-to-do-when-elderly-parent-cant-walk\/<\/a><\/p>\n","protected":false},"excerpt":{"rendered":"<p>Je m\u2019occupe d\u2019une personne \u00e0 mobilit\u00e9 r\u00e9duite Les probl\u00e8mes de mobilit\u00e9 peuvent \u00eatre caus\u00e9s par un certain nombre de choses, dont un traumatisme comme un accident de voiture ou une chute, un AVC, une maladie d\u00e9g\u00e9n\u00e9rative comme la SLA, ou une autre maladie chronique comme l\u2019arthrite. Prendre soin d\u2019une personne qui a des probl\u00e8mes de [&hellip;]<\/p>\n","protected":false},"author":1,"featured_media":585,"parent":0,"menu_order":0,"comment_status":"closed","ping_status":"closed","template":"page-intro.php","meta":{"_acf_changed":false,"_bbp_topic_count":0,"_bbp_reply_count":0,"_bbp_total_topic_count":0,"_bbp_total_reply_count":0,"_bbp_voice_count":0,"_bbp_anonymous_reply_count":0,"_bbp_topic_count_hidden":0,"_bbp_reply_count_hidden":0,"_bbp_forum_subforum_count":0,"inline_featured_image":false,"footnotes":""},"class_list":["post-627","page","type-page","status-publish","has-post-thumbnail","hentry"],"acf":[],"yoast_head":"<!-- This site is optimized with the Yoast SEO plugin v27.4 - https:\/\/yoast.com\/product\/yoast-seo-wordpress\/ -->\n<title>Probl\u00e8mes de mobilit\u00e9 - Young Caregivers Connect<\/title>\n<meta name=\"robots\" content=\"index, follow, max-snippet:-1, max-image-preview:large, max-video-preview:-1\" \/>\n<link rel=\"canonical\" href=\"https:\/\/youngcaregiversconnect.ca\/fr\/problemes-de-mobilite\/\" \/>\n<meta property=\"og:locale\" content=\"fr_FR\" \/>\n<meta property=\"og:type\" content=\"article\" \/>\n<meta property=\"og:title\" content=\"Probl\u00e8mes de mobilit\u00e9 - Young Caregivers Connect\" \/>\n<meta property=\"og:description\" content=\"Je m\u2019occupe d\u2019une personne \u00e0 mobilit\u00e9 r\u00e9duite Les probl\u00e8mes de mobilit\u00e9 peuvent \u00eatre caus\u00e9s par un certain nombre de choses, dont un traumatisme comme un accident de voiture ou une chute, un AVC, une maladie d\u00e9g\u00e9n\u00e9rative comme la SLA, ou une autre maladie chronique comme l\u2019arthrite. Prendre soin d\u2019une personne qui a des probl\u00e8mes de [&hellip;]\" \/>\n<meta property=\"og:url\" content=\"https:\/\/youngcaregiversconnect.ca\/fr\/problemes-de-mobilite\/\" \/>\n<meta property=\"og:site_name\" content=\"Young Caregivers Connect\" \/>\n<meta property=\"article:modified_time\" content=\"2021-04-07T19:24:06+00:00\" \/>\n<meta property=\"og:image\" content=\"https:\/\/youngcaregiversconnect.ca\/wp-content\/uploads\/2021\/01\/Mobility-Issues.jpg\" \/>\n\t<meta property=\"og:image:width\" content=\"1600\" \/>\n\t<meta property=\"og:image:height\" content=\"1067\" \/>\n\t<meta property=\"og:image:type\" content=\"image\/jpeg\" \/>\n<meta name=\"twitter:card\" content=\"summary_large_image\" \/>\n<meta name=\"twitter:label1\" content=\"Est. reading time\" \/>\n\t<meta name=\"twitter:data1\" content=\"2 minutes\" \/>\n<script type=\"application\/ld+json\" class=\"yoast-schema-graph\">{\"@context\":\"https:\\\/\\\/schema.org\",\"@graph\":[{\"@type\":\"WebPage\",\"@id\":\"https:\\\/\\\/youngcaregiversconnect.ca\\\/fr\\\/problemes-de-mobilite\\\/\",\"url\":\"https:\\\/\\\/youngcaregiversconnect.ca\\\/fr\\\/problemes-de-mobilite\\\/\",\"name\":\"Probl\u00e8mes de mobilit\u00e9 - Young Caregivers Connect\",\"isPartOf\":{\"@id\":\"http:\\\/\\\/youngcaregiversconnect.ca\\\/fr\\\/#website\"},\"primaryImageOfPage\":{\"@id\":\"https:\\\/\\\/youngcaregiversconnect.ca\\\/fr\\\/problemes-de-mobilite\\\/#primaryimage\"},\"image\":{\"@id\":\"https:\\\/\\\/youngcaregiversconnect.ca\\\/fr\\\/problemes-de-mobilite\\\/#primaryimage\"},\"thumbnailUrl\":\"https:\\\/\\\/youngcaregiversconnect.ca\\\/wp-content\\\/uploads\\\/2021\\\/01\\\/Mobility-Issues.jpg\",\"datePublished\":\"2021-01-05T03:00:48+00:00\",\"dateModified\":\"2021-04-07T19:24:06+00:00\",\"breadcrumb\":{\"@id\":\"https:\\\/\\\/youngcaregiversconnect.ca\\\/fr\\\/problemes-de-mobilite\\\/#breadcrumb\"},\"inLanguage\":\"fr-FR\",\"potentialAction\":[{\"@type\":\"ReadAction\",\"target\":[\"https:\\\/\\\/youngcaregiversconnect.ca\\\/fr\\\/problemes-de-mobilite\\\/\"]}]},{\"@type\":\"ImageObject\",\"inLanguage\":\"fr-FR\",\"@id\":\"https:\\\/\\\/youngcaregiversconnect.ca\\\/fr\\\/problemes-de-mobilite\\\/#primaryimage\",\"url\":\"https:\\\/\\\/youngcaregiversconnect.ca\\\/wp-content\\\/uploads\\\/2021\\\/01\\\/Mobility-Issues.jpg\",\"contentUrl\":\"https:\\\/\\\/youngcaregiversconnect.ca\\\/wp-content\\\/uploads\\\/2021\\\/01\\\/Mobility-Issues.jpg\",\"width\":1600,\"height\":1067,\"caption\":\"Paralyzed man in a wheelchair on the move in the disabled office building.\"},{\"@type\":\"BreadcrumbList\",\"@id\":\"https:\\\/\\\/youngcaregiversconnect.ca\\\/fr\\\/problemes-de-mobilite\\\/#breadcrumb\",\"itemListElement\":[{\"@type\":\"ListItem\",\"position\":1,\"name\":\"Accueil\",\"item\":\"https:\\\/\\\/youngcaregiversconnect.ca\\\/fr\\\/\"},{\"@type\":\"ListItem\",\"position\":2,\"name\":\"Probl\u00e8mes de mobilit\u00e9\"}]},{\"@type\":\"WebSite\",\"@id\":\"http:\\\/\\\/youngcaregiversconnect.ca\\\/fr\\\/#website\",\"url\":\"http:\\\/\\\/youngcaregiversconnect.ca\\\/fr\\\/\",\"name\":\"Young Caregivers Connect\",\"description\":\"Just another WordPress site\",\"potentialAction\":[{\"@type\":\"SearchAction\",\"target\":{\"@type\":\"EntryPoint\",\"urlTemplate\":\"http:\\\/\\\/youngcaregiversconnect.ca\\\/fr\\\/?s={search_term_string}\"},\"query-input\":{\"@type\":\"PropertyValueSpecification\",\"valueRequired\":true,\"valueName\":\"search_term_string\"}}],\"inLanguage\":\"fr-FR\"}]}<\/script>\n<!-- \/ Yoast SEO plugin. -->","yoast_head_json":{"title":"Probl\u00e8mes de mobilit\u00e9 - Young Caregivers Connect","robots":{"index":"index","follow":"follow","max-snippet":"max-snippet:-1","max-image-preview":"max-image-preview:large","max-video-preview":"max-video-preview:-1"},"canonical":"https:\/\/youngcaregiversconnect.ca\/fr\/problemes-de-mobilite\/","og_locale":"fr_FR","og_type":"article","og_title":"Probl\u00e8mes de mobilit\u00e9 - Young Caregivers Connect","og_description":"Je m\u2019occupe d\u2019une personne \u00e0 mobilit\u00e9 r\u00e9duite Les probl\u00e8mes de mobilit\u00e9 peuvent \u00eatre caus\u00e9s par un certain nombre de choses, dont un traumatisme comme un accident de voiture ou une chute, un AVC, une maladie d\u00e9g\u00e9n\u00e9rative comme la SLA, ou une autre maladie chronique comme l\u2019arthrite. Prendre soin d\u2019une personne qui a des probl\u00e8mes de [&hellip;]","og_url":"https:\/\/youngcaregiversconnect.ca\/fr\/problemes-de-mobilite\/","og_site_name":"Young Caregivers Connect","article_modified_time":"2021-04-07T19:24:06+00:00","og_image":[{"width":1600,"height":1067,"url":"https:\/\/youngcaregiversconnect.ca\/wp-content\/uploads\/2021\/01\/Mobility-Issues.jpg","type":"image\/jpeg"}],"twitter_card":"summary_large_image","twitter_misc":{"Est. reading time":"2 minutes"},"schema":{"@context":"https:\/\/schema.org","@graph":[{"@type":"WebPage","@id":"https:\/\/youngcaregiversconnect.ca\/fr\/problemes-de-mobilite\/","url":"https:\/\/youngcaregiversconnect.ca\/fr\/problemes-de-mobilite\/","name":"Probl\u00e8mes de mobilit\u00e9 - Young Caregivers Connect","isPartOf":{"@id":"http:\/\/youngcaregiversconnect.ca\/fr\/#website"},"primaryImageOfPage":{"@id":"https:\/\/youngcaregiversconnect.ca\/fr\/problemes-de-mobilite\/#primaryimage"},"image":{"@id":"https:\/\/youngcaregiversconnect.ca\/fr\/problemes-de-mobilite\/#primaryimage"},"thumbnailUrl":"https:\/\/youngcaregiversconnect.ca\/wp-content\/uploads\/2021\/01\/Mobility-Issues.jpg","datePublished":"2021-01-05T03:00:48+00:00","dateModified":"2021-04-07T19:24:06+00:00","breadcrumb":{"@id":"https:\/\/youngcaregiversconnect.ca\/fr\/problemes-de-mobilite\/#breadcrumb"},"inLanguage":"fr-FR","potentialAction":[{"@type":"ReadAction","target":["https:\/\/youngcaregiversconnect.ca\/fr\/problemes-de-mobilite\/"]}]},{"@type":"ImageObject","inLanguage":"fr-FR","@id":"https:\/\/youngcaregiversconnect.ca\/fr\/problemes-de-mobilite\/#primaryimage","url":"https:\/\/youngcaregiversconnect.ca\/wp-content\/uploads\/2021\/01\/Mobility-Issues.jpg","contentUrl":"https:\/\/youngcaregiversconnect.ca\/wp-content\/uploads\/2021\/01\/Mobility-Issues.jpg","width":1600,"height":1067,"caption":"Paralyzed man in a wheelchair on the move in the disabled office building."},{"@type":"BreadcrumbList","@id":"https:\/\/youngcaregiversconnect.ca\/fr\/problemes-de-mobilite\/#breadcrumb","itemListElement":[{"@type":"ListItem","position":1,"name":"Accueil","item":"https:\/\/youngcaregiversconnect.ca\/fr\/"},{"@type":"ListItem","position":2,"name":"Probl\u00e8mes de mobilit\u00e9"}]},{"@type":"WebSite","@id":"http:\/\/youngcaregiversconnect.ca\/fr\/#website","url":"http:\/\/youngcaregiversconnect.ca\/fr\/","name":"Young Caregivers Connect","description":"Just another WordPress site","potentialAction":[{"@type":"SearchAction","target":{"@type":"EntryPoint","urlTemplate":"http:\/\/youngcaregiversconnect.ca\/fr\/?s={search_term_string}"},"query-input":{"@type":"PropertyValueSpecification","valueRequired":true,"valueName":"search_term_string"}}],"inLanguage":"fr-FR"}]}},"_links":{"self":[{"href":"https:\/\/youngcaregiversconnect.ca\/fr\/wp-json\/wp\/v2\/pages\/627","targetHints":{"allow":["GET"]}}],"collection":[{"href":"https:\/\/youngcaregiversconnect.ca\/fr\/wp-json\/wp\/v2\/pages"}],"about":[{"href":"https:\/\/youngcaregiversconnect.ca\/fr\/wp-json\/wp\/v2\/types\/page"}],"author":[{"embeddable":true,"href":"https:\/\/youngcaregiversconnect.ca\/fr\/wp-json\/wp\/v2\/users\/1"}],"replies":[{"embeddable":true,"href":"https:\/\/youngcaregiversconnect.ca\/fr\/wp-json\/wp\/v2\/comments?post=627"}],"version-history":[{"count":11,"href":"https:\/\/youngcaregiversconnect.ca\/fr\/wp-json\/wp\/v2\/pages\/627\/revisions"}],"predecessor-version":[{"id":1245,"href":"https:\/\/youngcaregiversconnect.ca\/fr\/wp-json\/wp\/v2\/pages\/627\/revisions\/1245"}],"wp:featuredmedia":[{"embeddable":true,"href":"https:\/\/youngcaregiversconnect.ca\/fr\/wp-json\/wp\/v2\/media\/585"}],"wp:attachment":[{"href":"https:\/\/youngcaregiversconnect.ca\/fr\/wp-json\/wp\/v2\/media?parent=627"}],"curies":[{"name":"wp","href":"https:\/\/api.w.org\/{rel}","templated":true}]}}