{"id":631,"date":"2021-01-04T22:15:10","date_gmt":"2021-01-05T03:15:10","guid":{"rendered":"http:\/\/youngcaregiversconnect.ca\/chronic-illness-conditions\/"},"modified":"2022-02-02T11:32:57","modified_gmt":"2022-02-02T16:32:57","slug":"maladie-affection-chronique","status":"publish","type":"page","link":"https:\/\/youngcaregiversconnect.ca\/fr\/maladie-affection-chronique\/","title":{"rendered":"Maladie\/affection chronique"},"content":{"rendered":"\n<h1 class=\"wp-block-heading\"><strong><strong>Je m\u2019occupe d\u2019une personne atteinte d\u2019une maladie chronique<\/strong><\/strong><\/h1>\n\n\n\n<p>Une maladie chronique est une maladie ou une condition m\u00e9dicale qui est persistante ou de longue dur\u00e9e. Le <strong><u><a href=\"http:\/\/youngcaregiversconnect.ca\/fr\/cancer\/\" target=\"_blank\" rel=\"noreferrer noopener\">cancer<\/a><\/u><\/strong>, les <strong><u><a href=\"http:\/\/youngcaregiversconnect.ca\/fr\/heart-stroke\/\" target=\"_blank\" rel=\"noreferrer noopener\">maladies cardiaques<\/a><\/u><\/strong>, les maladies du rein, la maladie de Parkinson, la dystrophie musculaire, la scl\u00e9rose en plaques et la scl\u00e9rose lat\u00e9rale amyotrophique (SLA) en sont des exemples. Certaines maladies chroniques, comme la SLA, sont d\u00e9g\u00e9n\u00e9ratives, ce qui signifie que la maladie s\u2019aggrave progressivement au fil du temps.<\/p>\n\n\n\n<p>Le besoin de soins et les t\u00e2ches \u00e0 accomplir par une personne aidante naturelle varient selon la maladie de ton proche. Tes responsabilit\u00e9s pourraient augmenter au fil du temps si tu t\u2019occupes d\u2019une personne atteinte d\u2019une maladie d\u00e9g\u00e9n\u00e9rative.<\/p>\n\n\n\n<p>Voici quelques fa\u00e7ons d\u2019aider, peu importe le diagnostic ou le pronostic de ton proche.&nbsp;<\/p>\n\n\n<div id=\"accordion-content-block_606e07f4aae35\" class=\"accordion-wrapper \">\n    <div class=\"row column\">\n        <ul class=\"accordion\" data-accordion data-multi-expand=\"true\"  data-allow-all-closed=\"true\">\n\t\t                    <li class=\"accordion-item\" data-accordion-item>\n                    <a href=\"#\" class=\"accordion-title\">Soutien pratique<\/a>\n                    <div class=\"accordion-content\" data-tab-content id=\"\">\n\t\t\t\t\t    <p>Tu peux aider ton proche en fixant les rendez-vous, en l\u2019accompagnant \u00e0 ses rendez-vous, en organisant des visites de soins \u00e0 domicile et en effectuant des t\u00e2ches dans la maison comme la pr\u00e9paration des repas. Tu peux aussi t\u2019assurer que les papiers importants sont organis\u00e9s et gard\u00e9s dans un endroit s\u00fbr. Il peut s\u2019agir de documents d\u2019assurance, de testaments, de directives m\u00e9dicales anticip\u00e9es et d\u2019autres documents juridiques ou financiers.<\/p>\n<p><strong>Conseils aux personnes aidantes naturelles :<\/strong><\/p>\n<ul>\n<li>Si tu es le principal interlocuteur pour informer ta famille et tes amis de l\u2019\u00e9tat de ton proche, tu peux cr\u00e9er un groupe sp\u00e9cial sur un r\u00e9seau social. Tu pourrais aussi cr\u00e9er une liste de diffusion par courriel.<\/li>\n<li>Demande de l\u2019aide quand tu en as besoin \u2013 parle de tes besoins \u00e0 ta famille et \u00e0 tes amis. La plupart des gens sont pr\u00eats \u00e0 aider, mais ils ne savent peut-\u00eatre pas comment<\/li>\n<\/ul>\n                    <\/div>\n                <\/li>\n\t\t                    <li class=\"accordion-item\" data-accordion-item>\n                    <a href=\"#\" class=\"accordion-title\">Soutien \u00e9motionnel<\/a>\n                    <div class=\"accordion-content\" data-tab-content id=\"\">\n\t\t\t\t\t    <p>Tu pourrais avoir besoin d\u2019aider ton proche \u00e0 g\u00e9rer ses \u00e9motions et \u00e0 parler des d\u00e9cisions difficiles \u00e0 prendre concernant les soins et le traitement.<\/p>\n<p><strong>Conseils aux personnes aidantes naturelles :<\/strong><\/p>\n<ul>\n<li>Aide ton proche \u00e0 vivre le plus normalement possible. Encourage-le \u00e0 poursuivre sa vie quotidienne habituelle autant qu\u2019il le peut<\/li>\n<li>Encourage-le \u00e0 partager ses sentiments avec toi.\u00a0Dis-lui qu\u2019il est normal d\u2019exprimer ses craintes et ses inqui\u00e9tudes \u00e0 propos de ce qui va se passer<\/li>\n<li>Tiens-lui compagnie. Le simple fait d\u2019\u00eatre l\u00e0 peut \u00eatre r\u00e9confortant. Parle, regarde des films ou \u00e9coute de la musique avec lui<\/li>\n<li>Utilise le toucher quand tu ne trouves pas les mots. Une pression de la main ou un doux c\u00e2lin peut en dire long<\/li>\n<li>Respecte son besoin d\u2019intimit\u00e9 et de solitude. Faire face \u00e0 une maladie grave signifie parfois que toi et ton proche devez prendre du temps pour r\u00e9fl\u00e9chir ou faire une pause<\/li>\n<\/ul>\n                    <\/div>\n                <\/li>\n\t\t                    <li class=\"accordion-item\" data-accordion-item>\n                    <a href=\"#\" class=\"accordion-title\">Soins personnels, soutien physique et m\u00e9dical<\/a>\n                    <div class=\"accordion-content\" data-tab-content id=\"\">\n\t\t\t\t\t    <p>On peut te demander d\u2019aider quelqu\u2019un\u00a0\u00e0\u00a0:<\/p>\n<ul>\n<li>marcher ou se d\u00e9placer avec un cadre de marche ou sur un fauteuil roulant<\/li>\n<li>entrer dans la baignoire ou la douche ou en sortir, ou faire sa toilette \u00e0 l\u2019\u00e9ponge dans son lit<\/li>\n<li>prendre place dans le lit ou un fauteuil et en sortir, ou l\u2019aider \u00e0 changer de c\u00f4t\u00e9 dans le lit<\/li>\n<li>aller aux toilettes ou \u00e0 utiliser un bassin de lit ou remplacer ses serviettes d\u2019incontinence<\/li>\n<li>se brosser les dents, garder ses l\u00e8vres humides ou se rincer la bouche<\/li>\n<li>laver ses cheveux, hydrater sa peau et couper ses ongles<\/li>\n<li>prendre ses m\u00e9dicaments et t\u2019assurer d\u2019en faire le suivi<\/li>\n<\/ul>\n<p><strong>Conseils aux personnes aidantes naturelles :<\/strong><\/p>\n<ul>\n<li>D\u00e9termine ce que tu es \u00e0 l\u2019aise de faire ou non. Sois honn\u00eate avec toi-m\u00eame et avec la personne dont tu t\u2019occupes au sujet de ce qui est possible pour toi.<\/li>\n<li>Exprime-toi. Il est important que toi, ton proche et l\u2019\u00e9quipe de soins soyez sur la m\u00eame longueur d\u2019ondes au sujet de ton r\u00f4le d\u2019aidant naturel<\/li>\n<\/ul>\n<ul>\n<li>Renseigne-toi sur les services de soins \u00e0 domicile qui sont offerts dans ta r\u00e9gion. Le personnel de soins \u00e0 domicile peut t\u2019aider \u00e0 administrer les m\u00e9dicaments, \u00e0 donner un bain et t\u2019apprendre des t\u00e2ches comme positionner quelqu\u2019un confortablement dans son lit.<\/li>\n<li>Renseigne-toi sur la possibilit\u00e9 d\u2019obtenir des appareils de mobilit\u00e9 comme un cadre de marche, un appareil de levage, un fauteuil roulant, une chaise de douche, une barre d\u2019appui, une chaise d\u2019aisance ou un appareil de communication.<\/li>\n<\/ul>\n                    <\/div>\n                <\/li>\n\t\t                    <li class=\"accordion-item\" data-accordion-item>\n                    <a href=\"#\" class=\"accordion-title\">Interventions m\u00e9dicales et soins en fin de vie<\/a>\n                    <div class=\"accordion-content\" data-tab-content id=\"\">\n\t\t\t\t\t    <p>\u00c0 un moment donn\u00e9, il est possible que tu doives prendre une d\u00e9cision concernant des interventions m\u00e9dicales, comme la r\u00e9animation cardio-respiratoire (RCR). Tu devras peut-\u00eatre aussi prendre des d\u00e9cisions concernant les soins en fin de vie, ce qui peut \u00eatre une responsabilit\u00e9 difficile et bouleversante.<\/p>\n<p><strong>Conseils aux personnes aidantes naturelles :<\/strong><\/p>\n<ul>\n<li>Parle \u00e0 ton proche \u00e0 propos de ses souhaits \u2013 des discussions ouvertes pour prendre des d\u00e9cisions ensemble peuvent aider \u00e0 s\u2019assurer que ses souhaits sont respect\u00e9s \u00e9vitant ainsi d\u2019avoir \u00e0 prendre des d\u00e9cisions pr\u00e9cipit\u00e9es en cas de crise. Cela peut aussi vous apporter, \u00e0 tous les deux, r\u00e9confort et tranquillit\u00e9 d\u2019esprit<\/li>\n<li>Aide ton proche \u00e0 planifier des directives m\u00e9dicales anticip\u00e9es, soit un document juridique qui permet \u00e0 l\u2019\u00e9quipe de soins et aux proches de savoir quel type de soins une personne souhaite recevoir en cas d\u2019incapacit\u00e9, et d\u00e9signe la personne qui prendra des d\u00e9cisions \u00e0 sa place quand il en est incapable<\/li>\n<li>Un exemple de directive m\u00e9dicale anticip\u00e9e est l\u2019ordonnance de non-r\u00e9animation, ce qui signifie que le malade ne veut pas recevoir de RCR ni la prise d\u2019autres mesures extraordinaires<\/li>\n<li>Les soins en fin de vie visent principalement \u00e0 rendre la personne aussi confortable que possible, ce qui inclut le soulagement de la douleur<\/li>\n<li>Parle \u00e0 l\u2019\u00e9quipe soignante de ton proche au sujet de toute question ou pr\u00e9occupation que tu pourrais avoir concernant les soins en fin de vie, y compris les possibilit\u00e9s de soins palliatifs<\/li>\n<li>Le simple contact physique, comme se tenir la main, toucher ou masser la personne doucement, peut \u00eatre apaisant et donner \u00e0 une personne le sentiment d\u2019\u00eatre entour\u00e9e. \u00c9coute. Sois pr\u00e9sent.<\/li>\n<li>Partage tes sentiments et tes craintes avec un membre de ta famille, un ami ou un conseiller.<\/li>\n<\/ul>\n                    <\/div>\n                <\/li>\n\t\t                    <li class=\"accordion-item\" data-accordion-item>\n                    <a href=\"#\" class=\"accordion-title\">Tu peux demander de l\u2019aide :<\/a>\n                    <div class=\"accordion-content\" data-tab-content id=\"\">\n\t\t\t\t\t    <div class=\"content\">\n<ul>\n<li>Voir aussi\u00a0<strong><u><a href=\"https:\/\/youngcaregiversconnect.ca\/fr\/cancer\/\" target=\"_blank\" rel=\"noreferrer noopener\">Je m\u2019occupe d\u2019une personne atteinte de cancer<\/a><\/u><\/strong><\/li>\n<li>Voir aussi\u00a0<u><a href=\"https:\/\/youngcaregiversconnect.ca\/heart-stroke\/\" target=\"_blank\" rel=\"noreferrer noopener\"><strong>Je m\u2019occupe d\u2019une personne atteinte d\u2019une maladie cardiaque ou d\u2019un AVC<\/strong><\/a><\/u><\/li>\n<li><a href=\"https:\/\/hospicetoronto.ca\/PDF\/Acaregivershandbook_CHPCA.pdf\" target=\"_blank\" rel=\"noopener\"><strong><u>T\u00e9l\u00e9charge<\/u><\/strong><\/a>\u00a0le guide destin\u00e9 aux aidants naturels pour les soins en fin de vie<\/li>\n<li>Communique avec l\u2019Association canadienne de soins palliatifs au\u00a0<strong><u><a href=\"http:\/\/www.acsp.net\/\" target=\"_blank\" rel=\"noreferrer noopener\">www.acsp.net<\/a><\/u><\/strong>\u00a0ou compose le 1-800-668-2785 pour obtenir des ressources et des guides gratuits sur les soins palliatifs<\/li>\n<li>Pour obtenir des renseignements sur les soutiens et les services offerts en Ontario aux personnes qui soignent des patients en fin de vie, rends-toi sur\u00a0<a href=\"http:\/\/www.health.gov.on.ca\/fr\/public\/programs\/palliative\/palliative_questionsandanswers.aspx\" target=\"_blank\" rel=\"noreferrer noopener\"><strong>http:\/\/www.health.gov.on.ca\/fr\/public\/programs\/palliative\/palliative_questionsandanswers.aspx<\/strong><\/a><\/li>\n<li>Prends contact avec d\u2019autres jeunes aidants naturels dans notre\u00a0<strong><a href=\"https:\/\/youngcaregiversconnect.ca\/fr\/rejoignez-notre-groupe-de-soutien-par-les-pairs\/\">groupe de soutien par les pairs en ligne<\/a><\/strong>\u00a0ou participe \u00e0 la conversation dans notre\u00a0<strong><u><a href=\"http:\/\/youngcaregiversconnect.ca\/fr\/forums\/\" target=\"_blank\" rel=\"noreferrer noopener\">forum en ligne<\/a><\/u><\/strong><\/li>\n<\/ul>\n<p>Tu ne sais pas par o\u00f9 commencer? Appelle notre\u00a0<strong><a href=\"https:\/\/youngcaregiversconnect.ca\/24-7-support\/\" target=\"_blank\" rel=\"noreferrer noopener\">ligne d\u2019assistance 24\u00a0h\/24, 7\u00a0j\/7<\/a><\/strong>\u00a0ou joins-toi \u00e0 notre\u00a0<strong><a href=\"https:\/\/youngcaregiversconnect.ca\/live-chat\/\" target=\"_blank\" rel=\"noreferrer noopener\">clavardage en direct<\/a><\/strong>\u00a0pour trouver des ressources dans ta communaut\u00e9.<\/p>\n<\/div>\n                    <\/div>\n                <\/li>\n\t\t            <\/ul>\n    <\/div>\n<\/div>\n","protected":false},"excerpt":{"rendered":"<p>Je m\u2019occupe d\u2019une personne atteinte d\u2019une maladie chronique Une maladie chronique est une maladie ou une condition m\u00e9dicale qui est persistante ou de longue dur\u00e9e. Le cancer, les maladies cardiaques, les maladies du rein, la maladie de Parkinson, la dystrophie musculaire, la scl\u00e9rose en plaques et la scl\u00e9rose lat\u00e9rale amyotrophique (SLA) en sont des exemples. [&hellip;]<\/p>\n","protected":false},"author":1,"featured_media":569,"parent":0,"menu_order":0,"comment_status":"closed","ping_status":"closed","template":"page-intro.php","meta":{"_acf_changed":false,"_bbp_topic_count":0,"_bbp_reply_count":0,"_bbp_total_topic_count":0,"_bbp_total_reply_count":0,"_bbp_voice_count":0,"_bbp_anonymous_reply_count":0,"_bbp_topic_count_hidden":0,"_bbp_reply_count_hidden":0,"_bbp_forum_subforum_count":0,"inline_featured_image":false,"footnotes":""},"class_list":["post-631","page","type-page","status-publish","has-post-thumbnail","hentry"],"acf":[],"yoast_head":"<!-- This site is optimized with the Yoast SEO plugin v27.4 - https:\/\/yoast.com\/product\/yoast-seo-wordpress\/ -->\n<title>Maladie\/affection chronique - Young Caregivers Connect<\/title>\n<meta name=\"robots\" content=\"index, follow, max-snippet:-1, max-image-preview:large, max-video-preview:-1\" \/>\n<link rel=\"canonical\" href=\"https:\/\/youngcaregiversconnect.ca\/fr\/maladie-affection-chronique\/\" \/>\n<meta property=\"og:locale\" content=\"fr_FR\" \/>\n<meta property=\"og:type\" content=\"article\" \/>\n<meta property=\"og:title\" content=\"Maladie\/affection chronique - Young Caregivers Connect\" \/>\n<meta property=\"og:description\" content=\"Je m\u2019occupe d\u2019une personne atteinte d\u2019une maladie chronique Une maladie chronique est une maladie ou une condition m\u00e9dicale qui est persistante ou de longue dur\u00e9e. Le cancer, les maladies cardiaques, les maladies du rein, la maladie de Parkinson, la dystrophie musculaire, la scl\u00e9rose en plaques et la scl\u00e9rose lat\u00e9rale amyotrophique (SLA) en sont des exemples. [&hellip;]\" \/>\n<meta property=\"og:url\" content=\"https:\/\/youngcaregiversconnect.ca\/fr\/maladie-affection-chronique\/\" \/>\n<meta property=\"og:site_name\" content=\"Young Caregivers Connect\" \/>\n<meta property=\"article:modified_time\" content=\"2022-02-02T16:32:57+00:00\" \/>\n<meta property=\"og:image\" content=\"http:\/\/youngcaregiversconnect.ca\/wp-content\/uploads\/2021\/01\/Chronic-Illness.jpg\" \/>\n\t<meta property=\"og:image:width\" content=\"1600\" \/>\n\t<meta property=\"og:image:height\" content=\"1032\" \/>\n\t<meta property=\"og:image:type\" content=\"image\/jpeg\" \/>\n<meta name=\"twitter:card\" content=\"summary_large_image\" \/>\n<meta name=\"twitter:label1\" content=\"Est. reading time\" \/>\n\t<meta name=\"twitter:data1\" content=\"1 minute\" \/>\n<script type=\"application\/ld+json\" class=\"yoast-schema-graph\">{\"@context\":\"https:\\\/\\\/schema.org\",\"@graph\":[{\"@type\":\"WebPage\",\"@id\":\"https:\\\/\\\/youngcaregiversconnect.ca\\\/fr\\\/maladie-affection-chronique\\\/\",\"url\":\"https:\\\/\\\/youngcaregiversconnect.ca\\\/fr\\\/maladie-affection-chronique\\\/\",\"name\":\"Maladie\\\/affection chronique - Young Caregivers Connect\",\"isPartOf\":{\"@id\":\"http:\\\/\\\/youngcaregiversconnect.ca\\\/fr\\\/#website\"},\"primaryImageOfPage\":{\"@id\":\"https:\\\/\\\/youngcaregiversconnect.ca\\\/fr\\\/maladie-affection-chronique\\\/#primaryimage\"},\"image\":{\"@id\":\"https:\\\/\\\/youngcaregiversconnect.ca\\\/fr\\\/maladie-affection-chronique\\\/#primaryimage\"},\"thumbnailUrl\":\"https:\\\/\\\/youngcaregiversconnect.ca\\\/wp-content\\\/uploads\\\/2021\\\/01\\\/Chronic-Illness.jpg\",\"datePublished\":\"2021-01-05T03:15:10+00:00\",\"dateModified\":\"2022-02-02T16:32:57+00:00\",\"breadcrumb\":{\"@id\":\"https:\\\/\\\/youngcaregiversconnect.ca\\\/fr\\\/maladie-affection-chronique\\\/#breadcrumb\"},\"inLanguage\":\"fr-FR\",\"potentialAction\":[{\"@type\":\"ReadAction\",\"target\":[\"https:\\\/\\\/youngcaregiversconnect.ca\\\/fr\\\/maladie-affection-chronique\\\/\"]}]},{\"@type\":\"ImageObject\",\"inLanguage\":\"fr-FR\",\"@id\":\"https:\\\/\\\/youngcaregiversconnect.ca\\\/fr\\\/maladie-affection-chronique\\\/#primaryimage\",\"url\":\"https:\\\/\\\/youngcaregiversconnect.ca\\\/wp-content\\\/uploads\\\/2021\\\/01\\\/Chronic-Illness.jpg\",\"contentUrl\":\"https:\\\/\\\/youngcaregiversconnect.ca\\\/wp-content\\\/uploads\\\/2021\\\/01\\\/Chronic-Illness.jpg\",\"width\":1600,\"height\":1032,\"caption\":\"Healthcare worker at home visit\"},{\"@type\":\"BreadcrumbList\",\"@id\":\"https:\\\/\\\/youngcaregiversconnect.ca\\\/fr\\\/maladie-affection-chronique\\\/#breadcrumb\",\"itemListElement\":[{\"@type\":\"ListItem\",\"position\":1,\"name\":\"Accueil\",\"item\":\"https:\\\/\\\/youngcaregiversconnect.ca\\\/fr\\\/\"},{\"@type\":\"ListItem\",\"position\":2,\"name\":\"Maladie\\\/affection chronique\"}]},{\"@type\":\"WebSite\",\"@id\":\"http:\\\/\\\/youngcaregiversconnect.ca\\\/fr\\\/#website\",\"url\":\"http:\\\/\\\/youngcaregiversconnect.ca\\\/fr\\\/\",\"name\":\"Young Caregivers Connect\",\"description\":\"Just another WordPress site\",\"potentialAction\":[{\"@type\":\"SearchAction\",\"target\":{\"@type\":\"EntryPoint\",\"urlTemplate\":\"http:\\\/\\\/youngcaregiversconnect.ca\\\/fr\\\/?s={search_term_string}\"},\"query-input\":{\"@type\":\"PropertyValueSpecification\",\"valueRequired\":true,\"valueName\":\"search_term_string\"}}],\"inLanguage\":\"fr-FR\"}]}<\/script>\n<!-- \/ Yoast SEO plugin. -->","yoast_head_json":{"title":"Maladie\/affection chronique - Young Caregivers Connect","robots":{"index":"index","follow":"follow","max-snippet":"max-snippet:-1","max-image-preview":"max-image-preview:large","max-video-preview":"max-video-preview:-1"},"canonical":"https:\/\/youngcaregiversconnect.ca\/fr\/maladie-affection-chronique\/","og_locale":"fr_FR","og_type":"article","og_title":"Maladie\/affection chronique - Young Caregivers Connect","og_description":"Je m\u2019occupe d\u2019une personne atteinte d\u2019une maladie chronique Une maladie chronique est une maladie ou une condition m\u00e9dicale qui est persistante ou de longue dur\u00e9e. Le cancer, les maladies cardiaques, les maladies du rein, la maladie de Parkinson, la dystrophie musculaire, la scl\u00e9rose en plaques et la scl\u00e9rose lat\u00e9rale amyotrophique (SLA) en sont des exemples. [&hellip;]","og_url":"https:\/\/youngcaregiversconnect.ca\/fr\/maladie-affection-chronique\/","og_site_name":"Young Caregivers Connect","article_modified_time":"2022-02-02T16:32:57+00:00","og_image":[{"width":1600,"height":1032,"url":"http:\/\/youngcaregiversconnect.ca\/wp-content\/uploads\/2021\/01\/Chronic-Illness.jpg","type":"image\/jpeg"}],"twitter_card":"summary_large_image","twitter_misc":{"Est. reading time":"1 minute"},"schema":{"@context":"https:\/\/schema.org","@graph":[{"@type":"WebPage","@id":"https:\/\/youngcaregiversconnect.ca\/fr\/maladie-affection-chronique\/","url":"https:\/\/youngcaregiversconnect.ca\/fr\/maladie-affection-chronique\/","name":"Maladie\/affection chronique - Young Caregivers Connect","isPartOf":{"@id":"http:\/\/youngcaregiversconnect.ca\/fr\/#website"},"primaryImageOfPage":{"@id":"https:\/\/youngcaregiversconnect.ca\/fr\/maladie-affection-chronique\/#primaryimage"},"image":{"@id":"https:\/\/youngcaregiversconnect.ca\/fr\/maladie-affection-chronique\/#primaryimage"},"thumbnailUrl":"https:\/\/youngcaregiversconnect.ca\/wp-content\/uploads\/2021\/01\/Chronic-Illness.jpg","datePublished":"2021-01-05T03:15:10+00:00","dateModified":"2022-02-02T16:32:57+00:00","breadcrumb":{"@id":"https:\/\/youngcaregiversconnect.ca\/fr\/maladie-affection-chronique\/#breadcrumb"},"inLanguage":"fr-FR","potentialAction":[{"@type":"ReadAction","target":["https:\/\/youngcaregiversconnect.ca\/fr\/maladie-affection-chronique\/"]}]},{"@type":"ImageObject","inLanguage":"fr-FR","@id":"https:\/\/youngcaregiversconnect.ca\/fr\/maladie-affection-chronique\/#primaryimage","url":"https:\/\/youngcaregiversconnect.ca\/wp-content\/uploads\/2021\/01\/Chronic-Illness.jpg","contentUrl":"https:\/\/youngcaregiversconnect.ca\/wp-content\/uploads\/2021\/01\/Chronic-Illness.jpg","width":1600,"height":1032,"caption":"Healthcare worker at home visit"},{"@type":"BreadcrumbList","@id":"https:\/\/youngcaregiversconnect.ca\/fr\/maladie-affection-chronique\/#breadcrumb","itemListElement":[{"@type":"ListItem","position":1,"name":"Accueil","item":"https:\/\/youngcaregiversconnect.ca\/fr\/"},{"@type":"ListItem","position":2,"name":"Maladie\/affection chronique"}]},{"@type":"WebSite","@id":"http:\/\/youngcaregiversconnect.ca\/fr\/#website","url":"http:\/\/youngcaregiversconnect.ca\/fr\/","name":"Young Caregivers Connect","description":"Just another WordPress site","potentialAction":[{"@type":"SearchAction","target":{"@type":"EntryPoint","urlTemplate":"http:\/\/youngcaregiversconnect.ca\/fr\/?s={search_term_string}"},"query-input":{"@type":"PropertyValueSpecification","valueRequired":true,"valueName":"search_term_string"}}],"inLanguage":"fr-FR"}]}},"_links":{"self":[{"href":"https:\/\/youngcaregiversconnect.ca\/fr\/wp-json\/wp\/v2\/pages\/631","targetHints":{"allow":["GET"]}}],"collection":[{"href":"https:\/\/youngcaregiversconnect.ca\/fr\/wp-json\/wp\/v2\/pages"}],"about":[{"href":"https:\/\/youngcaregiversconnect.ca\/fr\/wp-json\/wp\/v2\/types\/page"}],"author":[{"embeddable":true,"href":"https:\/\/youngcaregiversconnect.ca\/fr\/wp-json\/wp\/v2\/users\/1"}],"replies":[{"embeddable":true,"href":"https:\/\/youngcaregiversconnect.ca\/fr\/wp-json\/wp\/v2\/comments?post=631"}],"version-history":[{"count":16,"href":"https:\/\/youngcaregiversconnect.ca\/fr\/wp-json\/wp\/v2\/pages\/631\/revisions"}],"predecessor-version":[{"id":1795,"href":"https:\/\/youngcaregiversconnect.ca\/fr\/wp-json\/wp\/v2\/pages\/631\/revisions\/1795"}],"wp:featuredmedia":[{"embeddable":true,"href":"https:\/\/youngcaregiversconnect.ca\/fr\/wp-json\/wp\/v2\/media\/569"}],"wp:attachment":[{"href":"https:\/\/youngcaregiversconnect.ca\/fr\/wp-json\/wp\/v2\/media?parent=631"}],"curies":[{"name":"wp","href":"https:\/\/api.w.org\/{rel}","templated":true}]}}